{"id":32,"date":"2014-09-18T12:31:33","date_gmt":"2014-09-18T11:31:33","guid":{"rendered":"http:\/\/agora.xtec.cat\/ceiplluismillet\/?page_id=32"},"modified":"2025-09-03T13:35:13","modified_gmt":"2025-09-03T11:35:13","slug":"calendari-del-curs","status":"publish","type":"page","link":"https:\/\/agora.xtec.cat\/ielluismillet\/calendari-del-curs\/","title":{"rendered":"Calendari acad\u00e8mic del curs 2024-25"},"content":{"rendered":"<p>&nbsp;<\/p>\n<h4><strong>Inici de curs: <a href=\"https:\/\/agora.xtec.cat\/ielluismillet\/wp-content\/uploads\/usu2460\/2024\/09\/CALENDARI-ANUAL-24-25_page-0001.jpg\"><img loading=\"lazy\" decoding=\"async\" class=\" wp-image-2102 alignright\" src=\"https:\/\/agora.xtec.cat\/ielluismillet\/wp-content\/uploads\/usu2460\/2024\/09\/CALENDARI-ANUAL-24-25_page-0001-724x1024.jpg\" alt=\"\" width=\"426\" height=\"602\" srcset=\"https:\/\/agora.xtec.cat\/ielluismillet\/wp-content\/uploads\/usu2460\/2024\/09\/CALENDARI-ANUAL-24-25_page-0001-724x1024.jpg 724w, https:\/\/agora.xtec.cat\/ielluismillet\/wp-content\/uploads\/usu2460\/2024\/09\/CALENDARI-ANUAL-24-25_page-0001-212x300.jpg 212w, https:\/\/agora.xtec.cat\/ielluismillet\/wp-content\/uploads\/usu2460\/2024\/09\/CALENDARI-ANUAL-24-25_page-0001-768x1086.jpg 768w, https:\/\/agora.xtec.cat\/ielluismillet\/wp-content\/uploads\/usu2460\/2024\/09\/CALENDARI-ANUAL-24-25_page-0001-1086x1536.jpg 1086w, https:\/\/agora.xtec.cat\/ielluismillet\/wp-content\/uploads\/usu2460\/2024\/09\/CALENDARI-ANUAL-24-25_page-0001.jpg 1241w\" sizes=\"auto, (max-width: 426px) 100vw, 426px\" \/><\/a><\/strong><\/h4>\n<p><strong>9 setembre: Ed. Infantil, Prim\u00e0ria i ESO<\/strong><\/p>\n<p><strong>Horari:<\/strong><\/p>\n<p><em><strong>Ed. Infantil i Prim\u00e0ria:<\/strong><\/em>\u00a0 de 9 a 12.30 h i de 15 a 16.30 h<\/p>\n<p><em><strong>Ed. Secund\u00e0ria:<\/strong><\/em><\/p>\n<p><strong>Dilluns, dimarts i dijous<\/strong><\/p>\n<p>de 8:00 a 12:30 h i 14:30 a 16:30 h<\/p>\n<p><strong>Dimecres i divendres<\/strong><\/p>\n<p>de 8:00 a 14:30 h<\/p>\n<h4><strong>Vacances:<\/strong><\/h4>\n<ul>\n<li><em><strong>Nadal<\/strong><\/em>: del 23 de desembre al 7 de gener ambd\u00f3s inclosos.<\/li>\n<li><em><strong>Setmana Santa<\/strong><\/em>: del 14 al 21 d&#8217;abril.<\/li>\n<li><strong><em>20 de juny<\/em><\/strong>, acaben les classes d&#8217;<strong>Educaci\u00f3 Infantil<\/strong>, <strong>Prim\u00e0ria i ESO<\/strong><\/li>\n<\/ul>\n<h4><strong>Dies festius:<\/strong><\/h4>\n<ul>\n<li>11 setembre de 2024<\/li>\n<li>1 de novembre de 2024<\/li>\n<li>6 de desembre de 2024<\/li>\n<li>1 de maig de 2025<\/li>\n<li>9 de juny de 2025<\/li>\n<\/ul>\n<p>I la resta de festes comunes, contemplades a l&#8217;ordenan\u00e7a laboral dels treballadors.<\/p>\n<h4><strong>Festes de lliure disposici\u00f3:<\/strong><\/h4>\n<ul>\n<li>14 d&#8217;octubre de 2024<\/li>\n<li>7 de febrer de 2025<\/li>\n<li>3 de mar\u00e7 de 2025<\/li>\n<li>28 de mar\u00e7 de 2025<\/li>\n<li>2 de maig de 2025<\/li>\n<\/ul>\n<p>Per als alumnes que <strong>inicien l\u2019escolaritzaci\u00f3 a I3<\/strong> s\u2019organitza un breu <strong>per\u00edode d\u2019adaptaci\u00f3<\/strong> que suposa una certa modificaci\u00f3 dels horaris dels dos primers dies de classe. Es fa saber a les fam\u00edlies en les reunions pr\u00e8vies corresponents.<\/p>\n","protected":false},"excerpt":{"rendered":"<p>&nbsp; Inici de curs: 9 setembre: Ed. Infantil, Prim\u00e0ria i ESO Horari: Ed. Infantil i Prim\u00e0ria:\u00a0 de 9 a 12.30 h i de 15 a 16.30 h Ed. Secund\u00e0ria: Dilluns, dimarts i dijous de 8:00 a 12:30 h i 14:30 a 16:30 h Dimecres i divendres de 8:00 a 14:30 h Vacances: Nadal: del 23 [&hellip;]<\/p>\n","protected":false},"author":1,"featured_media":0,"parent":0,"menu_order":0,"comment_status":"closed","ping_status":"closed","template":"","meta":{"_bbp_topic_count":0,"_bbp_reply_count":0,"_bbp_total_topic_count":0,"_bbp_total_reply_count":0,"_bbp_voice_count":0,"_bbp_anonymous_reply_count":0,"_bbp_topic_count_hidden":0,"_bbp_reply_count_hidden":0,"_bbp_forum_subforum_count":0,"site-sidebar-layout":"default","site-content-layout":"","ast-site-content-layout":"default","site-content-style":"default","site-sidebar-style":"default","ast-global-header-display":"","ast-banner-title-visibility":"","ast-main-header-display":"","ast-hfb-above-header-display":"","ast-hfb-below-header-display":"","ast-hfb-mobile-header-display":"","site-post-title":"","ast-breadcrumbs-content":"","ast-featured-img":"","footer-sml-layout":"","theme-transparent-header-meta":"default","adv-header-id-meta":"","stick-header-meta":"","header-above-stick-meta":"","header-main-stick-meta":"","header-below-stick-meta":"","astra-migrate-meta-layouts":"set","ast-page-background-enabled":"default","ast-page-background-meta":{"desktop":{"background-color":"var(--ast-global-color-4)","background-image":"","background-repeat":"repeat","background-position":"center center","background-size":"auto","background-attachment":"scroll","background-type":"","background-media":"","overlay-type":"","overlay-color":"","overlay-opacity":"","overlay-gradient":""},"tablet":{"background-color":"","background-image":"","background-repeat":"repeat","background-position":"center center","background-size":"auto","background-attachment":"scroll","background-type":"","background-media":"","overlay-type":"","overlay-color":"","overlay-opacity":"","overlay-gradient":""},"mobile":{"background-color":"","background-image":"","background-repeat":"repeat","background-position":"center center","background-size":"auto","background-attachment":"scroll","background-type":"","background-media":"","overlay-type":"","overlay-color":"","overlay-opacity":"","overlay-gradient":""}},"ast-content-background-meta":{"desktop":{"background-color":"var(--ast-global-color-5)","background-image":"","background-repeat":"repeat","background-position":"center center","background-size":"auto","background-attachment":"scroll","background-type":"","background-media":"","overlay-type":"","overlay-color":"","overlay-opacity":"","overlay-gradient":""},"tablet":{"background-color":"var(--ast-global-color-5)","background-image":"","background-repeat":"repeat","background-position":"center center","background-size":"auto","background-attachment":"scroll","background-type":"","background-media":"","overlay-type":"","overlay-color":"","overlay-opacity":"","overlay-gradient":""},"mobile":{"background-color":"var(--ast-global-color-5)","background-image":"","background-repeat":"repeat","background-position":"center center","background-size":"auto","background-attachment":"scroll","background-type":"","background-media":"","overlay-type":"","overlay-color":"","overlay-opacity":"","overlay-gradient":""}},"footnotes":""},"class_list":["post-32","page","type-page","status-publish","hentry"],"post_mailing_queue_ids":[],"_links":{"self":[{"href":"https:\/\/agora.xtec.cat\/ielluismillet\/wp-json\/wp\/v2\/pages\/32","targetHints":{"allow":["GET"]}}],"collection":[{"href":"https:\/\/agora.xtec.cat\/ielluismillet\/wp-json\/wp\/v2\/pages"}],"about":[{"href":"https:\/\/agora.xtec.cat\/ielluismillet\/wp-json\/wp\/v2\/types\/page"}],"author":[{"embeddable":true,"href":"https:\/\/agora.xtec.cat\/ielluismillet\/wp-json\/wp\/v2\/users\/1"}],"replies":[{"embeddable":true,"href":"https:\/\/agora.xtec.cat\/ielluismillet\/wp-json\/wp\/v2\/comments?post=32"}],"version-history":[{"count":6,"href":"https:\/\/agora.xtec.cat\/ielluismillet\/wp-json\/wp\/v2\/pages\/32\/revisions"}],"predecessor-version":[{"id":2105,"href":"https:\/\/agora.xtec.cat\/ielluismillet\/wp-json\/wp\/v2\/pages\/32\/revisions\/2105"}],"wp:attachment":[{"href":"https:\/\/agora.xtec.cat\/ielluismillet\/wp-json\/wp\/v2\/media?parent=32"}],"curies":[{"name":"wp","href":"https:\/\/api.w.org\/{rel}","templated":true}]}}