{"id":30,"date":"2014-09-18T12:30:23","date_gmt":"2014-09-18T11:30:23","guid":{"rendered":"http:\/\/agora.xtec.cat\/ceiplluismillet\/?page_id=30"},"modified":"2025-04-04T12:14:37","modified_gmt":"2025-04-04T10:14:37","slug":"instal%c2%b7lacions","status":"publish","type":"page","link":"https:\/\/agora.xtec.cat\/ielluismillet\/escola\/instal%c2%b7lacions\/","title":{"rendered":"Instal\u00b7lacions"},"content":{"rendered":"<p style=\"text-align: justify;\">El nucli de l\u2019edifici \u00e9s de construcci\u00f3 funcional, similar a altres escoles de la mateixa \u00e8poca (1978).<\/p>\n<p style=\"text-align: justify;\">L&#8217;any 2005 es va realitzar una remodelaci\u00f3 de l&#8217;antic edifici i una zona de nova construcci\u00f3, que va permetre ser una escola accessible\/adaptada a les discapacitats f\u00edsiques.<\/p>\n<p style=\"text-align: justify;\">A l\u2019edifici principal hi ha la planta baixa i dos pisos.<\/p>\n<p style=\"text-align: justify;\">A la planta baixa s\u2019hi troben les seg\u00fcents depend\u00e8ncies:<\/p>\n<ul style=\"list-style-type: square;\">\n<li style=\"text-align: justify;\">Local AFA<\/li>\n<li>Consergeria amb sala multicopista<\/li>\n<li>Despatx orientadora pedag\u00f2gica<\/li>\n<li>Menjador i cuina<\/li>\n<li>Biblioteca<\/li>\n<li style=\"text-align: justify;\">Secretaria<\/li>\n<li style=\"text-align: justify;\">Direcci\u00f3<\/li>\n<li style=\"text-align: justify;\">Cap d\u2019Estudis<\/li>\n<li>Sala de mestres<\/li>\n<li>Lavabos<\/li>\n<li>2 Aules Cicle Superior (5\u00e8 d&#8217;Educaci\u00f3 Prim\u00e0ria)<\/li>\n<\/ul>\n<p>A la planta baixa a la zona exterior trobem:<\/p>\n<ul style=\"list-style-type: square;\">\n<li style=\"text-align: justify;\">Gimn\u00e0s<\/li>\n<li style=\"text-align: justify;\">Magatzem material Educaci\u00f3 F\u00edsica<\/li>\n<li style=\"text-align: justify;\">Vestuaris<\/li>\n<li style=\"text-align: justify;\">Lavabos<\/li>\n<li style=\"text-align: justify;\">Quartet neteja<\/li>\n<\/ul>\n<p style=\"text-align: justify;\">A la primera planta hi ha 10 aules. Actualment, estan ocupades per alumnes d&#8217;I3 a I5, Cicle Inicial, Cicle Mitj\u00e0 i Cicle Superior (6\u00e8 d&#8217;Educaci\u00f3 Prim\u00e0ria). A m\u00e9s s\u2019hi troben altres espais destinats a:<\/p>\n<ul style=\"list-style-type: square;\">\n<li style=\"text-align: justify;\">Aula de Pedagogia Terap\u00e8utica<\/li>\n<li style=\"text-align: justify;\">Tutoria Cicle Educaci\u00f3 Infantil.<\/li>\n<li style=\"text-align: justify;\">Lavabos.<\/li>\n<\/ul>\n<p style=\"text-align: justify;\">A la segona planta hi ha 8 aules m\u00e9s, que ocupen els alumnes de 1r, 2n i 3r d\u2019ESO. A m\u00e9s trobem altres espais:<\/p>\n<ul style=\"list-style-type: square;\">\n<li style=\"text-align: justify;\">Laboratori de Ci\u00e8ncies.<\/li>\n<li style=\"text-align: justify;\">Laboratori de Tecnologia.<\/li>\n<li style=\"text-align: justify;\">2 Aules polivalents (audiovisuals, rob\u00f2tica, visual i pl\u00e0stica&#8230;)<\/li>\n<li style=\"text-align: justify;\">Aula d&#8217;Acollida<\/li>\n<li style=\"text-align: justify;\">Tutoria<\/li>\n<li style=\"text-align: justify;\">Lavabos.<\/li>\n<\/ul>\n<p style=\"text-align: justify;\">Pel que fa als patis, trobem una pista central on baixen a l&#8217;hora de l&#8217;esbarjo, en franges hor\u00e0ries diferenciades, els alumnes d&#8217;Educaci\u00f3 Prim\u00e0ria (10:30 a 11\u202fh) i Secund\u00e0ria (10 a 10:30\u202fh), amb vestuaris i lavabos.<\/p>\n<p style=\"text-align: justify;\">En aquest mateix pati es va reestructurar el curs 1996-97 un espai tancat destinat als alumnes d\u2019Educaci\u00f3 Infantil. En aquest moment, l&#8217;espai est\u00e0 reformat i ocupat pels alumnes d&#8217;I5. Els\/les alumnes d&#8217;I3 i I4 tenen un pati propi situat davant de les seves aules.<\/p>\n","protected":false},"excerpt":{"rendered":"<p>El nucli de l\u2019edifici \u00e9s de construcci\u00f3 funcional, similar a altres escoles de la mateixa \u00e8poca (1978). L&#8217;any 2005 es va realitzar una remodelaci\u00f3 de l&#8217;antic edifici i una zona de nova construcci\u00f3, que va permetre ser una escola accessible\/adaptada a les discapacitats f\u00edsiques. A l\u2019edifici principal hi ha la planta baixa i dos pisos. [&hellip;]<\/p>\n","protected":false},"author":1,"featured_media":0,"parent":2328,"menu_order":20,"comment_status":"closed","ping_status":"closed","template":"","meta":{"_bbp_topic_count":0,"_bbp_reply_count":0,"_bbp_total_topic_count":0,"_bbp_total_reply_count":0,"_bbp_voice_count":0,"_bbp_anonymous_reply_count":0,"_bbp_topic_count_hidden":0,"_bbp_reply_count_hidden":0,"_bbp_forum_subforum_count":0,"site-sidebar-layout":"default","site-content-layout":"","ast-site-content-layout":"default","site-content-style":"default","site-sidebar-style":"default","ast-global-header-display":"","ast-banner-title-visibility":"","ast-main-header-display":"","ast-hfb-above-header-display":"","ast-hfb-below-header-display":"","ast-hfb-mobile-header-display":"","site-post-title":"","ast-breadcrumbs-content":"","ast-featured-img":"","footer-sml-layout":"","theme-transparent-header-meta":"default","adv-header-id-meta":"","stick-header-meta":"","header-above-stick-meta":"","header-main-stick-meta":"","header-below-stick-meta":"","astra-migrate-meta-layouts":"set","ast-page-background-enabled":"default","ast-page-background-meta":{"desktop":{"background-color":"var(--ast-global-color-4)","background-image":"","background-repeat":"repeat","background-position":"center center","background-size":"auto","background-attachment":"scroll","background-type":"","background-media":"","overlay-type":"","overlay-color":"","overlay-opacity":"","overlay-gradient":""},"tablet":{"background-color":"","background-image":"","background-repeat":"repeat","background-position":"center center","background-size":"auto","background-attachment":"scroll","background-type":"","background-media":"","overlay-type":"","overlay-color":"","overlay-opacity":"","overlay-gradient":""},"mobile":{"background-color":"","background-image":"","background-repeat":"repeat","background-position":"center center","background-size":"auto","background-attachment":"scroll","background-type":"","background-media":"","overlay-type":"","overlay-color":"","overlay-opacity":"","overlay-gradient":""}},"ast-content-background-meta":{"desktop":{"background-color":"var(--ast-global-color-5)","background-image":"","background-repeat":"repeat","background-position":"center center","background-size":"auto","background-attachment":"scroll","background-type":"","background-media":"","overlay-type":"","overlay-color":"","overlay-opacity":"","overlay-gradient":""},"tablet":{"background-color":"var(--ast-global-color-5)","background-image":"","background-repeat":"repeat","background-position":"center center","background-size":"auto","background-attachment":"scroll","background-type":"","background-media":"","overlay-type":"","overlay-color":"","overlay-opacity":"","overlay-gradient":""},"mobile":{"background-color":"var(--ast-global-color-5)","background-image":"","background-repeat":"repeat","background-position":"center center","background-size":"auto","background-attachment":"scroll","background-type":"","background-media":"","overlay-type":"","overlay-color":"","overlay-opacity":"","overlay-gradient":""}},"footnotes":""},"class_list":["post-30","page","type-page","status-publish","hentry"],"post_mailing_queue_ids":[],"_links":{"self":[{"href":"https:\/\/agora.xtec.cat\/ielluismillet\/wp-json\/wp\/v2\/pages\/30","targetHints":{"allow":["GET"]}}],"collection":[{"href":"https:\/\/agora.xtec.cat\/ielluismillet\/wp-json\/wp\/v2\/pages"}],"about":[{"href":"https:\/\/agora.xtec.cat\/ielluismillet\/wp-json\/wp\/v2\/types\/page"}],"author":[{"embeddable":true,"href":"https:\/\/agora.xtec.cat\/ielluismillet\/wp-json\/wp\/v2\/users\/1"}],"replies":[{"embeddable":true,"href":"https:\/\/agora.xtec.cat\/ielluismillet\/wp-json\/wp\/v2\/comments?post=30"}],"version-history":[{"count":4,"href":"https:\/\/agora.xtec.cat\/ielluismillet\/wp-json\/wp\/v2\/pages\/30\/revisions"}],"predecessor-version":[{"id":1825,"href":"https:\/\/agora.xtec.cat\/ielluismillet\/wp-json\/wp\/v2\/pages\/30\/revisions\/1825"}],"up":[{"embeddable":true,"href":"https:\/\/agora.xtec.cat\/ielluismillet\/wp-json\/wp\/v2\/pages\/2328"}],"wp:attachment":[{"href":"https:\/\/agora.xtec.cat\/ielluismillet\/wp-json\/wp\/v2\/media?parent=30"}],"curies":[{"name":"wp","href":"https:\/\/api.w.org\/{rel}","templated":true}]}}