{"id":2795,"date":"2025-10-06T12:29:16","date_gmt":"2025-10-06T10:29:16","guid":{"rendered":"https:\/\/agora.xtec.cat\/ielluismillet\/?page_id=2795"},"modified":"2025-10-06T12:29:16","modified_gmt":"2025-10-06T10:29:16","slug":"cutebot","status":"publish","type":"page","link":"https:\/\/agora.xtec.cat\/ielluismillet\/cutebot\/","title":{"rendered":"Cutebot"},"content":{"rendered":"<p data-start=\"196\" data-end=\"367\">El <strong data-start=\"199\" data-end=\"216\">Smart Cutebot<\/strong> \u00e9s un robot amb <strong data-start=\"233\" data-end=\"255\">disseny de vehicle<\/strong>, controlat per la <strong data-start=\"274\" data-end=\"293\">placa micro:bit<\/strong>, que combina <strong data-start=\"307\" data-end=\"364\">programaci\u00f3 i rob\u00f2tica de manera pr\u00e0ctica i divertida<\/strong>.<\/p>\n<p data-start=\"369\" data-end=\"511\">Incorpora una <strong data-start=\"383\" data-end=\"412\">placa d\u2019extensi\u00f3 (shield)<\/strong> que facilita la connexi\u00f3 de la micro:bit amb diversos components, alguns ja integrats a la base:<\/p>\n<ul data-start=\"512\" data-end=\"613\">\n<li data-start=\"512\" data-end=\"527\">\n<p data-start=\"514\" data-end=\"527\"><strong data-start=\"514\" data-end=\"525\">LED RGB<\/strong><\/p>\n<\/li>\n<li data-start=\"528\" data-end=\"556\">\n<p data-start=\"530\" data-end=\"556\"><strong data-start=\"530\" data-end=\"554\">Sensors d\u2019infrarojos<\/strong><\/p>\n<\/li>\n<li data-start=\"557\" data-end=\"574\">\n<p data-start=\"559\" data-end=\"574\"><strong data-start=\"559\" data-end=\"572\">Brunzidor<\/strong><\/p>\n<\/li>\n<li data-start=\"575\" data-end=\"613\">\n<p data-start=\"577\" data-end=\"613\"><strong data-start=\"577\" data-end=\"611\">Sensor de dist\u00e0ncia ultras\u00f2nic<\/strong><\/p>\n<\/li>\n<\/ul>\n<p data-start=\"615\" data-end=\"767\">La base del robot tamb\u00e9 disposa de <strong data-start=\"650\" data-end=\"669\">ports de 3 pins<\/strong>, que permeten afegir <strong data-start=\"691\" data-end=\"721\">altres sensors i actuadors<\/strong>, ampliant les possibilitats dels projectes.<\/p>\n<p data-start=\"769\" data-end=\"1043\">Com que funciona amb la <strong data-start=\"793\" data-end=\"812\">placa micro:bit<\/strong>, el sistema de programaci\u00f3 \u00e9s <strong data-start=\"843\" data-end=\"865\">Microsoft MakeCode<\/strong>. Nom\u00e9s cal afegir l\u2019<strong data-start=\"886\" data-end=\"920\">extensi\u00f3 de blocs corresponent<\/strong>, i els alumnes poden comen\u00e7ar a programar de manera <strong data-start=\"973\" data-end=\"995\">visual i intu\u00eftiva<\/strong>, creant projectes interactius i personalitzats.<\/p>\n<p style=\"text-align: center;\" data-start=\"769\" data-end=\"1043\"><iframe loading=\"lazy\" title=\"Presentaci\u00f3 CuteBot\" src=\"\/\/www.youtube.com\/embed\/VrQFYOHBMo0\" width=\"640\" height=\"360\" frameborder=\"0\" allowfullscreen=\"allowfullscreen\"><\/iframe><\/p>\n","protected":false},"excerpt":{"rendered":"<p>El Smart Cutebot \u00e9s un robot amb disseny de vehicle, controlat per la placa micro:bit, que combina programaci\u00f3 i rob\u00f2tica de manera pr\u00e0ctica i divertida. Incorpora una placa d\u2019extensi\u00f3 (shield) que facilita la connexi\u00f3 de la micro:bit amb diversos components, alguns ja integrats a la base: LED RGB Sensors d\u2019infrarojos Brunzidor Sensor de dist\u00e0ncia ultras\u00f2nic [&hellip;]<\/p>\n","protected":false},"author":1,"featured_media":0,"parent":0,"menu_order":0,"comment_status":"closed","ping_status":"closed","template":"","meta":{"_bbp_topic_count":0,"_bbp_reply_count":0,"_bbp_total_topic_count":0,"_bbp_total_reply_count":0,"_bbp_voice_count":0,"_bbp_anonymous_reply_count":0,"_bbp_topic_count_hidden":0,"_bbp_reply_count_hidden":0,"_bbp_forum_subforum_count":0,"site-sidebar-layout":"default","site-content-layout":"","ast-site-content-layout":"default","site-content-style":"default","site-sidebar-style":"default","ast-global-header-display":"","ast-banner-title-visibility":"","ast-main-header-display":"","ast-hfb-above-header-display":"","ast-hfb-below-header-display":"","ast-hfb-mobile-header-display":"","site-post-title":"","ast-breadcrumbs-content":"","ast-featured-img":"","footer-sml-layout":"","theme-transparent-header-meta":"default","adv-header-id-meta":"","stick-header-meta":"","header-above-stick-meta":"","header-main-stick-meta":"","header-below-stick-meta":"","astra-migrate-meta-layouts":"set","ast-page-background-enabled":"default","ast-page-background-meta":{"desktop":{"background-color":"var(--ast-global-color-4)","background-image":"","background-repeat":"repeat","background-position":"center center","background-size":"auto","background-attachment":"scroll","background-type":"","background-media":"","overlay-type":"","overlay-color":"","overlay-opacity":"","overlay-gradient":""},"tablet":{"background-color":"","background-image":"","background-repeat":"repeat","background-position":"center center","background-size":"auto","background-attachment":"scroll","background-type":"","background-media":"","overlay-type":"","overlay-color":"","overlay-opacity":"","overlay-gradient":""},"mobile":{"background-color":"","background-image":"","background-repeat":"repeat","background-position":"center center","background-size":"auto","background-attachment":"scroll","background-type":"","background-media":"","overlay-type":"","overlay-color":"","overlay-opacity":"","overlay-gradient":""}},"ast-content-background-meta":{"desktop":{"background-color":"var(--ast-global-color-5)","background-image":"","background-repeat":"repeat","background-position":"center center","background-size":"auto","background-attachment":"scroll","background-type":"","background-media":"","overlay-type":"","overlay-color":"","overlay-opacity":"","overlay-gradient":""},"tablet":{"background-color":"var(--ast-global-color-5)","background-image":"","background-repeat":"repeat","background-position":"center center","background-size":"auto","background-attachment":"scroll","background-type":"","background-media":"","overlay-type":"","overlay-color":"","overlay-opacity":"","overlay-gradient":""},"mobile":{"background-color":"var(--ast-global-color-5)","background-image":"","background-repeat":"repeat","background-position":"center center","background-size":"auto","background-attachment":"scroll","background-type":"","background-media":"","overlay-type":"","overlay-color":"","overlay-opacity":"","overlay-gradient":""}},"footnotes":""},"class_list":["post-2795","page","type-page","status-publish","hentry"],"post_mailing_queue_ids":[],"_links":{"self":[{"href":"https:\/\/agora.xtec.cat\/ielluismillet\/wp-json\/wp\/v2\/pages\/2795","targetHints":{"allow":["GET"]}}],"collection":[{"href":"https:\/\/agora.xtec.cat\/ielluismillet\/wp-json\/wp\/v2\/pages"}],"about":[{"href":"https:\/\/agora.xtec.cat\/ielluismillet\/wp-json\/wp\/v2\/types\/page"}],"author":[{"embeddable":true,"href":"https:\/\/agora.xtec.cat\/ielluismillet\/wp-json\/wp\/v2\/users\/1"}],"replies":[{"embeddable":true,"href":"https:\/\/agora.xtec.cat\/ielluismillet\/wp-json\/wp\/v2\/comments?post=2795"}],"version-history":[{"count":1,"href":"https:\/\/agora.xtec.cat\/ielluismillet\/wp-json\/wp\/v2\/pages\/2795\/revisions"}],"predecessor-version":[{"id":2804,"href":"https:\/\/agora.xtec.cat\/ielluismillet\/wp-json\/wp\/v2\/pages\/2795\/revisions\/2804"}],"wp:attachment":[{"href":"https:\/\/agora.xtec.cat\/ielluismillet\/wp-json\/wp\/v2\/media?parent=2795"}],"curies":[{"name":"wp","href":"https:\/\/api.w.org\/{rel}","templated":true}]}}