{"id":2786,"date":"2025-10-06T12:06:28","date_gmt":"2025-10-06T10:06:28","guid":{"rendered":"https:\/\/agora.xtec.cat\/ielluismillet\/?page_id=2786"},"modified":"2025-10-06T12:06:28","modified_gmt":"2025-10-06T10:06:28","slug":"lego-spike-prime","status":"publish","type":"page","link":"https:\/\/agora.xtec.cat\/ielluismillet\/lego-spike-prime\/","title":{"rendered":"LEGO Spike Prime"},"content":{"rendered":"<p data-start=\"230\" data-end=\"582\">El <strong data-start=\"233\" data-end=\"255\">LEGO SPIKE Prime<\/strong> \u00e9s una soluci\u00f3 educativa que combina <strong data-start=\"293\" data-end=\"313\">construcci\u00f3 LEGO<\/strong> amb <strong data-start=\"318\" data-end=\"341\">programaci\u00f3 digital<\/strong>, pensada per estimular l\u2019aprenentatge <strong data-start=\"380\" data-end=\"389\">STEAM<\/strong> entre els joves.<br data-start=\"406\" data-end=\"409\" \/>Permet experimentar de manera <strong data-start=\"439\" data-end=\"483\">pr\u00e0ctica amb construccions i simulacions<\/strong> inspirades en <strong data-start=\"498\" data-end=\"528\">situacions de la vida real<\/strong>, despertant la curiositat i fomentant la creativitat.<\/p>\n<p data-start=\"584\" data-end=\"772\">El kit inclou <strong data-start=\"598\" data-end=\"663\">peces de construcci\u00f3, sensors, actuadors i un hub programable<\/strong>.<br data-start=\"664\" data-end=\"667\" \/>Disposa d\u2019un <strong data-start=\"680\" data-end=\"714\">entorn de programaci\u00f3 flexible<\/strong> que permet codificar els projectes de diverses maneres:<\/p>\n<ul data-start=\"773\" data-end=\"925\">\n<li data-start=\"773\" data-end=\"856\">\n<p data-start=\"775\" data-end=\"856\"><strong data-start=\"775\" data-end=\"830\">Blocs d\u2019icona i blocs de paraula en format vertical<\/strong>, similar a <strong data-start=\"842\" data-end=\"853\">Scratch<\/strong>.<\/p>\n<\/li>\n<li data-start=\"857\" data-end=\"925\">\n<p data-start=\"859\" data-end=\"925\"><strong data-start=\"859\" data-end=\"869\">Python<\/strong>, per a un aprenentatge m\u00e9s avan\u00e7at i professionalitzat.<\/p>\n<\/li>\n<\/ul>\n<p data-start=\"927\" data-end=\"1143\">Aix\u00ed, els alumnes poden evolucionar des d\u2019una <strong data-start=\"973\" data-end=\"1007\">programaci\u00f3 visual i intu\u00eftiva<\/strong> fins a una <strong data-start=\"1019\" data-end=\"1055\">programaci\u00f3 textual m\u00e9s avan\u00e7ada<\/strong>, integrant el pensament computacional amb la creativitat i la resoluci\u00f3 de problemes.<\/p>\n<p style=\"text-align: center;\" data-start=\"927\" data-end=\"1143\"><iframe loading=\"lazy\" title=\"Presentaci\u00f3 Lego Spike Prime\" src=\"\/\/www.youtube.com\/embed\/OGVe6r7AevM\" width=\"640\" height=\"360\" frameborder=\"0\" allowfullscreen=\"allowfullscreen\"><\/iframe><\/p>\n","protected":false},"excerpt":{"rendered":"<p>El LEGO SPIKE Prime \u00e9s una soluci\u00f3 educativa que combina construcci\u00f3 LEGO amb programaci\u00f3 digital, pensada per estimular l\u2019aprenentatge STEAM entre els joves.Permet experimentar de manera pr\u00e0ctica amb construccions i simulacions inspirades en situacions de la vida real, despertant la curiositat i fomentant la creativitat. El kit inclou peces de construcci\u00f3, sensors, actuadors i un [&hellip;]<\/p>\n","protected":false},"author":1,"featured_media":0,"parent":0,"menu_order":0,"comment_status":"closed","ping_status":"closed","template":"","meta":{"_bbp_topic_count":0,"_bbp_reply_count":0,"_bbp_total_topic_count":0,"_bbp_total_reply_count":0,"_bbp_voice_count":0,"_bbp_anonymous_reply_count":0,"_bbp_topic_count_hidden":0,"_bbp_reply_count_hidden":0,"_bbp_forum_subforum_count":0,"site-sidebar-layout":"default","site-content-layout":"","ast-site-content-layout":"default","site-content-style":"default","site-sidebar-style":"default","ast-global-header-display":"","ast-banner-title-visibility":"","ast-main-header-display":"","ast-hfb-above-header-display":"","ast-hfb-below-header-display":"","ast-hfb-mobile-header-display":"","site-post-title":"","ast-breadcrumbs-content":"","ast-featured-img":"","footer-sml-layout":"","theme-transparent-header-meta":"default","adv-header-id-meta":"","stick-header-meta":"","header-above-stick-meta":"","header-main-stick-meta":"","header-below-stick-meta":"","astra-migrate-meta-layouts":"set","ast-page-background-enabled":"default","ast-page-background-meta":{"desktop":{"background-color":"var(--ast-global-color-4)","background-image":"","background-repeat":"repeat","background-position":"center center","background-size":"auto","background-attachment":"scroll","background-type":"","background-media":"","overlay-type":"","overlay-color":"","overlay-opacity":"","overlay-gradient":""},"tablet":{"background-color":"","background-image":"","background-repeat":"repeat","background-position":"center center","background-size":"auto","background-attachment":"scroll","background-type":"","background-media":"","overlay-type":"","overlay-color":"","overlay-opacity":"","overlay-gradient":""},"mobile":{"background-color":"","background-image":"","background-repeat":"repeat","background-position":"center center","background-size":"auto","background-attachment":"scroll","background-type":"","background-media":"","overlay-type":"","overlay-color":"","overlay-opacity":"","overlay-gradient":""}},"ast-content-background-meta":{"desktop":{"background-color":"var(--ast-global-color-5)","background-image":"","background-repeat":"repeat","background-position":"center center","background-size":"auto","background-attachment":"scroll","background-type":"","background-media":"","overlay-type":"","overlay-color":"","overlay-opacity":"","overlay-gradient":""},"tablet":{"background-color":"var(--ast-global-color-5)","background-image":"","background-repeat":"repeat","background-position":"center center","background-size":"auto","background-attachment":"scroll","background-type":"","background-media":"","overlay-type":"","overlay-color":"","overlay-opacity":"","overlay-gradient":""},"mobile":{"background-color":"var(--ast-global-color-5)","background-image":"","background-repeat":"repeat","background-position":"center center","background-size":"auto","background-attachment":"scroll","background-type":"","background-media":"","overlay-type":"","overlay-color":"","overlay-opacity":"","overlay-gradient":""}},"footnotes":""},"class_list":["post-2786","page","type-page","status-publish","hentry"],"post_mailing_queue_ids":[],"_links":{"self":[{"href":"https:\/\/agora.xtec.cat\/ielluismillet\/wp-json\/wp\/v2\/pages\/2786","targetHints":{"allow":["GET"]}}],"collection":[{"href":"https:\/\/agora.xtec.cat\/ielluismillet\/wp-json\/wp\/v2\/pages"}],"about":[{"href":"https:\/\/agora.xtec.cat\/ielluismillet\/wp-json\/wp\/v2\/types\/page"}],"author":[{"embeddable":true,"href":"https:\/\/agora.xtec.cat\/ielluismillet\/wp-json\/wp\/v2\/users\/1"}],"replies":[{"embeddable":true,"href":"https:\/\/agora.xtec.cat\/ielluismillet\/wp-json\/wp\/v2\/comments?post=2786"}],"version-history":[{"count":1,"href":"https:\/\/agora.xtec.cat\/ielluismillet\/wp-json\/wp\/v2\/pages\/2786\/revisions"}],"predecessor-version":[{"id":2788,"href":"https:\/\/agora.xtec.cat\/ielluismillet\/wp-json\/wp\/v2\/pages\/2786\/revisions\/2788"}],"wp:attachment":[{"href":"https:\/\/agora.xtec.cat\/ielluismillet\/wp-json\/wp\/v2\/media?parent=2786"}],"curies":[{"name":"wp","href":"https:\/\/api.w.org\/{rel}","templated":true}]}}