{"id":2777,"date":"2025-10-06T12:00:30","date_gmt":"2025-10-06T10:00:30","guid":{"rendered":"https:\/\/agora.xtec.cat\/ielluismillet\/?page_id=2777"},"modified":"2025-10-06T12:00:30","modified_gmt":"2025-10-06T10:00:30","slug":"mtiny","status":"publish","type":"page","link":"https:\/\/agora.xtec.cat\/ielluismillet\/mtiny\/","title":{"rendered":"mTiny"},"content":{"rendered":"<p data-start=\"333\" data-end=\"679\">El <strong data-start=\"336\" data-end=\"345\">mTiny<\/strong> \u00e9s un robot dissenyat per <strong data-start=\"372\" data-end=\"442\">introduir els m\u00e9s petits en els conceptes b\u00e0sics de la programaci\u00f3<\/strong> d\u2019una manera <strong data-start=\"456\" data-end=\"487\">manipulativa i desendollada<\/strong>, \u00e9s a dir, <strong data-start=\"499\" data-end=\"532\">sense necessitat de pantalles<\/strong>.<br data-start=\"533\" data-end=\"536\" \/>A trav\u00e9s del joc i l\u2019experimentaci\u00f3, els infants aprenen conceptes com les <strong data-start=\"611\" data-end=\"678\">seq\u00fc\u00e8ncies, els blocs d\u2019instruccions i la l\u00f2gica de programaci\u00f3<\/strong>.<\/p>\n<p data-start=\"681\" data-end=\"707\">El kit del mTiny inclou:<\/p>\n<ul data-start=\"708\" data-end=\"964\">\n<li data-start=\"708\" data-end=\"735\">\n<p data-start=\"710\" data-end=\"735\">El <strong data-start=\"713\" data-end=\"732\">robot principal<\/strong>.<\/p>\n<\/li>\n<li data-start=\"736\" data-end=\"790\">\n<p data-start=\"738\" data-end=\"790\">Un <strong data-start=\"741\" data-end=\"758\">llapis t\u00e0ctil<\/strong>, que actua com a comandament.<\/p>\n<\/li>\n<li data-start=\"791\" data-end=\"888\">\n<p data-start=\"793\" data-end=\"888\"><strong data-start=\"793\" data-end=\"820\">Targetes d\u2019instruccions<\/strong> amb forma de puzle, que s\u2019encaixen entre si per crear seq\u00fc\u00e8ncies.<\/p>\n<\/li>\n<li data-start=\"889\" data-end=\"964\">\n<p data-start=\"891\" data-end=\"964\"><strong data-start=\"891\" data-end=\"933\">Mapes tem\u00e0tics i taulells connectables<\/strong> per muntar escenaris de joc.<\/p>\n<\/li>\n<\/ul>\n<p data-start=\"966\" data-end=\"1259\">Quan l\u2019infant <strong data-start=\"980\" data-end=\"1036\">prem amb el llapis sobre les targetes d\u2019instruccions<\/strong>, el robot <strong data-start=\"1047\" data-end=\"1069\">executa les ordres<\/strong> i es despla\u00e7a segons la seq\u00fc\u00e8ncia creada.<br data-start=\"1111\" data-end=\"1114\" \/>Aquesta din\u00e0mica permet <strong data-start=\"1138\" data-end=\"1176\">programar per blocs en horitzontal<\/strong> de manera intu\u00eftiva, treballant la planificaci\u00f3, la concentraci\u00f3 i la creativitat.<\/p>\n<p data-start=\"1261\" data-end=\"1426\">A m\u00e9s, el joc inclou <strong data-start=\"1282\" data-end=\"1318\">targetes amb diverses tem\u00e0tiques<\/strong>, que amplien les possibilitats d\u2019exploraci\u00f3 i converteixen cada activitat en un <strong data-start=\"1399\" data-end=\"1425\">repte l\u00fadic i educatiu<\/strong>.<\/p>\n<p style=\"text-align: center;\" data-start=\"1261\" data-end=\"1426\"><iframe loading=\"lazy\" title=\"Presentaci\u00f3 mTiny\" src=\"\/\/www.youtube.com\/embed\/ZNXRt-6cx0U\" width=\"640\" height=\"360\" frameborder=\"0\" allowfullscreen=\"allowfullscreen\"><\/iframe><\/p>\n","protected":false},"excerpt":{"rendered":"<p>El mTiny \u00e9s un robot dissenyat per introduir els m\u00e9s petits en els conceptes b\u00e0sics de la programaci\u00f3 d\u2019una manera manipulativa i desendollada, \u00e9s a dir, sense necessitat de pantalles.A trav\u00e9s del joc i l\u2019experimentaci\u00f3, els infants aprenen conceptes com les seq\u00fc\u00e8ncies, els blocs d\u2019instruccions i la l\u00f2gica de programaci\u00f3. El kit del mTiny inclou: [&hellip;]<\/p>\n","protected":false},"author":1,"featured_media":0,"parent":0,"menu_order":0,"comment_status":"closed","ping_status":"closed","template":"","meta":{"_bbp_topic_count":0,"_bbp_reply_count":0,"_bbp_total_topic_count":0,"_bbp_total_reply_count":0,"_bbp_voice_count":0,"_bbp_anonymous_reply_count":0,"_bbp_topic_count_hidden":0,"_bbp_reply_count_hidden":0,"_bbp_forum_subforum_count":0,"site-sidebar-layout":"default","site-content-layout":"","ast-site-content-layout":"default","site-content-style":"default","site-sidebar-style":"default","ast-global-header-display":"","ast-banner-title-visibility":"","ast-main-header-display":"","ast-hfb-above-header-display":"","ast-hfb-below-header-display":"","ast-hfb-mobile-header-display":"","site-post-title":"","ast-breadcrumbs-content":"","ast-featured-img":"","footer-sml-layout":"","theme-transparent-header-meta":"default","adv-header-id-meta":"","stick-header-meta":"","header-above-stick-meta":"","header-main-stick-meta":"","header-below-stick-meta":"","astra-migrate-meta-layouts":"set","ast-page-background-enabled":"default","ast-page-background-meta":{"desktop":{"background-color":"var(--ast-global-color-4)","background-image":"","background-repeat":"repeat","background-position":"center center","background-size":"auto","background-attachment":"scroll","background-type":"","background-media":"","overlay-type":"","overlay-color":"","overlay-opacity":"","overlay-gradient":""},"tablet":{"background-color":"","background-image":"","background-repeat":"repeat","background-position":"center center","background-size":"auto","background-attachment":"scroll","background-type":"","background-media":"","overlay-type":"","overlay-color":"","overlay-opacity":"","overlay-gradient":""},"mobile":{"background-color":"","background-image":"","background-repeat":"repeat","background-position":"center center","background-size":"auto","background-attachment":"scroll","background-type":"","background-media":"","overlay-type":"","overlay-color":"","overlay-opacity":"","overlay-gradient":""}},"ast-content-background-meta":{"desktop":{"background-color":"var(--ast-global-color-5)","background-image":"","background-repeat":"repeat","background-position":"center center","background-size":"auto","background-attachment":"scroll","background-type":"","background-media":"","overlay-type":"","overlay-color":"","overlay-opacity":"","overlay-gradient":""},"tablet":{"background-color":"var(--ast-global-color-5)","background-image":"","background-repeat":"repeat","background-position":"center center","background-size":"auto","background-attachment":"scroll","background-type":"","background-media":"","overlay-type":"","overlay-color":"","overlay-opacity":"","overlay-gradient":""},"mobile":{"background-color":"var(--ast-global-color-5)","background-image":"","background-repeat":"repeat","background-position":"center center","background-size":"auto","background-attachment":"scroll","background-type":"","background-media":"","overlay-type":"","overlay-color":"","overlay-opacity":"","overlay-gradient":""}},"footnotes":""},"class_list":["post-2777","page","type-page","status-publish","hentry"],"post_mailing_queue_ids":[],"_links":{"self":[{"href":"https:\/\/agora.xtec.cat\/ielluismillet\/wp-json\/wp\/v2\/pages\/2777","targetHints":{"allow":["GET"]}}],"collection":[{"href":"https:\/\/agora.xtec.cat\/ielluismillet\/wp-json\/wp\/v2\/pages"}],"about":[{"href":"https:\/\/agora.xtec.cat\/ielluismillet\/wp-json\/wp\/v2\/types\/page"}],"author":[{"embeddable":true,"href":"https:\/\/agora.xtec.cat\/ielluismillet\/wp-json\/wp\/v2\/users\/1"}],"replies":[{"embeddable":true,"href":"https:\/\/agora.xtec.cat\/ielluismillet\/wp-json\/wp\/v2\/comments?post=2777"}],"version-history":[{"count":1,"href":"https:\/\/agora.xtec.cat\/ielluismillet\/wp-json\/wp\/v2\/pages\/2777\/revisions"}],"predecessor-version":[{"id":2779,"href":"https:\/\/agora.xtec.cat\/ielluismillet\/wp-json\/wp\/v2\/pages\/2777\/revisions\/2779"}],"wp:attachment":[{"href":"https:\/\/agora.xtec.cat\/ielluismillet\/wp-json\/wp\/v2\/media?parent=2777"}],"curies":[{"name":"wp","href":"https:\/\/api.w.org\/{rel}","templated":true}]}}