{"id":2773,"date":"2025-10-06T11:56:40","date_gmt":"2025-10-06T09:56:40","guid":{"rendered":"https:\/\/agora.xtec.cat\/ielluismillet\/?page_id=2773"},"modified":"2025-10-06T11:56:40","modified_gmt":"2025-10-06T09:56:40","slug":"tale-bot-pro","status":"publish","type":"page","link":"https:\/\/agora.xtec.cat\/ielluismillet\/tale-bot-pro\/","title":{"rendered":"Tale-Bot Pro"},"content":{"rendered":"<p data-start=\"206\" data-end=\"421\">El <strong data-start=\"209\" data-end=\"225\">Tale-Bot Pro<\/strong> \u00e9s un robot educatiu que permet <strong data-start=\"258\" data-end=\"312\">aprendre a programar sense necessitat de pantalles<\/strong>, introduint els infants als <strong data-start=\"341\" data-end=\"379\">conceptes b\u00e0sics de la programaci\u00f3<\/strong>, com les <strong data-start=\"389\" data-end=\"403\">seq\u00fc\u00e8ncies<\/strong> i els <strong data-start=\"410\" data-end=\"420\">bucles<\/strong>.<\/p>\n<p data-start=\"423\" data-end=\"627\">\u00c9s una eina ideal per als <strong data-start=\"449\" data-end=\"463\">m\u00e9s petits<\/strong>, ja que <strong data-start=\"472\" data-end=\"495\">no cal saber llegir<\/strong> per fer-lo servir.<br data-start=\"514\" data-end=\"517\" \/>Funciona amb <strong data-start=\"530\" data-end=\"564\">botons de direcci\u00f3 amb s\u00edmbols<\/strong>, que permeten guiar el robot de manera senzilla i intu\u00eftiva.<\/p>\n<p data-start=\"629\" data-end=\"703\">A m\u00e9s, el Tale-Bot Pro disposa de <strong data-start=\"663\" data-end=\"685\">micr\u00f2fon i altaveu<\/strong>, cosa que permet:<\/p>\n<ul data-start=\"704\" data-end=\"841\">\n<li data-start=\"704\" data-end=\"756\">\n<p data-start=\"706\" data-end=\"756\"><strong data-start=\"706\" data-end=\"733\">Gravar missatges de veu<\/strong> o narracions curtes.<\/p>\n<\/li>\n<li data-start=\"757\" data-end=\"841\">\n<p data-start=\"759\" data-end=\"841\">Fer que el robot <strong data-start=\"776\" data-end=\"803\">parli o expressi frases<\/strong> en arribar a determinades caselles.<\/p>\n<\/li>\n<\/ul>\n<p data-start=\"843\" data-end=\"1025\">Inclou tamb\u00e9 <strong data-start=\"856\" data-end=\"930\">taulers interactius, targetes de codificaci\u00f3, llibres de contes i jocs<\/strong>, que afavoreixen l\u2019aprenentatge a trav\u00e9s del <strong data-start=\"976\" data-end=\"1024\">joc simb\u00f2lic, la creativitat i la imaginaci\u00f3<\/strong>.<\/p>\n<p style=\"text-align: center;\" data-start=\"843\" data-end=\"1025\"><iframe loading=\"lazy\" title=\"Presentaci\u00f3 TaleBot\" src=\"\/\/www.youtube.com\/embed\/RGgP9W3QkEg\" width=\"640\" height=\"360\" frameborder=\"0\" allowfullscreen=\"allowfullscreen\"><\/iframe><\/p>\n","protected":false},"excerpt":{"rendered":"<p>El Tale-Bot Pro \u00e9s un robot educatiu que permet aprendre a programar sense necessitat de pantalles, introduint els infants als conceptes b\u00e0sics de la programaci\u00f3, com les seq\u00fc\u00e8ncies i els bucles. \u00c9s una eina ideal per als m\u00e9s petits, ja que no cal saber llegir per fer-lo servir.Funciona amb botons de direcci\u00f3 amb s\u00edmbols, que [&hellip;]<\/p>\n","protected":false},"author":1,"featured_media":0,"parent":0,"menu_order":0,"comment_status":"closed","ping_status":"closed","template":"","meta":{"_bbp_topic_count":0,"_bbp_reply_count":0,"_bbp_total_topic_count":0,"_bbp_total_reply_count":0,"_bbp_voice_count":0,"_bbp_anonymous_reply_count":0,"_bbp_topic_count_hidden":0,"_bbp_reply_count_hidden":0,"_bbp_forum_subforum_count":0,"site-sidebar-layout":"default","site-content-layout":"","ast-site-content-layout":"default","site-content-style":"default","site-sidebar-style":"default","ast-global-header-display":"","ast-banner-title-visibility":"","ast-main-header-display":"","ast-hfb-above-header-display":"","ast-hfb-below-header-display":"","ast-hfb-mobile-header-display":"","site-post-title":"","ast-breadcrumbs-content":"","ast-featured-img":"","footer-sml-layout":"","theme-transparent-header-meta":"default","adv-header-id-meta":"","stick-header-meta":"","header-above-stick-meta":"","header-main-stick-meta":"","header-below-stick-meta":"","astra-migrate-meta-layouts":"set","ast-page-background-enabled":"default","ast-page-background-meta":{"desktop":{"background-color":"var(--ast-global-color-4)","background-image":"","background-repeat":"repeat","background-position":"center center","background-size":"auto","background-attachment":"scroll","background-type":"","background-media":"","overlay-type":"","overlay-color":"","overlay-opacity":"","overlay-gradient":""},"tablet":{"background-color":"","background-image":"","background-repeat":"repeat","background-position":"center center","background-size":"auto","background-attachment":"scroll","background-type":"","background-media":"","overlay-type":"","overlay-color":"","overlay-opacity":"","overlay-gradient":""},"mobile":{"background-color":"","background-image":"","background-repeat":"repeat","background-position":"center center","background-size":"auto","background-attachment":"scroll","background-type":"","background-media":"","overlay-type":"","overlay-color":"","overlay-opacity":"","overlay-gradient":""}},"ast-content-background-meta":{"desktop":{"background-color":"var(--ast-global-color-5)","background-image":"","background-repeat":"repeat","background-position":"center center","background-size":"auto","background-attachment":"scroll","background-type":"","background-media":"","overlay-type":"","overlay-color":"","overlay-opacity":"","overlay-gradient":""},"tablet":{"background-color":"var(--ast-global-color-5)","background-image":"","background-repeat":"repeat","background-position":"center center","background-size":"auto","background-attachment":"scroll","background-type":"","background-media":"","overlay-type":"","overlay-color":"","overlay-opacity":"","overlay-gradient":""},"mobile":{"background-color":"var(--ast-global-color-5)","background-image":"","background-repeat":"repeat","background-position":"center center","background-size":"auto","background-attachment":"scroll","background-type":"","background-media":"","overlay-type":"","overlay-color":"","overlay-opacity":"","overlay-gradient":""}},"footnotes":""},"class_list":["post-2773","page","type-page","status-publish","hentry"],"post_mailing_queue_ids":[],"_links":{"self":[{"href":"https:\/\/agora.xtec.cat\/ielluismillet\/wp-json\/wp\/v2\/pages\/2773","targetHints":{"allow":["GET"]}}],"collection":[{"href":"https:\/\/agora.xtec.cat\/ielluismillet\/wp-json\/wp\/v2\/pages"}],"about":[{"href":"https:\/\/agora.xtec.cat\/ielluismillet\/wp-json\/wp\/v2\/types\/page"}],"author":[{"embeddable":true,"href":"https:\/\/agora.xtec.cat\/ielluismillet\/wp-json\/wp\/v2\/users\/1"}],"replies":[{"embeddable":true,"href":"https:\/\/agora.xtec.cat\/ielluismillet\/wp-json\/wp\/v2\/comments?post=2773"}],"version-history":[{"count":1,"href":"https:\/\/agora.xtec.cat\/ielluismillet\/wp-json\/wp\/v2\/pages\/2773\/revisions"}],"predecessor-version":[{"id":2775,"href":"https:\/\/agora.xtec.cat\/ielluismillet\/wp-json\/wp\/v2\/pages\/2773\/revisions\/2775"}],"wp:attachment":[{"href":"https:\/\/agora.xtec.cat\/ielluismillet\/wp-json\/wp\/v2\/media?parent=2773"}],"curies":[{"name":"wp","href":"https:\/\/api.w.org\/{rel}","templated":true}]}}