{"id":2763,"date":"2025-10-06T11:46:48","date_gmt":"2025-10-06T09:46:48","guid":{"rendered":"https:\/\/agora.xtec.cat\/ielluismillet\/?page_id=2763"},"modified":"2025-10-06T11:52:24","modified_gmt":"2025-10-06T09:52:24","slug":"blue-bot","status":"publish","type":"page","link":"https:\/\/agora.xtec.cat\/ielluismillet\/blue-bot\/","title":{"rendered":"Blue-Bot"},"content":{"rendered":"<p data-start=\"247\" data-end=\"506\">El <strong data-start=\"250\" data-end=\"262\">Blue-Bot<\/strong> \u00e9s un robot educatiu amb un disseny atractiu i senzill, pensat per a <strong data-start=\"332\" data-end=\"374\">nens i nenes a partir dels quatre anys<\/strong>.<br data-start=\"375\" data-end=\"378\" \/>Incorpora <strong data-start=\"388\" data-end=\"415\">connectivitat Bluetooth<\/strong>, cosa que amplia les seves possibilitats d\u2019\u00fas respecte al seu predecessor, el <strong data-start=\"494\" data-end=\"505\">Bee-Bot<\/strong>.<\/p>\n<p data-start=\"508\" data-end=\"545\">Es pot <strong data-start=\"515\" data-end=\"544\">programar de dues maneres<\/strong>:<\/p>\n<ul data-start=\"546\" data-end=\"805\">\n<li data-start=\"546\" data-end=\"623\">\n<p data-start=\"548\" data-end=\"623\">De forma <strong data-start=\"557\" data-end=\"573\">manipulativa<\/strong>, mitjan\u00e7ant els <strong data-start=\"590\" data-end=\"610\">botons superiors<\/strong> del robot.<\/p>\n<\/li>\n<li data-start=\"624\" data-end=\"805\">\n<p data-start=\"626\" data-end=\"805\">A trav\u00e9s de <strong data-start=\"638\" data-end=\"662\">l\u2019aplicaci\u00f3 Blue-Bot<\/strong>, que permet controlar-lo a dist\u00e0ncia i enviar instruccions amb un <strong data-start=\"729\" data-end=\"761\">entorn de programaci\u00f3 visual<\/strong> basat en blocs d\u2019icones (<strong data-start=\"787\" data-end=\"803\">Blue\u2019s Blocs<\/strong>).<\/p>\n<\/li>\n<\/ul>\n<p data-start=\"807\" data-end=\"1020\">Aquest robot ofereix un <strong data-start=\"831\" data-end=\"858\">aprenentatge progressiu<\/strong>, que va des de la programaci\u00f3 m\u00e9s <strong data-start=\"893\" data-end=\"920\">concreta i manipulativa<\/strong> fins a una de <strong data-start=\"935\" data-end=\"960\">simb\u00f2lica i abstracta<\/strong>, afavorint un <strong data-start=\"975\" data-end=\"1004\">proc\u00e9s natural i intu\u00eftiu<\/strong> d\u2019aprenentatge.<\/p>\n<p style=\"text-align: center;\" data-start=\"807\" data-end=\"1020\"><iframe loading=\"lazy\" title=\"Presentaci\u00f3 Blue Bot\" src=\"\/\/www.youtube.com\/embed\/VFuoaP5GY7o\" width=\"640\" height=\"360\" frameborder=\"0\" allowfullscreen=\"allowfullscreen\"><\/iframe><\/p>\n","protected":false},"excerpt":{"rendered":"<p>El Blue-Bot \u00e9s un robot educatiu amb un disseny atractiu i senzill, pensat per a nens i nenes a partir dels quatre anys.Incorpora connectivitat Bluetooth, cosa que amplia les seves possibilitats d\u2019\u00fas respecte al seu predecessor, el Bee-Bot. Es pot programar de dues maneres: De forma manipulativa, mitjan\u00e7ant els botons superiors del robot. A trav\u00e9s [&hellip;]<\/p>\n","protected":false},"author":1,"featured_media":0,"parent":0,"menu_order":0,"comment_status":"closed","ping_status":"closed","template":"","meta":{"_bbp_topic_count":0,"_bbp_reply_count":0,"_bbp_total_topic_count":0,"_bbp_total_reply_count":0,"_bbp_voice_count":0,"_bbp_anonymous_reply_count":0,"_bbp_topic_count_hidden":0,"_bbp_reply_count_hidden":0,"_bbp_forum_subforum_count":0,"site-sidebar-layout":"default","site-content-layout":"","ast-site-content-layout":"default","site-content-style":"default","site-sidebar-style":"default","ast-global-header-display":"","ast-banner-title-visibility":"","ast-main-header-display":"","ast-hfb-above-header-display":"","ast-hfb-below-header-display":"","ast-hfb-mobile-header-display":"","site-post-title":"","ast-breadcrumbs-content":"","ast-featured-img":"","footer-sml-layout":"","theme-transparent-header-meta":"default","adv-header-id-meta":"","stick-header-meta":"","header-above-stick-meta":"","header-main-stick-meta":"","header-below-stick-meta":"","astra-migrate-meta-layouts":"set","ast-page-background-enabled":"default","ast-page-background-meta":{"desktop":{"background-color":"var(--ast-global-color-4)","background-image":"","background-repeat":"repeat","background-position":"center center","background-size":"auto","background-attachment":"scroll","background-type":"","background-media":"","overlay-type":"","overlay-color":"","overlay-opacity":"","overlay-gradient":""},"tablet":{"background-color":"","background-image":"","background-repeat":"repeat","background-position":"center center","background-size":"auto","background-attachment":"scroll","background-type":"","background-media":"","overlay-type":"","overlay-color":"","overlay-opacity":"","overlay-gradient":""},"mobile":{"background-color":"","background-image":"","background-repeat":"repeat","background-position":"center center","background-size":"auto","background-attachment":"scroll","background-type":"","background-media":"","overlay-type":"","overlay-color":"","overlay-opacity":"","overlay-gradient":""}},"ast-content-background-meta":{"desktop":{"background-color":"var(--ast-global-color-5)","background-image":"","background-repeat":"repeat","background-position":"center center","background-size":"auto","background-attachment":"scroll","background-type":"","background-media":"","overlay-type":"","overlay-color":"","overlay-opacity":"","overlay-gradient":""},"tablet":{"background-color":"var(--ast-global-color-5)","background-image":"","background-repeat":"repeat","background-position":"center center","background-size":"auto","background-attachment":"scroll","background-type":"","background-media":"","overlay-type":"","overlay-color":"","overlay-opacity":"","overlay-gradient":""},"mobile":{"background-color":"var(--ast-global-color-5)","background-image":"","background-repeat":"repeat","background-position":"center center","background-size":"auto","background-attachment":"scroll","background-type":"","background-media":"","overlay-type":"","overlay-color":"","overlay-opacity":"","overlay-gradient":""}},"footnotes":""},"class_list":["post-2763","page","type-page","status-publish","hentry"],"post_mailing_queue_ids":[],"_links":{"self":[{"href":"https:\/\/agora.xtec.cat\/ielluismillet\/wp-json\/wp\/v2\/pages\/2763","targetHints":{"allow":["GET"]}}],"collection":[{"href":"https:\/\/agora.xtec.cat\/ielluismillet\/wp-json\/wp\/v2\/pages"}],"about":[{"href":"https:\/\/agora.xtec.cat\/ielluismillet\/wp-json\/wp\/v2\/types\/page"}],"author":[{"embeddable":true,"href":"https:\/\/agora.xtec.cat\/ielluismillet\/wp-json\/wp\/v2\/users\/1"}],"replies":[{"embeddable":true,"href":"https:\/\/agora.xtec.cat\/ielluismillet\/wp-json\/wp\/v2\/comments?post=2763"}],"version-history":[{"count":6,"href":"https:\/\/agora.xtec.cat\/ielluismillet\/wp-json\/wp\/v2\/pages\/2763\/revisions"}],"predecessor-version":[{"id":2769,"href":"https:\/\/agora.xtec.cat\/ielluismillet\/wp-json\/wp\/v2\/pages\/2763\/revisions\/2769"}],"wp:attachment":[{"href":"https:\/\/agora.xtec.cat\/ielluismillet\/wp-json\/wp\/v2\/media?parent=2763"}],"curies":[{"name":"wp","href":"https:\/\/api.w.org\/{rel}","templated":true}]}}