{"id":2760,"date":"2025-10-06T10:52:02","date_gmt":"2025-10-06T08:52:02","guid":{"rendered":"https:\/\/agora.xtec.cat\/ielluismillet\/?page_id=2760"},"modified":"2025-10-06T10:52:02","modified_gmt":"2025-10-06T08:52:02","slug":"com-treballem-a-les-sessions-de-robotica","status":"publish","type":"page","link":"https:\/\/agora.xtec.cat\/ielluismillet\/pensament-computacional\/com-treballem-a-les-sessions-de-robotica\/","title":{"rendered":"Com treballem a les sessions de rob\u00f2tica"},"content":{"rendered":"<p data-start=\"379\" data-end=\"645\">A l\u2019escola entenem la rob\u00f2tica com una eina per <strong data-start=\"427\" data-end=\"475\">aprendre explorant, creant i resolent reptes<\/strong>. Les sessions es desenvolupen de manera progressiva, combinant la <strong data-start=\"542\" data-end=\"563\">descoberta lliure<\/strong> amb <strong data-start=\"568\" data-end=\"589\">propostes guiades<\/strong> que fomenten el pensament cr\u00edtic i el treball en equip.<\/p>\n<h3 data-start=\"652\" data-end=\"694\"><\/h3>\n<h4 data-start=\"652\" data-end=\"694\">\ud83d\udd0d Primera sessi\u00f3: descobriment lliure<\/h4>\n<p data-start=\"696\" data-end=\"904\">La primera sessi\u00f3 est\u00e0 dedicada a la <strong data-start=\"733\" data-end=\"779\">descoberta lliure del robot o del material<\/strong>.<br data-start=\"780\" data-end=\"783\" \/>Els infants poden <strong data-start=\"801\" data-end=\"844\">experimentar, manipular, provar i jugar<\/strong> sense instruccions pr\u00e8vies.<br data-start=\"872\" data-end=\"875\" \/>Aquest moment \u00e9s clau perqu\u00e8:<\/p>\n<ul data-start=\"905\" data-end=\"1068\">\n<li data-start=\"905\" data-end=\"953\">\n<p data-start=\"907\" data-end=\"953\">Coneguin el funcionament b\u00e0sic del material.<\/p>\n<\/li>\n<li data-start=\"954\" data-end=\"1006\">\n<p data-start=\"956\" data-end=\"1006\">Despertin la seva curiositat i ganes d\u2019aprendre.<\/p>\n<\/li>\n<li data-start=\"1007\" data-end=\"1068\">\n<p data-start=\"1009\" data-end=\"1068\">Observin qu\u00e8 passa, comparteixin idees i facin hip\u00f2tesis.<\/p>\n<\/li>\n<\/ul>\n<p data-start=\"1070\" data-end=\"1157\">\u00c9s una sessi\u00f3 de <strong data-start=\"1087\" data-end=\"1115\">creativitat i exploraci\u00f3<\/strong>, on l\u2019error forma part de l\u2019aprenentatge.<\/p>\n<h3 data-start=\"1164\" data-end=\"1211\"><\/h3>\n<h4 data-start=\"1164\" data-end=\"1211\">\ud83e\udde9 Sessions seg\u00fcents: reptes i aprenentatge<\/h4>\n<p data-start=\"1213\" data-end=\"1375\">A partir de la segona sessi\u00f3, es proposen <strong data-start=\"1255\" data-end=\"1276\">reptes o missions<\/strong> que els alumnes han de resoldre utilitzant el robot o el material.<br data-start=\"1343\" data-end=\"1346\" \/>Els reptes estan pensats per:<\/p>\n<ul data-start=\"1376\" data-end=\"1557\">\n<li data-start=\"1376\" data-end=\"1430\">\n<p data-start=\"1378\" data-end=\"1430\"><strong data-start=\"1378\" data-end=\"1405\">Potenciar la cooperaci\u00f3<\/strong> i el treball en equip.<\/p>\n<\/li>\n<li data-start=\"1431\" data-end=\"1499\">\n<p data-start=\"1433\" data-end=\"1499\">Desenvolupar el <strong data-start=\"1449\" data-end=\"1496\">raonament l\u00f2gic i la resoluci\u00f3 de problemes<\/strong>.<\/p>\n<\/li>\n<li data-start=\"1500\" data-end=\"1557\">\n<p data-start=\"1502\" data-end=\"1557\">Afavorir la <strong data-start=\"1514\" data-end=\"1554\">planificaci\u00f3 i la presa de decisions<\/strong>.<\/p>\n<\/li>\n<\/ul>\n<p data-start=\"1559\" data-end=\"1720\">Cada repte \u00e9s una oportunitat per posar en pr\u00e0ctica el que han descobert, <strong data-start=\"1633\" data-end=\"1672\">millorar el pensament computacional<\/strong> i aprendre d\u2019una manera l\u00fadica i significativa.<\/p>\n<h3 data-start=\"1727\" data-end=\"1765\"><\/h3>\n<h4 data-start=\"1727\" data-end=\"1765\">\ud83d\udca1 Aprendre fent, aprendre gaudint<\/h4>\n<p data-start=\"1767\" data-end=\"2015\">A cada sessi\u00f3, l\u2019alumnat \u00e9s protagonista del seu aprenentatge.<br data-start=\"1829\" data-end=\"1832\" \/>A trav\u00e9s del joc i l\u2019experimentaci\u00f3, descobreixen que la tecnologia pot ser una <strong data-start=\"1912\" data-end=\"1941\">eina creativa i educativa<\/strong>, que ajuda a <strong data-start=\"1955\" data-end=\"2014\">imaginar, construir i comprendre el m\u00f3n que els envolta<\/strong>.<\/p>\n","protected":false},"excerpt":{"rendered":"<p>A l\u2019escola entenem la rob\u00f2tica com una eina per aprendre explorant, creant i resolent reptes. Les sessions es desenvolupen de manera progressiva, combinant la descoberta lliure amb propostes guiades que fomenten el pensament cr\u00edtic i el treball en equip. \ud83d\udd0d Primera sessi\u00f3: descobriment lliure La primera sessi\u00f3 est\u00e0 dedicada a la descoberta lliure del robot [&hellip;]<\/p>\n","protected":false},"author":1,"featured_media":0,"parent":2726,"menu_order":20,"comment_status":"closed","ping_status":"closed","template":"","meta":{"_bbp_topic_count":0,"_bbp_reply_count":0,"_bbp_total_topic_count":0,"_bbp_total_reply_count":0,"_bbp_voice_count":0,"_bbp_anonymous_reply_count":0,"_bbp_topic_count_hidden":0,"_bbp_reply_count_hidden":0,"_bbp_forum_subforum_count":0,"site-sidebar-layout":"default","site-content-layout":"","ast-site-content-layout":"default","site-content-style":"default","site-sidebar-style":"default","ast-global-header-display":"","ast-banner-title-visibility":"","ast-main-header-display":"","ast-hfb-above-header-display":"","ast-hfb-below-header-display":"","ast-hfb-mobile-header-display":"","site-post-title":"","ast-breadcrumbs-content":"","ast-featured-img":"","footer-sml-layout":"","theme-transparent-header-meta":"default","adv-header-id-meta":"","stick-header-meta":"","header-above-stick-meta":"","header-main-stick-meta":"","header-below-stick-meta":"","astra-migrate-meta-layouts":"set","ast-page-background-enabled":"default","ast-page-background-meta":{"desktop":{"background-color":"var(--ast-global-color-4)","background-image":"","background-repeat":"repeat","background-position":"center center","background-size":"auto","background-attachment":"scroll","background-type":"","background-media":"","overlay-type":"","overlay-color":"","overlay-opacity":"","overlay-gradient":""},"tablet":{"background-color":"","background-image":"","background-repeat":"repeat","background-position":"center center","background-size":"auto","background-attachment":"scroll","background-type":"","background-media":"","overlay-type":"","overlay-color":"","overlay-opacity":"","overlay-gradient":""},"mobile":{"background-color":"","background-image":"","background-repeat":"repeat","background-position":"center center","background-size":"auto","background-attachment":"scroll","background-type":"","background-media":"","overlay-type":"","overlay-color":"","overlay-opacity":"","overlay-gradient":""}},"ast-content-background-meta":{"desktop":{"background-color":"var(--ast-global-color-5)","background-image":"","background-repeat":"repeat","background-position":"center center","background-size":"auto","background-attachment":"scroll","background-type":"","background-media":"","overlay-type":"","overlay-color":"","overlay-opacity":"","overlay-gradient":""},"tablet":{"background-color":"var(--ast-global-color-5)","background-image":"","background-repeat":"repeat","background-position":"center center","background-size":"auto","background-attachment":"scroll","background-type":"","background-media":"","overlay-type":"","overlay-color":"","overlay-opacity":"","overlay-gradient":""},"mobile":{"background-color":"var(--ast-global-color-5)","background-image":"","background-repeat":"repeat","background-position":"center center","background-size":"auto","background-attachment":"scroll","background-type":"","background-media":"","overlay-type":"","overlay-color":"","overlay-opacity":"","overlay-gradient":""}},"footnotes":""},"class_list":["post-2760","page","type-page","status-publish","hentry"],"post_mailing_queue_ids":[],"_links":{"self":[{"href":"https:\/\/agora.xtec.cat\/ielluismillet\/wp-json\/wp\/v2\/pages\/2760","targetHints":{"allow":["GET"]}}],"collection":[{"href":"https:\/\/agora.xtec.cat\/ielluismillet\/wp-json\/wp\/v2\/pages"}],"about":[{"href":"https:\/\/agora.xtec.cat\/ielluismillet\/wp-json\/wp\/v2\/types\/page"}],"author":[{"embeddable":true,"href":"https:\/\/agora.xtec.cat\/ielluismillet\/wp-json\/wp\/v2\/users\/1"}],"replies":[{"embeddable":true,"href":"https:\/\/agora.xtec.cat\/ielluismillet\/wp-json\/wp\/v2\/comments?post=2760"}],"version-history":[{"count":1,"href":"https:\/\/agora.xtec.cat\/ielluismillet\/wp-json\/wp\/v2\/pages\/2760\/revisions"}],"predecessor-version":[{"id":2761,"href":"https:\/\/agora.xtec.cat\/ielluismillet\/wp-json\/wp\/v2\/pages\/2760\/revisions\/2761"}],"up":[{"embeddable":true,"href":"https:\/\/agora.xtec.cat\/ielluismillet\/wp-json\/wp\/v2\/pages\/2726"}],"wp:attachment":[{"href":"https:\/\/agora.xtec.cat\/ielluismillet\/wp-json\/wp\/v2\/media?parent=2760"}],"curies":[{"name":"wp","href":"https:\/\/api.w.org\/{rel}","templated":true}]}}