{"id":2757,"date":"2025-10-06T10:45:45","date_gmt":"2025-10-06T08:45:45","guid":{"rendered":"https:\/\/agora.xtec.cat\/ielluismillet\/?page_id=2757"},"modified":"2025-10-06T10:45:45","modified_gmt":"2025-10-06T08:45:45","slug":"pensament-computacional-desendollat","status":"publish","type":"page","link":"https:\/\/agora.xtec.cat\/ielluismillet\/pensament-computacional\/pensament-computacional-desendollat\/","title":{"rendered":"Pensament Computacional Desendollat"},"content":{"rendered":"<p class=\"zfr3Q CDt4Ke \" dir=\"ltr\"><span class=\"C9DxTc \">El\u00a0<\/span><strong><span class=\"C9DxTc \">pensament computacional desendollat<\/span><\/strong><span class=\"C9DxTc \">\u00a0\u00e9s una manera de treballar les habilitats del pensament computacional\u00a0<\/span><strong><span class=\"C9DxTc \">sense utilitzar ordinadors, tauletes ni dispositius digitals<\/span><\/strong><span class=\"C9DxTc \">.<\/span><\/p>\n<p class=\"zfr3Q CDt4Ke \" dir=\"ltr\"><span class=\"C9DxTc \">\ud83d\udc49 L\u2019objectiu \u00e9s que l\u2019alumnat entengui les estrat\u00e8gies i processos propis de la inform\u00e0tica i la programaci\u00f3 a trav\u00e9s de\u00a0<\/span><strong><span class=\"C9DxTc \">jocs, din\u00e0miques, materials manipulatius o activitats de moviment<\/span><\/strong><span class=\"C9DxTc \">.<\/span><\/p>\n<div id=\"h.faoz2hbhgmlg\" class=\"GV3q8e yMxPgf  aP9Z7e\"><\/div>\n<h3 id=\"h.faoz2hbhgmlg_l\" class=\"zfr3Q OmQG5e CDt4Ke \" dir=\"ltr\"><span class=\"C9DxTc \">\u2728 Caracter\u00edstiques principals<\/span><\/h3>\n<ul class=\"n8H08c UVNKR \">\n<li class=\"zfr3Q TYR86d eD0Rn \" dir=\"ltr\">\n<p class=\"zfr3Q CDt4Ke \" dir=\"ltr\" role=\"presentation\"><strong><span class=\"C9DxTc \">Manipulatiu i actiu<\/span><\/strong><span class=\"C9DxTc \">: es treballa amb cartes, peces, cordes, fitxes, laberints al terra, etc.<\/span><span class=\"C9DxTc \"><br \/>\n<\/span><\/p>\n<\/li>\n<li class=\"zfr3Q TYR86d eD0Rn \" dir=\"ltr\">\n<p class=\"zfr3Q CDt4Ke \" dir=\"ltr\" role=\"presentation\"><strong><span class=\"C9DxTc \">Col\u00b7laboratiu<\/span><\/strong><span class=\"C9DxTc \">: moltes activitats s\u00f3n en grup, fomentant el treball en equip.<\/span><span class=\"C9DxTc \"><br \/>\n<\/span><\/p>\n<\/li>\n<li class=\"zfr3Q TYR86d eD0Rn \" dir=\"ltr\">\n<p class=\"zfr3Q CDt4Ke \" dir=\"ltr\" role=\"presentation\"><strong><span class=\"C9DxTc \">Accessible<\/span><\/strong><span class=\"C9DxTc \">: no cal tecnologia, es pot fer a qualsevol aula o espai.<\/span><span class=\"C9DxTc \"><br \/>\n<\/span><\/p>\n<\/li>\n<li class=\"zfr3Q TYR86d eD0Rn \" dir=\"ltr\">\n<p class=\"zfr3Q CDt4Ke \" dir=\"ltr\" role=\"presentation\"><strong><span class=\"C9DxTc \">Transferible<\/span><\/strong><span class=\"C9DxTc \">: els conceptes que es practiquen despr\u00e9s s\u2019apliquen f\u00e0cilment en entorns digitals (per exemple, quan programen amb Scratch o robots).<\/span><span class=\"C9DxTc \"><\/p>\n<p><\/span><\/p>\n<\/li>\n<\/ul>\n<h3 id=\"h.9rq1y6yj0xfv_l\" class=\"zfr3Q OmQG5e CDt4Ke \" dir=\"ltr\"><span class=\"C9DxTc \">\ud83d\udcd3 Exemples d\u2019activitats desendollades<\/span><\/h3>\n<ul class=\"n8H08c UVNKR \">\n<li class=\"zfr3Q TYR86d eD0Rn \" dir=\"ltr\">\n<p class=\"zfr3Q CDt4Ke \" dir=\"ltr\" role=\"presentation\"><strong><span class=\"C9DxTc \">Algoritmes<\/span><\/strong><span class=\"C9DxTc \">: donar instruccions pas a pas perqu\u00e8 un company faci un recorregut per l\u2019aula.<\/span><span class=\"C9DxTc \"><br \/>\n<\/span><\/p>\n<\/li>\n<li class=\"zfr3Q TYR86d eD0Rn \" dir=\"ltr\">\n<p class=\"zfr3Q CDt4Ke \" dir=\"ltr\" role=\"presentation\"><strong><span class=\"C9DxTc \">Descomposici\u00f3<\/span><\/strong><span class=\"C9DxTc \">: desglossar les passes d\u2019una recepta o d\u2019una rutina del dia.<\/span><span class=\"C9DxTc \"><br \/>\n<\/span><\/p>\n<\/li>\n<li class=\"zfr3Q TYR86d eD0Rn \" dir=\"ltr\">\n<p class=\"zfr3Q CDt4Ke \" dir=\"ltr\" role=\"presentation\"><strong><span class=\"C9DxTc \">Patrons<\/span><\/strong><span class=\"C9DxTc \">: crear seq\u00fc\u00e8ncies amb blocs de colors o moviments repetitius en una dansa.<\/span><span class=\"C9DxTc \"><br \/>\n<\/span><\/p>\n<\/li>\n<li class=\"zfr3Q TYR86d eD0Rn \" dir=\"ltr\">\n<p class=\"zfr3Q CDt4Ke \" dir=\"ltr\" role=\"presentation\"><strong><span class=\"C9DxTc \">Abstracci\u00f3<\/span><\/strong><span class=\"C9DxTc \">: fer un mapa simplificat del pati, destacant nom\u00e9s els elements importants.<\/span><\/p>\n<\/li>\n<\/ul>\n","protected":false},"excerpt":{"rendered":"<p>El\u00a0pensament computacional desendollat\u00a0\u00e9s una manera de treballar les habilitats del pensament computacional\u00a0sense utilitzar ordinadors, tauletes ni dispositius digitals. \ud83d\udc49 L\u2019objectiu \u00e9s que l\u2019alumnat entengui les estrat\u00e8gies i processos propis de la inform\u00e0tica i la programaci\u00f3 a trav\u00e9s de\u00a0jocs, din\u00e0miques, materials manipulatius o activitats de moviment. \u2728 Caracter\u00edstiques principals Manipulatiu i actiu: es treballa amb cartes, [&hellip;]<\/p>\n","protected":false},"author":1,"featured_media":0,"parent":2726,"menu_order":15,"comment_status":"closed","ping_status":"closed","template":"","meta":{"_bbp_topic_count":0,"_bbp_reply_count":0,"_bbp_total_topic_count":0,"_bbp_total_reply_count":0,"_bbp_voice_count":0,"_bbp_anonymous_reply_count":0,"_bbp_topic_count_hidden":0,"_bbp_reply_count_hidden":0,"_bbp_forum_subforum_count":0,"site-sidebar-layout":"default","site-content-layout":"","ast-site-content-layout":"default","site-content-style":"default","site-sidebar-style":"default","ast-global-header-display":"","ast-banner-title-visibility":"","ast-main-header-display":"","ast-hfb-above-header-display":"","ast-hfb-below-header-display":"","ast-hfb-mobile-header-display":"","site-post-title":"","ast-breadcrumbs-content":"","ast-featured-img":"","footer-sml-layout":"","theme-transparent-header-meta":"default","adv-header-id-meta":"","stick-header-meta":"","header-above-stick-meta":"","header-main-stick-meta":"","header-below-stick-meta":"","astra-migrate-meta-layouts":"set","ast-page-background-enabled":"default","ast-page-background-meta":{"desktop":{"background-color":"var(--ast-global-color-4)","background-image":"","background-repeat":"repeat","background-position":"center center","background-size":"auto","background-attachment":"scroll","background-type":"","background-media":"","overlay-type":"","overlay-color":"","overlay-opacity":"","overlay-gradient":""},"tablet":{"background-color":"","background-image":"","background-repeat":"repeat","background-position":"center center","background-size":"auto","background-attachment":"scroll","background-type":"","background-media":"","overlay-type":"","overlay-color":"","overlay-opacity":"","overlay-gradient":""},"mobile":{"background-color":"","background-image":"","background-repeat":"repeat","background-position":"center center","background-size":"auto","background-attachment":"scroll","background-type":"","background-media":"","overlay-type":"","overlay-color":"","overlay-opacity":"","overlay-gradient":""}},"ast-content-background-meta":{"desktop":{"background-color":"var(--ast-global-color-5)","background-image":"","background-repeat":"repeat","background-position":"center center","background-size":"auto","background-attachment":"scroll","background-type":"","background-media":"","overlay-type":"","overlay-color":"","overlay-opacity":"","overlay-gradient":""},"tablet":{"background-color":"var(--ast-global-color-5)","background-image":"","background-repeat":"repeat","background-position":"center center","background-size":"auto","background-attachment":"scroll","background-type":"","background-media":"","overlay-type":"","overlay-color":"","overlay-opacity":"","overlay-gradient":""},"mobile":{"background-color":"var(--ast-global-color-5)","background-image":"","background-repeat":"repeat","background-position":"center center","background-size":"auto","background-attachment":"scroll","background-type":"","background-media":"","overlay-type":"","overlay-color":"","overlay-opacity":"","overlay-gradient":""}},"footnotes":""},"class_list":["post-2757","page","type-page","status-publish","hentry"],"post_mailing_queue_ids":[],"_links":{"self":[{"href":"https:\/\/agora.xtec.cat\/ielluismillet\/wp-json\/wp\/v2\/pages\/2757","targetHints":{"allow":["GET"]}}],"collection":[{"href":"https:\/\/agora.xtec.cat\/ielluismillet\/wp-json\/wp\/v2\/pages"}],"about":[{"href":"https:\/\/agora.xtec.cat\/ielluismillet\/wp-json\/wp\/v2\/types\/page"}],"author":[{"embeddable":true,"href":"https:\/\/agora.xtec.cat\/ielluismillet\/wp-json\/wp\/v2\/users\/1"}],"replies":[{"embeddable":true,"href":"https:\/\/agora.xtec.cat\/ielluismillet\/wp-json\/wp\/v2\/comments?post=2757"}],"version-history":[{"count":1,"href":"https:\/\/agora.xtec.cat\/ielluismillet\/wp-json\/wp\/v2\/pages\/2757\/revisions"}],"predecessor-version":[{"id":2758,"href":"https:\/\/agora.xtec.cat\/ielluismillet\/wp-json\/wp\/v2\/pages\/2757\/revisions\/2758"}],"up":[{"embeddable":true,"href":"https:\/\/agora.xtec.cat\/ielluismillet\/wp-json\/wp\/v2\/pages\/2726"}],"wp:attachment":[{"href":"https:\/\/agora.xtec.cat\/ielluismillet\/wp-json\/wp\/v2\/media?parent=2757"}],"curies":[{"name":"wp","href":"https:\/\/api.w.org\/{rel}","templated":true}]}}