{"id":2728,"date":"2025-10-06T10:04:09","date_gmt":"2025-10-06T08:04:09","guid":{"rendered":"https:\/\/agora.xtec.cat\/ielluismillet\/?page_id=2728"},"modified":"2025-11-14T16:20:09","modified_gmt":"2025-11-14T15:20:09","slug":"decaleg-de-lus-digital-a-lescola","status":"publish","type":"page","link":"https:\/\/agora.xtec.cat\/ielluismillet\/escola\/decaleg-de-lus-digital-a-lescola\/","title":{"rendered":"Dec\u00e0leg de l\u2019\u00fas digital a l\u2019escola"},"content":{"rendered":"<p data-start=\"213\" data-end=\"388\">Arran de la pand\u00e8mia, les escoles hem incorporat un <strong data-start=\"265\" data-end=\"304\">Entorn Virtual d\u2019Aprenentatge (EVA)<\/strong>, una eina indispensable per facilitar l\u2019aprenentatge tant a l\u2019aula com des de casa.<\/p>\n<p data-start=\"390\" data-end=\"661\">El <strong data-start=\"393\" data-end=\"419\">Departament d\u2019Educaci\u00f3<\/strong> ofereix dues opcions per crear aquest entorn: <strong data-start=\"466\" data-end=\"476\">Moodle<\/strong> o <strong data-start=\"479\" data-end=\"513\">Google Workspace for Education<\/strong> (Drive, Gmail, Classroom, Docs, etc.).<br data-start=\"552\" data-end=\"555\" \/>El nostre centre ha escollit l\u2019entorn <strong data-start=\"593\" data-end=\"603\">Google<\/strong>, per la seva funcionalitat, seguretat i varietat d\u2019eines.<\/p>\n<p data-start=\"663\" data-end=\"829\">Per fer aquest pas digital, tot el <strong data-start=\"698\" data-end=\"731\">professorat ha rebut formaci\u00f3<\/strong> a trav\u00e9s del <strong data-start=\"745\" data-end=\"790\">Centre de Recursos Pedag\u00f2gics del Maresme<\/strong>, garantint-ne un \u00fas pedag\u00f2gic i segur.<\/p>\n<p data-start=\"831\" data-end=\"1063\">Cada alumne disposa d\u2019un <strong data-start=\"856\" data-end=\"888\">correu corporatiu @escolalluismillet.cat<\/strong>, amb acc\u00e9s restringit segons l\u2019edat. Aquest correu nom\u00e9s s\u2019utilitza amb finalitats educatives i no permet comunicar-se amb adreces externes ni registrar-se en xarxes socials, per exemple, on es\u00a0demana \u201cconfirmar contrasenya\u201d perqu\u00e8 no reben cap mail extern.<\/p>\n<p data-start=\"1065\" data-end=\"1305\">El centre \u00e9s qui <strong data-start=\"1082\" data-end=\"1113\">gestiona i controla l\u2019acc\u00e9s<\/strong> a les aplicacions educatives, vetllant per la protecci\u00f3 de dades.<br data-start=\"1179\" data-end=\"1182\" \/>Podeu trobar m\u00e9s informaci\u00f3 sobre la seguretat i la privacitat de <strong data-start=\"1248\" data-end=\"1282\">Google Workspace for Education<\/strong> als enlla\u00e7os seg\u00fcents:<\/p>\n<ul data-start=\"1306\" data-end=\"1497\">\n<li data-start=\"1306\" data-end=\"1388\">\n<p data-start=\"1308\" data-end=\"1388\"><a class=\"decorated-link\" href=\"#\" rel=\"noopener\" data-start=\"1308\" data-end=\"1388\">Centro Criptol\u00f3gico Nacional \u2013 Seguretat i compliment normatiu de Classroom<\/a><\/p>\n<\/li>\n<li data-start=\"1389\" data-end=\"1448\">\n<p data-start=\"1391\" data-end=\"1448\"><a class=\"decorated-link\" href=\"#\" rel=\"noopener\" data-start=\"1391\" data-end=\"1448\">Ieducando \u2013 Informaci\u00f3 sobre la seguretat de G Suite<\/a><\/p>\n<\/li>\n<li data-start=\"1449\" data-end=\"1497\">\n<p data-start=\"1451\" data-end=\"1497\"><a class=\"decorated-link\" href=\"#\" rel=\"noopener\" data-start=\"1451\" data-end=\"1497\">Google \u2013 Centre de privacitat i seguretat<\/a><\/p>\n<\/li>\n<\/ul>\n<p data-start=\"1499\" data-end=\"1804\">Com a escola, fomentem la <strong data-start=\"1525\" data-end=\"1548\">compet\u00e8ncia digital<\/strong> de l\u2019alumnat i promovem un <strong data-start=\"1576\" data-end=\"1603\">\u00fas responsable i cr\u00edtic<\/strong> de les eines tecnol\u00f2giques. La col\u00b7laboraci\u00f3 de les fam\u00edlies \u00e9s essencial per refor\u00e7ar aquests valors tamb\u00e9 a casa. Podeu consultar <strong data-start=\"1736\" data-end=\"1781\">recomanacions de seguretat per a fam\u00edlies<\/strong> en aquest <a class=\"decorated-link\" href=\"#\" rel=\"noopener\" data-start=\"1792\" data-end=\"1803\">enlla\u00e7<\/a>.<\/p>\n<p style=\"text-align: center;\" data-start=\"1499\" data-end=\"1804\"><a href=\"https:\/\/agora.xtec.cat\/ielluismillet\/wp-content\/uploads\/usu2460\/2025\/10\/Goofle-workspace.png\"><img loading=\"lazy\" decoding=\"async\" class=\"alignnone wp-image-2729\" src=\"https:\/\/agora.xtec.cat\/ielluismillet\/wp-content\/uploads\/usu2460\/2025\/10\/Goofle-workspace-1024x572.png\" alt=\"\" width=\"503\" height=\"281\" srcset=\"https:\/\/agora.xtec.cat\/ielluismillet\/wp-content\/uploads\/usu2460\/2025\/10\/Goofle-workspace-1024x572.png 1024w, https:\/\/agora.xtec.cat\/ielluismillet\/wp-content\/uploads\/usu2460\/2025\/10\/Goofle-workspace-300x168.png 300w, https:\/\/agora.xtec.cat\/ielluismillet\/wp-content\/uploads\/usu2460\/2025\/10\/Goofle-workspace-768x429.png 768w, https:\/\/agora.xtec.cat\/ielluismillet\/wp-content\/uploads\/usu2460\/2025\/10\/Goofle-workspace.png 1281w\" sizes=\"auto, (max-width: 503px) 100vw, 503px\" \/><\/a><\/p>\n","protected":false},"excerpt":{"rendered":"<p>Arran de la pand\u00e8mia, les escoles hem incorporat un Entorn Virtual d\u2019Aprenentatge (EVA), una eina indispensable per facilitar l\u2019aprenentatge tant a l\u2019aula com des de casa. El Departament d\u2019Educaci\u00f3 ofereix dues opcions per crear aquest entorn: Moodle o Google Workspace for Education (Drive, Gmail, Classroom, Docs, etc.).El nostre centre ha escollit l\u2019entorn Google, per la [&hellip;]<\/p>\n","protected":false},"author":1,"featured_media":0,"parent":2328,"menu_order":30,"comment_status":"closed","ping_status":"closed","template":"","meta":{"_bbp_topic_count":0,"_bbp_reply_count":0,"_bbp_total_topic_count":0,"_bbp_total_reply_count":0,"_bbp_voice_count":0,"_bbp_anonymous_reply_count":0,"_bbp_topic_count_hidden":0,"_bbp_reply_count_hidden":0,"_bbp_forum_subforum_count":0,"site-sidebar-layout":"default","site-content-layout":"","ast-site-content-layout":"default","site-content-style":"default","site-sidebar-style":"default","ast-global-header-display":"","ast-banner-title-visibility":"","ast-main-header-display":"","ast-hfb-above-header-display":"","ast-hfb-below-header-display":"","ast-hfb-mobile-header-display":"","site-post-title":"","ast-breadcrumbs-content":"","ast-featured-img":"","footer-sml-layout":"","theme-transparent-header-meta":"default","adv-header-id-meta":"","stick-header-meta":"","header-above-stick-meta":"","header-main-stick-meta":"","header-below-stick-meta":"","astra-migrate-meta-layouts":"set","ast-page-background-enabled":"default","ast-page-background-meta":{"desktop":{"background-color":"var(--ast-global-color-4)","background-image":"","background-repeat":"repeat","background-position":"center center","background-size":"auto","background-attachment":"scroll","background-type":"","background-media":"","overlay-type":"","overlay-color":"","overlay-opacity":"","overlay-gradient":""},"tablet":{"background-color":"","background-image":"","background-repeat":"repeat","background-position":"center center","background-size":"auto","background-attachment":"scroll","background-type":"","background-media":"","overlay-type":"","overlay-color":"","overlay-opacity":"","overlay-gradient":""},"mobile":{"background-color":"","background-image":"","background-repeat":"repeat","background-position":"center center","background-size":"auto","background-attachment":"scroll","background-type":"","background-media":"","overlay-type":"","overlay-color":"","overlay-opacity":"","overlay-gradient":""}},"ast-content-background-meta":{"desktop":{"background-color":"var(--ast-global-color-5)","background-image":"","background-repeat":"repeat","background-position":"center center","background-size":"auto","background-attachment":"scroll","background-type":"","background-media":"","overlay-type":"","overlay-color":"","overlay-opacity":"","overlay-gradient":""},"tablet":{"background-color":"var(--ast-global-color-5)","background-image":"","background-repeat":"repeat","background-position":"center center","background-size":"auto","background-attachment":"scroll","background-type":"","background-media":"","overlay-type":"","overlay-color":"","overlay-opacity":"","overlay-gradient":""},"mobile":{"background-color":"var(--ast-global-color-5)","background-image":"","background-repeat":"repeat","background-position":"center center","background-size":"auto","background-attachment":"scroll","background-type":"","background-media":"","overlay-type":"","overlay-color":"","overlay-opacity":"","overlay-gradient":""}},"footnotes":""},"class_list":["post-2728","page","type-page","status-publish","hentry"],"post_mailing_queue_ids":[],"_links":{"self":[{"href":"https:\/\/agora.xtec.cat\/ielluismillet\/wp-json\/wp\/v2\/pages\/2728","targetHints":{"allow":["GET"]}}],"collection":[{"href":"https:\/\/agora.xtec.cat\/ielluismillet\/wp-json\/wp\/v2\/pages"}],"about":[{"href":"https:\/\/agora.xtec.cat\/ielluismillet\/wp-json\/wp\/v2\/types\/page"}],"author":[{"embeddable":true,"href":"https:\/\/agora.xtec.cat\/ielluismillet\/wp-json\/wp\/v2\/users\/1"}],"replies":[{"embeddable":true,"href":"https:\/\/agora.xtec.cat\/ielluismillet\/wp-json\/wp\/v2\/comments?post=2728"}],"version-history":[{"count":2,"href":"https:\/\/agora.xtec.cat\/ielluismillet\/wp-json\/wp\/v2\/pages\/2728\/revisions"}],"predecessor-version":[{"id":2731,"href":"https:\/\/agora.xtec.cat\/ielluismillet\/wp-json\/wp\/v2\/pages\/2728\/revisions\/2731"}],"up":[{"embeddable":true,"href":"https:\/\/agora.xtec.cat\/ielluismillet\/wp-json\/wp\/v2\/pages\/2328"}],"wp:attachment":[{"href":"https:\/\/agora.xtec.cat\/ielluismillet\/wp-json\/wp\/v2\/media?parent=2728"}],"curies":[{"name":"wp","href":"https:\/\/api.w.org\/{rel}","templated":true}]}}