{"id":2689,"date":"2025-09-03T13:32:41","date_gmt":"2025-09-03T11:32:41","guid":{"rendered":"https:\/\/agora.xtec.cat\/ielluismillet\/?page_id=2689"},"modified":"2025-09-03T13:32:41","modified_gmt":"2025-09-03T11:32:41","slug":"calendari-academic-curs-2025-2026","status":"publish","type":"page","link":"https:\/\/agora.xtec.cat\/ielluismillet\/escola\/calendari-academic-curs-2025-2026\/","title":{"rendered":"Calendari acad\u00e8mic curs 2025-2026"},"content":{"rendered":"<h4><strong>Inici de curs:<a href=\"https:\/\/agora.xtec.cat\/ielluismillet\/wp-content\/uploads\/usu2460\/2025\/09\/calendari-25-26.png\"><img loading=\"lazy\" decoding=\"async\" class=\" wp-image-2691 alignright\" src=\"https:\/\/agora.xtec.cat\/ielluismillet\/wp-content\/uploads\/usu2460\/2025\/09\/calendari-25-26.png\" alt=\"\" width=\"566\" height=\"802\" srcset=\"https:\/\/agora.xtec.cat\/ielluismillet\/wp-content\/uploads\/usu2460\/2025\/09\/calendari-25-26.png 661w, https:\/\/agora.xtec.cat\/ielluismillet\/wp-content\/uploads\/usu2460\/2025\/09\/calendari-25-26-212x300.png 212w\" sizes=\"auto, (max-width: 566px) 100vw, 566px\" \/><\/a><\/strong><\/h4>\n<p><strong>8 de setembre: Ed. Infantil, Prim\u00e0ria i ESO<\/strong><\/p>\n<p><strong>Horari:<\/strong><\/p>\n<p><em><strong>Ed. Infantil i Prim\u00e0ria:<\/strong><\/em>\u00a0 de 9 a 12.30 h i de 15 a 16.30 h<\/p>\n<p><em><strong>Ed. Secund\u00e0ria:<\/strong><\/em><\/p>\n<p><strong>Dilluns, dimarts i dijous<\/strong><\/p>\n<p>de 8:00 a 12:30 h i 14:30 a 16:30 h<\/p>\n<p><strong>Dimecres i divendres<\/strong><\/p>\n<p>de 8:00 a 14:30 h<\/p>\n<p><strong>Vacances:<\/strong><\/p>\n<ul>\n<li><em><strong>Nadal<\/strong><\/em>: del 22 de desembre al 7 de gener ambd\u00f3s inclosos.<\/li>\n<li><em><strong>Setmana Santa<\/strong><\/em>: del 30 de mar\u00e7 al 6 d&#8217;abril.<\/li>\n<li><strong><em>19 de juny<\/em><\/strong>, acaben les classes d&#8217;<strong>Educaci\u00f3 Infantil<\/strong>, <strong>Prim\u00e0ria i ESO<\/strong><\/li>\n<\/ul>\n<p><strong style=\"font-size: 1.3em;\">Dies festius:<\/strong><\/p>\n<ul>\n<li>11 setembre de 2025<\/li>\n<li>8 de desembre de 2025<\/li>\n<li>1 de maig de 2026<\/li>\n<li>25 de maig de 2026<\/li>\n<\/ul>\n<p>I la resta de festes comunes, contemplades a l&#8217;ordenan\u00e7a laboral dels treballadors.<\/p>\n<h4><strong>Festes de lliure disposici\u00f3:<\/strong><\/h4>\n<ul>\n<li>10 d&#8217;octubre de 2025<\/li>\n<li>3 de novembre de 2025<\/li>\n<li>16 de febrer de 2026<\/li>\n<li>13 de mar\u00e7 de 2026<\/li>\n<li>30 d&#8217;abril de 2026<\/li>\n<\/ul>\n<p>Per als alumnes que <strong>inicien l\u2019escolaritzaci\u00f3 a I3<\/strong> s\u2019organitza un breu <strong>per\u00edode d\u2019adaptaci\u00f3<\/strong> que suposa una certa modificaci\u00f3 dels horaris dels dos primers dies de classe. Es fa saber a les fam\u00edlies en les reunions pr\u00e8vies corresponents.<\/p>\n","protected":false},"excerpt":{"rendered":"<p>Inici de curs: 8 de setembre: Ed. Infantil, Prim\u00e0ria i ESO Horari: Ed. Infantil i Prim\u00e0ria:\u00a0 de 9 a 12.30 h i de 15 a 16.30 h Ed. Secund\u00e0ria: Dilluns, dimarts i dijous de 8:00 a 12:30 h i 14:30 a 16:30 h Dimecres i divendres de 8:00 a 14:30 h Vacances: Nadal: del 22 [&hellip;]<\/p>\n","protected":false},"author":1,"featured_media":0,"parent":2328,"menu_order":25,"comment_status":"closed","ping_status":"closed","template":"","meta":{"_bbp_topic_count":0,"_bbp_reply_count":0,"_bbp_total_topic_count":0,"_bbp_total_reply_count":0,"_bbp_voice_count":0,"_bbp_anonymous_reply_count":0,"_bbp_topic_count_hidden":0,"_bbp_reply_count_hidden":0,"_bbp_forum_subforum_count":0,"site-sidebar-layout":"default","site-content-layout":"","ast-site-content-layout":"default","site-content-style":"default","site-sidebar-style":"default","ast-global-header-display":"","ast-banner-title-visibility":"","ast-main-header-display":"","ast-hfb-above-header-display":"","ast-hfb-below-header-display":"","ast-hfb-mobile-header-display":"","site-post-title":"","ast-breadcrumbs-content":"","ast-featured-img":"","footer-sml-layout":"","theme-transparent-header-meta":"default","adv-header-id-meta":"","stick-header-meta":"","header-above-stick-meta":"","header-main-stick-meta":"","header-below-stick-meta":"","astra-migrate-meta-layouts":"set","ast-page-background-enabled":"default","ast-page-background-meta":{"desktop":{"background-color":"var(--ast-global-color-4)","background-image":"","background-repeat":"repeat","background-position":"center center","background-size":"auto","background-attachment":"scroll","background-type":"","background-media":"","overlay-type":"","overlay-color":"","overlay-opacity":"","overlay-gradient":""},"tablet":{"background-color":"","background-image":"","background-repeat":"repeat","background-position":"center center","background-size":"auto","background-attachment":"scroll","background-type":"","background-media":"","overlay-type":"","overlay-color":"","overlay-opacity":"","overlay-gradient":""},"mobile":{"background-color":"","background-image":"","background-repeat":"repeat","background-position":"center center","background-size":"auto","background-attachment":"scroll","background-type":"","background-media":"","overlay-type":"","overlay-color":"","overlay-opacity":"","overlay-gradient":""}},"ast-content-background-meta":{"desktop":{"background-color":"var(--ast-global-color-5)","background-image":"","background-repeat":"repeat","background-position":"center center","background-size":"auto","background-attachment":"scroll","background-type":"","background-media":"","overlay-type":"","overlay-color":"","overlay-opacity":"","overlay-gradient":""},"tablet":{"background-color":"var(--ast-global-color-5)","background-image":"","background-repeat":"repeat","background-position":"center center","background-size":"auto","background-attachment":"scroll","background-type":"","background-media":"","overlay-type":"","overlay-color":"","overlay-opacity":"","overlay-gradient":""},"mobile":{"background-color":"var(--ast-global-color-5)","background-image":"","background-repeat":"repeat","background-position":"center center","background-size":"auto","background-attachment":"scroll","background-type":"","background-media":"","overlay-type":"","overlay-color":"","overlay-opacity":"","overlay-gradient":""}},"footnotes":""},"class_list":["post-2689","page","type-page","status-publish","hentry"],"post_mailing_queue_ids":[],"_links":{"self":[{"href":"https:\/\/agora.xtec.cat\/ielluismillet\/wp-json\/wp\/v2\/pages\/2689","targetHints":{"allow":["GET"]}}],"collection":[{"href":"https:\/\/agora.xtec.cat\/ielluismillet\/wp-json\/wp\/v2\/pages"}],"about":[{"href":"https:\/\/agora.xtec.cat\/ielluismillet\/wp-json\/wp\/v2\/types\/page"}],"author":[{"embeddable":true,"href":"https:\/\/agora.xtec.cat\/ielluismillet\/wp-json\/wp\/v2\/users\/1"}],"replies":[{"embeddable":true,"href":"https:\/\/agora.xtec.cat\/ielluismillet\/wp-json\/wp\/v2\/comments?post=2689"}],"version-history":[{"count":1,"href":"https:\/\/agora.xtec.cat\/ielluismillet\/wp-json\/wp\/v2\/pages\/2689\/revisions"}],"predecessor-version":[{"id":2692,"href":"https:\/\/agora.xtec.cat\/ielluismillet\/wp-json\/wp\/v2\/pages\/2689\/revisions\/2692"}],"up":[{"embeddable":true,"href":"https:\/\/agora.xtec.cat\/ielluismillet\/wp-json\/wp\/v2\/pages\/2328"}],"wp:attachment":[{"href":"https:\/\/agora.xtec.cat\/ielluismillet\/wp-json\/wp\/v2\/media?parent=2689"}],"curies":[{"name":"wp","href":"https:\/\/api.w.org\/{rel}","templated":true}]}}