{"id":26,"date":"2014-09-18T12:24:32","date_gmt":"2014-09-18T11:24:32","guid":{"rendered":"http:\/\/agora.xtec.cat\/ceiplluismillet\/?page_id=26"},"modified":"2026-02-17T12:12:58","modified_gmt":"2026-02-17T11:12:58","slug":"historia","status":"publish","type":"page","link":"https:\/\/agora.xtec.cat\/ielluismillet\/escola\/historia\/","title":{"rendered":"Documents de centre"},"content":{"rendered":"<p><a href=\"https:\/\/drive.google.com\/file\/d\/1KdzZNJNp4-dHvuxZHOADzHJkyl0v5g7_\/view?usp=sharing\">Normes d\u2019Organitzaci\u00f3 i Funcionament de Centre (NOFC)<\/a><a href=\"https:\/\/agora.xtec.cat\/ielluismillet\/wp-content\/uploads\/usu2460\/2025\/04\/documents.png\"><img loading=\"lazy\" decoding=\"async\" class=\"wp-image-2538 alignright\" src=\"https:\/\/agora.xtec.cat\/ielluismillet\/wp-content\/uploads\/usu2460\/2025\/04\/documents-1024x589.png\" alt=\"\" width=\"441\" height=\"254\" srcset=\"https:\/\/agora.xtec.cat\/ielluismillet\/wp-content\/uploads\/usu2460\/2025\/04\/documents-1024x589.png 1024w, https:\/\/agora.xtec.cat\/ielluismillet\/wp-content\/uploads\/usu2460\/2025\/04\/documents-300x172.png 300w, https:\/\/agora.xtec.cat\/ielluismillet\/wp-content\/uploads\/usu2460\/2025\/04\/documents-768x442.png 768w, https:\/\/agora.xtec.cat\/ielluismillet\/wp-content\/uploads\/usu2460\/2025\/04\/documents.png 1428w\" sizes=\"auto, (max-width: 441px) 100vw, 441px\" \/><\/a><\/p>\n<p><a href=\"https:\/\/drive.google.com\/file\/d\/1jlhsiMjrhGC36K2Ue7jzofSsDF7pQwhp\/view?usp=sharing\">Projecte Educatiu de Centre (PEC)<\/a><\/p>\n<p><a href=\"https:\/\/drive.google.com\/file\/d\/13-qkaYouh9ji_dk8AuZOXqh4T5gcRi0b\/view?usp=drive_link\">Projecte L<\/a><\/p>\n<p><a href=\"https:\/\/drive.google.com\/file\/d\/1UthqllBR_EDzqVzirJjBMo9T66RkvD-a\/view?usp=sharing\">Carta de comprom\u00eds educatiu<\/a><\/p>\n<p><a href=\"https:\/\/drive.google.com\/file\/d\/1AtDhmjQni7DuBtX4q7Te1DgXfBf2mOwu\/view?usp=sharing\">Dades del pressupost 2026<\/a><\/p>\n<p><a href=\"https:\/\/drive.google.com\/file\/d\/15xbco5N8W9TZljv66tbQT1SU25vzuZ7Y\/view?usp=sharing\">Carta de comprom\u00eds inform\u00e0tic<\/a><\/p>\n<p><a href=\"https:\/\/drive.google.com\/file\/d\/10JwRYsRvLz1bmn9vMNZaytx7HQXINuqc\/view?usp=sharing\">Criteris d&#8217;avaluaci\u00f3 Cicle Inicial<\/a><\/p>\n<p><a href=\"https:\/\/drive.google.com\/file\/d\/18WfLuCT9k6UmrLjaZkhhC4rsVgsbK680\/view?usp=sharing\">Criteris d&#8217;avaluaci\u00f3 Cicle Mitj\u00e0<\/a><\/p>\n<p><a href=\"https:\/\/drive.google.com\/file\/d\/1v0H-M89OP_5qY4PuEYBnqop0hvmHbWJD\/view?usp=sharing\">Criteris d&#8217;avaluaci\u00f3 Cicle Superior<\/a><\/p>\n<p><a href=\"https:\/\/drive.google.com\/file\/d\/1KpSdq6K6xdKRSrKzhmU36iA2m1tmXU2E\/view?usp=sharing\">Criteris d&#8217;avaluaci\u00f3 1r ESO<\/a><\/p>\n<p><a href=\"https:\/\/drive.google.com\/file\/d\/19Q350FnDsPurEwBbXfyDWnXiTpL_hzFD\/view?usp=sharing\">Criteris d&#8217;avaluaci\u00f3 2n ESO<\/a><\/p>\n<p><a href=\"https:\/\/drive.google.com\/file\/d\/1Y7_1VAabAFIPyctn8EFM_F2cv4cSFB_j\/view?usp=sharing\">Criteris d&#8217;avaluaci\u00f3 3r ESO<\/a><\/p>\n<p><a href=\"https:\/\/drive.google.com\/file\/d\/1jeXYJ-Qpwfexd2w1kCuotMvZz17uRMDK\/view?usp=sharing\">Criteris d&#8217;avaluaci\u00f3 4t ESO<\/a><\/p>\n<p><!--a=1--><\/p>\n","protected":false},"excerpt":{"rendered":"<p>Normes d\u2019Organitzaci\u00f3 i Funcionament de Centre (NOFC) Projecte Educatiu de Centre (PEC) Projecte L Carta de comprom\u00eds educatiu Dades del pressupost 2026 Carta de comprom\u00eds inform\u00e0tic Criteris d&#8217;avaluaci\u00f3 Cicle Inicial Criteris d&#8217;avaluaci\u00f3 Cicle Mitj\u00e0 Criteris d&#8217;avaluaci\u00f3 Cicle Superior Criteris d&#8217;avaluaci\u00f3 1r ESO Criteris d&#8217;avaluaci\u00f3 2n ESO Criteris d&#8217;avaluaci\u00f3 3r ESO Criteris d&#8217;avaluaci\u00f3 4t ESO<\/p>\n","protected":false},"author":1,"featured_media":0,"parent":2328,"menu_order":30,"comment_status":"closed","ping_status":"closed","template":"","meta":{"_bbp_topic_count":0,"_bbp_reply_count":0,"_bbp_total_topic_count":0,"_bbp_total_reply_count":0,"_bbp_voice_count":0,"_bbp_anonymous_reply_count":0,"_bbp_topic_count_hidden":0,"_bbp_reply_count_hidden":0,"_bbp_forum_subforum_count":0,"site-sidebar-layout":"default","site-content-layout":"","ast-site-content-layout":"default","site-content-style":"default","site-sidebar-style":"default","ast-global-header-display":"","ast-banner-title-visibility":"","ast-main-header-display":"","ast-hfb-above-header-display":"","ast-hfb-below-header-display":"","ast-hfb-mobile-header-display":"","site-post-title":"","ast-breadcrumbs-content":"","ast-featured-img":"","footer-sml-layout":"","theme-transparent-header-meta":"default","adv-header-id-meta":"","stick-header-meta":"","header-above-stick-meta":"","header-main-stick-meta":"","header-below-stick-meta":"","astra-migrate-meta-layouts":"set","ast-page-background-enabled":"default","ast-page-background-meta":{"desktop":{"background-color":"var(--ast-global-color-4)","background-image":"","background-repeat":"repeat","background-position":"center center","background-size":"auto","background-attachment":"scroll","background-type":"","background-media":"","overlay-type":"","overlay-color":"","overlay-opacity":"","overlay-gradient":""},"tablet":{"background-color":"","background-image":"","background-repeat":"repeat","background-position":"center center","background-size":"auto","background-attachment":"scroll","background-type":"","background-media":"","overlay-type":"","overlay-color":"","overlay-opacity":"","overlay-gradient":""},"mobile":{"background-color":"","background-image":"","background-repeat":"repeat","background-position":"center center","background-size":"auto","background-attachment":"scroll","background-type":"","background-media":"","overlay-type":"","overlay-color":"","overlay-opacity":"","overlay-gradient":""}},"ast-content-background-meta":{"desktop":{"background-color":"var(--ast-global-color-5)","background-image":"","background-repeat":"repeat","background-position":"center center","background-size":"auto","background-attachment":"scroll","background-type":"","background-media":"","overlay-type":"","overlay-color":"","overlay-opacity":"","overlay-gradient":""},"tablet":{"background-color":"var(--ast-global-color-5)","background-image":"","background-repeat":"repeat","background-position":"center center","background-size":"auto","background-attachment":"scroll","background-type":"","background-media":"","overlay-type":"","overlay-color":"","overlay-opacity":"","overlay-gradient":""},"mobile":{"background-color":"var(--ast-global-color-5)","background-image":"","background-repeat":"repeat","background-position":"center center","background-size":"auto","background-attachment":"scroll","background-type":"","background-media":"","overlay-type":"","overlay-color":"","overlay-opacity":"","overlay-gradient":""}},"footnotes":""},"class_list":["post-26","page","type-page","status-publish","hentry"],"post_mailing_queue_ids":[],"_links":{"self":[{"href":"https:\/\/agora.xtec.cat\/ielluismillet\/wp-json\/wp\/v2\/pages\/26","targetHints":{"allow":["GET"]}}],"collection":[{"href":"https:\/\/agora.xtec.cat\/ielluismillet\/wp-json\/wp\/v2\/pages"}],"about":[{"href":"https:\/\/agora.xtec.cat\/ielluismillet\/wp-json\/wp\/v2\/types\/page"}],"author":[{"embeddable":true,"href":"https:\/\/agora.xtec.cat\/ielluismillet\/wp-json\/wp\/v2\/users\/1"}],"replies":[{"embeddable":true,"href":"https:\/\/agora.xtec.cat\/ielluismillet\/wp-json\/wp\/v2\/comments?post=26"}],"version-history":[{"count":6,"href":"https:\/\/agora.xtec.cat\/ielluismillet\/wp-json\/wp\/v2\/pages\/26\/revisions"}],"predecessor-version":[{"id":3072,"href":"https:\/\/agora.xtec.cat\/ielluismillet\/wp-json\/wp\/v2\/pages\/26\/revisions\/3072"}],"up":[{"embeddable":true,"href":"https:\/\/agora.xtec.cat\/ielluismillet\/wp-json\/wp\/v2\/pages\/2328"}],"wp:attachment":[{"href":"https:\/\/agora.xtec.cat\/ielluismillet\/wp-json\/wp\/v2\/media?parent=26"}],"curies":[{"name":"wp","href":"https:\/\/api.w.org\/{rel}","templated":true}]}}