{"id":2511,"date":"2025-04-08T13:05:52","date_gmt":"2025-04-08T11:05:52","guid":{"rendered":"https:\/\/agora.xtec.cat\/ielluismillet\/?page_id=2511"},"modified":"2025-09-29T09:30:36","modified_gmt":"2025-09-29T07:30:36","slug":"eso-canals","status":"publish","type":"page","link":"https:\/\/agora.xtec.cat\/ielluismillet\/eso-canals\/","title":{"rendered":"ESO CANALS"},"content":{"rendered":"<p>\u200b<\/p>\n<table style=\"border-collapse: collapse; width: 100%;\">\n<tbody>\n<tr>\n<td style=\"width: 33.3333%;\"><a href=\"https:\/\/lluismillet.junior-report.media\/\"><img loading=\"lazy\" decoding=\"async\" class=\"size-large wp-image-2059 alignnone\" src=\"https:\/\/agora.xtec.cat\/ielluismillet\/wp-content\/uploads\/usu2460\/2024\/05\/Red-1024x428.png\" alt=\"\" width=\"1024\" height=\"428\" srcset=\"https:\/\/agora.xtec.cat\/ielluismillet\/wp-content\/uploads\/usu2460\/2024\/05\/Red-1024x428.png 1024w, https:\/\/agora.xtec.cat\/ielluismillet\/wp-content\/uploads\/usu2460\/2024\/05\/Red-300x125.png 300w, https:\/\/agora.xtec.cat\/ielluismillet\/wp-content\/uploads\/usu2460\/2024\/05\/Red-768x321.png 768w, https:\/\/agora.xtec.cat\/ielluismillet\/wp-content\/uploads\/usu2460\/2024\/05\/Red.png 1476w\" sizes=\"auto, (max-width: 1024px) 100vw, 1024px\" \/><\/a><\/td>\n<td style=\"width: 33.3333%; text-align: center;\"><img loading=\"lazy\" decoding=\"async\" class=\"alignnone  wp-image-2714\" style=\"text-align: start;\" src=\"https:\/\/agora.xtec.cat\/ielluismillet\/wp-content\/uploads\/usu2460\/2025\/09\/logoradio.png\" alt=\"\" width=\"303\" height=\"303\" srcset=\"https:\/\/agora.xtec.cat\/ielluismillet\/wp-content\/uploads\/usu2460\/2025\/09\/logoradio.png 500w, https:\/\/agora.xtec.cat\/ielluismillet\/wp-content\/uploads\/usu2460\/2025\/09\/logoradio-300x300.png 300w, https:\/\/agora.xtec.cat\/ielluismillet\/wp-content\/uploads\/usu2460\/2025\/09\/logoradio-150x150.png 150w\" sizes=\"auto, (max-width: 303px) 100vw, 303px\" \/><\/td>\n<td style=\"width: 33.3333%;\"><a href=\"https:\/\/www.youtube.com\/@MediaLlu%C3%ADsMillet\"><img loading=\"lazy\" decoding=\"async\" class=\"alignnone size-full wp-image-2514\" src=\"https:\/\/agora.xtec.cat\/ielluismillet\/wp-content\/uploads\/usu2460\/2025\/04\/450_1000.jpg\" alt=\"\" width=\"450\" height=\"253\" srcset=\"https:\/\/agora.xtec.cat\/ielluismillet\/wp-content\/uploads\/usu2460\/2025\/04\/450_1000.jpg 450w, https:\/\/agora.xtec.cat\/ielluismillet\/wp-content\/uploads\/usu2460\/2025\/04\/450_1000-300x169.jpg 300w\" sizes=\"auto, (max-width: 450px) 100vw, 450px\" \/><\/a><\/td>\n<\/tr>\n<tr>\n<td style=\"width: 33.3333%; text-align: center;\"><strong>Revista digital<\/strong><\/td>\n<td style=\"width: 33.3333%; text-align: center;\"><strong>P\u00f2dcast Atrapats a la r\u00e0dio.<\/strong><\/p>\n<p>Taller 1r d&#8217;ESO curs 25-26<\/td>\n<td style=\"width: 33.3333%; text-align: center;\"><strong>P\u00f2dcast<\/strong><\/td>\n<\/tr>\n<\/tbody>\n<\/table>\n","protected":false},"excerpt":{"rendered":"<p>\u200b Revista digital P\u00f2dcast Atrapats a la r\u00e0dio. Taller 1r d&#8217;ESO curs 25-26 P\u00f2dcast<\/p>\n","protected":false},"author":1,"featured_media":0,"parent":0,"menu_order":0,"comment_status":"closed","ping_status":"closed","template":"","meta":{"_bbp_topic_count":0,"_bbp_reply_count":0,"_bbp_total_topic_count":0,"_bbp_total_reply_count":0,"_bbp_voice_count":0,"_bbp_anonymous_reply_count":0,"_bbp_topic_count_hidden":0,"_bbp_reply_count_hidden":0,"_bbp_forum_subforum_count":0,"site-sidebar-layout":"no-sidebar","site-content-layout":"","ast-site-content-layout":"default","site-content-style":"default","site-sidebar-style":"default","ast-global-header-display":"","ast-banner-title-visibility":"","ast-main-header-display":"","ast-hfb-above-header-display":"","ast-hfb-below-header-display":"","ast-hfb-mobile-header-display":"","site-post-title":"","ast-breadcrumbs-content":"","ast-featured-img":"","footer-sml-layout":"","theme-transparent-header-meta":"default","adv-header-id-meta":"","stick-header-meta":"","header-above-stick-meta":"","header-main-stick-meta":"","header-below-stick-meta":"","astra-migrate-meta-layouts":"set","ast-page-background-enabled":"default","ast-page-background-meta":{"desktop":{"background-color":"var(--ast-global-color-4)","background-image":"","background-repeat":"repeat","background-position":"center center","background-size":"auto","background-attachment":"scroll","background-type":"","background-media":"","overlay-type":"","overlay-color":"","overlay-opacity":"","overlay-gradient":""},"tablet":{"background-color":"","background-image":"","background-repeat":"repeat","background-position":"center center","background-size":"auto","background-attachment":"scroll","background-type":"","background-media":"","overlay-type":"","overlay-color":"","overlay-opacity":"","overlay-gradient":""},"mobile":{"background-color":"","background-image":"","background-repeat":"repeat","background-position":"center center","background-size":"auto","background-attachment":"scroll","background-type":"","background-media":"","overlay-type":"","overlay-color":"","overlay-opacity":"","overlay-gradient":""}},"ast-content-background-meta":{"desktop":{"background-color":"var(--ast-global-color-5)","background-image":"","background-repeat":"repeat","background-position":"center center","background-size":"auto","background-attachment":"scroll","background-type":"","background-media":"","overlay-type":"","overlay-color":"","overlay-opacity":"","overlay-gradient":""},"tablet":{"background-color":"var(--ast-global-color-5)","background-image":"","background-repeat":"repeat","background-position":"center center","background-size":"auto","background-attachment":"scroll","background-type":"","background-media":"","overlay-type":"","overlay-color":"","overlay-opacity":"","overlay-gradient":""},"mobile":{"background-color":"var(--ast-global-color-5)","background-image":"","background-repeat":"repeat","background-position":"center center","background-size":"auto","background-attachment":"scroll","background-type":"","background-media":"","overlay-type":"","overlay-color":"","overlay-opacity":"","overlay-gradient":""}},"footnotes":""},"class_list":["post-2511","page","type-page","status-publish","hentry"],"post_mailing_queue_ids":[],"_links":{"self":[{"href":"https:\/\/agora.xtec.cat\/ielluismillet\/wp-json\/wp\/v2\/pages\/2511","targetHints":{"allow":["GET"]}}],"collection":[{"href":"https:\/\/agora.xtec.cat\/ielluismillet\/wp-json\/wp\/v2\/pages"}],"about":[{"href":"https:\/\/agora.xtec.cat\/ielluismillet\/wp-json\/wp\/v2\/types\/page"}],"author":[{"embeddable":true,"href":"https:\/\/agora.xtec.cat\/ielluismillet\/wp-json\/wp\/v2\/users\/1"}],"replies":[{"embeddable":true,"href":"https:\/\/agora.xtec.cat\/ielluismillet\/wp-json\/wp\/v2\/comments?post=2511"}],"version-history":[{"count":5,"href":"https:\/\/agora.xtec.cat\/ielluismillet\/wp-json\/wp\/v2\/pages\/2511\/revisions"}],"predecessor-version":[{"id":2717,"href":"https:\/\/agora.xtec.cat\/ielluismillet\/wp-json\/wp\/v2\/pages\/2511\/revisions\/2717"}],"wp:attachment":[{"href":"https:\/\/agora.xtec.cat\/ielluismillet\/wp-json\/wp\/v2\/media?parent=2511"}],"curies":[{"name":"wp","href":"https:\/\/api.w.org\/{rel}","templated":true}]}}