{"id":2194,"date":"2025-01-22T10:13:12","date_gmt":"2025-01-22T09:13:12","guid":{"rendered":"https:\/\/agora.xtec.cat\/ielluismillet\/?page_id=2194"},"modified":"2025-11-11T16:04:33","modified_gmt":"2025-11-11T15:04:33","slug":"cicle-mitja","status":"publish","type":"page","link":"https:\/\/agora.xtec.cat\/ielluismillet\/cicles\/cicle-mitja\/","title":{"rendered":"Cicle Mitj\u00e0"},"content":{"rendered":"<p>Aquest s\u00f3n els horaris dels grup classe de cicle mitj\u00e0.<\/p>\n<table style=\"border-collapse: collapse; width: 100%;\">\n<tbody>\n<tr>\n<td style=\"width: 24.2366%;\">Horari d&#8217;aula 3r<\/td>\n<td style=\"width: 75.7634%;\"><a href=\"https:\/\/agora.xtec.cat\/ielluismillet\/wp-content\/uploads\/usu2460\/2025\/11\/3r.png\"><img loading=\"lazy\" decoding=\"async\" class=\"alignnone  wp-image-2893\" src=\"https:\/\/agora.xtec.cat\/ielluismillet\/wp-content\/uploads\/usu2460\/2025\/11\/3r.png\" alt=\"\" width=\"945\" height=\"409\" srcset=\"https:\/\/agora.xtec.cat\/ielluismillet\/wp-content\/uploads\/usu2460\/2025\/11\/3r.png 730w, https:\/\/agora.xtec.cat\/ielluismillet\/wp-content\/uploads\/usu2460\/2025\/11\/3r-300x130.png 300w\" sizes=\"auto, (max-width: 945px) 100vw, 945px\" \/><\/a><\/td>\n<\/tr>\n<tr>\n<td style=\"width: 24.2366%;\">Horari d&#8217;aula 4t A<\/td>\n<td style=\"width: 75.7634%;\"><a href=\"https:\/\/agora.xtec.cat\/ielluismillet\/wp-content\/uploads\/usu2460\/2025\/11\/4tA.png\"><img loading=\"lazy\" decoding=\"async\" class=\"alignnone  wp-image-2894\" src=\"https:\/\/agora.xtec.cat\/ielluismillet\/wp-content\/uploads\/usu2460\/2025\/11\/4tA.png\" alt=\"\" width=\"945\" height=\"440\" srcset=\"https:\/\/agora.xtec.cat\/ielluismillet\/wp-content\/uploads\/usu2460\/2025\/11\/4tA.png 730w, https:\/\/agora.xtec.cat\/ielluismillet\/wp-content\/uploads\/usu2460\/2025\/11\/4tA-300x140.png 300w\" sizes=\"auto, (max-width: 945px) 100vw, 945px\" \/><\/a><\/td>\n<\/tr>\n<tr>\n<td style=\"width: 24.2366%;\">Horari d&#8217;aula 4t B<\/td>\n<td style=\"width: 75.7634%;\"><a href=\"https:\/\/agora.xtec.cat\/ielluismillet\/wp-content\/uploads\/usu2460\/2025\/11\/4tB.png\"><img loading=\"lazy\" decoding=\"async\" class=\"alignnone  wp-image-2895\" src=\"https:\/\/agora.xtec.cat\/ielluismillet\/wp-content\/uploads\/usu2460\/2025\/11\/4tB.png\" alt=\"\" width=\"945\" height=\"448\" srcset=\"https:\/\/agora.xtec.cat\/ielluismillet\/wp-content\/uploads\/usu2460\/2025\/11\/4tB.png 730w, https:\/\/agora.xtec.cat\/ielluismillet\/wp-content\/uploads\/usu2460\/2025\/11\/4tB-300x142.png 300w\" sizes=\"auto, (max-width: 945px) 100vw, 945px\" \/><\/a><\/td>\n<\/tr>\n<\/tbody>\n<\/table>\n","protected":false},"excerpt":{"rendered":"<p>Aquest s\u00f3n els horaris dels grup classe de cicle mitj\u00e0. Horari d&#8217;aula 3r Horari d&#8217;aula 4t A Horari d&#8217;aula 4t B<\/p>\n","protected":false},"author":1,"featured_media":0,"parent":2167,"menu_order":3,"comment_status":"closed","ping_status":"closed","template":"","meta":{"_bbp_topic_count":0,"_bbp_reply_count":0,"_bbp_total_topic_count":0,"_bbp_total_reply_count":0,"_bbp_voice_count":0,"_bbp_anonymous_reply_count":0,"_bbp_topic_count_hidden":0,"_bbp_reply_count_hidden":0,"_bbp_forum_subforum_count":0,"site-sidebar-layout":"default","site-content-layout":"","ast-site-content-layout":"default","site-content-style":"default","site-sidebar-style":"default","ast-global-header-display":"","ast-banner-title-visibility":"","ast-main-header-display":"","ast-hfb-above-header-display":"","ast-hfb-below-header-display":"","ast-hfb-mobile-header-display":"","site-post-title":"","ast-breadcrumbs-content":"","ast-featured-img":"","footer-sml-layout":"","theme-transparent-header-meta":"default","adv-header-id-meta":"","stick-header-meta":"","header-above-stick-meta":"","header-main-stick-meta":"","header-below-stick-meta":"","astra-migrate-meta-layouts":"set","ast-page-background-enabled":"default","ast-page-background-meta":{"desktop":{"background-color":"var(--ast-global-color-4)","background-image":"","background-repeat":"repeat","background-position":"center center","background-size":"auto","background-attachment":"scroll","background-type":"","background-media":"","overlay-type":"","overlay-color":"","overlay-opacity":"","overlay-gradient":""},"tablet":{"background-color":"","background-image":"","background-repeat":"repeat","background-position":"center center","background-size":"auto","background-attachment":"scroll","background-type":"","background-media":"","overlay-type":"","overlay-color":"","overlay-opacity":"","overlay-gradient":""},"mobile":{"background-color":"","background-image":"","background-repeat":"repeat","background-position":"center center","background-size":"auto","background-attachment":"scroll","background-type":"","background-media":"","overlay-type":"","overlay-color":"","overlay-opacity":"","overlay-gradient":""}},"ast-content-background-meta":{"desktop":{"background-color":"var(--ast-global-color-5)","background-image":"","background-repeat":"repeat","background-position":"center center","background-size":"auto","background-attachment":"scroll","background-type":"","background-media":"","overlay-type":"","overlay-color":"","overlay-opacity":"","overlay-gradient":""},"tablet":{"background-color":"var(--ast-global-color-5)","background-image":"","background-repeat":"repeat","background-position":"center center","background-size":"auto","background-attachment":"scroll","background-type":"","background-media":"","overlay-type":"","overlay-color":"","overlay-opacity":"","overlay-gradient":""},"mobile":{"background-color":"var(--ast-global-color-5)","background-image":"","background-repeat":"repeat","background-position":"center center","background-size":"auto","background-attachment":"scroll","background-type":"","background-media":"","overlay-type":"","overlay-color":"","overlay-opacity":"","overlay-gradient":""}},"footnotes":""},"class_list":["post-2194","page","type-page","status-publish","hentry"],"post_mailing_queue_ids":[],"_links":{"self":[{"href":"https:\/\/agora.xtec.cat\/ielluismillet\/wp-json\/wp\/v2\/pages\/2194","targetHints":{"allow":["GET"]}}],"collection":[{"href":"https:\/\/agora.xtec.cat\/ielluismillet\/wp-json\/wp\/v2\/pages"}],"about":[{"href":"https:\/\/agora.xtec.cat\/ielluismillet\/wp-json\/wp\/v2\/types\/page"}],"author":[{"embeddable":true,"href":"https:\/\/agora.xtec.cat\/ielluismillet\/wp-json\/wp\/v2\/users\/1"}],"replies":[{"embeddable":true,"href":"https:\/\/agora.xtec.cat\/ielluismillet\/wp-json\/wp\/v2\/comments?post=2194"}],"version-history":[{"count":5,"href":"https:\/\/agora.xtec.cat\/ielluismillet\/wp-json\/wp\/v2\/pages\/2194\/revisions"}],"predecessor-version":[{"id":2896,"href":"https:\/\/agora.xtec.cat\/ielluismillet\/wp-json\/wp\/v2\/pages\/2194\/revisions\/2896"}],"up":[{"embeddable":true,"href":"https:\/\/agora.xtec.cat\/ielluismillet\/wp-json\/wp\/v2\/pages\/2167"}],"wp:attachment":[{"href":"https:\/\/agora.xtec.cat\/ielluismillet\/wp-json\/wp\/v2\/media?parent=2194"}],"curies":[{"name":"wp","href":"https:\/\/api.w.org\/{rel}","templated":true}]}}