{"id":2091,"date":"2024-09-03T18:33:08","date_gmt":"2024-09-03T16:33:08","guid":{"rendered":"https:\/\/agora.xtec.cat\/ielluismillet\/?page_id=2091"},"modified":"2025-10-27T09:04:54","modified_gmt":"2025-10-27T08:04:54","slug":"__trashed","status":"publish","type":"page","link":"https:\/\/agora.xtec.cat\/ielluismillet\/escola\/__trashed\/","title":{"rendered":"Qui som?"},"content":{"rendered":"<p><span style=\"color: #008080;\"><strong>Composici\u00f3 del claustre<\/strong><\/span><\/p>\n<p>&nbsp;<\/p>\n<table style=\"border-collapse: collapse; width: 100%;\">\n<tbody>\n<tr>\n<td style=\"width: 50%;\">\n<p style=\"text-align: center;\"><span style=\"color: #339966;\"><strong><span style=\"color: #008080;\">EQUIP DIRECTIU\u00a0 \u00a0\u00a0 \u00a0<\/span>\u00a0<\/strong><\/span><\/p>\n<p style=\"text-align: center;\"><strong>Direcci\u00f3: <\/strong>Silvia Mart\u00ednez Ramos<\/p>\n<p style=\"text-align: center;\"><strong>Cap<\/strong><strong> d\u2019estudis Educaci\u00f3 Infantil i Prim\u00e0ria:\u00a0<\/strong>Rosa Ruiz P\u00e9rez<\/p>\n<p style=\"text-align: center;\"><strong>Cap d\u2019estudis ESO:<\/strong>\u00a0Mireia Lloret Albert<\/p>\n<p style=\"text-align: center;\"><strong>Coordinadora Pedag\u00f2gica ESO:\u00a0<\/strong>Ver\u00f3nica Mart\u00ednez Carreira<\/p>\n<p style=\"text-align: center;\"><strong>Secret\u00e0ria:<\/strong>\u00a0Marta Trinidad Garc\u00eda<\/p>\n<\/td>\n<td style=\"width: 50%;\"><span style=\"color: #339966;\"><strong><span style=\"color: #008080;\"><a href=\"https:\/\/agora.xtec.cat\/ielluismillet\/wp-content\/uploads\/usu2460\/2025\/04\/equip.png\"><img loading=\"lazy\" decoding=\"async\" class=\"wp-image-2533 aligncenter\" src=\"https:\/\/agora.xtec.cat\/ielluismillet\/wp-content\/uploads\/usu2460\/2025\/04\/equip-1024x853.png\" alt=\"\" width=\"291\" height=\"242\" srcset=\"https:\/\/agora.xtec.cat\/ielluismillet\/wp-content\/uploads\/usu2460\/2025\/04\/equip-1024x853.png 1024w, https:\/\/agora.xtec.cat\/ielluismillet\/wp-content\/uploads\/usu2460\/2025\/04\/equip-300x250.png 300w, https:\/\/agora.xtec.cat\/ielluismillet\/wp-content\/uploads\/usu2460\/2025\/04\/equip-768x640.png 768w, https:\/\/agora.xtec.cat\/ielluismillet\/wp-content\/uploads\/usu2460\/2025\/04\/equip.png 1216w\" sizes=\"auto, (max-width: 291px) 100vw, 291px\" \/><\/a><br \/>\n<\/span><\/strong><\/span><\/td>\n<\/tr>\n<tr>\n<td style=\"width: 50%;\"><span style=\"color: #008080;\"><strong>TUTORIES\u00a0 E. INFANTIL<\/strong><\/span><\/p>\n<p><strong>I-3: <\/strong>Judit Cubells Pages<\/p>\n<p><strong>I-4: <\/strong>Elisa Capella Strino<\/p>\n<p><strong>I-5 A: <\/strong>Maria Segarra Soriano<\/p>\n<p><strong>I-5 B: <\/strong>Patricia Segarra \/ Mar Fern\u00e1ndez<\/td>\n<td style=\"width: 50%;\"><span style=\"color: #008080;\"><strong>ESPECIALITATS E. INFANTIL<\/strong><\/span><\/p>\n<p><strong><span style=\"font-weight: 400;\"><strong>Angl\u00e8s:<\/strong> Anna Carlas Ponce<\/span><\/strong><\/p>\n<p><strong>M\u00fasica: <\/strong>N\u00faria Mart\u00ednez Pacheco<\/p>\n<p><strong>T\u00e8cnica en Educaci\u00f3 Infantil: <\/strong>Flor Sobral \/ Yolanda Batall\u00e9<\/p>\n<p><strong>Vetlladores: <\/strong>Gemma Jerez<\/td>\n<\/tr>\n<tr>\n<td style=\"width: 50%;\"><span style=\"color: #008080;\"><strong>TUTORIES\u00a0 E. PRIM\u00c0RIA<\/strong><\/span><\/p>\n<p><strong>1r: <span style=\"font-weight: 400;\">N\u00faria Mart\u00ednez Pacheco<\/span><\/strong><\/p>\n<p><strong>2n: <\/strong><strong><span style=\"font-weight: 400;\">Anna Carlas Ponce<\/span><\/strong><\/p>\n<p><strong>3r :<\/strong> Roser Alvero Basses \/ Ernest I\u00f1esta Peralta<\/p>\n<p><strong>4t A:<\/strong>\u00a0 N\u00faria Bl\u00e1zquez Murillo<\/p>\n<p><strong>4t B: <\/strong>Marta Romero Beltran<\/p>\n<p><strong>5\u00e8 A: <\/strong>\u00a0<strong><span style=\"font-weight: 400;\">Judith Pav\u00f3n Mancha<\/span><\/strong><\/p>\n<p><strong>5\u00e8 B: <span style=\"font-weight: 400;\">Regina Arimon Martinez<\/span><\/strong><\/p>\n<p><strong>6\u00e8 A: <span style=\"font-weight: 400;\">\u00a0Toni Santiago Lozano<\/span><\/strong><\/p>\n<p><strong>6\u00e8 B: <span style=\"font-weight: 400;\"> Irene Bertocchi Nadal \/ Anna Flo Maristany\u00a0<\/span><\/strong><\/td>\n<td style=\"width: 50%;\"><span style=\"color: #008080;\"><strong>ESPECIALITATS\u00a0 E. PRIM\u00c0RIA<\/strong><\/span><\/p>\n<p><strong>Angl\u00e8s:<\/strong> Sandra Redondo Isanta \/ <strong><span style=\"font-weight: 400;\">Regina Arimon Martinez\u00a0<\/span><\/strong><\/p>\n<p><strong>Atenci\u00f3 a la Diversitat:\u00a0<\/strong>Montse Manzanos Gonz\u00e1lez \/ Saray\u00a0Bonilla Rodriguez<\/p>\n<p><strong>Aula d&#8217;acollida<\/strong>: S\u00f2nia Carb\u00f3 Molven<\/p>\n<p><strong>M\u00fasica: <\/strong>Roser Alvero Basses \/ N\u00faria Mart\u00ednez Pacheco<\/p>\n<p><strong>Educaci\u00f3 f\u00edsica:\u00a0<\/strong>Ernest I\u00f1esta Peralta \/ Carlota Arce M\u00fajica \/ <strong><span style=\"font-weight: 400;\">Irene Bertoccki Nadal \/ Ferran Espriu<\/span><\/strong><\/p>\n<p><strong>Pensament computacional:<\/strong> H\u00e9ctor Torrubiano Vill\u00e0<\/p>\n<p><strong>Religi\u00f3:<\/strong> Concepci\u00f3n Pereira Sant\u00edn<\/td>\n<\/tr>\n<tr>\n<td style=\"width: 50%;\"><span style=\"color: #008080;\"><strong>TUTORIES\u00a0 E. SECUND\u00c0RIA<\/strong><\/span><\/p>\n<p><strong>1r A: <\/strong> M\u00f2nica Rios Creus i Guillem Rojas<\/p>\n<p><strong>1r B: <\/strong>\u00a0I\u00f1aki Guirao i Maria Luisa Vadillo<\/p>\n<p><strong>2n A: <\/strong>Albert Rodon Ca\u00f1ellas i N\u00faria Iglesias Maj\u00f3<\/p>\n<p><strong>2n B: <\/strong> Diana Rent\u00e9 Garcia i Xavi Rodr\u00edguez<\/p>\n<p><strong>3r A: <\/strong>\u00c8ric Carri\u00f3n Valls i Ra\u00fcl Casado Garc\u00eda<\/p>\n<p><strong>3r B: <\/strong>David Rausell Seibert i Xavier Dom\u00e8nech<\/p>\n<p><strong>4t A: <\/strong>Andrea Navarro L\u00f3pez i Joan Barnet<\/p>\n<p><strong>4t B: <\/strong>Toni Rigau Jordi i Marc Luque S\u00e1nchez<\/td>\n<td style=\"width: 50%;\" title=\"I\u00d1ESTA PERALTA, ERNESTO\" role=\"gridcell\" aria-describedby=\"gridInventariPersones_NombreApellidos\"><span style=\"color: #008080;\"><strong>ESPECIALITATS\u00a0 E. SECUND\u00c0RIA<\/strong><\/span><\/p>\n<p><strong>Llengua Catalana:<\/strong> M\u00f2nica Rios Creus \/ Joan Barnet \/ Montse Berr\u00edos Curto<\/p>\n<p><strong>Llengua Castellana:<\/strong> Maria Luisa Vadillo \/ Marc Luque S\u00e1nchez<\/p>\n<p><strong>Llengua Anglesa\/Francesa:<\/strong> Vero Mart\u00ednez Carreira \/ Ewa Kubos<\/p>\n<p><strong>Matem\u00e0tiques:<\/strong> David Rausell Seibert \/ Andrea Navarro L\u00f3pez \/ I\u00f1aki Guirao<\/p>\n<p><strong>F\u00edsica i Qu\u00edmica:<\/strong> Xavier Dom\u00e8nech<\/p>\n<p><strong>Biologia i Geologia:<\/strong> Marc Baeta Alacio \/ Diana Rent\u00e9 Garcia<\/p>\n<p><strong>Geografia i Hist\u00f2ria:<\/strong> Toni Rigau Jordi \/ Albert Rodon Ca\u00f1ellas<\/p>\n<p><strong>Tecnologia:<\/strong> Guillem Rojas \/ \u00c8ric Carri\u00f3n Valls<\/p>\n<p><strong>Educaci\u00f3 Visual i Pl\u00e0stica:<\/strong> Xavi Rodr\u00edguez Mart\u00edn \/ N\u00faria Iglesias Maj\u00f3<\/p>\n<p><strong>Educaci\u00f3 F\u00edsica:<\/strong> Ra\u00fcl Casado Garc\u00eda \/ Ferran Espriu<\/p>\n<p><strong>M\u00fasica:<\/strong> Susana Torregrossa Cao<\/p>\n<p><strong>Orientaci\u00f3 Educativa:<\/strong> Mireia Lloret Albert<\/td>\n<\/tr>\n<\/tbody>\n<\/table>\n<p><a href=\"https:\/\/agora.xtec.cat\/ielluismillet\/wp-content\/uploads\/usu2460\/2025\/04\/FOTO-GRUPAL.jpg\"><img loading=\"lazy\" decoding=\"async\" class=\"wp-image-2551 aligncenter\" src=\"https:\/\/agora.xtec.cat\/ielluismillet\/wp-content\/uploads\/usu2460\/2025\/04\/FOTO-GRUPAL-1024x290.jpg\" alt=\"\" width=\"1335\" height=\"378\" srcset=\"https:\/\/agora.xtec.cat\/ielluismillet\/wp-content\/uploads\/usu2460\/2025\/04\/FOTO-GRUPAL-1024x290.jpg 1024w, https:\/\/agora.xtec.cat\/ielluismillet\/wp-content\/uploads\/usu2460\/2025\/04\/FOTO-GRUPAL-300x85.jpg 300w, https:\/\/agora.xtec.cat\/ielluismillet\/wp-content\/uploads\/usu2460\/2025\/04\/FOTO-GRUPAL-768x217.jpg 768w, https:\/\/agora.xtec.cat\/ielluismillet\/wp-content\/uploads\/usu2460\/2025\/04\/FOTO-GRUPAL-1536x435.jpg 1536w, https:\/\/agora.xtec.cat\/ielluismillet\/wp-content\/uploads\/usu2460\/2025\/04\/FOTO-GRUPAL.jpg 1911w\" sizes=\"auto, (max-width: 1335px) 100vw, 1335px\" \/><\/a><\/p>\n","protected":false},"excerpt":{"rendered":"<p>Composici\u00f3 del claustre &nbsp; EQUIP DIRECTIU\u00a0 \u00a0\u00a0 \u00a0\u00a0 Direcci\u00f3: Silvia Mart\u00ednez Ramos Cap d\u2019estudis Educaci\u00f3 Infantil i Prim\u00e0ria:\u00a0Rosa Ruiz P\u00e9rez Cap d\u2019estudis ESO:\u00a0Mireia Lloret Albert Coordinadora Pedag\u00f2gica ESO:\u00a0Ver\u00f3nica Mart\u00ednez Carreira Secret\u00e0ria:\u00a0Marta Trinidad Garc\u00eda TUTORIES\u00a0 E. INFANTIL I-3: Judit Cubells Pages I-4: Elisa Capella Strino I-5 A: Maria Segarra Soriano I-5 B: Patricia Segarra \/ Mar [&hellip;]<\/p>\n","protected":false},"author":1,"featured_media":0,"parent":2328,"menu_order":15,"comment_status":"closed","ping_status":"closed","template":"","meta":{"_bbp_topic_count":0,"_bbp_reply_count":0,"_bbp_total_topic_count":0,"_bbp_total_reply_count":0,"_bbp_voice_count":0,"_bbp_anonymous_reply_count":0,"_bbp_topic_count_hidden":0,"_bbp_reply_count_hidden":0,"_bbp_forum_subforum_count":0,"site-sidebar-layout":"default","site-content-layout":"","ast-site-content-layout":"default","site-content-style":"default","site-sidebar-style":"default","ast-global-header-display":"","ast-banner-title-visibility":"","ast-main-header-display":"","ast-hfb-above-header-display":"","ast-hfb-below-header-display":"","ast-hfb-mobile-header-display":"","site-post-title":"","ast-breadcrumbs-content":"","ast-featured-img":"","footer-sml-layout":"","theme-transparent-header-meta":"default","adv-header-id-meta":"","stick-header-meta":"","header-above-stick-meta":"","header-main-stick-meta":"","header-below-stick-meta":"","astra-migrate-meta-layouts":"set","ast-page-background-enabled":"default","ast-page-background-meta":{"desktop":{"background-color":"var(--ast-global-color-4)","background-image":"","background-repeat":"repeat","background-position":"center center","background-size":"auto","background-attachment":"scroll","background-type":"","background-media":"","overlay-type":"","overlay-color":"","overlay-opacity":"","overlay-gradient":""},"tablet":{"background-color":"","background-image":"","background-repeat":"repeat","background-position":"center center","background-size":"auto","background-attachment":"scroll","background-type":"","background-media":"","overlay-type":"","overlay-color":"","overlay-opacity":"","overlay-gradient":""},"mobile":{"background-color":"","background-image":"","background-repeat":"repeat","background-position":"center center","background-size":"auto","background-attachment":"scroll","background-type":"","background-media":"","overlay-type":"","overlay-color":"","overlay-opacity":"","overlay-gradient":""}},"ast-content-background-meta":{"desktop":{"background-color":"var(--ast-global-color-5)","background-image":"","background-repeat":"repeat","background-position":"center center","background-size":"auto","background-attachment":"scroll","background-type":"","background-media":"","overlay-type":"","overlay-color":"","overlay-opacity":"","overlay-gradient":""},"tablet":{"background-color":"var(--ast-global-color-5)","background-image":"","background-repeat":"repeat","background-position":"center center","background-size":"auto","background-attachment":"scroll","background-type":"","background-media":"","overlay-type":"","overlay-color":"","overlay-opacity":"","overlay-gradient":""},"mobile":{"background-color":"var(--ast-global-color-5)","background-image":"","background-repeat":"repeat","background-position":"center center","background-size":"auto","background-attachment":"scroll","background-type":"","background-media":"","overlay-type":"","overlay-color":"","overlay-opacity":"","overlay-gradient":""}},"footnotes":""},"class_list":["post-2091","page","type-page","status-publish","hentry"],"post_mailing_queue_ids":[],"_links":{"self":[{"href":"https:\/\/agora.xtec.cat\/ielluismillet\/wp-json\/wp\/v2\/pages\/2091","targetHints":{"allow":["GET"]}}],"collection":[{"href":"https:\/\/agora.xtec.cat\/ielluismillet\/wp-json\/wp\/v2\/pages"}],"about":[{"href":"https:\/\/agora.xtec.cat\/ielluismillet\/wp-json\/wp\/v2\/types\/page"}],"author":[{"embeddable":true,"href":"https:\/\/agora.xtec.cat\/ielluismillet\/wp-json\/wp\/v2\/users\/1"}],"replies":[{"embeddable":true,"href":"https:\/\/agora.xtec.cat\/ielluismillet\/wp-json\/wp\/v2\/comments?post=2091"}],"version-history":[{"count":7,"href":"https:\/\/agora.xtec.cat\/ielluismillet\/wp-json\/wp\/v2\/pages\/2091\/revisions"}],"predecessor-version":[{"id":2835,"href":"https:\/\/agora.xtec.cat\/ielluismillet\/wp-json\/wp\/v2\/pages\/2091\/revisions\/2835"}],"up":[{"embeddable":true,"href":"https:\/\/agora.xtec.cat\/ielluismillet\/wp-json\/wp\/v2\/pages\/2328"}],"wp:attachment":[{"href":"https:\/\/agora.xtec.cat\/ielluismillet\/wp-json\/wp\/v2\/media?parent=2091"}],"curies":[{"name":"wp","href":"https:\/\/api.w.org\/{rel}","templated":true}]}}