{"id":1966,"date":"2024-02-23T15:03:56","date_gmt":"2024-02-23T14:03:56","guid":{"rendered":"https:\/\/agora.xtec.cat\/ielluismillet\/?page_id=1966"},"modified":"2025-04-08T14:59:46","modified_gmt":"2025-04-08T12:59:46","slug":"perfil-i-trajectoria-professional-equip-directiu","status":"publish","type":"page","link":"https:\/\/agora.xtec.cat\/ielluismillet\/escola\/__trashed\/perfil-i-trajectoria-professional-equip-directiu\/","title":{"rendered":"Perfil i traject\u00f2ria professional Equip Directiu"},"content":{"rendered":"<p>&nbsp;<\/p>\n<ul style=\"list-style-type: disc;\">\n<li><a href=\"https:\/\/drive.google.com\/file\/d\/1F4MbQvq84S7gadTebkqpPyDZ4WNDBA5H\/view?usp=drive_link\"><strong>Directora:<\/strong> Silvia Mart\u00ednez Ramos<\/a><\/li>\n<\/ul>\n<p>&nbsp;<\/p>\n<ul style=\"list-style-type: disc;\">\n<li><a href=\"https:\/\/drive.google.com\/file\/d\/1GblR_wN7AM7EqCqOH_CpT3IIrr9ZATxe\/view?usp=drive_link\"><strong>Cap d&#8217;estudis Educaci\u00f3 Infantil i Prim\u00e0ria: <\/strong>Rosa Ruiz P\u00e9rez<\/a><\/li>\n<\/ul>\n<p>&nbsp;<\/p>\n<ul style=\"list-style-type: disc;\">\n<li><a href=\"https:\/\/drive.google.com\/file\/d\/1WBO1n9FnvI27BQDwRCetAndunlP0mz_X\/view?usp=drivesdk\"><strong>Cap d&#8217;estudis ESO:<\/strong> Mireia Lloret Albert<\/a><\/li>\n<\/ul>\n<p>&nbsp;<\/p>\n<ul style=\"list-style-type: disc;\">\n<li><a href=\"https:\/\/drive.google.com\/file\/d\/1fZI65UYo7g4awRx4fx5BtppjyF5BTOXB\/view?usp=drive_link\"><strong>Coordinadora Pedag\u00f2gica ESO: <\/strong>Ver\u00f3nica Mart\u00ednez Carreira<\/a><\/li>\n<\/ul>\n<p>&nbsp;<\/p>\n<ul style=\"list-style-type: disc;\">\n<li><a href=\"https:\/\/drive.google.com\/file\/d\/1DI4pLJa4eG7nqUguCw6Fdl2LgZCJ_rii\/view?usp=drive_link\"><strong>Secret\u00e0ria:<\/strong> Marta Trinidad Garc\u00eda\u00a0<\/a><\/li>\n<\/ul>\n","protected":false},"excerpt":{"rendered":"<p>&nbsp; Directora: Silvia Mart\u00ednez Ramos &nbsp; Cap d&#8217;estudis Educaci\u00f3 Infantil i Prim\u00e0ria: Rosa Ruiz P\u00e9rez &nbsp; Cap d&#8217;estudis ESO: Mireia Lloret Albert &nbsp; Coordinadora Pedag\u00f2gica ESO: Ver\u00f3nica Mart\u00ednez Carreira &nbsp; Secret\u00e0ria: Marta Trinidad Garc\u00eda\u00a0<\/p>\n","protected":false},"author":1,"featured_media":0,"parent":2091,"menu_order":10,"comment_status":"closed","ping_status":"closed","template":"","meta":{"_bbp_topic_count":0,"_bbp_reply_count":0,"_bbp_total_topic_count":0,"_bbp_total_reply_count":0,"_bbp_voice_count":0,"_bbp_anonymous_reply_count":0,"_bbp_topic_count_hidden":0,"_bbp_reply_count_hidden":0,"_bbp_forum_subforum_count":0,"site-sidebar-layout":"default","site-content-layout":"","ast-site-content-layout":"default","site-content-style":"default","site-sidebar-style":"default","ast-global-header-display":"","ast-banner-title-visibility":"","ast-main-header-display":"","ast-hfb-above-header-display":"","ast-hfb-below-header-display":"","ast-hfb-mobile-header-display":"","site-post-title":"","ast-breadcrumbs-content":"","ast-featured-img":"","footer-sml-layout":"","theme-transparent-header-meta":"default","adv-header-id-meta":"","stick-header-meta":"","header-above-stick-meta":"","header-main-stick-meta":"","header-below-stick-meta":"","astra-migrate-meta-layouts":"set","ast-page-background-enabled":"default","ast-page-background-meta":{"desktop":{"background-color":"var(--ast-global-color-4)","background-image":"","background-repeat":"repeat","background-position":"center center","background-size":"auto","background-attachment":"scroll","background-type":"","background-media":"","overlay-type":"","overlay-color":"","overlay-opacity":"","overlay-gradient":""},"tablet":{"background-color":"","background-image":"","background-repeat":"repeat","background-position":"center center","background-size":"auto","background-attachment":"scroll","background-type":"","background-media":"","overlay-type":"","overlay-color":"","overlay-opacity":"","overlay-gradient":""},"mobile":{"background-color":"","background-image":"","background-repeat":"repeat","background-position":"center center","background-size":"auto","background-attachment":"scroll","background-type":"","background-media":"","overlay-type":"","overlay-color":"","overlay-opacity":"","overlay-gradient":""}},"ast-content-background-meta":{"desktop":{"background-color":"var(--ast-global-color-5)","background-image":"","background-repeat":"repeat","background-position":"center center","background-size":"auto","background-attachment":"scroll","background-type":"","background-media":"","overlay-type":"","overlay-color":"","overlay-opacity":"","overlay-gradient":""},"tablet":{"background-color":"var(--ast-global-color-5)","background-image":"","background-repeat":"repeat","background-position":"center center","background-size":"auto","background-attachment":"scroll","background-type":"","background-media":"","overlay-type":"","overlay-color":"","overlay-opacity":"","overlay-gradient":""},"mobile":{"background-color":"var(--ast-global-color-5)","background-image":"","background-repeat":"repeat","background-position":"center center","background-size":"auto","background-attachment":"scroll","background-type":"","background-media":"","overlay-type":"","overlay-color":"","overlay-opacity":"","overlay-gradient":""}},"footnotes":""},"class_list":["post-1966","page","type-page","status-publish","hentry"],"post_mailing_queue_ids":[],"_links":{"self":[{"href":"https:\/\/agora.xtec.cat\/ielluismillet\/wp-json\/wp\/v2\/pages\/1966","targetHints":{"allow":["GET"]}}],"collection":[{"href":"https:\/\/agora.xtec.cat\/ielluismillet\/wp-json\/wp\/v2\/pages"}],"about":[{"href":"https:\/\/agora.xtec.cat\/ielluismillet\/wp-json\/wp\/v2\/types\/page"}],"author":[{"embeddable":true,"href":"https:\/\/agora.xtec.cat\/ielluismillet\/wp-json\/wp\/v2\/users\/1"}],"replies":[{"embeddable":true,"href":"https:\/\/agora.xtec.cat\/ielluismillet\/wp-json\/wp\/v2\/comments?post=1966"}],"version-history":[{"count":6,"href":"https:\/\/agora.xtec.cat\/ielluismillet\/wp-json\/wp\/v2\/pages\/1966\/revisions"}],"predecessor-version":[{"id":1979,"href":"https:\/\/agora.xtec.cat\/ielluismillet\/wp-json\/wp\/v2\/pages\/1966\/revisions\/1979"}],"up":[{"embeddable":true,"href":"https:\/\/agora.xtec.cat\/ielluismillet\/wp-json\/wp\/v2\/pages\/2091"}],"wp:attachment":[{"href":"https:\/\/agora.xtec.cat\/ielluismillet\/wp-json\/wp\/v2\/media?parent=1966"}],"curies":[{"name":"wp","href":"https:\/\/api.w.org\/{rel}","templated":true}]}}