{"id":73,"date":"2014-09-18T14:01:51","date_gmt":"2014-09-18T13:01:51","guid":{"rendered":"http:\/\/agora.xtec.cat\/ielloret\/?page_id=73"},"modified":"2025-09-08T12:22:22","modified_gmt":"2025-09-08T10:22:22","slug":"menjador-escolar","status":"publish","type":"page","link":"https:\/\/agora.xtec.cat\/ielloret\/menjador-escolar\/","title":{"rendered":"Menjador escolar"},"content":{"rendered":"<p>El servei de menjador en l&#8217;Institut Escola \u00a0LLORET DE MAR \u00a0\u00e9s una \u00a0prestaci\u00f3 complement\u00e0ria d\u2019ajuda a l\u2019escolaritzaci\u00f3.<\/p>\n<p>Per aix\u00f2, el centre ofereix aquest servei \u00a0optatiu creat per atendre els alumnes, les fam\u00edlies dels quals ho desitgin o ho necessitin.<\/p>\n<p>El Consell Escolar ha aprovat aquest pla sobre el funcionament del menjador, que forma part de la Programaci\u00f3 General de Centre.<\/p>\n<p>&nbsp;<\/p>\n<p>Podran sol\u00b7licitar el servei de menjador tots els alumnes del centre, professorat i el personal d\u2019administraci\u00f3 i serveis.<\/p>\n<p>El servei es podr\u00e0 sol\u00b7licitar en dues modalitats<\/p>\n<ul>\n<li><strong><em>Fix:<\/em><\/strong> Els alumnes de forma fixa de dilluns a divendres pels alumnes d\u2019educaci\u00f3 infantil, prim\u00e0ria tenen encarregat l\u2019\u00e0pat cada dia. El preu per men\u00fa infantil i prim\u00e0ria \u00e9s de 6,9 \u20ac i per secund\u00e0ria 6,5 \u20ac.<\/li>\n<li><strong><em>Eventuals:<\/em><\/strong> Els alumnes que de forma espor\u00e0dica, en dies puntuals, fan \u00fas del servei. El preu per men\u00fa infantil i prim\u00e0ria \u00e9s de 7,5 \u20ac i per secund\u00e0ria 6,9 \u20ac.<\/li>\n<li><strong><em><u>Els alumnes que disposen de la gratu\u00eftat, el Consell Comarcal de la Selva es guarda el dret de finalitza el servei a partir del dia que comen\u00e7a la jornada intensiva. <\/u><\/em><\/strong>Per gaudir del servei de menjador, els alumnes fixes\u00a0 ompliran un full d\u2019inscripci\u00f3 segellat per l\u2019entitat banc\u00e0ria i adjuntaran una fotoc\u00f2pia del compte corrent on es domiciliaran els rebuts. Qualsevol canvi de dades banc\u00e0ries caldr\u00e0 comunicar-ho a la coordinadora del menjador. Les dietes de cada men\u00fa\u00a0 contemplen les exig\u00e8ncies b\u00e0siques per assolir una alimentaci\u00f3 compensada de qualitat i amb les condicions higienico-sanit\u00e0ries pertinents. Els alumnes comptaran amb un primer plat, segon plat sempre acompanyat d\u2019amanida, postres, pa i aigua. Per sol\u00b7licitar men\u00fas especials per prescripci\u00f3 facultativa com al\u00b7l\u00e8rgies, diabetis, intoler\u00e0ncia a la lactosa, al gluten i d\u2019altres, s\u2019haur\u00e0 de presentar pr\u00e8viament un certificat m\u00e8dic.<\/li>\n<\/ul>\n<p><a href=\"https:\/\/agora.xtec.cat\/ielloret\/docs\/menu-set\/\">MENU\u0301 SET 2025<\/a><\/p>\n<p><a href=\"https:\/\/agora.xtec.cat\/ielloret\/wp-content\/uploads\/usu443\/2025\/09\/Captura-de-pantalla-2025-09-08-122000.jpg\"><img loading=\"lazy\" decoding=\"async\" class=\"alignnone size-large wp-image-4440\" src=\"https:\/\/agora.xtec.cat\/ielloret\/wp-content\/uploads\/usu443\/2025\/09\/Captura-de-pantalla-2025-09-08-122000-1024x721.jpg\" alt=\"\" width=\"1024\" height=\"721\" srcset=\"https:\/\/agora.xtec.cat\/ielloret\/wp-content\/uploads\/usu443\/2025\/09\/Captura-de-pantalla-2025-09-08-122000-1024x721.jpg 1024w, https:\/\/agora.xtec.cat\/ielloret\/wp-content\/uploads\/usu443\/2025\/09\/Captura-de-pantalla-2025-09-08-122000-300x211.jpg 300w, https:\/\/agora.xtec.cat\/ielloret\/wp-content\/uploads\/usu443\/2025\/09\/Captura-de-pantalla-2025-09-08-122000-768x541.jpg 768w, https:\/\/agora.xtec.cat\/ielloret\/wp-content\/uploads\/usu443\/2025\/09\/Captura-de-pantalla-2025-09-08-122000.jpg 1249w\" sizes=\"auto, (max-width: 1024px) 100vw, 1024px\" \/><\/a><\/p>\n<p>&nbsp;<\/p>\n<p>&nbsp;<\/p>\n","protected":false},"excerpt":{"rendered":"<p>El servei de menjador en l&#8217;Institut Escola \u00a0LLORET DE MAR \u00a0\u00e9s una \u00a0prestaci\u00f3 complement\u00e0ria d\u2019ajuda a l\u2019escolaritzaci\u00f3.<br \/>\nPer aix\u00f2, el centre ofereix aquest servei \u00a0optatiu creat per atendre els alumnes, les fam\u00edlies dels quals ho desitgin o ho necessitin.<br \/>\nEl Consell Escolar ha aprovat aquest pla sobre&hellip;  <a href=\"https:\/\/agora.xtec.cat\/ielloret\/menjador-escolar\/\" title=\"Read Menjador escolar\">Llegeix m\u00e9s\u00bb<\/a><\/p>\n","protected":false},"author":1,"featured_media":0,"parent":0,"menu_order":30,"comment_status":"closed","ping_status":"closed","template":"page-templates\/side-menu.php","meta":{"_bbp_topic_count":0,"_bbp_reply_count":0,"_bbp_total_topic_count":0,"_bbp_total_reply_count":0,"_bbp_voice_count":0,"_bbp_anonymous_reply_count":0,"_bbp_topic_count_hidden":0,"_bbp_reply_count_hidden":0,"_bbp_forum_subforum_count":0,"footnotes":""},"class_list":["post-73","page","type-page","status-publish","hentry"],"post_mailing_queue_ids":[],"_links":{"self":[{"href":"https:\/\/agora.xtec.cat\/ielloret\/wp-json\/wp\/v2\/pages\/73","targetHints":{"allow":["GET"]}}],"collection":[{"href":"https:\/\/agora.xtec.cat\/ielloret\/wp-json\/wp\/v2\/pages"}],"about":[{"href":"https:\/\/agora.xtec.cat\/ielloret\/wp-json\/wp\/v2\/types\/page"}],"author":[{"embeddable":true,"href":"https:\/\/agora.xtec.cat\/ielloret\/wp-json\/wp\/v2\/users\/1"}],"replies":[{"embeddable":true,"href":"https:\/\/agora.xtec.cat\/ielloret\/wp-json\/wp\/v2\/comments?post=73"}],"version-history":[{"count":8,"href":"https:\/\/agora.xtec.cat\/ielloret\/wp-json\/wp\/v2\/pages\/73\/revisions"}],"predecessor-version":[{"id":4441,"href":"https:\/\/agora.xtec.cat\/ielloret\/wp-json\/wp\/v2\/pages\/73\/revisions\/4441"}],"wp:attachment":[{"href":"https:\/\/agora.xtec.cat\/ielloret\/wp-json\/wp\/v2\/media?parent=73"}],"curies":[{"name":"wp","href":"https:\/\/api.w.org\/{rel}","templated":true}]}}