{"id":38,"date":"2014-09-18T12:34:08","date_gmt":"2014-09-18T11:34:08","guid":{"rendered":"http:\/\/agora.xtec.cat\/ielloret\/?page_id=38"},"modified":"2017-10-27T23:40:54","modified_gmt":"2017-10-27T21:40:54","slug":"salut","status":"publish","type":"page","link":"https:\/\/agora.xtec.cat\/ielloret\/lescola\/salut\/","title":{"rendered":"Salut"},"content":{"rendered":"<p><strong>Administraci\u00f3 de medicaments<\/strong>:<br \/>\nPer administrar medicaments als alumnes cal que el pare, mare o tutor legal aporti una recepta o informe del metge o metgessa on consti el nom de l\u2019alumne\/a, la pauta i el nom del medicament que ha de prendre. Aix\u00ed mateix, el pare, mare o tutor legal ha d\u2019aportar un escrit on es demani i s\u2019autoritzi al personal del centre educatiu que administri al fill o filla la medicaci\u00f3 prescrita sempre que sigui imprescindible la seva administraci\u00f3 en horari lectiu.<br \/>\nEl personal del centre nom\u00e9s podr\u00e0 administrar una medicaci\u00f3 quan aix\u00f2 podria fer-ho el pare, mare o tutor legal, sense una formaci\u00f3 especial; en cas contrari, si la medicaci\u00f3 ha de ser administrada per personal amb una formaci\u00f3 determinada, caldr\u00e0 que el centre es posi en contacte amb el Centre d\u2019Assist\u00e8ncia Prim\u00e0ria m\u00e9s pr\u00f2xim.<br \/>\nMalgrat les recomanacions del Departament de Salut i la Societat Catalana de Pediatria d\u2019incloure el Paracetamol a la farmaciola dels centres, al nostre Centre no l\u2019inclourem, segons es va quedar en la reuni\u00f3 del consell escolar del 16-10-2017. <\/p>\n<p><strong>Al\u00b7l\u00e8rgies<\/strong><br \/>\nHi ha un protocol molt detallat que s\u2019ha explicat al tutors, a tot el claustre i a les monitores responsable del menjador. Les pautes d\u2019actuaci\u00f3 estan penjades a totes les aules per on passen els alumnes i un document drive compartit amb tot el claustre.<\/p>\n<p>Es far\u00e0 un claustre espec\u00edfic a PRI per tractar tots aquests casos, demanant la presencia d\u2019un professional de sanitat.<\/p>\n<p><strong>par\u00e0sits<\/strong>.<\/p>\n<p>&nbsp;<\/p>\n<p>&nbsp;<\/p>\n<p>&nbsp;<\/p>\n<p>&nbsp;<\/p>\n<p>&nbsp;<\/p>\n","protected":false},"excerpt":{"rendered":"<p>Administraci\u00f3 de medicaments:<br \/>\nPer administrar medicaments als alumnes cal que el pare, mare o tutor legal aporti una recepta o informe del metge o metgessa on consti el nom de l\u2019alumne\/a, la pauta i el nom del medicament que ha de prendre. Aix\u00ed mateix, el pare,&hellip;  <a href=\"https:\/\/agora.xtec.cat\/ielloret\/lescola\/salut\/\" title=\"Read Salut\">Llegeix m\u00e9s\u00bb<\/a><\/p>\n","protected":false},"author":1,"featured_media":0,"parent":22,"menu_order":80,"comment_status":"closed","ping_status":"closed","template":"page-templates\/side-menu.php","meta":{"_bbp_topic_count":0,"_bbp_reply_count":0,"_bbp_total_topic_count":0,"_bbp_total_reply_count":0,"_bbp_voice_count":0,"_bbp_anonymous_reply_count":0,"_bbp_topic_count_hidden":0,"_bbp_reply_count_hidden":0,"_bbp_forum_subforum_count":0,"footnotes":""},"class_list":["post-38","page","type-page","status-publish","hentry"],"post_mailing_queue_ids":[],"_links":{"self":[{"href":"https:\/\/agora.xtec.cat\/ielloret\/wp-json\/wp\/v2\/pages\/38","targetHints":{"allow":["GET"]}}],"collection":[{"href":"https:\/\/agora.xtec.cat\/ielloret\/wp-json\/wp\/v2\/pages"}],"about":[{"href":"https:\/\/agora.xtec.cat\/ielloret\/wp-json\/wp\/v2\/types\/page"}],"author":[{"embeddable":true,"href":"https:\/\/agora.xtec.cat\/ielloret\/wp-json\/wp\/v2\/users\/1"}],"replies":[{"embeddable":true,"href":"https:\/\/agora.xtec.cat\/ielloret\/wp-json\/wp\/v2\/comments?post=38"}],"version-history":[{"count":2,"href":"https:\/\/agora.xtec.cat\/ielloret\/wp-json\/wp\/v2\/pages\/38\/revisions"}],"predecessor-version":[{"id":559,"href":"https:\/\/agora.xtec.cat\/ielloret\/wp-json\/wp\/v2\/pages\/38\/revisions\/559"}],"up":[{"embeddable":true,"href":"https:\/\/agora.xtec.cat\/ielloret\/wp-json\/wp\/v2\/pages\/22"}],"wp:attachment":[{"href":"https:\/\/agora.xtec.cat\/ielloret\/wp-json\/wp\/v2\/media?parent=38"}],"curies":[{"name":"wp","href":"https:\/\/api.w.org\/{rel}","templated":true}]}}