{"id":30,"date":"2017-09-18T12:30:23","date_gmt":"2017-09-18T10:30:23","guid":{"rendered":"http:\/\/agora.xtec.cat\/ielloret\/?page_id=30"},"modified":"2021-01-26T18:48:41","modified_gmt":"2021-01-26T17:48:41","slug":"instal%c2%b7lacions","status":"publish","type":"page","link":"https:\/\/agora.xtec.cat\/ielloret\/lescola\/instal%c2%b7lacions\/","title":{"rendered":"Instal\u00b7lacions"},"content":{"rendered":"<p>\r\n\t<div class=\"slideshow_container slideshow_container_style-light\" style=\"height: 500px; \" data-slideshow-id=\"750\" data-style-name=\"style-light\" data-style-version=\"2.3.1\" >\r\n\r\n\t\t\t\t\t<div class=\"slideshow_loading_icon\"><\/div>\r\n\t\t\r\n\t\t<div class=\"slideshow_content\" style=\"display: none;\">\r\n\r\n\t\t\t<div class=\"slideshow_view\">\r\n\t\t\t\t<div class=\"slideshow_slide slideshow_slide_image\">\r\n\t\t\t\t\t<a href=\"http:\/\/blocs.xtec.cat\/ceiplloret\/\" target=\"_blank\" >\t\t\t\t\t\t<img src=\"https:\/\/agora.xtec.cat\/ielloret\/wp-content\/uploads\/usu443\/2018\/02\/Captura-de-pantalla-2018-02-16-a-les-1.07.27.png\" alt=\"Captura de pantalla 2018-02-16 a les 1.07.27\" width=\"719\" height=\"504\" \/>\r\n\t\t\t\t\t<\/a>\t\t\t\t\t<div class=\"slideshow_description_box slideshow_transparent\">\r\n\t\t\t\t\t\t<div class=\"slideshow_title\"><a href=\"http:\/\/blocs.xtec.cat\/ceiplloret\/\" target=\"_blank\" >Captura de pantalla 2018-02-16 a les 1.07.27<\/a><\/div>\t\t\t\t\t\t\t\t\t\t\t<\/div>\r\n\t\t\t\t<\/div>\r\n\r\n\t\t\t\t\t\t<div style=\"clear: both;\"><\/div><\/div><div class=\"slideshow_view\">\r\n\t\t\t\t<div class=\"slideshow_slide slideshow_slide_image\">\r\n\t\t\t\t\t<a href=\"http:\/\/blocs.xtec.cat\/ceiplloret\/\" target=\"_blank\" >\t\t\t\t\t\t<img src=\"https:\/\/agora.xtec.cat\/ielloret\/wp-content\/uploads\/usu443\/2018\/02\/Captura-de-pantalla-2018-02-16-a-les-1.11.14.png\" alt=\"Captura de pantalla 2018-02-16 a les 1.11.14\" width=\"720\" height=\"466\" \/>\r\n\t\t\t\t\t<\/a>\t\t\t\t\t<div class=\"slideshow_description_box slideshow_transparent\">\r\n\t\t\t\t\t\t<p class=\"slideshow_title\"><a href=\"http:\/\/blocs.xtec.cat\/ceiplloret\/\" target=\"_blank\" >Captura de pantalla 2018-02-16 a les 1.11.14<\/a><\/p>\t\t\t\t\t\t\t\t\t\t\t<\/div>\r\n\t\t\t\t<\/div>\r\n\r\n\t\t\t\t\t\t<div style=\"clear: both;\"><\/div><\/div><div class=\"slideshow_view\">\r\n\t\t\t\t<div class=\"slideshow_slide slideshow_slide_image\">\r\n\t\t\t\t\t<a href=\"http:\/\/blocs.xtec.cat\/ceiplloret\/\" target=\"_blank\" >\t\t\t\t\t\t<img src=\"https:\/\/agora.xtec.cat\/ielloret\/wp-content\/uploads\/usu443\/2018\/02\/Captura-de-pantalla-2018-02-16-a-les-1.09.30.png\" alt=\"Captura de pantalla 2018-02-16 a les 1.09.30\" width=\"717\" height=\"471\" \/>\r\n\t\t\t\t\t<\/a>\t\t\t\t\t<div class=\"slideshow_description_box slideshow_transparent\">\r\n\t\t\t\t\t\t<h2 class=\"slideshow_title\"><a href=\"http:\/\/blocs.xtec.cat\/ceiplloret\/\" target=\"_blank\" >Captura de pantalla 2018-02-16 a les 1.09.30<\/a><\/h2>\t\t\t\t\t\t\t\t\t\t\t<\/div>\r\n\t\t\t\t<\/div>\r\n\r\n\t\t\t\t\t\t<div style=\"clear: both;\"><\/div><\/div>\r\n\t\t<\/div>\r\n\r\n\t\t<div class=\"slideshow_controlPanel slideshow_transparent\" style=\"display: none;\"><ul><li class=\"slideshow_togglePlay\" data-play-text=\"Visualitza\" data-pause-text=\"Pausa\"><\/li><\/ul><\/div>\r\n\r\n\t\t<div class=\"slideshow_button slideshow_previous slideshow_transparent\" role=\"button\" data-previous-text=\"Anterior\" style=\"display: none;\"><\/div>\r\n\t\t<div class=\"slideshow_button slideshow_next slideshow_transparent\" role=\"button\" data-next-text=\"Seg\u00fcent\" style=\"display: none;\"><\/div>\r\n\r\n\t\t<div class=\"slideshow_pagination\" style=\"display: none;\" data-go-to-text=\"V\u00e9s a la diapositiva\"><div class=\"slideshow_pagination_center\"><\/div><\/div>\r\n\r\n\t\t<!-- WordPress Slideshow Version 2.3.1 -->\r\n\r\n\t\t\t<\/div>\r\n\r\n<br \/>\nLes instal\u00b7lacions de l&#8217;Institut Escola s\u00f3n noves, modernes, amb un ampli ventall de recursos, situades en un paratge tranquil, just al costat dels Jardins de Santa Clotilde, que ens permet portar a terme la tasca docent de manera \u00f2ptima.<\/p>\n<p>L&#8217;edifici que ens acull compta amb 6.500 metres quadrats edificats repartits en tres edificis:<br \/>\n&#8211; Un d&#8217;administraci\u00f3, despatxos, sala de professors i mestres, biblioteca, menjador i cuina.<br \/>\n&#8211; Un de secund\u00e0ria (aules de grup classe, desdoblaments, atencions individualitzades, idiomes, m\u00fasica, audiovisuals, taller de tecnologia, laboratori, aula d&#8217;inform\u00e0tica, aula d&#8217;acollida i projecte singular)<br \/>\n&#8211; Un tercer edifici d&#8217;infantil i prim\u00e0ria (aules de grup classe, desdoblaments, atencions individualitzades, psicomotricitat, inform\u00e0tica, despatxos, consergeria, sala polivalent).<br \/>\nPel que fa a la zona exterior, a m\u00e9s de 900 metres de zona verda ajardinada, hi ha dues pistes poliesportives i tres patis independents, un per a cada etapa educativa.<\/p>\n","protected":false},"excerpt":{"rendered":"<p>\t\t\t\t\t<a href=\"http:\/\/blocs.xtec.cat\/ceiplloret\/\" target=\"_blank\" ><br \/>\n\t\t\t\t\t<\/a><br \/>\n\t\t\t\t\t\t<a href=\"http:\/\/blocs.xtec.cat\/ceiplloret\/\" target=\"_blank\" >Captura de pantalla 2018-02-16 a les 1.07.27<\/a>\t\t\t\t\t\t\t\t\t\t\t<\/p>\n<p>\t\t\t\t\t<a href=\"http:\/\/blocs.xtec.cat\/ceiplloret\/\" target=\"_blank\" ><br \/>\n\t\t\t\t\t<\/a><br \/>\n\t\t\t\t\t\t<a href=\"http:\/\/blocs.xtec.cat\/ceiplloret\/\" target=\"_blank\" >Captura de pantalla 2018-02-16 a les 1.11.14<\/a>\t\t\t\t\t\t\t\t\t\t\t<\/p>\n<p>\t\t\t\t\t<a href=\"http:\/\/blocs.xtec.cat\/ceiplloret\/\" target=\"_blank\" ><br \/>\n\t\t\t\t\t<\/a><br \/>\n\t\t\t\t\t\t<a href=\"http:\/\/blocs.xtec.cat\/ceiplloret\/\" target=\"_blank\" >Captura de pantalla 2018-02-16 a les 1.09.30<\/a>\t\t\t\t\t\t\t\t\t\t\t<\/p>\n<ul>\n<li class=\"slideshow_togglePlay\" data-play-text=\"Visualitza\" data-pause-text=\"Pausa\"><\/li>\n<\/ul>\n<p>Les instal\u00b7lacions de l&#8217;Institut Escola s\u00f3n&hellip;  <a href=\"https:\/\/agora.xtec.cat\/ielloret\/lescola\/instal%c2%b7lacions\/\" title=\"Read Instal\u00b7lacions\">Llegeix m\u00e9s\u00bb<\/a><\/p>\n","protected":false},"author":1,"featured_media":0,"parent":22,"menu_order":40,"comment_status":"closed","ping_status":"closed","template":"page-templates\/side-menu.php","meta":{"_bbp_topic_count":0,"_bbp_reply_count":0,"_bbp_total_topic_count":0,"_bbp_total_reply_count":0,"_bbp_voice_count":0,"_bbp_anonymous_reply_count":0,"_bbp_topic_count_hidden":0,"_bbp_reply_count_hidden":0,"_bbp_forum_subforum_count":0,"footnotes":""},"class_list":["post-30","page","type-page","status-publish","hentry"],"post_mailing_queue_ids":[],"_links":{"self":[{"href":"https:\/\/agora.xtec.cat\/ielloret\/wp-json\/wp\/v2\/pages\/30","targetHints":{"allow":["GET"]}}],"collection":[{"href":"https:\/\/agora.xtec.cat\/ielloret\/wp-json\/wp\/v2\/pages"}],"about":[{"href":"https:\/\/agora.xtec.cat\/ielloret\/wp-json\/wp\/v2\/types\/page"}],"author":[{"embeddable":true,"href":"https:\/\/agora.xtec.cat\/ielloret\/wp-json\/wp\/v2\/users\/1"}],"replies":[{"embeddable":true,"href":"https:\/\/agora.xtec.cat\/ielloret\/wp-json\/wp\/v2\/comments?post=30"}],"version-history":[{"count":3,"href":"https:\/\/agora.xtec.cat\/ielloret\/wp-json\/wp\/v2\/pages\/30\/revisions"}],"predecessor-version":[{"id":3430,"href":"https:\/\/agora.xtec.cat\/ielloret\/wp-json\/wp\/v2\/pages\/30\/revisions\/3430"}],"up":[{"embeddable":true,"href":"https:\/\/agora.xtec.cat\/ielloret\/wp-json\/wp\/v2\/pages\/22"}],"wp:attachment":[{"href":"https:\/\/agora.xtec.cat\/ielloret\/wp-json\/wp\/v2\/media?parent=30"}],"curies":[{"name":"wp","href":"https:\/\/api.w.org\/{rel}","templated":true}]}}