{"id":2852,"date":"2023-02-09T13:06:50","date_gmt":"2023-02-09T12:06:50","guid":{"rendered":"http:\/\/agora.xtec.cat\/ielloret\/?page_id=2852"},"modified":"2025-06-16T12:14:53","modified_gmt":"2025-06-16T10:14:53","slug":"preinscripcio-2025-26","status":"publish","type":"page","link":"https:\/\/agora.xtec.cat\/ielloret\/preinscripcio-2025-26\/","title":{"rendered":"PREINSCRIPCI\u00d3 2025\/26"},"content":{"rendered":"<h3><img loading=\"lazy\" decoding=\"async\" class=\"aligncenter wp-image-3508 \" src=\"https:\/\/agora.xtec.cat\/ielloret\/wp-content\/uploads\/usu443\/2021\/03\/Vera-Tropical-2-e1614938267485.png\" alt=\"\" width=\"534\" height=\"121\" \/><\/h3>\n<h3><\/h3>\n<p>Recordeu que si teniu qualsevol dubte per a fer la preinscripci\u00f3 online ens podeu trucar i us donarem hora per a fer-la aqu\u00ed en el centre.<\/p>\n<p>Tel\u00e8fon: 972361495<\/p>\n<p><strong>Alumnes assignats al centre amb indicaci\u00f3 de la primera petici\u00f3 a 16\/06\/2025<\/strong><\/p>\n<p><iframe loading=\"lazy\" src=\"https:\/\/drive.google.com\/file\/d\/1oRytuMGVNUK281aXUBGlLD9-x7TdGsvs\/preview\" width=\"640\" height=\"480\"><span data-mce-type=\"bookmark\" style=\"display: inline-block; width: 0px; overflow: hidden; line-height: 0;\" class=\"mce_SELRES_start\">\ufeff<\/span><span data-mce-type=\"bookmark\" style=\"display: inline-block; width: 0px; overflow: hidden; line-height: 0;\" class=\"mce_SELRES_start\"><\/span><span data-mce-type=\"bookmark\" style=\"display: inline-block; width: 0px; overflow: hidden; line-height: 0;\" class=\"mce_SELRES_start\"><\/span><span data-mce-type=\"bookmark\" style=\"display: inline-block; width: 0px; overflow: hidden; line-height: 0;\" class=\"mce_SELRES_start\"><\/span><\/iframe><\/p>\n<p>&nbsp;<\/p>\n<p><strong>Publicaci\u00f3 de la llista d&#8217;espera del centre a 16\/06\/2025<\/strong><br \/>\n<iframe loading=\"lazy\" src=\"https:\/\/drive.google.com\/file\/d\/1QelcTzXhy3xhuHs6IRY02Es6Kv0LY8E5\/preview\" width=\"640\" height=\"480\"><span data-mce-type=\"bookmark\" style=\"display: inline-block; width: 0px; overflow: hidden; line-height: 0;\" class=\"mce_SELRES_start\">\ufeff<\/span><span data-mce-type=\"bookmark\" style=\"display: inline-block; width: 0px; overflow: hidden; line-height: 0;\" class=\"mce_SELRES_start\"><\/span><span data-mce-type=\"bookmark\" style=\"display: inline-block; width: 0px; overflow: hidden; line-height: 0;\" class=\"mce_SELRES_start\"><\/span><span data-mce-type=\"bookmark\" style=\"display: inline-block; width: 0px; overflow: hidden; line-height: 0;\" class=\"mce_SELRES_start\"><\/span><\/iframe><\/p>\n<p>&nbsp;<\/p>\n<p><strong>Publicaci\u00f3 de la llista de sol\u00b7licituds que han demanat el centre i l&#8217;ensenyament en primera<\/strong><br \/>\n<strong>petici\u00f3 ordenada a 09\/05\/2025<\/strong><\/p>\n<p><iframe loading=\"lazy\" src=\"https:\/\/drive.google.com\/file\/d\/1Ew4aZeEaRpb40VsaMbKcsADKGH-YHAu2\/preview\" width=\"640\" height=\"480\"><span data-mce-type=\"bookmark\" style=\"display: inline-block; width: 0px; overflow: hidden; line-height: 0;\" class=\"mce_SELRES_start\">\ufeff<\/span><span data-mce-type=\"bookmark\" style=\"display: inline-block; width: 0px; overflow: hidden; line-height: 0;\" class=\"mce_SELRES_start\"><\/span><span data-mce-type=\"bookmark\" style=\"display: inline-block; width: 0px; overflow: hidden; line-height: 0;\" class=\"mce_SELRES_start\"><\/span><span data-mce-type=\"bookmark\" style=\"display: inline-block; width: 0px; overflow: hidden; line-height: 0;\" class=\"mce_SELRES_start\"><\/span><\/iframe><\/p>\n<p>&nbsp;<\/p>\n<p><strong>N\u00daMERO DE DESEMPAT<\/strong> (08\/05\/2025): 76261<\/p>\n<p><strong>BAREM DEFINITIU<\/strong><br \/>\n<iframe loading=\"lazy\" src=\"https:\/\/drive.google.com\/file\/d\/12xk-ELIaBojecy3RsrBOawOl5clkUxKF\/preview\" width=\"640\" height=\"480\"><span data-mce-type=\"bookmark\" style=\"display: inline-block; width: 0px; overflow: hidden; line-height: 0;\" class=\"mce_SELRES_start\"><\/span><span data-mce-type=\"bookmark\" style=\"display: inline-block; width: 0px; overflow: hidden; line-height: 0;\" class=\"mce_SELRES_start\"><\/span><span data-mce-type=\"bookmark\" style=\"display: inline-block; width: 0px; overflow: hidden; line-height: 0;\" class=\"mce_SELRES_start\"><\/span><\/iframe><\/p>\n<p>&nbsp;<\/p>\n<p><strong>BAREM PROVISIONAL<\/strong><br \/>\n<iframe loading=\"lazy\" src=\"https:\/\/drive.google.com\/file\/d\/1OXwTJ5Uf4B_0DEQLym-dOJur-THGqeXN\/preview\" width=\"640\" height=\"480\"><span data-mce-type=\"bookmark\" style=\"display: inline-block; width: 0px; overflow: hidden; line-height: 0;\" class=\"mce_SELRES_start\"><\/span><span data-mce-type=\"bookmark\" style=\"display: inline-block; width: 0px; overflow: hidden; line-height: 0;\" class=\"mce_SELRES_start\"><\/span><span data-mce-type=\"bookmark\" style=\"display: inline-block; width: 0px; overflow: hidden; line-height: 0;\" class=\"mce_SELRES_start\"><\/span><\/iframe><\/p>\n<p>&nbsp;<\/p>\n<p><strong>OFERTA INICIAL DE PLACES<\/strong><\/p>\n<p><iframe loading=\"lazy\" src=\"https:\/\/drive.google.com\/file\/d\/1gG849hkSNzSZdVpnGy982f5lxLBGixdl\/preview\" width=\"640\" height=\"480\"><span data-mce-type=\"bookmark\" style=\"display: inline-block; width: 0px; overflow: hidden; line-height: 0;\" class=\"mce_SELRES_start\"><\/span><span data-mce-type=\"bookmark\" style=\"display: inline-block; width: 0px; overflow: hidden; line-height: 0;\" class=\"mce_SELRES_start\"><\/span><span data-mce-type=\"bookmark\" style=\"display: inline-block; width: 0px; overflow: hidden; line-height: 0;\" class=\"mce_SELRES_start\"><\/span><\/iframe><\/p>\n<hr \/>\n<p>&nbsp;<\/p>\n<p><strong style=\"color: #ff00ff; font-size: 1.6875em;\">DATES:<\/strong><\/p>\n<p>EDUCACI\u00d3 INFANTIL I EDUCACI\u00d3 PRIM\u00c0RIA:\u00a0 \u00a0<strong>PREINSCRIPCI\u00d3 ON-LINE (Telem\u00e0tica)\u00a0<\/strong><\/p>\n<p>EDUCACI\u00d3 SECUND\u00c0RIA OBLIGAT\u00d2RIA (ESO): <strong>PREINSCRIPCI\u00d3 ON-LINE (Telem\u00e0tica)\u00a0<\/strong><\/p>\n<p><a href=\"https:\/\/agora.xtec.cat\/ielloret\/wp-content\/uploads\/usu443\/2025\/02\/GENE_CONSTRUIM-FUTURS_BANNER_832x468_V03_Text.jpg\"><img loading=\"lazy\" decoding=\"async\" class=\"alignnone size-full wp-image-4346\" src=\"https:\/\/agora.xtec.cat\/ielloret\/wp-content\/uploads\/usu443\/2025\/02\/GENE_CONSTRUIM-FUTURS_BANNER_832x468_V03_Text.jpg\" alt=\"\" width=\"833\" height=\"469\" srcset=\"https:\/\/agora.xtec.cat\/ielloret\/wp-content\/uploads\/usu443\/2025\/02\/GENE_CONSTRUIM-FUTURS_BANNER_832x468_V03_Text.jpg 833w, https:\/\/agora.xtec.cat\/ielloret\/wp-content\/uploads\/usu443\/2025\/02\/GENE_CONSTRUIM-FUTURS_BANNER_832x468_V03_Text-300x169.jpg 300w, https:\/\/agora.xtec.cat\/ielloret\/wp-content\/uploads\/usu443\/2025\/02\/GENE_CONSTRUIM-FUTURS_BANNER_832x468_V03_Text-768x432.jpg 768w\" sizes=\"auto, (max-width: 833px) 100vw, 833px\" \/><\/a><\/p>\n<div>Amb enlla\u00e7 al web del departament per fer la preinscripci\u00f3<\/div>\n<div><\/div>\n<div>Infantil\u00a0<a href=\"https:\/\/preinscripcio.gencat.cat\/ca\/estudis\/infantil-3-6\/inici\/\" target=\"_blank\" rel=\"noopener\" data-saferedirecturl=\"https:\/\/www.google.com\/url?q=https:\/\/preinscripcio.gencat.cat\/ca\/estudis\/infantil-3-6\/inici\/&amp;source=gmail&amp;ust=1740062266238000&amp;usg=AOvVaw1wFcqnWGmVXjorh7BlRgjZ\">https:\/\/<wbr \/>preinscripcio.gencat.cat\/ca\/<wbr \/>estudis\/infantil-3-6\/inici\/<\/a><\/div>\n<div><\/div>\n<div>Prim\u00e0ria\u00a0<a href=\"https:\/\/preinscripcio.gencat.cat\/ca\/estudis\/primaria\/inici\/\" target=\"_blank\" rel=\"noopener\" data-saferedirecturl=\"https:\/\/www.google.com\/url?q=https:\/\/preinscripcio.gencat.cat\/ca\/estudis\/primaria\/inici\/&amp;source=gmail&amp;ust=1740062266238000&amp;usg=AOvVaw1r7w7pWS5OXZU09FmI1kuw\">https:\/\/<wbr \/>preinscripcio.gencat.cat\/ca\/<wbr \/>estudis\/primaria\/inici\/<\/a><\/div>\n<div><\/div>\n<div>Secund\u00e0ria\u00a0<a href=\"https:\/\/preinscripcio.gencat.cat\/ca\/estudis\/eso\/inici\/\" target=\"_blank\" rel=\"noopener\" data-saferedirecturl=\"https:\/\/www.google.com\/url?q=https:\/\/preinscripcio.gencat.cat\/ca\/estudis\/eso\/inici\/&amp;source=gmail&amp;ust=1740062266238000&amp;usg=AOvVaw0g5Qu791Tp3-QcaMVQ6F2z\">https:\/\/<wbr \/>preinscripcio.gencat.cat\/ca\/<wbr \/>estudis\/eso\/inici\/<\/a><\/div>\n<div><\/div>\n<div><\/div>\n<div><\/div>\n<hr \/>\n<p>&nbsp;<\/p>\n<p style=\"text-align: center;\">CONTACTE DEL CENTRE: Correu: b7009898@xtec.cat\u00a0 \u00a0 \u00a0Tel\u00e8fon: 972361495<\/p>\n<div><\/div>\n<div class=\"dh-page-object text ember-view\"><\/div>\n<div class=\"dh-page-object text ember-view\"><\/div>\n<hr \/>\n","protected":false},"excerpt":{"rendered":"<p>Recordeu que si teniu qualsevol dubte per a fer la preinscripci\u00f3 online ens podeu trucar i us donarem hora per a fer-la aqu\u00ed en el centre.<br \/>\nTel\u00e8fon: 972361495<br \/>\nAlumnes assignats al centre amb indicaci\u00f3 de la primera petici\u00f3 a 16\/06\/2025<br \/>\n\ufeff<br \/>\n&nbsp;<br \/>\nPublicaci\u00f3 de la llista d&#8217;espera del centre a&hellip;  <a href=\"https:\/\/agora.xtec.cat\/ielloret\/preinscripcio-2025-26\/\" title=\"Read PREINSCRIPCI\u00d3 2025\/26\">Llegeix m\u00e9s\u00bb<\/a><\/p>\n","protected":false},"author":1,"featured_media":0,"parent":0,"menu_order":0,"comment_status":"closed","ping_status":"closed","template":"","meta":{"_bbp_topic_count":0,"_bbp_reply_count":0,"_bbp_total_topic_count":0,"_bbp_total_reply_count":0,"_bbp_voice_count":0,"_bbp_anonymous_reply_count":0,"_bbp_topic_count_hidden":0,"_bbp_reply_count_hidden":0,"_bbp_forum_subforum_count":0,"footnotes":""},"class_list":["post-2852","page","type-page","status-publish","hentry"],"post_mailing_queue_ids":[],"_links":{"self":[{"href":"https:\/\/agora.xtec.cat\/ielloret\/wp-json\/wp\/v2\/pages\/2852","targetHints":{"allow":["GET"]}}],"collection":[{"href":"https:\/\/agora.xtec.cat\/ielloret\/wp-json\/wp\/v2\/pages"}],"about":[{"href":"https:\/\/agora.xtec.cat\/ielloret\/wp-json\/wp\/v2\/types\/page"}],"author":[{"embeddable":true,"href":"https:\/\/agora.xtec.cat\/ielloret\/wp-json\/wp\/v2\/users\/1"}],"replies":[{"embeddable":true,"href":"https:\/\/agora.xtec.cat\/ielloret\/wp-json\/wp\/v2\/comments?post=2852"}],"version-history":[{"count":7,"href":"https:\/\/agora.xtec.cat\/ielloret\/wp-json\/wp\/v2\/pages\/2852\/revisions"}],"predecessor-version":[{"id":4425,"href":"https:\/\/agora.xtec.cat\/ielloret\/wp-json\/wp\/v2\/pages\/2852\/revisions\/4425"}],"wp:attachment":[{"href":"https:\/\/agora.xtec.cat\/ielloret\/wp-json\/wp\/v2\/media?parent=2852"}],"curies":[{"name":"wp","href":"https:\/\/api.w.org\/{rel}","templated":true}]}}