{"id":28,"date":"2014-09-18T12:29:35","date_gmt":"2014-09-18T11:29:35","guid":{"rendered":"http:\/\/agora.xtec.cat\/ielloret\/?page_id=28"},"modified":"2021-01-26T18:40:29","modified_gmt":"2021-01-26T17:40:29","slug":"consell-escolar","status":"publish","type":"page","link":"https:\/\/agora.xtec.cat\/ielloret\/lescola\/consell-escolar\/","title":{"rendered":"Consell escolar"},"content":{"rendered":"<p>\u00c9s l\u2019\u00f2rgan m\u00e0xim de decisi\u00f3 i participaci\u00f3 del centre on estan representats els diferents sectors de la comunitat educativa.<\/p>\n<p>En el consell escolar hi ha representats tots els col\u00b7lectius que intervenen en la comunitat educativa: direcci\u00f3, professorat, alumnat, personal d\u2019administraci\u00f3 i serveis i pares i mares d\u2019alumnes.<\/p>\n<p>En els centres p\u00fablics, la funci\u00f3 principal del consell escolar \u00e9s participar en la presa de decisions en relaci\u00f3 amb aquells temes importants per al funcionament i l\u2019organitzaci\u00f3 del centre: el projecte educatiu, la programaci\u00f3 general, la gesti\u00f3 econ\u00f2mica, etc.<\/p>\n<p>Els membres del consell escolar s\u00f3n elegits per un per\u00edode de quatre anys i es renoven per meitats cada dos anys.<\/p>\n<p>M\u00e9s informaci\u00f3 a <a href=\"http:\/\/educacio.gencat.cat\/ca\/arees-actuacio\/centres-serveis-educatius\/centres\/consells-escolars-centres\/centres-publics\/\">l&#8217;enlla\u00e7<\/a>.<br \/>\n<img loading=\"lazy\" decoding=\"async\" class=\"alignleft wp-image-556\" src=\"http:\/\/agora.xtec.cat\/ielloret\/wp-content\/uploads\/usu443\/2014\/09\/CEscolar-300x103.png\" alt=\"\" width=\"821\" height=\"282\" \/><\/p>\n","protected":false},"excerpt":{"rendered":"<p>\u00c9s l\u2019\u00f2rgan m\u00e0xim de decisi\u00f3 i participaci\u00f3 del centre on estan representats els diferents sectors de la comunitat educativa.<br \/>\nEn el consell escolar hi ha representats tots els col\u00b7lectius que intervenen en la comunitat educativa: direcci\u00f3, professorat, alumnat, personal d\u2019administraci\u00f3 i serveis i pares i mares&hellip;  <a href=\"https:\/\/agora.xtec.cat\/ielloret\/lescola\/consell-escolar\/\" title=\"Read Consell escolar\">Llegeix m\u00e9s\u00bb<\/a><\/p>\n","protected":false},"author":1,"featured_media":0,"parent":22,"menu_order":30,"comment_status":"closed","ping_status":"closed","template":"page-templates\/side-menu.php","meta":{"_bbp_topic_count":0,"_bbp_reply_count":0,"_bbp_total_topic_count":0,"_bbp_total_reply_count":0,"_bbp_voice_count":0,"_bbp_anonymous_reply_count":0,"_bbp_topic_count_hidden":0,"_bbp_reply_count_hidden":0,"_bbp_forum_subforum_count":0,"footnotes":""},"class_list":["post-28","page","type-page","status-publish","hentry"],"post_mailing_queue_ids":[],"_links":{"self":[{"href":"https:\/\/agora.xtec.cat\/ielloret\/wp-json\/wp\/v2\/pages\/28","targetHints":{"allow":["GET"]}}],"collection":[{"href":"https:\/\/agora.xtec.cat\/ielloret\/wp-json\/wp\/v2\/pages"}],"about":[{"href":"https:\/\/agora.xtec.cat\/ielloret\/wp-json\/wp\/v2\/types\/page"}],"author":[{"embeddable":true,"href":"https:\/\/agora.xtec.cat\/ielloret\/wp-json\/wp\/v2\/users\/1"}],"replies":[{"embeddable":true,"href":"https:\/\/agora.xtec.cat\/ielloret\/wp-json\/wp\/v2\/comments?post=28"}],"version-history":[{"count":3,"href":"https:\/\/agora.xtec.cat\/ielloret\/wp-json\/wp\/v2\/pages\/28\/revisions"}],"predecessor-version":[{"id":3427,"href":"https:\/\/agora.xtec.cat\/ielloret\/wp-json\/wp\/v2\/pages\/28\/revisions\/3427"}],"up":[{"embeddable":true,"href":"https:\/\/agora.xtec.cat\/ielloret\/wp-json\/wp\/v2\/pages\/22"}],"wp:attachment":[{"href":"https:\/\/agora.xtec.cat\/ielloret\/wp-json\/wp\/v2\/media?parent=28"}],"curies":[{"name":"wp","href":"https:\/\/api.w.org\/{rel}","templated":true}]}}