{"id":26,"date":"2017-09-18T12:24:32","date_gmt":"2017-09-18T10:24:32","guid":{"rendered":"http:\/\/agora.xtec.cat\/ielloret\/?page_id=26"},"modified":"2018-02-06T20:49:20","modified_gmt":"2018-02-06T19:49:20","slug":"historia","status":"publish","type":"page","link":"https:\/\/agora.xtec.cat\/ielloret\/lescola\/historia\/","title":{"rendered":"Hist\u00f2ria"},"content":{"rendered":"<p><img loading=\"lazy\" decoding=\"async\" class=\"aligncenter size-medium wp-image-662\" src=\"http:\/\/agora.xtec.cat\/ielloret\/wp-content\/uploads\/usu443\/2017\/09\/foto-IE1-300x225.jpg\" alt=\"\" width=\"300\" height=\"225\" srcset=\"https:\/\/agora.xtec.cat\/ielloret\/wp-content\/uploads\/usu443\/2017\/09\/foto-IE1-300x225.jpg 300w, https:\/\/agora.xtec.cat\/ielloret\/wp-content\/uploads\/usu443\/2017\/09\/foto-IE1-768x576.jpg 768w, https:\/\/agora.xtec.cat\/ielloret\/wp-content\/uploads\/usu443\/2017\/09\/foto-IE1-1024x768.jpg 1024w, https:\/\/agora.xtec.cat\/ielloret\/wp-content\/uploads\/usu443\/2017\/09\/foto-IE1-200x150.jpg 200w, https:\/\/agora.xtec.cat\/ielloret\/wp-content\/uploads\/usu443\/2017\/09\/foto-IE1.jpg 1211w\" sizes=\"auto, (max-width: 300px) 100vw, 300px\" \/><\/p>\n<p>L&#8217;Institut Escola Lloret de Mar va n\u00e9ixer el curs 2010-2011 de la fusi\u00f3 d\u2019una escola que havia comen\u00e7at el 2007-2008 i un IES que havia comen\u00e7at un curs m\u00e9s tard, el 2008-2009.<br \/>\nFins el curs 2010-2011 van existir dos centres educatius independents: l\u2019Escola Nova de Lloret i l\u2019IES de Lloret de Mar, tots dos situats, porta amb porta, al barri de Fenals i en m\u00f2duls prefabricats.<\/p>\n<p>A partir del curs 2011-2012, i responent a la voluntat tant del Departament d\u2019Ensenyament com de l\u2019Ajuntament de la nostra vila, es fusionen i neix l\u2019 Institut Escola de Lloret de Mar, amb un claustre i un equip directiu \u00fanic i amb un cam\u00ed molt il\u00b7lusionant per davant.<br \/>\nDurant uns anys l&#8217;escola i l&#8217;institut van estar en m\u00f2duls prefabricats al costat del Gran Palace. A principis del curs 2011-2012, es va traslladar al nou edifici, la secci\u00f3 de secund\u00e0ria i un any m\u00e9s tard tot infantil i prim\u00e0ria.<br \/>\nL\u2019Institut Escola de Lloret de Mar ofereix tota l&#8217;oferta educativa des de P3 fins a 4t d\u2019ESO sense haver de canviar de centre.<br \/>\nActualment tenim matriculats m\u00e9s de 700 alumnes.Tot i el n\u00famero d&#8217;estudiants, les caracter\u00edstiques f\u00edsiques del nostre edifici fa que alumnat i professorat comparteixin espais espec\u00edfics per a cada etapa, facilitant el coneixement mutu, l&#8217;ordre i la disciplina.<\/p>\n","protected":false},"excerpt":{"rendered":"<p>L&#8217;Institut Escola Lloret de Mar va n\u00e9ixer el curs 2010-2011 de la fusi\u00f3 d\u2019una escola que havia comen\u00e7at el 2007-2008 i un IES que havia comen\u00e7at un curs m\u00e9s tard, el 2008-2009.<br \/>\nFins el curs 2010-2011 van existir dos centres educatius independents: l\u2019Escola Nova de Lloret&hellip;  <a href=\"https:\/\/agora.xtec.cat\/ielloret\/lescola\/historia\/\" title=\"Read Hist\u00f2ria\">Llegeix m\u00e9s\u00bb<\/a><\/p>\n","protected":false},"author":1,"featured_media":0,"parent":22,"menu_order":20,"comment_status":"closed","ping_status":"closed","template":"page-templates\/side-menu.php","meta":{"_bbp_topic_count":0,"_bbp_reply_count":0,"_bbp_total_topic_count":0,"_bbp_total_reply_count":0,"_bbp_voice_count":0,"_bbp_anonymous_reply_count":0,"_bbp_topic_count_hidden":0,"_bbp_reply_count_hidden":0,"_bbp_forum_subforum_count":0,"footnotes":""},"class_list":["post-26","page","type-page","status-publish","hentry"],"post_mailing_queue_ids":[],"_links":{"self":[{"href":"https:\/\/agora.xtec.cat\/ielloret\/wp-json\/wp\/v2\/pages\/26","targetHints":{"allow":["GET"]}}],"collection":[{"href":"https:\/\/agora.xtec.cat\/ielloret\/wp-json\/wp\/v2\/pages"}],"about":[{"href":"https:\/\/agora.xtec.cat\/ielloret\/wp-json\/wp\/v2\/types\/page"}],"author":[{"embeddable":true,"href":"https:\/\/agora.xtec.cat\/ielloret\/wp-json\/wp\/v2\/users\/1"}],"replies":[{"embeddable":true,"href":"https:\/\/agora.xtec.cat\/ielloret\/wp-json\/wp\/v2\/comments?post=26"}],"version-history":[{"count":3,"href":"https:\/\/agora.xtec.cat\/ielloret\/wp-json\/wp\/v2\/pages\/26\/revisions"}],"predecessor-version":[{"id":688,"href":"https:\/\/agora.xtec.cat\/ielloret\/wp-json\/wp\/v2\/pages\/26\/revisions\/688"}],"up":[{"embeddable":true,"href":"https:\/\/agora.xtec.cat\/ielloret\/wp-json\/wp\/v2\/pages\/22"}],"wp:attachment":[{"href":"https:\/\/agora.xtec.cat\/ielloret\/wp-json\/wp\/v2\/media?parent=26"}],"curies":[{"name":"wp","href":"https:\/\/api.w.org\/{rel}","templated":true}]}}