{"id":2480,"date":"2022-02-09T21:17:00","date_gmt":"2022-02-09T20:17:00","guid":{"rendered":"https:\/\/agora.xtec.cat\/ceipllibertat\/?page_id=2480"},"modified":"2026-02-11T10:07:45","modified_gmt":"2026-02-11T09:07:45","slug":"visites-individuals","status":"publish","type":"page","link":"https:\/\/agora.xtec.cat\/iellibertat\/visites-individuals\/","title":{"rendered":"Visites individuals"},"content":{"rendered":"<p><span class=\"col-sm-12 dekstop\">La preinscripci\u00f3 escolar \u00e9s un moment important per a les fam\u00edlies <\/span>per aix\u00f2 un any m\u00e9s des de l&#8217;Institut Escola Llibertat, volem estar al vostre costat i acompanyar-vos durant tot el proc\u00e9s.<\/p>\n<p>Us convidem a venir a con\u00e8ixer el nostre projecte educatiu.<\/p>\n<p>&nbsp;<\/p>\n<p>Aquestes visites s\u00f3n amb cita pr\u00e8via a trav\u00e9s dels canals seg\u00fcents:<\/p>\n<p><img loading=\"lazy\" decoding=\"async\" class=\"alignnone\" src=\"https:\/\/depor.com\/resizer\/2gfeLkcl54FGPcWoaCevHTw5OO4=\/580x330\/smart\/filters:format(jpeg):quality(75)\/cloudfront-us-east-1.images.arcpublishing.com\/elcomercio\/6C7QFZTXMBBURMD2PNDE3HVHW4.jpg\" alt=\"Gmail | C\u00f3mo saber si ya leyeron mi mail | Correo electr\u00f3nico | Truco 2020 | Tutorial | Aplicaciones | Apps | PC | Google Chrome | Computadora | Laptop | Smartphone |\" width=\"111\" height=\"63\" \/>\u00a0 \u00a0 \u00a0 \u00a0 \u00a0 \u00a0 \u00a0 \u00a0 \u00a0 \u00a0 \u00a0 \u00a0 <img loading=\"lazy\" decoding=\"async\" class=\"alignnone\" src=\"https:\/\/upload.wikimedia.org\/wikipedia\/commons\/thumb\/6\/6b\/WhatsApp.svg\/640px-WhatsApp.svg.png\" alt=\"WhatsApp - Wikipedia, la enciclopedia libre\" width=\"75\" height=\"75\" \/>\u00a0 \u00a0 \u00a0 \u00a0 \u00a0 \u00a0 \u00a0 \u00a0 \u00a0 \u00a0 \u00a0 \u00a0 \u00a0 \u00a0 \u00a0 \u00a0 <img loading=\"lazy\" decoding=\"async\" class=\"alignnone\" src=\"https:\/\/fsymbols.com\/images\/phone-icon.png\" alt=\"Simbolo telefono \u2706\u260e\u260f\ud83d\udcf1\" width=\"68\" height=\"68\" \/>\u00a0 \u00a0 \u00a0 \u00a0 \u00a0 \u00a0 \u00a0 \u00a0 \u00a0 \u00a0 \u00a0 \u00a0 \u00a0 <img loading=\"lazy\" decoding=\"async\" class=\"alignnone\" title=\"Formulari visites concertades\" src=\"https:\/\/xarxanet.org\/sites\/default\/files\/styles\/crop_5_3\/public\/assets\/media\/image\/2022-11\/to-do-gfe0f52b72_1920.jpg.webp?itok=nRfKxV5-\" alt=\"Crea formularis amb Google Forms\" width=\"116\" height=\"70\" \/><\/p>\n<p>iellibertat@xtec.cat\u00a0 \u00a0 \u00a0 \u00a0 \u00a0 \u00a0 \u00a0 621368327\u00a0 \u00a0 \u00a0 \u00a0 \u00a0 \u00a0 \u00a0 \u00a0 \u00a0 \u00a0 \u00a0 \u00a0 \u00a0 933976761\u00a0 \u00a0 \u00a0 \u00a0 \u00a0 \u00a0 \u00a0 \u00a0 \u00a0 \u00a0 \u00a0<a href=\"https:\/\/docs.google.com\/forms\/d\/e\/1FAIpQLScgNkIjAw_-OF2eqZLSAXK2m6Z6YSR1KaDxzEbjUytmZmInBg\/viewform?usp=sharing&amp;ouid=105182829805436150816\">Formulari<\/a><\/p>\n<p>&nbsp;<\/p>\n","protected":false},"excerpt":{"rendered":"<p>La preinscripci\u00f3 escolar \u00e9s un moment important per a les fam\u00edlies per aix\u00f2 un any m\u00e9s des de l&#8217;Institut Escola Llibertat, volem estar al vostre costat i acompanyar-vos durant tot el proc\u00e9s. Us convidem a venir a con\u00e8ixer el nostre projecte educatiu. &nbsp; Aquestes visites s\u00f3n amb cita pr\u00e8via a trav\u00e9s dels canals seg\u00fcents: \u00a0 [&hellip;]<\/p>\n","protected":false},"author":1,"featured_media":0,"parent":0,"menu_order":4,"comment_status":"closed","ping_status":"closed","template":"","meta":{"_bbp_topic_count":0,"_bbp_reply_count":0,"_bbp_total_topic_count":0,"_bbp_total_reply_count":0,"_bbp_voice_count":0,"_bbp_anonymous_reply_count":0,"_bbp_topic_count_hidden":0,"_bbp_reply_count_hidden":0,"_bbp_forum_subforum_count":0,"site-sidebar-layout":"no-sidebar","site-content-layout":"","ast-site-content-layout":"default","site-content-style":"default","site-sidebar-style":"default","ast-global-header-display":"","ast-banner-title-visibility":"","ast-main-header-display":"","ast-hfb-above-header-display":"","ast-hfb-below-header-display":"","ast-hfb-mobile-header-display":"","site-post-title":"","ast-breadcrumbs-content":"","ast-featured-img":"","footer-sml-layout":"","theme-transparent-header-meta":"default","adv-header-id-meta":"","stick-header-meta":"","header-above-stick-meta":"","header-main-stick-meta":"","header-below-stick-meta":"","astra-migrate-meta-layouts":"set","ast-page-background-enabled":"default","ast-page-background-meta":{"desktop":{"background-color":"var(--ast-global-color-4)","background-image":"","background-repeat":"repeat","background-position":"center center","background-size":"auto","background-attachment":"scroll","background-type":"","background-media":"","overlay-type":"","overlay-color":"","overlay-opacity":"","overlay-gradient":""},"tablet":{"background-color":"","background-image":"","background-repeat":"repeat","background-position":"center center","background-size":"auto","background-attachment":"scroll","background-type":"","background-media":"","overlay-type":"","overlay-color":"","overlay-opacity":"","overlay-gradient":""},"mobile":{"background-color":"","background-image":"","background-repeat":"repeat","background-position":"center center","background-size":"auto","background-attachment":"scroll","background-type":"","background-media":"","overlay-type":"","overlay-color":"","overlay-opacity":"","overlay-gradient":""}},"ast-content-background-meta":{"desktop":{"background-color":"var(--ast-global-color-5)","background-image":"","background-repeat":"repeat","background-position":"center center","background-size":"auto","background-attachment":"scroll","background-type":"","background-media":"","overlay-type":"","overlay-color":"","overlay-opacity":"","overlay-gradient":""},"tablet":{"background-color":"var(--ast-global-color-5)","background-image":"","background-repeat":"repeat","background-position":"center center","background-size":"auto","background-attachment":"scroll","background-type":"","background-media":"","overlay-type":"","overlay-color":"","overlay-opacity":"","overlay-gradient":""},"mobile":{"background-color":"var(--ast-global-color-5)","background-image":"","background-repeat":"repeat","background-position":"center center","background-size":"auto","background-attachment":"scroll","background-type":"","background-media":"","overlay-type":"","overlay-color":"","overlay-opacity":"","overlay-gradient":""}},"footnotes":""},"class_list":["post-2480","page","type-page","status-publish","hentry"],"post_mailing_queue_ids":[],"_links":{"self":[{"href":"https:\/\/agora.xtec.cat\/iellibertat\/wp-json\/wp\/v2\/pages\/2480","targetHints":{"allow":["GET"]}}],"collection":[{"href":"https:\/\/agora.xtec.cat\/iellibertat\/wp-json\/wp\/v2\/pages"}],"about":[{"href":"https:\/\/agora.xtec.cat\/iellibertat\/wp-json\/wp\/v2\/types\/page"}],"author":[{"embeddable":true,"href":"https:\/\/agora.xtec.cat\/iellibertat\/wp-json\/wp\/v2\/users\/1"}],"replies":[{"embeddable":true,"href":"https:\/\/agora.xtec.cat\/iellibertat\/wp-json\/wp\/v2\/comments?post=2480"}],"version-history":[{"count":7,"href":"https:\/\/agora.xtec.cat\/iellibertat\/wp-json\/wp\/v2\/pages\/2480\/revisions"}],"predecessor-version":[{"id":3592,"href":"https:\/\/agora.xtec.cat\/iellibertat\/wp-json\/wp\/v2\/pages\/2480\/revisions\/3592"}],"wp:attachment":[{"href":"https:\/\/agora.xtec.cat\/iellibertat\/wp-json\/wp\/v2\/media?parent=2480"}],"curies":[{"name":"wp","href":"https:\/\/api.w.org\/{rel}","templated":true}]}}