{"id":8308,"date":"2025-09-16T16:24:26","date_gmt":"2025-09-16T14:24:26","guid":{"rendered":"https:\/\/agora.xtec.cat\/ielesvinyes\/?page_id=8308"},"modified":"2025-09-16T16:24:26","modified_gmt":"2025-09-16T14:24:26","slug":"equip-huma-24-25","status":"publish","type":"page","link":"https:\/\/agora.xtec.cat\/ielesvinyes\/equip-huma-24-25\/","title":{"rendered":"Equip hum\u00e0 &#8211; 24-25"},"content":{"rendered":"<p><img loading=\"lazy\" decoding=\"async\" class=\"alignnone wp-image-8068 size-full\" src=\"https:\/\/agora.xtec.cat\/ielesvinyes\/wp-content\/uploads\/usu1433\/2024\/09\/equip_directiu-1-e1727099793259.jpg\" alt=\"\" width=\"901\" height=\"501\" srcset=\"https:\/\/agora.xtec.cat\/ielesvinyes\/wp-content\/uploads\/usu1433\/2024\/09\/equip_directiu-1-e1727099793259.jpg 901w, https:\/\/agora.xtec.cat\/ielesvinyes\/wp-content\/uploads\/usu1433\/2024\/09\/equip_directiu-1-e1727099793259-300x167.jpg 300w, https:\/\/agora.xtec.cat\/ielesvinyes\/wp-content\/uploads\/usu1433\/2024\/09\/equip_directiu-1-e1727099793259-768x427.jpg 768w\" sizes=\"auto, (max-width: 901px) 100vw, 901px\" \/><img loading=\"lazy\" decoding=\"async\" class=\"alignnone wp-image-8066 size-full\" src=\"https:\/\/agora.xtec.cat\/ielesvinyes\/wp-content\/uploads\/usu1433\/2024\/09\/equip_petits-e1727099831129.jpg\" alt=\"\" width=\"900\" height=\"708\" srcset=\"https:\/\/agora.xtec.cat\/ielesvinyes\/wp-content\/uploads\/usu1433\/2024\/09\/equip_petits-e1727099831129.jpg 900w, https:\/\/agora.xtec.cat\/ielesvinyes\/wp-content\/uploads\/usu1433\/2024\/09\/equip_petits-e1727099831129-300x236.jpg 300w, https:\/\/agora.xtec.cat\/ielesvinyes\/wp-content\/uploads\/usu1433\/2024\/09\/equip_petits-e1727099831129-768x604.jpg 768w\" sizes=\"auto, (max-width: 900px) 100vw, 900px\" \/><img loading=\"lazy\" decoding=\"async\" class=\"alignnone wp-image-8065 size-full\" style=\"font-family: inherit; font-size: 1em;\" src=\"https:\/\/agora.xtec.cat\/ielesvinyes\/wp-content\/uploads\/usu1433\/2024\/09\/equip_mitjans-e1727099845830.jpg\" alt=\"\" width=\"902\" height=\"710\" srcset=\"https:\/\/agora.xtec.cat\/ielesvinyes\/wp-content\/uploads\/usu1433\/2024\/09\/equip_mitjans-e1727099845830.jpg 902w, https:\/\/agora.xtec.cat\/ielesvinyes\/wp-content\/uploads\/usu1433\/2024\/09\/equip_mitjans-e1727099845830-300x236.jpg 300w, https:\/\/agora.xtec.cat\/ielesvinyes\/wp-content\/uploads\/usu1433\/2024\/09\/equip_mitjans-e1727099845830-768x605.jpg 768w\" sizes=\"auto, (max-width: 902px) 100vw, 902px\" \/><img loading=\"lazy\" decoding=\"async\" class=\"alignnone wp-image-8064 size-full\" style=\"font-family: inherit; font-size: 1em;\" src=\"https:\/\/agora.xtec.cat\/ielesvinyes\/wp-content\/uploads\/usu1433\/2024\/09\/equip_grans-e1727099863367.jpg\" alt=\"\" width=\"904\" height=\"708\" srcset=\"https:\/\/agora.xtec.cat\/ielesvinyes\/wp-content\/uploads\/usu1433\/2024\/09\/equip_grans-e1727099863367.jpg 904w, https:\/\/agora.xtec.cat\/ielesvinyes\/wp-content\/uploads\/usu1433\/2024\/09\/equip_grans-e1727099863367-300x235.jpg 300w, https:\/\/agora.xtec.cat\/ielesvinyes\/wp-content\/uploads\/usu1433\/2024\/09\/equip_grans-e1727099863367-768x601.jpg 768w\" sizes=\"auto, (max-width: 904px) 100vw, 904px\" \/> <span style=\"font-family: inherit; font-size: 1em;\">\u00a0<img loading=\"lazy\" decoding=\"async\" class=\"alignnone wp-image-8060 size-full\" src=\"https:\/\/agora.xtec.cat\/ielesvinyes\/wp-content\/uploads\/usu1433\/2024\/09\/equip_eso1-e1727099878370.jpg\" alt=\"\" width=\"903\" height=\"711\" srcset=\"https:\/\/agora.xtec.cat\/ielesvinyes\/wp-content\/uploads\/usu1433\/2024\/09\/equip_eso1-e1727099878370.jpg 903w, https:\/\/agora.xtec.cat\/ielesvinyes\/wp-content\/uploads\/usu1433\/2024\/09\/equip_eso1-e1727099878370-300x236.jpg 300w, https:\/\/agora.xtec.cat\/ielesvinyes\/wp-content\/uploads\/usu1433\/2024\/09\/equip_eso1-e1727099878370-768x605.jpg 768w\" sizes=\"auto, (max-width: 903px) 100vw, 903px\" \/> <img loading=\"lazy\" decoding=\"async\" class=\"alignnone wp-image-8061 size-full\" src=\"https:\/\/agora.xtec.cat\/ielesvinyes\/wp-content\/uploads\/usu1433\/2024\/09\/equip_eso2-e1727099893986.jpg\" alt=\"\" width=\"903\" height=\"707\" srcset=\"https:\/\/agora.xtec.cat\/ielesvinyes\/wp-content\/uploads\/usu1433\/2024\/09\/equip_eso2-e1727099893986.jpg 903w, https:\/\/agora.xtec.cat\/ielesvinyes\/wp-content\/uploads\/usu1433\/2024\/09\/equip_eso2-e1727099893986-300x235.jpg 300w, https:\/\/agora.xtec.cat\/ielesvinyes\/wp-content\/uploads\/usu1433\/2024\/09\/equip_eso2-e1727099893986-768x601.jpg 768w\" sizes=\"auto, (max-width: 903px) 100vw, 903px\" \/> <img loading=\"lazy\" decoding=\"async\" class=\"alignnone wp-image-8062 size-full\" src=\"https:\/\/agora.xtec.cat\/ielesvinyes\/wp-content\/uploads\/usu1433\/2024\/09\/equip_eso3-e1727099913761.jpg\" alt=\"\" width=\"902\" height=\"710\" srcset=\"https:\/\/agora.xtec.cat\/ielesvinyes\/wp-content\/uploads\/usu1433\/2024\/09\/equip_eso3-e1727099913761.jpg 902w, https:\/\/agora.xtec.cat\/ielesvinyes\/wp-content\/uploads\/usu1433\/2024\/09\/equip_eso3-e1727099913761-300x236.jpg 300w, https:\/\/agora.xtec.cat\/ielesvinyes\/wp-content\/uploads\/usu1433\/2024\/09\/equip_eso3-e1727099913761-768x605.jpg 768w\" sizes=\"auto, (max-width: 902px) 100vw, 902px\" \/> <img loading=\"lazy\" decoding=\"async\" class=\"alignnone wp-image-8063 size-full\" src=\"https:\/\/agora.xtec.cat\/ielesvinyes\/wp-content\/uploads\/usu1433\/2024\/09\/equip_eso4-e1727099927160.jpg\" alt=\"\" width=\"904\" height=\"708\" srcset=\"https:\/\/agora.xtec.cat\/ielesvinyes\/wp-content\/uploads\/usu1433\/2024\/09\/equip_eso4-e1727099927160.jpg 904w, https:\/\/agora.xtec.cat\/ielesvinyes\/wp-content\/uploads\/usu1433\/2024\/09\/equip_eso4-e1727099927160-300x235.jpg 300w, https:\/\/agora.xtec.cat\/ielesvinyes\/wp-content\/uploads\/usu1433\/2024\/09\/equip_eso4-e1727099927160-768x601.jpg 768w\" sizes=\"auto, (max-width: 904px) 100vw, 904px\" \/>\u00a0\u00a0<\/span><\/p>\n<h3>Hist\u00f2ric<\/h3>\n<p><a href=\"https:\/\/agora.xtec.cat\/ielesvinyes\/equip-huma-22-23\/\">Equip hum\u00e0 &#8211; 2021-22<\/a><\/p>\n<p><a href=\"https:\/\/agora.xtec.cat\/ielesvinyes\/equip-huma-2020-21\/\">Equip hum\u00e0 &#8211; 2020-21<\/a><\/p>\n<p><a href=\"https:\/\/agora.xtec.cat\/ielesvinyes\/equip-huma-2019-20\/\">Equip hum\u00e0 &#8211; 2019-20<\/a><\/p>\n<p><a href=\"https:\/\/agora.xtec.cat\/ielesvinyes\/organigrama\/\" target=\"_blank\" rel=\"noopener noreferrer\">Equip hum\u00e0 &#8211; 2018-19<\/a><\/p>\n<p><a href=\"https:\/\/agora.xtec.cat\/ielesvinyes\/equip-huma-2\/\">Equip hum\u00e0 &#8211; 2017-18<\/a><\/p>\n<p><a href=\"https:\/\/agora.xtec.cat\/ielesvinyes\/equip-huma-2\/2016-17\/\">Equip hum\u00e0 &#8211; 2016-17<\/a><\/p>\n<p><a href=\"https:\/\/agora.xtec.cat\/ielesvinyes\/equip-huma-2\/equip-huma-2015-2016\/\">Equip hum\u00e0 &#8211; 2015-16<\/a><\/p>\n<p><a href=\"https:\/\/agora.xtec.cat\/ielesvinyes\/equip-huma-2\/equip-huma-curs-2014-2015\/\">Equip hum\u00e0 &#8211; 2014-15<\/a><\/p>\n<p><a href=\"https:\/\/agora.xtec.cat\/ielesvinyes\/equip-huma-2\/equip-huma\/\">Equip hum\u00e0 &#8211; 2013-14<\/a><\/p>\n","protected":false},"excerpt":{"rendered":"<p>\u00a0 \u00a0\u00a0 Hist\u00f2ric Equip hum\u00e0 &#8211; 2021-22 Equip hum\u00e0 &#8211; 2020-21 Equip hum\u00e0 &#8211; 2019-20 Equip hum\u00e0 &#8211; 2018-19 Equip hum\u00e0 &#8211; 2017-18 Equip hum\u00e0 &#8211; 2016-17 Equip hum\u00e0 &#8211; 2015-16 Equip hum\u00e0 &#8211; 2014-15 Equip hum\u00e0 &#8211; 2013-14<\/p>\n","protected":false},"author":6,"featured_media":0,"parent":0,"menu_order":0,"comment_status":"closed","ping_status":"closed","template":"","meta":{"_bbp_topic_count":0,"_bbp_reply_count":0,"_bbp_total_topic_count":0,"_bbp_total_reply_count":0,"_bbp_voice_count":0,"_bbp_anonymous_reply_count":0,"_bbp_topic_count_hidden":0,"_bbp_reply_count_hidden":0,"_bbp_forum_subforum_count":0,"site-sidebar-layout":"default","site-content-layout":"","ast-site-content-layout":"","site-content-style":"default","site-sidebar-style":"default","ast-global-header-display":"","ast-banner-title-visibility":"","ast-main-header-display":"","ast-hfb-above-header-display":"","ast-hfb-below-header-display":"","ast-hfb-mobile-header-display":"","site-post-title":"","ast-breadcrumbs-content":"","ast-featured-img":"","footer-sml-layout":"","theme-transparent-header-meta":"","adv-header-id-meta":"","stick-header-meta":"","header-above-stick-meta":"","header-main-stick-meta":"","header-below-stick-meta":"","astra-migrate-meta-layouts":"default","ast-page-background-enabled":"default","ast-page-background-meta":{"desktop":{"background-color":"var(--ast-global-color-4)","background-image":"","background-repeat":"repeat","background-position":"center center","background-size":"auto","background-attachment":"scroll","background-type":"","background-media":"","overlay-type":"","overlay-color":"","overlay-opacity":"","overlay-gradient":""},"tablet":{"background-color":"","background-image":"","background-repeat":"repeat","background-position":"center center","background-size":"auto","background-attachment":"scroll","background-type":"","background-media":"","overlay-type":"","overlay-color":"","overlay-opacity":"","overlay-gradient":""},"mobile":{"background-color":"","background-image":"","background-repeat":"repeat","background-position":"center center","background-size":"auto","background-attachment":"scroll","background-type":"","background-media":"","overlay-type":"","overlay-color":"","overlay-opacity":"","overlay-gradient":""}},"ast-content-background-meta":{"desktop":{"background-color":"var(--ast-global-color-5)","background-image":"","background-repeat":"repeat","background-position":"center center","background-size":"auto","background-attachment":"scroll","background-type":"","background-media":"","overlay-type":"","overlay-color":"","overlay-opacity":"","overlay-gradient":""},"tablet":{"background-color":"var(--ast-global-color-5)","background-image":"","background-repeat":"repeat","background-position":"center center","background-size":"auto","background-attachment":"scroll","background-type":"","background-media":"","overlay-type":"","overlay-color":"","overlay-opacity":"","overlay-gradient":""},"mobile":{"background-color":"var(--ast-global-color-5)","background-image":"","background-repeat":"repeat","background-position":"center center","background-size":"auto","background-attachment":"scroll","background-type":"","background-media":"","overlay-type":"","overlay-color":"","overlay-opacity":"","overlay-gradient":""}},"footnotes":""},"class_list":["post-8308","page","type-page","status-publish","hentry"],"post_mailing_queue_ids":[],"_links":{"self":[{"href":"https:\/\/agora.xtec.cat\/ielesvinyes\/wp-json\/wp\/v2\/pages\/8308","targetHints":{"allow":["GET"]}}],"collection":[{"href":"https:\/\/agora.xtec.cat\/ielesvinyes\/wp-json\/wp\/v2\/pages"}],"about":[{"href":"https:\/\/agora.xtec.cat\/ielesvinyes\/wp-json\/wp\/v2\/types\/page"}],"author":[{"embeddable":true,"href":"https:\/\/agora.xtec.cat\/ielesvinyes\/wp-json\/wp\/v2\/users\/6"}],"replies":[{"embeddable":true,"href":"https:\/\/agora.xtec.cat\/ielesvinyes\/wp-json\/wp\/v2\/comments?post=8308"}],"version-history":[{"count":1,"href":"https:\/\/agora.xtec.cat\/ielesvinyes\/wp-json\/wp\/v2\/pages\/8308\/revisions"}],"predecessor-version":[{"id":8309,"href":"https:\/\/agora.xtec.cat\/ielesvinyes\/wp-json\/wp\/v2\/pages\/8308\/revisions\/8309"}],"wp:attachment":[{"href":"https:\/\/agora.xtec.cat\/ielesvinyes\/wp-json\/wp\/v2\/media?parent=8308"}],"curies":[{"name":"wp","href":"https:\/\/api.w.org\/{rel}","templated":true}]}}