{"id":83,"date":"2012-02-10T16:30:53","date_gmt":"2012-02-10T15:30:53","guid":{"rendered":"http:\/\/ampa.ielesvinyes.net\/stage1\/?page_id=5"},"modified":"2020-02-04T08:21:41","modified_gmt":"2020-02-04T07:21:41","slug":"afa-qui-som","status":"publish","type":"page","link":"https:\/\/agora.xtec.cat\/ielesvinyes\/afa-les-vinyes\/afa-qui-som\/","title":{"rendered":"AFA: Qui som?"},"content":{"rendered":"<p><img loading=\"lazy\" decoding=\"async\" class=\" wp-image-4358 alignleft\" src=\"https:\/\/agora.xtec.cat\/ielesvinyes\/wp-content\/uploads\/usu1433\/2019\/12\/UNEIX-TE-300x134.jpg\" alt=\"\" width=\"343\" height=\"153\" srcset=\"https:\/\/agora.xtec.cat\/ielesvinyes\/wp-content\/uploads\/usu1433\/2019\/12\/UNEIX-TE-300x134.jpg 300w, https:\/\/agora.xtec.cat\/ielesvinyes\/wp-content\/uploads\/usu1433\/2019\/12\/UNEIX-TE-768x344.jpg 768w, https:\/\/agora.xtec.cat\/ielesvinyes\/wp-content\/uploads\/usu1433\/2019\/12\/UNEIX-TE-1024x459.jpg 1024w\" sizes=\"auto, (max-width: 343px) 100vw, 343px\" \/><\/p>\n<p>Som una Associaci\u00f3 de fam\u00edlies d&#8217;Alumnes, sense afany de lucre, que agrupa les fam\u00edlies\u00a0 de l&#8217;Institut-Escola. L&#8217;objectiu fonamental de la nostra AFA \u00e9s contribuir a la millora de la qualitat de l&#8217;ensenyament que reben els nostres fills i filles, donant prioritat a l\u2019educaci\u00f3, valors i integraci\u00f3.El nostre funcionament es basa en el di\u00e0leg i col\u2022laboraci\u00f3 entre fam\u00edlies, direcci\u00f3 de l&#8217;escola, mestres i professors\/es<\/p>\n<p>&nbsp;<\/p>\n<p style=\"text-align: right;\"><a href=\"http:\/\/agora.xtec.cat\/ielesvinyes\/afa-les-vinyes\/afa-qui-som\/afa-qui-som-ojectius\/\"><img loading=\"lazy\" decoding=\"async\" class=\"alignnone wp-image-5562\" src=\"https:\/\/agora.xtec.cat\/ielesvinyes\/wp-content\/uploads\/usu1433\/2020\/02\/BOT\u00d3-OBJECTIUS-1.png\" alt=\"\" width=\"201\" height=\"92\" \/><\/a>\u00a0 \u00a0 \u00a0 \u00a0 \u00a0 <a href=\"http:\/\/agora.xtec.cat\/ielesvinyes\/afa-les-vinyes\/afa-qui-som\/junta\/\"><img loading=\"lazy\" decoding=\"async\" class=\"alignnone wp-image-5561\" src=\"https:\/\/agora.xtec.cat\/ielesvinyes\/wp-content\/uploads\/usu1433\/2020\/02\/BOT\u00d3-JUNTA-I-VOCALS-1.png\" alt=\"\" width=\"201\" height=\"91\" \/><\/a> \u00a0 \u00a0 \u00a0 \u00a0 <a href=\"http:\/\/agora.xtec.cat\/ielesvinyes\/afa-les-vinyes\/afa-qui-som\/comissions-19-20\/\"><img loading=\"lazy\" decoding=\"async\" class=\"alignnone wp-image-5560\" src=\"https:\/\/agora.xtec.cat\/ielesvinyes\/wp-content\/uploads\/usu1433\/2020\/02\/BOT\u00d3-COMISSIONS-1.png\" alt=\"\" width=\"200\" height=\"89\" \/><\/a><\/p>\n<p>&nbsp;<\/p>\n<p style=\"text-align: justify;\"><span style=\"color: #a4a500;\"><strong>Estatuts\u00a0<\/strong><\/span><\/p>\n<p style=\"text-align: justify;\"><a title=\"Estatuts AMPA IE Les Vinyes\" href=\"http:\/\/ampa.ielesvinyes.net\/stage1\/wp-content\/uploads\/2012\/02\/Estatuts-AMPA-Institut-Escola-de-Castellbisbal.pdf\" target=\"_blank\" rel=\"noopener noreferrer\"><span style=\"color: #808080;\"><strong>Estatuts AFA Institut-Escola de Castellbisbal \u00a0<\/strong><\/span><img loading=\"lazy\" decoding=\"async\" title=\"Forma de Pagament\" src=\"http:\/\/ampa.ielesvinyes.net\/stage1\/wp-content\/uploads\/2012\/02\/pdf.jpg\" alt=\"\" width=\"25\" height=\"24\" \/><\/a><\/p>\n<p>&nbsp;<\/p>\n<div id=\"-chrome-auto-translate-plugin-dialog\" style=\"display: none; opacity: 1 !important; border-color: none !important; background: transparent !important; padding: 0 !important; margin: 0 !important; position: absolute !important; top: 0; left: 0; overflow: visible !important; z-index: 999999 !important; text-align: left !important;\">\n<div style=\"max-width: 300px !important; color: #fafafa !important; opacity: 0.8 !important; border-color: #000000 !important; border-width: 0px !important; -webkit-border-radius: 10px !important; background-color: #363636 !important; font-size: 16px !important; padding: 8px !important; overflow: visible !important; background-image: -webkit-gradient(linear, left top, right bottom, color-stop(0%, #000), color-stop(50%, #363636), color-stop(100%, #000)); z-index: 999999 !important; text-align: left !important;\"><\/div>\n<p><img decoding=\"async\" style=\"position: absolute !important; z-index: -1 !important; right: 1px !important; top: -20px !important; cursor: pointer !important; -webkit-border-radius: 20px; background-color: rgba(200, 200, 200, 0.3) !important; padding: 3px 5px 0 !important; margin: 0 !important;\" src=\"http:\/\/www.google.com\/uds\/css\/small-logo.png\" alt=\"\" \/><\/p>\n<\/div>\n","protected":false},"excerpt":{"rendered":"<p>Som una Associaci\u00f3 de fam\u00edlies d&#8217;Alumnes, sense afany de lucre, que agrupa les fam\u00edlies\u00a0 de l&#8217;Institut-Escola. L&#8217;objectiu fonamental de la nostra AFA \u00e9s contribuir a la millora de la qualitat de l&#8217;ensenyament que reben els nostres fills i filles, donant prioritat a l\u2019educaci\u00f3, valors i integraci\u00f3.El nostre funcionament es basa en el di\u00e0leg i col\u2022laboraci\u00f3 [&hellip;]<\/p>\n","protected":false},"author":52,"featured_media":0,"parent":5243,"menu_order":1,"comment_status":"closed","ping_status":"closed","template":"","meta":{"_bbp_topic_count":0,"_bbp_reply_count":0,"_bbp_total_topic_count":0,"_bbp_total_reply_count":0,"_bbp_voice_count":0,"_bbp_anonymous_reply_count":0,"_bbp_topic_count_hidden":0,"_bbp_reply_count_hidden":0,"_bbp_forum_subforum_count":0,"site-sidebar-layout":"default","site-content-layout":"","ast-site-content-layout":"","site-content-style":"default","site-sidebar-style":"default","ast-global-header-display":"","ast-banner-title-visibility":"","ast-main-header-display":"","ast-hfb-above-header-display":"","ast-hfb-below-header-display":"","ast-hfb-mobile-header-display":"","site-post-title":"","ast-breadcrumbs-content":"","ast-featured-img":"","footer-sml-layout":"","theme-transparent-header-meta":"","adv-header-id-meta":"","stick-header-meta":"","header-above-stick-meta":"","header-main-stick-meta":"","header-below-stick-meta":"","astra-migrate-meta-layouts":"default","ast-page-background-enabled":"default","ast-page-background-meta":{"desktop":{"background-color":"var(--ast-global-color-4)","background-image":"","background-repeat":"repeat","background-position":"center center","background-size":"auto","background-attachment":"scroll","background-type":"","background-media":"","overlay-type":"","overlay-color":"","overlay-opacity":"","overlay-gradient":""},"tablet":{"background-color":"","background-image":"","background-repeat":"repeat","background-position":"center center","background-size":"auto","background-attachment":"scroll","background-type":"","background-media":"","overlay-type":"","overlay-color":"","overlay-opacity":"","overlay-gradient":""},"mobile":{"background-color":"","background-image":"","background-repeat":"repeat","background-position":"center center","background-size":"auto","background-attachment":"scroll","background-type":"","background-media":"","overlay-type":"","overlay-color":"","overlay-opacity":"","overlay-gradient":""}},"ast-content-background-meta":{"desktop":{"background-color":"var(--ast-global-color-5)","background-image":"","background-repeat":"repeat","background-position":"center center","background-size":"auto","background-attachment":"scroll","background-type":"","background-media":"","overlay-type":"","overlay-color":"","overlay-opacity":"","overlay-gradient":""},"tablet":{"background-color":"var(--ast-global-color-5)","background-image":"","background-repeat":"repeat","background-position":"center center","background-size":"auto","background-attachment":"scroll","background-type":"","background-media":"","overlay-type":"","overlay-color":"","overlay-opacity":"","overlay-gradient":""},"mobile":{"background-color":"var(--ast-global-color-5)","background-image":"","background-repeat":"repeat","background-position":"center center","background-size":"auto","background-attachment":"scroll","background-type":"","background-media":"","overlay-type":"","overlay-color":"","overlay-opacity":"","overlay-gradient":""}},"footnotes":""},"class_list":["post-83","page","type-page","status-publish","hentry"],"post_mailing_queue_ids":[],"_links":{"self":[{"href":"https:\/\/agora.xtec.cat\/ielesvinyes\/wp-json\/wp\/v2\/pages\/83","targetHints":{"allow":["GET"]}}],"collection":[{"href":"https:\/\/agora.xtec.cat\/ielesvinyes\/wp-json\/wp\/v2\/pages"}],"about":[{"href":"https:\/\/agora.xtec.cat\/ielesvinyes\/wp-json\/wp\/v2\/types\/page"}],"author":[{"embeddable":true,"href":"https:\/\/agora.xtec.cat\/ielesvinyes\/wp-json\/wp\/v2\/users\/52"}],"replies":[{"embeddable":true,"href":"https:\/\/agora.xtec.cat\/ielesvinyes\/wp-json\/wp\/v2\/comments?post=83"}],"version-history":[{"count":5,"href":"https:\/\/agora.xtec.cat\/ielesvinyes\/wp-json\/wp\/v2\/pages\/83\/revisions"}],"predecessor-version":[{"id":5571,"href":"https:\/\/agora.xtec.cat\/ielesvinyes\/wp-json\/wp\/v2\/pages\/83\/revisions\/5571"}],"up":[{"embeddable":true,"href":"https:\/\/agora.xtec.cat\/ielesvinyes\/wp-json\/wp\/v2\/pages\/5243"}],"wp:attachment":[{"href":"https:\/\/agora.xtec.cat\/ielesvinyes\/wp-json\/wp\/v2\/media?parent=83"}],"curies":[{"name":"wp","href":"https:\/\/api.w.org\/{rel}","templated":true}]}}