{"id":7019,"date":"2021-09-11T09:53:42","date_gmt":"2021-09-11T07:53:42","guid":{"rendered":"https:\/\/agora.xtec.cat\/ielesvinyes\/?page_id=7019"},"modified":"2021-09-11T09:55:40","modified_gmt":"2021-09-11T07:55:40","slug":"equip-huma-2020-21","status":"publish","type":"page","link":"https:\/\/agora.xtec.cat\/ielesvinyes\/equip-huma-2020-21\/","title":{"rendered":"Equip hum\u00e0 &#8211; 2020-21"},"content":{"rendered":"<h3>Equip directiu<\/h3>\n<table class=\" aligncenter\" style=\"border-style: none; background-color: #ffffff;\" border=\"0\" cellspacing=\"0\" cellpadding=\"0\">\n<tbody>\n<tr style=\"height: 171px;\">\n<td style=\"width: 180px; border-style: none; height: 171px;\">\n<p><figure id=\"attachment_4102\" aria-describedby=\"caption-attachment-4102\" style=\"width: 150px\" class=\"wp-caption aligncenter\"><img loading=\"lazy\" decoding=\"async\" class=\"wp-image-4102 size-thumbnail\" style=\"font-size: 16px;\" src=\"https:\/\/agora.xtec.cat\/ielesvinyes\/wp-content\/uploads\/usu1433\/2019\/11\/00000IMG_00000_BURST20190902103528694_COVER-150x150.jpg\" alt=\"\" width=\"150\" height=\"150\" srcset=\"https:\/\/agora.xtec.cat\/ielesvinyes\/wp-content\/uploads\/usu1433\/2019\/11\/00000IMG_00000_BURST20190902103528694_COVER-150x150.jpg 150w, https:\/\/agora.xtec.cat\/ielesvinyes\/wp-content\/uploads\/usu1433\/2019\/11\/00000IMG_00000_BURST20190902103528694_COVER-300x300.jpg 300w, https:\/\/agora.xtec.cat\/ielesvinyes\/wp-content\/uploads\/usu1433\/2019\/11\/00000IMG_00000_BURST20190902103528694_COVER-768x768.jpg 768w, https:\/\/agora.xtec.cat\/ielesvinyes\/wp-content\/uploads\/usu1433\/2019\/11\/00000IMG_00000_BURST20190902103528694_COVER-1024x1024.jpg 1024w\" sizes=\"auto, (max-width: 150px) 100vw, 150px\" \/><figcaption id=\"caption-attachment-4102\" class=\"wp-caption-text\">Quim Preixens<\/figcaption><\/figure><\/td>\n<td style=\"width: 180px; border-style: none; height: 171px;\">\n<p><figure id=\"attachment_4098\" aria-describedby=\"caption-attachment-4098\" style=\"width: 150px\" class=\"wp-caption aligncenter\"><img loading=\"lazy\" decoding=\"async\" class=\"wp-image-4098 size-thumbnail\" src=\"https:\/\/agora.xtec.cat\/ielesvinyes\/wp-content\/uploads\/usu1433\/2019\/11\/00000IMG_00000_BURST20190902103825516_COVER-150x150.jpg\" alt=\"\" width=\"150\" height=\"150\" srcset=\"https:\/\/agora.xtec.cat\/ielesvinyes\/wp-content\/uploads\/usu1433\/2019\/11\/00000IMG_00000_BURST20190902103825516_COVER-150x150.jpg 150w, https:\/\/agora.xtec.cat\/ielesvinyes\/wp-content\/uploads\/usu1433\/2019\/11\/00000IMG_00000_BURST20190902103825516_COVER-300x300.jpg 300w, https:\/\/agora.xtec.cat\/ielesvinyes\/wp-content\/uploads\/usu1433\/2019\/11\/00000IMG_00000_BURST20190902103825516_COVER-768x768.jpg 768w, https:\/\/agora.xtec.cat\/ielesvinyes\/wp-content\/uploads\/usu1433\/2019\/11\/00000IMG_00000_BURST20190902103825516_COVER-1024x1024.jpg 1024w\" sizes=\"auto, (max-width: 150px) 100vw, 150px\" \/><figcaption id=\"caption-attachment-4098\" class=\"wp-caption-text\">Sergi del Moral<\/figcaption><\/figure><\/td>\n<td style=\"width: 180px; border-style: none; height: 171px;\">\n<p><figure id=\"attachment_4093\" aria-describedby=\"caption-attachment-4093\" style=\"width: 150px\" class=\"wp-caption aligncenter\"><img loading=\"lazy\" decoding=\"async\" class=\"size-thumbnail wp-image-4093\" src=\"https:\/\/agora.xtec.cat\/ielesvinyes\/wp-content\/uploads\/usu1433\/2019\/11\/00100lPORTRAIT_00100_BURST20190902104118493_COVER-150x150.jpg\" alt=\"\" width=\"150\" height=\"150\" srcset=\"https:\/\/agora.xtec.cat\/ielesvinyes\/wp-content\/uploads\/usu1433\/2019\/11\/00100lPORTRAIT_00100_BURST20190902104118493_COVER-150x150.jpg 150w, https:\/\/agora.xtec.cat\/ielesvinyes\/wp-content\/uploads\/usu1433\/2019\/11\/00100lPORTRAIT_00100_BURST20190902104118493_COVER-300x300.jpg 300w, https:\/\/agora.xtec.cat\/ielesvinyes\/wp-content\/uploads\/usu1433\/2019\/11\/00100lPORTRAIT_00100_BURST20190902104118493_COVER-768x768.jpg 768w, https:\/\/agora.xtec.cat\/ielesvinyes\/wp-content\/uploads\/usu1433\/2019\/11\/00100lPORTRAIT_00100_BURST20190902104118493_COVER-1024x1024.jpg 1024w\" sizes=\"auto, (max-width: 150px) 100vw, 150px\" \/><figcaption id=\"caption-attachment-4093\" class=\"wp-caption-text\">Anna Cornell\u00e0<\/figcaption><\/figure><\/td>\n<td style=\"width: 180px; border-style: none; height: 171px;\">\n<p><figure id=\"attachment_4099\" aria-describedby=\"caption-attachment-4099\" style=\"width: 150px\" class=\"wp-caption aligncenter\"><img loading=\"lazy\" decoding=\"async\" class=\"size-thumbnail wp-image-4100\" src=\"https:\/\/agora.xtec.cat\/ielesvinyes\/wp-content\/uploads\/usu1433\/2019\/11\/00100lPORTRAIT_00100_BURST20190902103641545_COVER-150x150.jpg\" alt=\"\" width=\"150\" height=\"150\" srcset=\"https:\/\/agora.xtec.cat\/ielesvinyes\/wp-content\/uploads\/usu1433\/2019\/11\/00100lPORTRAIT_00100_BURST20190902103641545_COVER-150x150.jpg 150w, https:\/\/agora.xtec.cat\/ielesvinyes\/wp-content\/uploads\/usu1433\/2019\/11\/00100lPORTRAIT_00100_BURST20190902103641545_COVER-300x300.jpg 300w, https:\/\/agora.xtec.cat\/ielesvinyes\/wp-content\/uploads\/usu1433\/2019\/11\/00100lPORTRAIT_00100_BURST20190902103641545_COVER-768x768.jpg 768w, https:\/\/agora.xtec.cat\/ielesvinyes\/wp-content\/uploads\/usu1433\/2019\/11\/00100lPORTRAIT_00100_BURST20190902103641545_COVER-1024x1024.jpg 1024w\" sizes=\"auto, (max-width: 150px) 100vw, 150px\" \/><figcaption id=\"caption-attachment-4099\" class=\"wp-caption-text\">Betlem Cuesta<\/figcaption><\/figure><\/td>\n<td style=\"width: 180px; border-style: none; height: 171px;\">\n<p><figure id=\"attachment_4106\" aria-describedby=\"caption-attachment-4106\" style=\"width: 150px\" class=\"wp-caption aligncenter\"><img loading=\"lazy\" decoding=\"async\" class=\"size-thumbnail wp-image-4106\" src=\"https:\/\/agora.xtec.cat\/ielesvinyes\/wp-content\/uploads\/usu1433\/2019\/11\/00100lPORTRAIT_00100_BURST20190902103250913_COVER-150x150.jpg\" alt=\"\" width=\"150\" height=\"150\" srcset=\"https:\/\/agora.xtec.cat\/ielesvinyes\/wp-content\/uploads\/usu1433\/2019\/11\/00100lPORTRAIT_00100_BURST20190902103250913_COVER-150x150.jpg 150w, https:\/\/agora.xtec.cat\/ielesvinyes\/wp-content\/uploads\/usu1433\/2019\/11\/00100lPORTRAIT_00100_BURST20190902103250913_COVER-300x300.jpg 300w, https:\/\/agora.xtec.cat\/ielesvinyes\/wp-content\/uploads\/usu1433\/2019\/11\/00100lPORTRAIT_00100_BURST20190902103250913_COVER-768x768.jpg 768w, https:\/\/agora.xtec.cat\/ielesvinyes\/wp-content\/uploads\/usu1433\/2019\/11\/00100lPORTRAIT_00100_BURST20190902103250913_COVER-1024x1024.jpg 1024w\" sizes=\"auto, (max-width: 150px) 100vw, 150px\" \/><figcaption id=\"caption-attachment-4106\" class=\"wp-caption-text\">N\u00faria Orte<\/figcaption><\/figure><\/td>\n<\/tr>\n<\/tbody>\n<\/table>\n<p><strong>Director:<\/strong> Quim Preixens &#8211; quim.preixens@ielesvinyes.net<br \/>\n<strong>Cap d&#8217;estudis:<\/strong> Sergi del Moral &#8211; sergi.delmoral@ielesvinyes.net<br \/>\n<strong>Cap d&#8217;estudis adjunta:<\/strong> Anna Cornell\u00e0 &#8211; anna.cornella@ielesvinyes.net<br \/>\n<strong>Coordinadora pedag\u00f2gica:<\/strong> Betlem Cuesta &#8211; betlem.cuesta@ielesvinyes.net<br \/>\n<strong>Secret\u00e0ria:<\/strong> N\u00faria Orte &#8211; nuria.orte@ielesvinyes.net<\/p>\n<h3>Equip docent educaci\u00f3 infantil<\/h3>\n<p>Pendent<\/p>\n<h3>Equip docent educaci\u00f3 prim\u00e0ria<\/h3>\n<p>Pendent<\/p>\n<h3>Equip docent secund\u00e0ria<\/h3>\n<p>Pendent<\/p>\n<h3>Altres coordinacions<\/h3>\n<p><strong>Coordinaci\u00f3\u00a0TIC:<\/strong> Maribel Romero \/ Patricia Martin<br \/>\n<strong>Coordinaci\u00f3 d&#8217;alumnes en pr\u00e0ctiques:<\/strong> Betlem Cuesta<\/p>\n<h3>Comissi\u00f3 d&#8217;Atenci\u00f3 a la Diversitat i Serveis ajuntament<\/h3>\n<p>Cristina Aguilera: Representant de l\u2019EAP<br \/>\nMestra d&#8217;educaci\u00f3 especial (infantil i prim\u00e0ria): Blanca Mostaza<br \/>\nOrientaci\u00f3 1r i 2n ESO: N\u00faria Boix<br \/>\nOrientaci\u00f3 3r i 4t ESO: \u00d2scar Navarro<br \/>\nCoordinadora pedag\u00f2gica: Anna Jord\u00e0<br \/>\nServeis socials de l\u2019Ajuntament de Castellbisbal: Borja i Demelsa<\/p>\n<h3>Administraci\u00f3 i consergeria<\/h3>\n<table style=\"border-style: none; background-color: #ffffff;\" border=\"0\" cellspacing=\"0\" cellpadding=\"0\">\n<tbody>\n<tr style=\"border-style: none;\">\n<td style=\"width: 180px; border-style: none; height: 171px;\">\n<p><figure id=\"attachment_4086\" aria-describedby=\"caption-attachment-4086\" style=\"width: 150px\" class=\"wp-caption aligncenter\"><img loading=\"lazy\" decoding=\"async\" class=\"size-thumbnail wp-image-4086\" src=\"https:\/\/agora.xtec.cat\/ielesvinyes\/wp-content\/uploads\/usu1433\/2019\/11\/00100lPORTRAIT_00100_BURST20190902104836415_COVER-150x150.jpg\" alt=\"\" width=\"150\" height=\"150\" srcset=\"https:\/\/agora.xtec.cat\/ielesvinyes\/wp-content\/uploads\/usu1433\/2019\/11\/00100lPORTRAIT_00100_BURST20190902104836415_COVER-150x150.jpg 150w, https:\/\/agora.xtec.cat\/ielesvinyes\/wp-content\/uploads\/usu1433\/2019\/11\/00100lPORTRAIT_00100_BURST20190902104836415_COVER-300x300.jpg 300w, https:\/\/agora.xtec.cat\/ielesvinyes\/wp-content\/uploads\/usu1433\/2019\/11\/00100lPORTRAIT_00100_BURST20190902104836415_COVER-768x768.jpg 768w, https:\/\/agora.xtec.cat\/ielesvinyes\/wp-content\/uploads\/usu1433\/2019\/11\/00100lPORTRAIT_00100_BURST20190902104836415_COVER-1024x1024.jpg 1024w\" sizes=\"auto, (max-width: 150px) 100vw, 150px\" \/><figcaption id=\"caption-attachment-4086\" class=\"wp-caption-text\">Cristina Rabazo<\/figcaption><\/figure><\/td>\n<td style=\"width: 180px; border-style: none; height: 171px;\">\n<p><figure id=\"attachment_4083\" aria-describedby=\"caption-attachment-4083\" style=\"width: 150px\" class=\"wp-caption aligncenter\"><img loading=\"lazy\" decoding=\"async\" class=\"wp-image-4083 size-thumbnail\" src=\"https:\/\/agora.xtec.cat\/ielesvinyes\/wp-content\/uploads\/usu1433\/2019\/11\/00100lPORTRAIT_00100_BURST20190902105330216_COVER-150x150.jpg\" alt=\"\" width=\"150\" height=\"150\" srcset=\"https:\/\/agora.xtec.cat\/ielesvinyes\/wp-content\/uploads\/usu1433\/2019\/11\/00100lPORTRAIT_00100_BURST20190902105330216_COVER-150x150.jpg 150w, https:\/\/agora.xtec.cat\/ielesvinyes\/wp-content\/uploads\/usu1433\/2019\/11\/00100lPORTRAIT_00100_BURST20190902105330216_COVER-300x300.jpg 300w, https:\/\/agora.xtec.cat\/ielesvinyes\/wp-content\/uploads\/usu1433\/2019\/11\/00100lPORTRAIT_00100_BURST20190902105330216_COVER-768x768.jpg 768w, https:\/\/agora.xtec.cat\/ielesvinyes\/wp-content\/uploads\/usu1433\/2019\/11\/00100lPORTRAIT_00100_BURST20190902105330216_COVER-1024x1024.jpg 1024w\" sizes=\"auto, (max-width: 150px) 100vw, 150px\" \/><figcaption id=\"caption-attachment-4083\" class=\"wp-caption-text\">Jose Manuel Garc\u00eda<\/figcaption><\/figure><\/td>\n<td style=\"width: 180px; border-style: none; height: 171px;\">\n<p><figure id=\"attachment_4084\" aria-describedby=\"caption-attachment-4084\" style=\"width: 150px\" class=\"wp-caption aligncenter\"><img loading=\"lazy\" decoding=\"async\" class=\"size-thumbnail wp-image-4084\" src=\"https:\/\/agora.xtec.cat\/ielesvinyes\/wp-content\/uploads\/usu1433\/2019\/11\/00000IMG_00000_BURST20190902105249952_COVER-150x150.jpg\" alt=\"\" width=\"150\" height=\"150\" srcset=\"https:\/\/agora.xtec.cat\/ielesvinyes\/wp-content\/uploads\/usu1433\/2019\/11\/00000IMG_00000_BURST20190902105249952_COVER-150x150.jpg 150w, https:\/\/agora.xtec.cat\/ielesvinyes\/wp-content\/uploads\/usu1433\/2019\/11\/00000IMG_00000_BURST20190902105249952_COVER-300x300.jpg 300w, https:\/\/agora.xtec.cat\/ielesvinyes\/wp-content\/uploads\/usu1433\/2019\/11\/00000IMG_00000_BURST20190902105249952_COVER-768x768.jpg 768w, https:\/\/agora.xtec.cat\/ielesvinyes\/wp-content\/uploads\/usu1433\/2019\/11\/00000IMG_00000_BURST20190902105249952_COVER-1024x1024.jpg 1024w\" sizes=\"auto, (max-width: 150px) 100vw, 150px\" \/><figcaption id=\"caption-attachment-4084\" class=\"wp-caption-text\">Montse Serra<\/figcaption><\/figure><\/td>\n<td style=\"width: 180px; border-style: none; height: 171px;\"><\/td>\n<td style=\"width: 180px; border-style: none; height: 171px;\">\n<div class=\"mceTemp\"><\/div>\n<\/td>\n<\/tr>\n<\/tbody>\n<\/table>\n<p><strong>Administraci\u00f3:<\/strong> Cristina Rabazo<br \/>\n<strong>Consergeria:<\/strong> Jose Manuel Garc\u00eda i Montse Serra<\/p>\n<h3>Hist\u00f2ric<\/h3>\n<p><a href=\"http:\/\/agora.xtec.cat\/ielesvinyes\/equip-huma-2019-20\/\" target=\"_blank\" rel=\"noopener noreferrer\">Equip hum\u00e0 &#8211; 2019-20<\/a><\/p>\n<p><a href=\"https:\/\/agora.xtec.cat\/ielesvinyes\/organigrama\/\" target=\"_blank\" rel=\"noopener noreferrer\">Equip hum\u00e0 &#8211; 2018-19<\/a><\/p>\n<p><a href=\"https:\/\/agora.xtec.cat\/ielesvinyes\/equip-huma-2\/\">Equip hum\u00e0 &#8211; 2017-18<\/a><\/p>\n","protected":false},"excerpt":{"rendered":"<p>Equip directiu Director: Quim Preixens &#8211; quim.preixens@ielesvinyes.net Cap d&#8217;estudis: Sergi del Moral &#8211; sergi.delmoral@ielesvinyes.net Cap d&#8217;estudis adjunta: Anna Cornell\u00e0 &#8211; anna.cornella@ielesvinyes.net Coordinadora pedag\u00f2gica: Betlem Cuesta &#8211; betlem.cuesta@ielesvinyes.net Secret\u00e0ria: N\u00faria Orte &#8211; nuria.orte@ielesvinyes.net Equip docent educaci\u00f3 infantil Pendent Equip docent educaci\u00f3 prim\u00e0ria Pendent Equip docent secund\u00e0ria Pendent Altres coordinacions Coordinaci\u00f3\u00a0TIC: Maribel Romero \/ Patricia Martin Coordinaci\u00f3 [&hellip;]<\/p>\n","protected":false},"author":6,"featured_media":0,"parent":0,"menu_order":0,"comment_status":"closed","ping_status":"closed","template":"","meta":{"_bbp_topic_count":0,"_bbp_reply_count":0,"_bbp_total_topic_count":0,"_bbp_total_reply_count":0,"_bbp_voice_count":0,"_bbp_anonymous_reply_count":0,"_bbp_topic_count_hidden":0,"_bbp_reply_count_hidden":0,"_bbp_forum_subforum_count":0,"site-sidebar-layout":"default","site-content-layout":"","ast-site-content-layout":"","site-content-style":"default","site-sidebar-style":"default","ast-global-header-display":"","ast-banner-title-visibility":"","ast-main-header-display":"","ast-hfb-above-header-display":"","ast-hfb-below-header-display":"","ast-hfb-mobile-header-display":"","site-post-title":"","ast-breadcrumbs-content":"","ast-featured-img":"","footer-sml-layout":"","theme-transparent-header-meta":"","adv-header-id-meta":"","stick-header-meta":"","header-above-stick-meta":"","header-main-stick-meta":"","header-below-stick-meta":"","astra-migrate-meta-layouts":"default","ast-page-background-enabled":"default","ast-page-background-meta":{"desktop":{"background-color":"var(--ast-global-color-4)","background-image":"","background-repeat":"repeat","background-position":"center center","background-size":"auto","background-attachment":"scroll","background-type":"","background-media":"","overlay-type":"","overlay-color":"","overlay-opacity":"","overlay-gradient":""},"tablet":{"background-color":"","background-image":"","background-repeat":"repeat","background-position":"center center","background-size":"auto","background-attachment":"scroll","background-type":"","background-media":"","overlay-type":"","overlay-color":"","overlay-opacity":"","overlay-gradient":""},"mobile":{"background-color":"","background-image":"","background-repeat":"repeat","background-position":"center center","background-size":"auto","background-attachment":"scroll","background-type":"","background-media":"","overlay-type":"","overlay-color":"","overlay-opacity":"","overlay-gradient":""}},"ast-content-background-meta":{"desktop":{"background-color":"var(--ast-global-color-5)","background-image":"","background-repeat":"repeat","background-position":"center center","background-size":"auto","background-attachment":"scroll","background-type":"","background-media":"","overlay-type":"","overlay-color":"","overlay-opacity":"","overlay-gradient":""},"tablet":{"background-color":"var(--ast-global-color-5)","background-image":"","background-repeat":"repeat","background-position":"center center","background-size":"auto","background-attachment":"scroll","background-type":"","background-media":"","overlay-type":"","overlay-color":"","overlay-opacity":"","overlay-gradient":""},"mobile":{"background-color":"var(--ast-global-color-5)","background-image":"","background-repeat":"repeat","background-position":"center center","background-size":"auto","background-attachment":"scroll","background-type":"","background-media":"","overlay-type":"","overlay-color":"","overlay-opacity":"","overlay-gradient":""}},"footnotes":""},"class_list":["post-7019","page","type-page","status-publish","hentry"],"post_mailing_queue_ids":[],"_links":{"self":[{"href":"https:\/\/agora.xtec.cat\/ielesvinyes\/wp-json\/wp\/v2\/pages\/7019","targetHints":{"allow":["GET"]}}],"collection":[{"href":"https:\/\/agora.xtec.cat\/ielesvinyes\/wp-json\/wp\/v2\/pages"}],"about":[{"href":"https:\/\/agora.xtec.cat\/ielesvinyes\/wp-json\/wp\/v2\/types\/page"}],"author":[{"embeddable":true,"href":"https:\/\/agora.xtec.cat\/ielesvinyes\/wp-json\/wp\/v2\/users\/6"}],"replies":[{"embeddable":true,"href":"https:\/\/agora.xtec.cat\/ielesvinyes\/wp-json\/wp\/v2\/comments?post=7019"}],"version-history":[{"count":3,"href":"https:\/\/agora.xtec.cat\/ielesvinyes\/wp-json\/wp\/v2\/pages\/7019\/revisions"}],"predecessor-version":[{"id":7022,"href":"https:\/\/agora.xtec.cat\/ielesvinyes\/wp-json\/wp\/v2\/pages\/7019\/revisions\/7022"}],"wp:attachment":[{"href":"https:\/\/agora.xtec.cat\/ielesvinyes\/wp-json\/wp\/v2\/media?parent=7019"}],"curies":[{"name":"wp","href":"https:\/\/api.w.org\/{rel}","templated":true}]}}