{"id":698,"date":"2015-02-22T21:33:44","date_gmt":"2015-02-22T20:33:44","guid":{"rendered":"http:\/\/ampa.ielesvinyes.net\/stage1\/?page_id=698"},"modified":"2020-02-05T11:15:49","modified_gmt":"2020-02-05T10:15:49","slug":"butlletins-informatius","status":"publish","type":"page","link":"https:\/\/agora.xtec.cat\/ielesvinyes\/afa-les-vinyes\/afa-els-nostres-projectes\/butlletins-informatius\/","title":{"rendered":"AFA: Els nostres projectes -> Butlletins Informatius"},"content":{"rendered":"<ul>\n<li>\n<h6><strong><span style=\"color: #522580;\">Butllet\u00ed n\u00fam. 8 &#8211; Juny 2015<\/span> <a href=\"https:\/\/agora.xtec.cat\/ielesvinyes\/wp-content\/uploads\/usu1433\/2019\/12\/Butlleti\u0301-AMPA-nu\u0301m-8-juny-2015-1.pdf\" target=\"_blank\" rel=\"noopener noreferrer\"><img loading=\"lazy\" decoding=\"async\" class=\"alignnone wp-image-4668\" src=\"https:\/\/agora.xtec.cat\/ielesvinyes\/wp-content\/uploads\/usu1433\/2019\/12\/pdf-150x150.jpg\" alt=\"\" width=\"34\" height=\"34\" \/><\/a><\/strong><\/h6>\n<\/li>\n<li>\n<h6><strong><span style=\"color: #522575;\">Butllet\u00ed n\u00fam. 7 &#8211; Abril 2015<\/span>\u00a0<\/strong><a href=\"https:\/\/agora.xtec.cat\/ielesvinyes\/wp-content\/uploads\/usu1433\/2019\/12\/Butlleti\u0301-AMPA-nu\u0301m-7-abril-2015.pdf\" target=\"_blank\" rel=\"noopener noreferrer\"><strong><img loading=\"lazy\" decoding=\"async\" class=\"alignnone wp-image-4668\" src=\"https:\/\/agora.xtec.cat\/ielesvinyes\/wp-content\/uploads\/usu1433\/2019\/12\/pdf-150x150.jpg\" alt=\"\" width=\"34\" height=\"34\" \/><\/strong><\/a><\/h6>\n<\/li>\n<li><strong><span style=\"color: #522575;\">Butllet\u00ed n\u00fam. 6 &#8211; Febrer 2015 <\/span><\/strong><a href=\"https:\/\/agora.xtec.cat\/ielesvinyes\/wp-content\/uploads\/usu1433\/2019\/12\/Butlleti\u0301-AMPA-nu\u0301m-6-febrer-2015.pdf\" target=\"_blank\" rel=\"noopener noreferrer\"><strong><img loading=\"lazy\" decoding=\"async\" class=\"alignnone wp-image-4668\" src=\"https:\/\/agora.xtec.cat\/ielesvinyes\/wp-content\/uploads\/usu1433\/2019\/12\/pdf-150x150.jpg\" alt=\"\" width=\"34\" height=\"34\" \/><\/strong><\/a><\/li>\n<li><strong><span style=\"color: #522575;\">Butllet\u00ed n\u00fam. 5 &#8211; Desembre 2014 <\/span><\/strong><a href=\"https:\/\/agora.xtec.cat\/ielesvinyes\/wp-content\/uploads\/usu1433\/2019\/12\/Butlleti_AMPA_5.pdf\" target=\"_blank\" rel=\"noopener noreferrer\"><strong><img loading=\"lazy\" decoding=\"async\" class=\"alignnone wp-image-4668\" src=\"https:\/\/agora.xtec.cat\/ielesvinyes\/wp-content\/uploads\/usu1433\/2019\/12\/pdf-150x150.jpg\" alt=\"\" width=\"34\" height=\"34\" \/><\/strong><\/a><\/li>\n<li><strong style=\"font-size: 1em;\"><span style=\"color: #522575;\">Butllet\u00ed n\u00fam. 4 &#8211; Octubre 2014 <\/span><\/strong><a style=\"font-size: 1em;\" href=\"https:\/\/agora.xtec.cat\/ielesvinyes\/wp-content\/uploads\/usu1433\/2019\/12\/Butlleti\u0301-AMPA-nu\u0301m-4-octubre-2014.pdf\" target=\"_blank\" rel=\"noopener noreferrer\"><strong><img loading=\"lazy\" decoding=\"async\" class=\"alignnone wp-image-4668\" src=\"https:\/\/agora.xtec.cat\/ielesvinyes\/wp-content\/uploads\/usu1433\/2019\/12\/pdf-150x150.jpg\" alt=\"\" width=\"34\" height=\"34\" \/><\/strong><\/a><\/li>\n<li>\n<h6><strong><span style=\"color: #522575;\">Butllet\u00ed n\u00fam. 3\u00a0&#8211; Juny\u00a0201<a style=\"color: #522575;\" href=\"http:\/\/ampa.ielesvinyes.net\/stage1\/wp-content\/uploads\/2015\/02\/Butllet\u00ed-AMPA-n\u00fam-3-juny-2014.pdf\" target=\"_blank\" rel=\"noopener noreferrer\">4 <\/a><\/span><\/strong><a href=\"https:\/\/agora.xtec.cat\/ielesvinyes\/wp-content\/uploads\/usu1433\/2019\/12\/Butlleti\u0301-AMPA-nu\u0301m-3-juny-2014.pdf\" target=\"_blank\" rel=\"noopener noreferrer\"><strong><img loading=\"lazy\" decoding=\"async\" class=\"alignnone wp-image-4668\" src=\"https:\/\/agora.xtec.cat\/ielesvinyes\/wp-content\/uploads\/usu1433\/2019\/12\/pdf-150x150.jpg\" alt=\"\" width=\"34\" height=\"34\" \/><\/strong><\/a><\/h6>\n<\/li>\n<li>\n<h6><strong><span style=\"color: #522575;\">Butllet\u00ed n\u00fam. 2 &#8211; Abril 2014 <\/span><\/strong><a href=\"https:\/\/agora.xtec.cat\/ielesvinyes\/wp-content\/uploads\/usu1433\/2019\/12\/Butlleti\u0301-AMPA-nu\u0301m-2-abril-2014.pdf\" target=\"_blank\" rel=\"noopener noreferrer\"><strong><img loading=\"lazy\" decoding=\"async\" class=\"alignnone wp-image-4668\" src=\"https:\/\/agora.xtec.cat\/ielesvinyes\/wp-content\/uploads\/usu1433\/2019\/12\/pdf-150x150.jpg\" alt=\"\" width=\"34\" height=\"34\" \/><\/strong><\/a><\/h6>\n<\/li>\n<li>\n<h6><strong><span style=\"color: #522575;\">Butllet\u00ed n\u00fam. 1 &#8211; Febrer 2014 <\/span><\/strong><a href=\"https:\/\/agora.xtec.cat\/ielesvinyes\/wp-content\/uploads\/usu1433\/2019\/12\/Butlleti_AMPA_num_1_febrer_2014.pdf\" target=\"_blank\" rel=\"noopener noreferrer\"><strong><img loading=\"lazy\" decoding=\"async\" class=\"alignnone wp-image-4668\" src=\"https:\/\/agora.xtec.cat\/ielesvinyes\/wp-content\/uploads\/usu1433\/2019\/12\/pdf-150x150.jpg\" alt=\"\" width=\"34\" height=\"34\" \/><\/strong><\/a><\/h6>\n<h6><span style=\"color: #522575;\">\u00a0<\/span><\/h6>\n<\/li>\n<\/ul>\n","protected":false},"excerpt":{"rendered":"<p>Butllet\u00ed n\u00fam. 8 &#8211; Juny 2015 Butllet\u00ed n\u00fam. 7 &#8211; Abril 2015\u00a0 Butllet\u00ed n\u00fam. 6 &#8211; Febrer 2015 Butllet\u00ed n\u00fam. 5 &#8211; Desembre 2014 Butllet\u00ed n\u00fam. 4 &#8211; Octubre 2014 Butllet\u00ed n\u00fam. 3\u00a0&#8211; Juny\u00a02014 Butllet\u00ed n\u00fam. 2 &#8211; Abril 2014 Butllet\u00ed n\u00fam. 1 &#8211; Febrer 2014 \u00a0<\/p>\n","protected":false},"author":52,"featured_media":0,"parent":5697,"menu_order":4,"comment_status":"open","ping_status":"closed","template":"","meta":{"_bbp_topic_count":0,"_bbp_reply_count":0,"_bbp_total_topic_count":0,"_bbp_total_reply_count":0,"_bbp_voice_count":0,"_bbp_anonymous_reply_count":0,"_bbp_topic_count_hidden":0,"_bbp_reply_count_hidden":0,"_bbp_forum_subforum_count":0,"site-sidebar-layout":"default","site-content-layout":"","ast-site-content-layout":"","site-content-style":"default","site-sidebar-style":"default","ast-global-header-display":"","ast-banner-title-visibility":"","ast-main-header-display":"","ast-hfb-above-header-display":"","ast-hfb-below-header-display":"","ast-hfb-mobile-header-display":"","site-post-title":"","ast-breadcrumbs-content":"","ast-featured-img":"","footer-sml-layout":"","theme-transparent-header-meta":"","adv-header-id-meta":"","stick-header-meta":"","header-above-stick-meta":"","header-main-stick-meta":"","header-below-stick-meta":"","astra-migrate-meta-layouts":"default","ast-page-background-enabled":"default","ast-page-background-meta":{"desktop":{"background-color":"var(--ast-global-color-4)","background-image":"","background-repeat":"repeat","background-position":"center center","background-size":"auto","background-attachment":"scroll","background-type":"","background-media":"","overlay-type":"","overlay-color":"","overlay-opacity":"","overlay-gradient":""},"tablet":{"background-color":"","background-image":"","background-repeat":"repeat","background-position":"center center","background-size":"auto","background-attachment":"scroll","background-type":"","background-media":"","overlay-type":"","overlay-color":"","overlay-opacity":"","overlay-gradient":""},"mobile":{"background-color":"","background-image":"","background-repeat":"repeat","background-position":"center center","background-size":"auto","background-attachment":"scroll","background-type":"","background-media":"","overlay-type":"","overlay-color":"","overlay-opacity":"","overlay-gradient":""}},"ast-content-background-meta":{"desktop":{"background-color":"var(--ast-global-color-5)","background-image":"","background-repeat":"repeat","background-position":"center center","background-size":"auto","background-attachment":"scroll","background-type":"","background-media":"","overlay-type":"","overlay-color":"","overlay-opacity":"","overlay-gradient":""},"tablet":{"background-color":"var(--ast-global-color-5)","background-image":"","background-repeat":"repeat","background-position":"center center","background-size":"auto","background-attachment":"scroll","background-type":"","background-media":"","overlay-type":"","overlay-color":"","overlay-opacity":"","overlay-gradient":""},"mobile":{"background-color":"var(--ast-global-color-5)","background-image":"","background-repeat":"repeat","background-position":"center center","background-size":"auto","background-attachment":"scroll","background-type":"","background-media":"","overlay-type":"","overlay-color":"","overlay-opacity":"","overlay-gradient":""}},"footnotes":""},"class_list":["post-698","page","type-page","status-publish","hentry"],"post_mailing_queue_ids":[],"_links":{"self":[{"href":"https:\/\/agora.xtec.cat\/ielesvinyes\/wp-json\/wp\/v2\/pages\/698","targetHints":{"allow":["GET"]}}],"collection":[{"href":"https:\/\/agora.xtec.cat\/ielesvinyes\/wp-json\/wp\/v2\/pages"}],"about":[{"href":"https:\/\/agora.xtec.cat\/ielesvinyes\/wp-json\/wp\/v2\/types\/page"}],"author":[{"embeddable":true,"href":"https:\/\/agora.xtec.cat\/ielesvinyes\/wp-json\/wp\/v2\/users\/52"}],"replies":[{"embeddable":true,"href":"https:\/\/agora.xtec.cat\/ielesvinyes\/wp-json\/wp\/v2\/comments?post=698"}],"version-history":[{"count":4,"href":"https:\/\/agora.xtec.cat\/ielesvinyes\/wp-json\/wp\/v2\/pages\/698\/revisions"}],"predecessor-version":[{"id":5761,"href":"https:\/\/agora.xtec.cat\/ielesvinyes\/wp-json\/wp\/v2\/pages\/698\/revisions\/5761"}],"up":[{"embeddable":true,"href":"https:\/\/agora.xtec.cat\/ielesvinyes\/wp-json\/wp\/v2\/pages\/5697"}],"wp:attachment":[{"href":"https:\/\/agora.xtec.cat\/ielesvinyes\/wp-json\/wp\/v2\/media?parent=698"}],"curies":[{"name":"wp","href":"https:\/\/api.w.org\/{rel}","templated":true}]}}