{"id":5780,"date":"2020-02-05T15:19:30","date_gmt":"2020-02-05T14:19:30","guid":{"rendered":"http:\/\/agora.xtec.cat\/ielesvinyes\/?page_id=5780"},"modified":"2020-02-05T18:01:41","modified_gmt":"2020-02-05T17:01:41","slug":"afa-els-nostres-projectes-repensem-els-patis","status":"publish","type":"page","link":"https:\/\/agora.xtec.cat\/ielesvinyes\/afa-les-vinyes\/afa-els-nostres-projectes\/afa-els-nostres-projectes-repensem-els-patis\/","title":{"rendered":"AFA: Els nostres projectes -> Repensem els patis"},"content":{"rendered":"<p><span style=\"color: #ff6600;\"><strong>&#8220;Repensem els patis&#8221;<\/strong><\/span>\u00a0\u00e9s un projecte a llarg termini on es pret\u00e9n millorar i condicionar els espais on estan ubicats els patis d\u2019infantil, prim\u00e0ria i secund\u00e0ria.<u><\/u><u><\/u><\/p>\n<p><u><\/u>Actualment ens trobem en la primera fase del projecte.<\/p>\n<p>Al gener de 2019 es van recollir dades de les necessitats, opinions i idees de millora que ens va proporcionar tant l\u2019alumnat de tots els cicles, com els mestres, professors i monitors de menjador, a trav\u00e9s d\u2019unes enquestes que els hi vam facilitar amb 5 preguntes molt concretes.<u><\/u><\/p>\n<p><span style=\"font-family: inherit; font-size: 1em;\">Si voleu con\u00e8ixer els resultats de les enquestes, podeu clicar els seg\u00fcents enlla\u00e7os:<\/span><br \/>\n<u><\/u><\/p>\n<ul>\n<li>Quins jocs de moviment t&#8217;agraden? <a style=\"font-size: 1.125em; font-weight: bold;\" href=\"https:\/\/agora.xtec.cat\/ielesvinyes\/wp-content\/uploads\/usu1433\/2020\/02\/AFA-PROJECTES-PATI-Enquesta_Quins_Jocs_Agraden.pdf\"><span style=\"color: #522575;\"><img loading=\"lazy\" decoding=\"async\" class=\"alignnone wp-image-4668\" src=\"https:\/\/agora.xtec.cat\/ielesvinyes\/wp-content\/uploads\/usu1433\/2019\/12\/pdf.jpg\" alt=\"\" width=\"30\" height=\"33\" \/><\/span><\/a><\/li>\n<li>Quines sensacions t&#8217;agradaria experimentar?\u00a0<a style=\"font-size: 1.125em; font-weight: bold;\" href=\"https:\/\/agora.xtec.cat\/ielesvinyes\/wp-content\/uploads\/usu1433\/2020\/02\/AFA-PROJECTES-PATI-Enquesta_Quines_sensacions_experimentar.pdf\"><span style=\"color: #522575;\"><img loading=\"lazy\" decoding=\"async\" class=\"alignnone wp-image-4668\" src=\"https:\/\/agora.xtec.cat\/ielesvinyes\/wp-content\/uploads\/usu1433\/2019\/12\/pdf.jpg\" alt=\"\" width=\"30\" height=\"33\" \/><\/span><\/a><\/li>\n<li>Quins tipus de zones t&#8217;agradaria per poder parlar amb els companys i companyes? <a style=\"font-size: 1.125em; font-weight: bold;\" href=\"https:\/\/agora.xtec.cat\/ielesvinyes\/wp-content\/uploads\/usu1433\/2020\/02\/AFA-PROJECTES-PATI-Enquesta_Tipus_zones_per_parlar.pdf\"><span style=\"color: #522575;\"><img loading=\"lazy\" decoding=\"async\" class=\"alignnone wp-image-4668\" src=\"https:\/\/agora.xtec.cat\/ielesvinyes\/wp-content\/uploads\/usu1433\/2019\/12\/pdf.jpg\" alt=\"\" width=\"30\" height=\"33\" \/><\/span><\/a><\/li>\n<li>Quin tipus de zona verda t&#8217;agradaria tenir al pati? <a style=\"font-size: 1.125em; font-weight: bold;\" href=\"https:\/\/agora.xtec.cat\/ielesvinyes\/wp-content\/uploads\/usu1433\/2020\/02\/AFA-PROJECTES-PATI-Enquesta_Quin_Tipus_Zones_Verdas.pdf\"><span style=\"color: #522575;\"><img loading=\"lazy\" decoding=\"async\" class=\"alignnone wp-image-4668\" src=\"https:\/\/agora.xtec.cat\/ielesvinyes\/wp-content\/uploads\/usu1433\/2019\/12\/pdf.jpg\" alt=\"\" width=\"30\" height=\"33\" \/><\/span><\/a><\/li>\n<li>Quins elements t&#8217;agradaria que hi hagu\u00e9s al pati? <a style=\"font-size: 1.125em; font-weight: bold;\" href=\"https:\/\/agora.xtec.cat\/ielesvinyes\/wp-content\/uploads\/usu1433\/2020\/02\/AFA-PROJECTES-PATI-Enquesta_Quins_Elements_Agradaria_al_Pati.pdf\"><span style=\"color: #522575;\"><img loading=\"lazy\" decoding=\"async\" class=\"alignnone wp-image-4668\" src=\"https:\/\/agora.xtec.cat\/ielesvinyes\/wp-content\/uploads\/usu1433\/2019\/12\/pdf.jpg\" alt=\"\" width=\"30\" height=\"33\" \/><\/span><\/a><\/li>\n<\/ul>\n<p>Amb les dades obtingudes, l&#8217;empresa especialitzada <a href=\"https:\/\/milanta.net\/\" target=\"_blank\" rel=\"noopener noreferrer\">MILANTA<\/a> est\u00e0 elaborant un projecte inicial amb les propostes de millora, que s\u2019aniran materialitzant per fases, en funci\u00f3 de les prioritats i del pressupost.<\/p>\n<p><span style=\"color: #808000;\"><strong>PRIMERA ZONA D&#8217;ACTUACI\u00d3<\/strong><\/span><\/p>\n<p><span style=\"color: #808000;\"><strong><span style=\"color: #0c97c9;\"><em>PATI DIP\u00d2SIT: A l&#8217;espera que l&#8217;Ajuntament substitueixi el dip\u00f2sit soterrat d&#8217;aquesta zona.<\/em><\/span><\/strong><\/span><\/p>\n<p>&nbsp;<\/p>\n<p><img loading=\"lazy\" decoding=\"async\" class=\"size-large wp-image-5781 aligncenter\" src=\"https:\/\/agora.xtec.cat\/ielesvinyes\/wp-content\/uploads\/usu1433\/2020\/02\/AFA-PROJECTES-Pati-Diposit-1024x719.jpg\" alt=\"\" width=\"1024\" height=\"719\" srcset=\"https:\/\/agora.xtec.cat\/ielesvinyes\/wp-content\/uploads\/usu1433\/2020\/02\/AFA-PROJECTES-Pati-Diposit-1024x719.jpg 1024w, https:\/\/agora.xtec.cat\/ielesvinyes\/wp-content\/uploads\/usu1433\/2020\/02\/AFA-PROJECTES-Pati-Diposit-300x211.jpg 300w, https:\/\/agora.xtec.cat\/ielesvinyes\/wp-content\/uploads\/usu1433\/2020\/02\/AFA-PROJECTES-Pati-Diposit-768x540.jpg 768w\" sizes=\"auto, (max-width: 1024px) 100vw, 1024px\" \/><\/p>\n<p>&nbsp;<\/p>\n<p>&nbsp;<\/p>\n","protected":false},"excerpt":{"rendered":"<p>&#8220;Repensem els patis&#8221;\u00a0\u00e9s un projecte a llarg termini on es pret\u00e9n millorar i condicionar els espais on estan ubicats els patis d\u2019infantil, prim\u00e0ria i secund\u00e0ria. Actualment ens trobem en la primera fase del projecte. Al gener de 2019 es van recollir dades de les necessitats, opinions i idees de millora que ens va proporcionar tant [&hellip;]<\/p>\n","protected":false},"author":52,"featured_media":0,"parent":5697,"menu_order":2,"comment_status":"closed","ping_status":"closed","template":"","meta":{"_bbp_topic_count":0,"_bbp_reply_count":0,"_bbp_total_topic_count":0,"_bbp_total_reply_count":0,"_bbp_voice_count":0,"_bbp_anonymous_reply_count":0,"_bbp_topic_count_hidden":0,"_bbp_reply_count_hidden":0,"_bbp_forum_subforum_count":0,"site-sidebar-layout":"default","site-content-layout":"","ast-site-content-layout":"","site-content-style":"default","site-sidebar-style":"default","ast-global-header-display":"","ast-banner-title-visibility":"","ast-main-header-display":"","ast-hfb-above-header-display":"","ast-hfb-below-header-display":"","ast-hfb-mobile-header-display":"","site-post-title":"","ast-breadcrumbs-content":"","ast-featured-img":"","footer-sml-layout":"","theme-transparent-header-meta":"","adv-header-id-meta":"","stick-header-meta":"","header-above-stick-meta":"","header-main-stick-meta":"","header-below-stick-meta":"","astra-migrate-meta-layouts":"default","ast-page-background-enabled":"default","ast-page-background-meta":{"desktop":{"background-color":"var(--ast-global-color-4)","background-image":"","background-repeat":"repeat","background-position":"center center","background-size":"auto","background-attachment":"scroll","background-type":"","background-media":"","overlay-type":"","overlay-color":"","overlay-opacity":"","overlay-gradient":""},"tablet":{"background-color":"","background-image":"","background-repeat":"repeat","background-position":"center center","background-size":"auto","background-attachment":"scroll","background-type":"","background-media":"","overlay-type":"","overlay-color":"","overlay-opacity":"","overlay-gradient":""},"mobile":{"background-color":"","background-image":"","background-repeat":"repeat","background-position":"center center","background-size":"auto","background-attachment":"scroll","background-type":"","background-media":"","overlay-type":"","overlay-color":"","overlay-opacity":"","overlay-gradient":""}},"ast-content-background-meta":{"desktop":{"background-color":"var(--ast-global-color-5)","background-image":"","background-repeat":"repeat","background-position":"center center","background-size":"auto","background-attachment":"scroll","background-type":"","background-media":"","overlay-type":"","overlay-color":"","overlay-opacity":"","overlay-gradient":""},"tablet":{"background-color":"var(--ast-global-color-5)","background-image":"","background-repeat":"repeat","background-position":"center center","background-size":"auto","background-attachment":"scroll","background-type":"","background-media":"","overlay-type":"","overlay-color":"","overlay-opacity":"","overlay-gradient":""},"mobile":{"background-color":"var(--ast-global-color-5)","background-image":"","background-repeat":"repeat","background-position":"center center","background-size":"auto","background-attachment":"scroll","background-type":"","background-media":"","overlay-type":"","overlay-color":"","overlay-opacity":"","overlay-gradient":""}},"footnotes":""},"class_list":["post-5780","page","type-page","status-publish","hentry"],"post_mailing_queue_ids":[],"_links":{"self":[{"href":"https:\/\/agora.xtec.cat\/ielesvinyes\/wp-json\/wp\/v2\/pages\/5780","targetHints":{"allow":["GET"]}}],"collection":[{"href":"https:\/\/agora.xtec.cat\/ielesvinyes\/wp-json\/wp\/v2\/pages"}],"about":[{"href":"https:\/\/agora.xtec.cat\/ielesvinyes\/wp-json\/wp\/v2\/types\/page"}],"author":[{"embeddable":true,"href":"https:\/\/agora.xtec.cat\/ielesvinyes\/wp-json\/wp\/v2\/users\/52"}],"replies":[{"embeddable":true,"href":"https:\/\/agora.xtec.cat\/ielesvinyes\/wp-json\/wp\/v2\/comments?post=5780"}],"version-history":[{"count":4,"href":"https:\/\/agora.xtec.cat\/ielesvinyes\/wp-json\/wp\/v2\/pages\/5780\/revisions"}],"predecessor-version":[{"id":5797,"href":"https:\/\/agora.xtec.cat\/ielesvinyes\/wp-json\/wp\/v2\/pages\/5780\/revisions\/5797"}],"up":[{"embeddable":true,"href":"https:\/\/agora.xtec.cat\/ielesvinyes\/wp-json\/wp\/v2\/pages\/5697"}],"wp:attachment":[{"href":"https:\/\/agora.xtec.cat\/ielesvinyes\/wp-json\/wp\/v2\/media?parent=5780"}],"curies":[{"name":"wp","href":"https:\/\/api.w.org\/{rel}","templated":true}]}}