{"id":5181,"date":"2020-02-02T17:17:18","date_gmt":"2020-02-02T16:17:18","guid":{"rendered":"http:\/\/agora.xtec.cat\/ielesvinyes\/?page_id=5181"},"modified":"2023-09-14T11:29:27","modified_gmt":"2023-09-14T09:29:27","slug":"acollida","status":"publish","type":"page","link":"https:\/\/agora.xtec.cat\/ielesvinyes\/afa-les-vinyes\/serveis-afa\/acollida\/","title":{"rendered":"AFA: Serveis &#8211; Acollida"},"content":{"rendered":"<p><!--<strong><span data-mce-type=\"bookmark\" style=\"display: inline-block; width: 0px; overflow: hidden; line-height: 0;\" class=\"mce_SELRES_start\"><\/span>\u00a0 \u00a0 \u00a0 \u00a0 \u00a0 DE MAT\u00cd\u00a0 \u00a0 \u00a0 \u00a0 \u00a0 \u00a0 \u00a0 \u00a0 \u00a0 \u00a0 \u00a0 \u00a0 \u00a0 \u00a0 \u00a0 \u00a0 \u00a0 \u00a0 \u00a0 \u00a0 \u00a0 \u00a0 \u00a0 \u00a0 \u00a0DE MIGDIA\u00a0 \u00a0 \u00a0 \u00a0 \u00a0 \u00a0 \u00a0 \u00a0 \u00a0 \u00a0 \u00a0 \u00a0 \u00a0 \u00a0 \u00a0 \u00a0 \u00a0 \u00a0 \u00a0 \u00a0 \u00a0 \u00a0 \u00a0 \u00a0 \u00a0DE TARDA<\/strong>\n\n<strong>\u00a0 \u00a0 \u00a0 \u00a0 \u00a0(INF i PRI)\u00a0 \u00a0 \u00a0 \u00a0 \u00a0 \u00a0 \u00a0 \u00a0 \u00a0 \u00a0 \u00a0 \u00a0 \u00a0 \u00a0 \u00a0 \u00a0 \u00a0 \u00a0 \u00a0 \u00a0 \u00a0 \u00a0 \u00a0 \u00a0 \u00a0 \u00a0 (ESO)\u00a0 \u00a0 \u00a0 \u00a0 \u00a0 \u00a0 \u00a0 \u00a0 \u00a0 \u00a0 \u00a0 \u00a0 \u00a0 \u00a0 \u00a0 \u00a0 \u00a0 \u00a0 \u00a0 \u00a0 \u00a0 \u00a0 \u00a0 \u00a0 \u00a0 \u00a0 \u00a0 \u00a0(INF i PRI)<\/strong>\n\n<a href=\"https:\/\/agora.xtec.cat\/ielesvinyes\/afa-les-vinyes\/serveis-afa\/acollida-de-mati-o-tarda\/afa-serveis-acollida-de-mati-o-tarda-acollida-de-migdia\/acollida-de-mati-2\/\" rel=\"noopener noreferrer\"><img loading=\"lazy\" decoding=\"async\" class=\"alignnone wp-image-7385 size-full\" src=\"https:\/\/agora.xtec.cat\/ielesvinyes\/wp-content\/uploads\/usu1433\/2022\/09\/rellotge_0745-0900.jpg\" alt=\"\" width=\"150\" height=\"150\" \/><\/a>\u00a0 \u00a0 \u00a0 \u00a0 \u00a0 \u00a0 \u00a0 \u00a0 \u00a0 \u00a0 \u00a0 \u00a0 \u00a0 \u00a0 \u00a0 \u00a0 \u00a0<a href=\"https:\/\/agora.xtec.cat\/ielesvinyes\/afa-les-vinyes\/serveis-afa\/acollida-de-mati-o-tarda\/acollida-de-migdia\/\" rel=\"noopener noreferrer\"><img loading=\"lazy\" decoding=\"async\" class=\"alignnone wp-image-7383 size-full\" src=\"https:\/\/agora.xtec.cat\/ielesvinyes\/wp-content\/uploads\/usu1433\/2022\/09\/rellotge_1520-1620.jpg\" alt=\"\" width=\"150\" height=\"150\" \/><\/a>\u00a0 \u00a0 \u00a0 \u00a0 \u00a0 \u00a0 \u00a0 \u00a0 \u00a0 \u00a0 \u00a0 \u00a0 \u00a0 \u00a0 \u00a0 \u00a0 \u00a0<a href=\"https:\/\/agora.xtec.cat\/ielesvinyes\/afa-les-vinyes\/serveis-afa\/acollida-de-mati-o-tarda\/acollida-de-tarda\/\" rel=\"noopener noreferrer\"><img loading=\"lazy\" decoding=\"async\" class=\"alignnone wp-image-7384 size-full\" src=\"https:\/\/agora.xtec.cat\/ielesvinyes\/wp-content\/uploads\/usu1433\/2022\/09\/rellotge_1630-1730.jpg\" alt=\"\" width=\"150\" height=\"150\" \/><\/a>--><\/p>\n<p><strong>DE MAT\u00cd (INF i PRI)<\/strong><\/p>\n<p><a href=\"https:\/\/agora.xtec.cat\/ielesvinyes\/afa-les-vinyes\/serveis-afa\/acollida-de-mati-o-tarda\/afa-serveis-acollida-de-mati-o-tarda-acollida-de-migdia\/acollida-de-mati-2\/\" rel=\"noopener noreferrer\"><img loading=\"lazy\" decoding=\"async\" class=\"alignnone wp-image-7385 size-full\" src=\"https:\/\/agora.xtec.cat\/ielesvinyes\/wp-content\/uploads\/usu1433\/2022\/09\/rellotge_0745-0900.jpg\" alt=\"\" width=\"150\" height=\"150\" \/><\/a><\/p>\n<p><strong><span style=\"color: #ff6600;\">IMPORTANT!<\/span><\/strong><\/p>\n<p><span style=\"color: #808000;\"><strong>Normes i recomanacions per fer \u00fas del servei<\/strong><\/span><\/p>\n<ul>\n<li>Per fer \u00fas del servei d\u2019acollida, caldr\u00e0 haver fet la inscripci\u00f3 al servei pr\u00e8viament mitjan\u00e7ant la plataforma online <a href=\"https:\/\/escoles.doblevia.coop\" target=\"_blank\" rel=\"noopener\">https:\/\/escoles.doblevia.coop<\/a>.<\/li>\n<li><strong>Les entrades i sortides a les acollides estaran regulades<\/strong> i es faran en horaris fixes per evitar fluxos no controlats d\u2019infants:<\/li>\n<\/ul>\n<p><span style=\"text-decoration: underline;\"><span style=\"color: #0c97c9;\"><strong>Mat\u00ed:<\/strong><\/span><\/span><\/p>\n<ul>\n<li style=\"list-style-type: none;\">\n<ul>\n<li style=\"list-style-type: none;\">\n<ul>\n<li style=\"list-style-type: none;\">\n<ul>\n<li>1r torn: entrada a les 7.45h<\/li>\n<li>2n torn: entrada a les 8.00h<\/li>\n<li>3r torn: entrada a les 8.30h<\/li>\n<\/ul>\n<\/li>\n<\/ul>\n<\/li>\n<\/ul>\n<\/li>\n<\/ul>\n<p>El monitoratge ser\u00e0 el responsable d\u2019obrir la porta d\u2019entrada i d\u2019acompanyar als infants a l\u2019espai d\u2019acollida.<\/p>\n<ul>\n<li>Alumnes d\u2019ESO: sortida a les 16.20h. Podran sortir abans aquells alumnes que aix\u00ed ho formalitzin mitjan\u00e7ant una autoritzaci\u00f3 del pare, mare o tutor legal. <a href=\"https:\/\/agora.xtec.cat\/ielesvinyes\/wp-content\/uploads\/usu1433\/2022\/09\/Autoritzacio-sortir-sols-es-del-centre.pdf\" target=\"_blank\" rel=\"noopener\">[Autoritzaci\u00f3]<\/a><\/li>\n<\/ul>\n","protected":false},"excerpt":{"rendered":"<p>DE MAT\u00cd (INF i PRI) IMPORTANT! Normes i recomanacions per fer \u00fas del servei Per fer \u00fas del servei d\u2019acollida, caldr\u00e0 haver fet la inscripci\u00f3 al servei pr\u00e8viament mitjan\u00e7ant la plataforma online https:\/\/escoles.doblevia.coop. Les entrades i sortides a les acollides estaran regulades i es faran en horaris fixes per evitar fluxos no controlats d\u2019infants: Mat\u00ed: [&hellip;]<\/p>\n","protected":false},"author":52,"featured_media":0,"parent":86,"menu_order":1,"comment_status":"closed","ping_status":"closed","template":"","meta":{"_bbp_topic_count":0,"_bbp_reply_count":0,"_bbp_total_topic_count":0,"_bbp_total_reply_count":0,"_bbp_voice_count":0,"_bbp_anonymous_reply_count":0,"_bbp_topic_count_hidden":0,"_bbp_reply_count_hidden":0,"_bbp_forum_subforum_count":0,"site-sidebar-layout":"default","site-content-layout":"","ast-site-content-layout":"","site-content-style":"default","site-sidebar-style":"default","ast-global-header-display":"","ast-banner-title-visibility":"","ast-main-header-display":"","ast-hfb-above-header-display":"","ast-hfb-below-header-display":"","ast-hfb-mobile-header-display":"","site-post-title":"","ast-breadcrumbs-content":"","ast-featured-img":"","footer-sml-layout":"","theme-transparent-header-meta":"","adv-header-id-meta":"","stick-header-meta":"","header-above-stick-meta":"","header-main-stick-meta":"","header-below-stick-meta":"","astra-migrate-meta-layouts":"default","ast-page-background-enabled":"default","ast-page-background-meta":{"desktop":{"background-color":"var(--ast-global-color-4)","background-image":"","background-repeat":"repeat","background-position":"center center","background-size":"auto","background-attachment":"scroll","background-type":"","background-media":"","overlay-type":"","overlay-color":"","overlay-opacity":"","overlay-gradient":""},"tablet":{"background-color":"","background-image":"","background-repeat":"repeat","background-position":"center center","background-size":"auto","background-attachment":"scroll","background-type":"","background-media":"","overlay-type":"","overlay-color":"","overlay-opacity":"","overlay-gradient":""},"mobile":{"background-color":"","background-image":"","background-repeat":"repeat","background-position":"center center","background-size":"auto","background-attachment":"scroll","background-type":"","background-media":"","overlay-type":"","overlay-color":"","overlay-opacity":"","overlay-gradient":""}},"ast-content-background-meta":{"desktop":{"background-color":"var(--ast-global-color-5)","background-image":"","background-repeat":"repeat","background-position":"center center","background-size":"auto","background-attachment":"scroll","background-type":"","background-media":"","overlay-type":"","overlay-color":"","overlay-opacity":"","overlay-gradient":""},"tablet":{"background-color":"var(--ast-global-color-5)","background-image":"","background-repeat":"repeat","background-position":"center center","background-size":"auto","background-attachment":"scroll","background-type":"","background-media":"","overlay-type":"","overlay-color":"","overlay-opacity":"","overlay-gradient":""},"mobile":{"background-color":"var(--ast-global-color-5)","background-image":"","background-repeat":"repeat","background-position":"center center","background-size":"auto","background-attachment":"scroll","background-type":"","background-media":"","overlay-type":"","overlay-color":"","overlay-opacity":"","overlay-gradient":""}},"footnotes":""},"class_list":["post-5181","page","type-page","status-publish","hentry"],"post_mailing_queue_ids":[],"_links":{"self":[{"href":"https:\/\/agora.xtec.cat\/ielesvinyes\/wp-json\/wp\/v2\/pages\/5181","targetHints":{"allow":["GET"]}}],"collection":[{"href":"https:\/\/agora.xtec.cat\/ielesvinyes\/wp-json\/wp\/v2\/pages"}],"about":[{"href":"https:\/\/agora.xtec.cat\/ielesvinyes\/wp-json\/wp\/v2\/types\/page"}],"author":[{"embeddable":true,"href":"https:\/\/agora.xtec.cat\/ielesvinyes\/wp-json\/wp\/v2\/users\/52"}],"replies":[{"embeddable":true,"href":"https:\/\/agora.xtec.cat\/ielesvinyes\/wp-json\/wp\/v2\/comments?post=5181"}],"version-history":[{"count":4,"href":"https:\/\/agora.xtec.cat\/ielesvinyes\/wp-json\/wp\/v2\/pages\/5181\/revisions"}],"predecessor-version":[{"id":7749,"href":"https:\/\/agora.xtec.cat\/ielesvinyes\/wp-json\/wp\/v2\/pages\/5181\/revisions\/7749"}],"up":[{"embeddable":true,"href":"https:\/\/agora.xtec.cat\/ielesvinyes\/wp-json\/wp\/v2\/pages\/86"}],"wp:attachment":[{"href":"https:\/\/agora.xtec.cat\/ielesvinyes\/wp-json\/wp\/v2\/media?parent=5181"}],"curies":[{"name":"wp","href":"https:\/\/api.w.org\/{rel}","templated":true}]}}