{"id":4354,"date":"2017-03-11T08:01:56","date_gmt":"2017-03-11T07:01:56","guid":{"rendered":"http:\/\/ampa.ielesvinyes.net\/stage1\/?page_id=3560"},"modified":"2020-02-04T13:30:26","modified_gmt":"2020-02-04T12:30:26","slug":"economia-2016-2017","status":"publish","type":"page","link":"https:\/\/agora.xtec.cat\/ielesvinyes\/afa-les-vinyes\/economia-afa\/economia-2016-2017\/","title":{"rendered":"AFA: Economia &#8211; Curs 2016-2017"},"content":{"rendered":"<h5><span style=\"color: #522575;\"><strong>QUOTES DE SOCI\u00a0<\/strong><\/span><\/h5>\n<p style=\"padding-left: 30px;\"><strong>TAULETES PER INFANTIL I PRIM\u00c0RIA = <span style=\"color: #ff6600;\">3.359,84 \u20ac<\/span><\/strong><\/p>\n<p><img loading=\"lazy\" decoding=\"async\" class=\" wp-image-5628 aligncenter\" src=\"https:\/\/agora.xtec.cat\/ielesvinyes\/wp-content\/uploads\/usu1433\/2020\/02\/AFA-INVERSI\u00d3-Tauletes-16-17.jpg\" alt=\"\" width=\"385\" height=\"300\" srcset=\"https:\/\/agora.xtec.cat\/ielesvinyes\/wp-content\/uploads\/usu1433\/2020\/02\/AFA-INVERSI\u00d3-Tauletes-16-17.jpg 472w, https:\/\/agora.xtec.cat\/ielesvinyes\/wp-content\/uploads\/usu1433\/2020\/02\/AFA-INVERSI\u00d3-Tauletes-16-17-300x234.jpg 300w\" sizes=\"auto, (max-width: 385px) 100vw, 385px\" \/><\/p>\n<p><img loading=\"lazy\" decoding=\"async\" class=\"wp-image-3569 aligncenter\" src=\"http:\/\/ampa.ielesvinyes.net\/stage1\/wp-content\/uploads\/2017\/03\/tauletes-infantil-i-primaria.jpg\" alt=\"\" width=\"439\" height=\"314\" \/><\/p>\n<h5><span style=\"color: #522575;\"><strong>QUOTES DE SOCI\u00a0<\/strong><\/span><\/h5>\n<h6 style=\"padding-left: 30px;\">\u00a0MONITORA DE REFOR\u00c7<strong>\u00a0a P3\u00a0= <span style=\"color: #ff6600;\">\u00a02.198,32 \u20ac<\/span><\/strong><\/h6>\n<p style=\"text-align: left; padding-left: 120px;\"><img loading=\"lazy\" decoding=\"async\" class=\"size-full wp-image-4756 aligncenter\" src=\"https:\/\/agora.xtec.cat\/ielesvinyes\/wp-content\/uploads\/usu1433\/2019\/12\/mestra-reforc\u0327.jpg\" alt=\"\" width=\"320\" height=\"232\" srcset=\"https:\/\/agora.xtec.cat\/ielesvinyes\/wp-content\/uploads\/usu1433\/2019\/12\/mestra-reforc\u0327.jpg 320w, https:\/\/agora.xtec.cat\/ielesvinyes\/wp-content\/uploads\/usu1433\/2019\/12\/mestra-reforc\u0327-300x218.jpg 300w\" sizes=\"auto, (max-width: 320px) 100vw, 320px\" \/><\/p>\n<h5><span style=\"color: #522575;\"><strong>SUBVENCI\u00d3 AJUNTAMENT,\u00a0<\/strong><\/span><span style=\"color: #522575;\"><strong>BENEFICIS LOTERIA i QUOTES SOCIS<\/strong><\/span><\/h5>\n<p style=\"padding-left: 30px;\"><strong>PROJECTE &#8220;Empowering Oral English&#8221;\u00a0= <\/strong><\/p>\n<p style=\"padding-left: 30px;\"><strong><span style=\"color: #ff6600;\">7.500\u20ac + 1.997,36\u20ac\u00a0<\/span><span style=\"color: #ff6600;\">\u00a0+ 8.082,64 \u20ac, respectivament = 17.580 \u20ac<\/span><\/strong><\/p>\n<p style=\"text-align: center;\"><img loading=\"lazy\" decoding=\"async\" class=\"alignnone wp-image-5622\" src=\"https:\/\/agora.xtec.cat\/ielesvinyes\/wp-content\/uploads\/usu1433\/2020\/02\/inversions-empowering-15-16.jpg\" alt=\"\" width=\"427\" height=\"404\" srcset=\"https:\/\/agora.xtec.cat\/ielesvinyes\/wp-content\/uploads\/usu1433\/2020\/02\/inversions-empowering-15-16.jpg 558w, https:\/\/agora.xtec.cat\/ielesvinyes\/wp-content\/uploads\/usu1433\/2020\/02\/inversions-empowering-15-16-300x283.jpg 300w\" sizes=\"auto, (max-width: 427px) 100vw, 427px\" \/><\/p>\n<h5><span style=\"color: #522575;\"><strong>BENEFICIS LOTERIA DE NADAL<\/strong><\/span><\/h5>\n<p style=\"padding-left: 30px; text-align: left;\"><strong>VIATGE FI D&#8217;ETAPA (4t d&#8217;ESO)\u00a0= <span style=\"color: #ff6600;\">370\u00a0\u20ac<\/span><\/strong><\/p>\n<p><img loading=\"lazy\" decoding=\"async\" class=\"size-full wp-image-5613 aligncenter\" src=\"https:\/\/agora.xtec.cat\/ielesvinyes\/wp-content\/uploads\/usu1433\/2020\/02\/AFA-INVERSI\u00d3-fi-de-curs-4t-ESO-16-17.jpg\" alt=\"\" width=\"191\" height=\"388\" srcset=\"https:\/\/agora.xtec.cat\/ielesvinyes\/wp-content\/uploads\/usu1433\/2020\/02\/AFA-INVERSI\u00d3-fi-de-curs-4t-ESO-16-17.jpg 191w, https:\/\/agora.xtec.cat\/ielesvinyes\/wp-content\/uploads\/usu1433\/2020\/02\/AFA-INVERSI\u00d3-fi-de-curs-4t-ESO-16-17-148x300.jpg 148w\" sizes=\"auto, (max-width: 191px) 100vw, 191px\" \/><\/p>\n<p style=\"padding-left: 30px;\"><a href=\"http:\/\/ampa.ielesvinyes.net\/stage1\/wp-content\/uploads\/2017\/03\/fi-de-curs-4t-ESO-16-17.jpg\"><img loading=\"lazy\" decoding=\"async\" class=\"wp-image-3561 aligncenter\" src=\"http:\/\/ampa.ielesvinyes.net\/stage1\/wp-content\/uploads\/2017\/03\/fi-de-curs-4t-ESO-16-17.jpg\" alt=\"\" width=\"129\" height=\"262\" \/><\/a><\/p>\n<h5><span style=\"color: #522575;\"><strong>QUOTES DE SOCI\u00a0<\/strong><\/span><\/h5>\n<p style=\"padding-left: 30px;\"><strong>DONATIU AL PROJECTE DE 4t D&#8217;ESO: COOPERACI\u00d3 AMB L&#8217;ASSOCIACI\u00d3 &#8220;\u00c0NEMOS&#8221; I L&#8217;ONG &#8220;PETITS DETALLS&#8221;, EN COL\u00b7LABORACI\u00d3 AMB EL PROJECTE DE L'&#8221;ESCOLA TABINWA&#8221; D&#8217;UGANDA =\u00a0<span style=\"color: #ff6600;\">85 \u20ac<\/span><\/strong><\/p>\n<p><img loading=\"lazy\" decoding=\"async\" class=\"size-full wp-image-5651 aligncenter\" src=\"https:\/\/agora.xtec.cat\/ielesvinyes\/wp-content\/uploads\/usu1433\/2020\/02\/AFA-INVERSI\u00d3-Donatiu-Uganda.png\" alt=\"\" width=\"356\" height=\"230\" srcset=\"https:\/\/agora.xtec.cat\/ielesvinyes\/wp-content\/uploads\/usu1433\/2020\/02\/AFA-INVERSI\u00d3-Donatiu-Uganda.png 356w, https:\/\/agora.xtec.cat\/ielesvinyes\/wp-content\/uploads\/usu1433\/2020\/02\/AFA-INVERSI\u00d3-Donatiu-Uganda-300x194.png 300w\" sizes=\"auto, (max-width: 356px) 100vw, 356px\" \/><\/p>\n<p style=\"padding-left: 30px;\"><a href=\"http:\/\/ampa.ielesvinyes.net\/stage1\/wp-content\/uploads\/2017\/03\/IMG_20170311_071000.jpg\"><img loading=\"lazy\" decoding=\"async\" class=\"wp-image-3564 aligncenter\" src=\"http:\/\/ampa.ielesvinyes.net\/stage1\/wp-content\/uploads\/2017\/03\/IMG_20170311_071000.jpg\" alt=\"\" width=\"459\" height=\"459\" \/><\/a><\/p>\n<h5><span style=\"color: #522575;\"><strong>QUOTES DE SOCI\u00a0<\/strong><\/span><\/h5>\n<p style=\"padding-left: 30px;\"><strong>CADENA DE M\u00daSICA PER L&#8217;AULA DE PSICOMOTRICITAT = <span style=\"color: #ff6600;\">129 \u20ac<\/span><\/strong><\/p>\n<p><img loading=\"lazy\" decoding=\"async\" class=\"size-full wp-image-5630 aligncenter\" src=\"https:\/\/agora.xtec.cat\/ielesvinyes\/wp-content\/uploads\/usu1433\/2020\/02\/AFA-INVERSI\u00d3-Cadena-de-m\u00fasica-aula-psico-1.jpg\" alt=\"\" width=\"294\" height=\"172\" \/><\/p>\n<p style=\"padding-left: 30px;\"><a href=\"http:\/\/ampa.ielesvinyes.net\/stage1\/wp-content\/uploads\/2017\/03\/microcadena_philips_btm2310.jpg\"><img loading=\"lazy\" decoding=\"async\" class=\"wp-image-3600 aligncenter\" src=\"http:\/\/ampa.ielesvinyes.net\/stage1\/wp-content\/uploads\/2017\/03\/microcadena_philips_btm2310.jpg\" alt=\"\" width=\"398\" height=\"233\" \/><\/a><\/p>\n<h5><span style=\"color: #522575;\"><strong>QUOTES DE SOCI\u00a0<\/strong><\/span><\/h5>\n<p style=\"padding-left: 30px;\"><strong>20 LLIBRES DE LECTURA &#8220;ROMEO AND JULIETE&#8221;, PER L&#8217;ESO= <span style=\"color: #ff6600;\">232,44 \u20ac<\/span><\/strong><\/p>\n<p style=\"padding-left: 30px;\"><img loading=\"lazy\" decoding=\"async\" class=\"size-full wp-image-5631 aligncenter\" src=\"https:\/\/agora.xtec.cat\/ielesvinyes\/wp-content\/uploads\/usu1433\/2020\/02\/AFA-INVERSI\u00d3-Romeo-and-Juliet.jpg\" alt=\"\" width=\"376\" height=\"134\" srcset=\"https:\/\/agora.xtec.cat\/ielesvinyes\/wp-content\/uploads\/usu1433\/2020\/02\/AFA-INVERSI\u00d3-Romeo-and-Juliet.jpg 376w, https:\/\/agora.xtec.cat\/ielesvinyes\/wp-content\/uploads\/usu1433\/2020\/02\/AFA-INVERSI\u00d3-Romeo-and-Juliet-300x107.jpg 300w\" sizes=\"auto, (max-width: 376px) 100vw, 376px\" \/><a href=\"http:\/\/ampa.ielesvinyes.net\/stage1\/wp-content\/uploads\/2017\/03\/ROMEO-AND-JULIET-BOOKS.jpg\"><img loading=\"lazy\" decoding=\"async\" class=\"alignnone size-full wp-image-3602\" src=\"http:\/\/ampa.ielesvinyes.net\/stage1\/wp-content\/uploads\/2017\/03\/ROMEO-AND-JULIET-BOOKS.jpg\" alt=\"\" width=\"1818\" height=\"648\" \/><\/a><\/p>\n<p>&nbsp;<\/p>\n","protected":false},"excerpt":{"rendered":"<p>QUOTES DE SOCI\u00a0 TAULETES PER INFANTIL I PRIM\u00c0RIA = 3.359,84 \u20ac QUOTES DE SOCI\u00a0 \u00a0MONITORA DE REFOR\u00c7\u00a0a P3\u00a0= \u00a02.198,32 \u20ac SUBVENCI\u00d3 AJUNTAMENT,\u00a0BENEFICIS LOTERIA i QUOTES SOCIS PROJECTE &#8220;Empowering Oral English&#8221;\u00a0= 7.500\u20ac + 1.997,36\u20ac\u00a0\u00a0+ 8.082,64 \u20ac, respectivament = 17.580 \u20ac BENEFICIS LOTERIA DE NADAL VIATGE FI D&#8217;ETAPA (4t d&#8217;ESO)\u00a0= 370\u00a0\u20ac QUOTES DE SOCI\u00a0 DONATIU AL PROJECTE [&hellip;]<\/p>\n","protected":false},"author":52,"featured_media":0,"parent":988,"menu_order":7,"comment_status":"closed","ping_status":"closed","template":"","meta":{"_bbp_topic_count":0,"_bbp_reply_count":0,"_bbp_total_topic_count":0,"_bbp_total_reply_count":0,"_bbp_voice_count":0,"_bbp_anonymous_reply_count":0,"_bbp_topic_count_hidden":0,"_bbp_reply_count_hidden":0,"_bbp_forum_subforum_count":0,"site-sidebar-layout":"default","site-content-layout":"","ast-site-content-layout":"","site-content-style":"default","site-sidebar-style":"default","ast-global-header-display":"","ast-banner-title-visibility":"","ast-main-header-display":"","ast-hfb-above-header-display":"","ast-hfb-below-header-display":"","ast-hfb-mobile-header-display":"","site-post-title":"","ast-breadcrumbs-content":"","ast-featured-img":"","footer-sml-layout":"","theme-transparent-header-meta":"","adv-header-id-meta":"","stick-header-meta":"","header-above-stick-meta":"","header-main-stick-meta":"","header-below-stick-meta":"","astra-migrate-meta-layouts":"default","ast-page-background-enabled":"default","ast-page-background-meta":{"desktop":{"background-color":"var(--ast-global-color-4)","background-image":"","background-repeat":"repeat","background-position":"center center","background-size":"auto","background-attachment":"scroll","background-type":"","background-media":"","overlay-type":"","overlay-color":"","overlay-opacity":"","overlay-gradient":""},"tablet":{"background-color":"","background-image":"","background-repeat":"repeat","background-position":"center center","background-size":"auto","background-attachment":"scroll","background-type":"","background-media":"","overlay-type":"","overlay-color":"","overlay-opacity":"","overlay-gradient":""},"mobile":{"background-color":"","background-image":"","background-repeat":"repeat","background-position":"center center","background-size":"auto","background-attachment":"scroll","background-type":"","background-media":"","overlay-type":"","overlay-color":"","overlay-opacity":"","overlay-gradient":""}},"ast-content-background-meta":{"desktop":{"background-color":"var(--ast-global-color-5)","background-image":"","background-repeat":"repeat","background-position":"center center","background-size":"auto","background-attachment":"scroll","background-type":"","background-media":"","overlay-type":"","overlay-color":"","overlay-opacity":"","overlay-gradient":""},"tablet":{"background-color":"var(--ast-global-color-5)","background-image":"","background-repeat":"repeat","background-position":"center center","background-size":"auto","background-attachment":"scroll","background-type":"","background-media":"","overlay-type":"","overlay-color":"","overlay-opacity":"","overlay-gradient":""},"mobile":{"background-color":"var(--ast-global-color-5)","background-image":"","background-repeat":"repeat","background-position":"center center","background-size":"auto","background-attachment":"scroll","background-type":"","background-media":"","overlay-type":"","overlay-color":"","overlay-opacity":"","overlay-gradient":""}},"footnotes":""},"class_list":["post-4354","page","type-page","status-publish","hentry"],"post_mailing_queue_ids":[],"_links":{"self":[{"href":"https:\/\/agora.xtec.cat\/ielesvinyes\/wp-json\/wp\/v2\/pages\/4354","targetHints":{"allow":["GET"]}}],"collection":[{"href":"https:\/\/agora.xtec.cat\/ielesvinyes\/wp-json\/wp\/v2\/pages"}],"about":[{"href":"https:\/\/agora.xtec.cat\/ielesvinyes\/wp-json\/wp\/v2\/types\/page"}],"author":[{"embeddable":true,"href":"https:\/\/agora.xtec.cat\/ielesvinyes\/wp-json\/wp\/v2\/users\/52"}],"replies":[{"embeddable":true,"href":"https:\/\/agora.xtec.cat\/ielesvinyes\/wp-json\/wp\/v2\/comments?post=4354"}],"version-history":[{"count":3,"href":"https:\/\/agora.xtec.cat\/ielesvinyes\/wp-json\/wp\/v2\/pages\/4354\/revisions"}],"predecessor-version":[{"id":5652,"href":"https:\/\/agora.xtec.cat\/ielesvinyes\/wp-json\/wp\/v2\/pages\/4354\/revisions\/5652"}],"up":[{"embeddable":true,"href":"https:\/\/agora.xtec.cat\/ielesvinyes\/wp-json\/wp\/v2\/pages\/988"}],"wp:attachment":[{"href":"https:\/\/agora.xtec.cat\/ielesvinyes\/wp-json\/wp\/v2\/media?parent=4354"}],"curies":[{"name":"wp","href":"https:\/\/api.w.org\/{rel}","templated":true}]}}