{"id":4349,"date":"2015-06-16T09:52:51","date_gmt":"2015-06-16T07:52:51","guid":{"rendered":"http:\/\/ampa.ielesvinyes.net\/stage1\/?page_id=2378"},"modified":"2020-02-04T05:30:09","modified_gmt":"2020-02-04T04:30:09","slug":"comissions-19-20","status":"publish","type":"page","link":"https:\/\/agora.xtec.cat\/ielesvinyes\/afa-les-vinyes\/afa-qui-som\/comissions-19-20\/","title":{"rendered":"AFA: Qui som? &#8211; Comissions Curs &#8217;19 &#8211; &#8217;20"},"content":{"rendered":"<p>Les <strong>comissions<\/strong> tenen una tasca ben definida que normalment es concentra en determinats moments del curs. La feina volunt\u00e0ria que aporten les persones compromeses a les comissions \u00e9s fonamental per a que l\u2019AFA pugui seguir endavant amb els seus projectes i amb la seva tasca de complement a la formaci\u00f3 dels nostres fills.<\/p>\n<p style=\"text-align: left;\"><strong><span style=\"color: #ff6600;\">Passant el ratol\u00ed per sobre de cada imatge, podreu veure amb quines persones de les diferents comissions podeu contactar per tal de poder-vos atendre el millor possible.<\/span><\/strong><\/p>\n<p><img loading=\"lazy\" decoding=\"async\" class=\"alignnone wp-image-5194\" title=\"May Cerrillo, \u00d2scar Mart\u00ednez, Mireia Fuster, Bet Sarrias, Meritxell Belchi i Marta Cajigos\" src=\"https:\/\/agora.xtec.cat\/ielesvinyes\/wp-content\/uploads\/usu1433\/2020\/02\/comissi\u00f3-acollida.jpg\" alt=\"\" width=\"120\" height=\"192\" srcset=\"https:\/\/agora.xtec.cat\/ielesvinyes\/wp-content\/uploads\/usu1433\/2020\/02\/comissi\u00f3-acollida.jpg 236w, https:\/\/agora.xtec.cat\/ielesvinyes\/wp-content\/uploads\/usu1433\/2020\/02\/comissi\u00f3-acollida-188x300.jpg 188w\" sizes=\"auto, (max-width: 120px) 100vw, 120px\" \/><img loading=\"lazy\" decoding=\"async\" class=\"alignnone wp-image-5195\" title=\"May Cerrillo, \u00d2scar Mart\u00ednez, Mireia Fuster, Bet Sarrias, Meritxell Belchi i Marta Cajigos\" src=\"https:\/\/agora.xtec.cat\/ielesvinyes\/wp-content\/uploads\/usu1433\/2020\/02\/menjador.jpg\" alt=\"\" width=\"120\" height=\"192\" srcset=\"https:\/\/agora.xtec.cat\/ielesvinyes\/wp-content\/uploads\/usu1433\/2020\/02\/menjador.jpg 236w, https:\/\/agora.xtec.cat\/ielesvinyes\/wp-content\/uploads\/usu1433\/2020\/02\/menjador-188x300.jpg 188w\" sizes=\"auto, (max-width: 120px) 100vw, 120px\" \/><img loading=\"lazy\" decoding=\"async\" class=\"alignnone wp-image-5197\" title=\"Silvia Bertran, Rut G\u00f3mez, M\u00f2nica Canseco, Meritxell Belchi, Lourdes Cepero i Gema Escurrin\" src=\"https:\/\/agora.xtec.cat\/ielesvinyes\/wp-content\/uploads\/usu1433\/2020\/02\/comissi\u00f3-extraescolars.jpg\" alt=\"\" width=\"120\" height=\"192\" \/><img loading=\"lazy\" decoding=\"async\" class=\"alignnone wp-image-4704\" title=\"M\u00f2nica Canseco, Anna Diego, Lourdes Cepero, Cristina Lillo i Bet Sarrias\" src=\"https:\/\/agora.xtec.cat\/ielesvinyes\/wp-content\/uploads\/usu1433\/2019\/12\/EMPOWERING2.jpg\" alt=\"\" width=\"120\" height=\"192\" srcset=\"https:\/\/agora.xtec.cat\/ielesvinyes\/wp-content\/uploads\/usu1433\/2019\/12\/EMPOWERING2.jpg 236w, https:\/\/agora.xtec.cat\/ielesvinyes\/wp-content\/uploads\/usu1433\/2019\/12\/EMPOWERING2-188x300.jpg 188w\" sizes=\"auto, (max-width: 120px) 100vw, 120px\" \/><a href=\"https:\/\/agora.xtec.cat\/ielesvinyes\/wp-content\/uploads\/usu1433\/2020\/02\/comissi\u00f3-PATI.jpg\"><img loading=\"lazy\" decoding=\"async\" class=\"alignnone wp-image-5208\" title=\"Olga Mosquera, Ver\u00f3nica Jurado, Nat\u00e0lia Miralles, Marta Ma\u00f1\u00e9, Esther Borderas, Esther Arrufat i Enrique Alirangues\" src=\"https:\/\/agora.xtec.cat\/ielesvinyes\/wp-content\/uploads\/usu1433\/2020\/02\/comissi\u00f3-PATI.jpg\" alt=\"\" width=\"120\" height=\"192\" srcset=\"https:\/\/agora.xtec.cat\/ielesvinyes\/wp-content\/uploads\/usu1433\/2020\/02\/comissi\u00f3-PATI.jpg 236w, https:\/\/agora.xtec.cat\/ielesvinyes\/wp-content\/uploads\/usu1433\/2020\/02\/comissi\u00f3-PATI-188x300.jpg 188w\" sizes=\"auto, (max-width: 120px) 100vw, 120px\" \/><\/a><a href=\"https:\/\/agora.xtec.cat\/ielesvinyes\/wp-content\/uploads\/usu1433\/2020\/02\/comissi\u00f3-Alexandria.jpg\"><img loading=\"lazy\" decoding=\"async\" class=\"alignnone wp-image-5209\" title=\"Mireia Fuster, Olga Mosquera i Marc Vela\" src=\"https:\/\/agora.xtec.cat\/ielesvinyes\/wp-content\/uploads\/usu1433\/2020\/02\/comissi\u00f3-Alexandria.jpg\" alt=\"\" width=\"120\" height=\"192\" srcset=\"https:\/\/agora.xtec.cat\/ielesvinyes\/wp-content\/uploads\/usu1433\/2020\/02\/comissi\u00f3-Alexandria.jpg 236w, https:\/\/agora.xtec.cat\/ielesvinyes\/wp-content\/uploads\/usu1433\/2020\/02\/comissi\u00f3-Alexandria-188x300.jpg 188w\" sizes=\"auto, (max-width: 120px) 100vw, 120px\" \/><\/a><\/p>\n<p><img loading=\"lazy\" decoding=\"async\" class=\"alignnone wp-image-4709\" title=\"Meritxell Belchi, Gema Escurrin i Marta Cajigos\" src=\"https:\/\/agora.xtec.cat\/ielesvinyes\/wp-content\/uploads\/usu1433\/2019\/12\/FESTES2.jpg\" alt=\"\" width=\"120\" height=\"192\" srcset=\"https:\/\/agora.xtec.cat\/ielesvinyes\/wp-content\/uploads\/usu1433\/2019\/12\/FESTES2.jpg 236w, https:\/\/agora.xtec.cat\/ielesvinyes\/wp-content\/uploads\/usu1433\/2019\/12\/FESTES2-188x300.jpg 188w\" sizes=\"auto, (max-width: 120px) 100vw, 120px\" \/><img loading=\"lazy\" decoding=\"async\" class=\"alignnone wp-image-4718\" title=\"Bet S\u00e0rrias, Nat\u00e0lia Miralles i Marta Ma\u00f1\u00e9\" src=\"https:\/\/agora.xtec.cat\/ielesvinyes\/wp-content\/uploads\/usu1433\/2019\/12\/SALUT2.jpg\" alt=\"\" width=\"120\" height=\"192\" srcset=\"https:\/\/agora.xtec.cat\/ielesvinyes\/wp-content\/uploads\/usu1433\/2019\/12\/SALUT2.jpg 236w, https:\/\/agora.xtec.cat\/ielesvinyes\/wp-content\/uploads\/usu1433\/2019\/12\/SALUT2-188x300.jpg 188w\" sizes=\"auto, (max-width: 120px) 100vw, 120px\" \/><img loading=\"lazy\" decoding=\"async\" class=\"alignnone wp-image-5201\" style=\"font-family: inherit; font-size: 1em;\" title=\"Ver\u00f3nica Jurado, Marina Parra, Gemma Garc\u00eda i Ester Fabra\" src=\"https:\/\/agora.xtec.cat\/ielesvinyes\/wp-content\/uploads\/usu1433\/2020\/02\/comissi\u00f3-equipaments.jpg\" alt=\"\" width=\"120\" height=\"192\" srcset=\"https:\/\/agora.xtec.cat\/ielesvinyes\/wp-content\/uploads\/usu1433\/2020\/02\/comissi\u00f3-equipaments.jpg 236w, https:\/\/agora.xtec.cat\/ielesvinyes\/wp-content\/uploads\/usu1433\/2020\/02\/comissi\u00f3-equipaments-188x300.jpg 188w\" sizes=\"auto, (max-width: 120px) 100vw, 120px\" \/><img loading=\"lazy\" decoding=\"async\" class=\"alignnone wp-image-4702\" style=\"font-family: inherit; font-size: 1em;\" title=\"Rut G\u00f3mez, Marta Ma\u00f1\u00e9, Marina Parra, Giuliana Caputo i Eva L\u00f3pez\" src=\"https:\/\/agora.xtec.cat\/ielesvinyes\/wp-content\/uploads\/usu1433\/2019\/12\/COMUNICACIO\u03012.jpg\" alt=\"\" width=\"120\" height=\"192\" srcset=\"https:\/\/agora.xtec.cat\/ielesvinyes\/wp-content\/uploads\/usu1433\/2019\/12\/COMUNICACIO\u03012.jpg 236w, https:\/\/agora.xtec.cat\/ielesvinyes\/wp-content\/uploads\/usu1433\/2019\/12\/COMUNICACIO\u03012-188x300.jpg 188w\" sizes=\"auto, (max-width: 120px) 100vw, 120px\" \/><img loading=\"lazy\" decoding=\"async\" class=\"alignnone wp-image-5205\" style=\"font-family: inherit; font-size: 1em;\" title=\"Pere Llu\u00eds, Pilar Mengual i Giuliana Caputo\" src=\"https:\/\/agora.xtec.cat\/ielesvinyes\/wp-content\/uploads\/usu1433\/2020\/02\/comissi\u00f3-TIC.jpg\" alt=\"\" width=\"120\" height=\"192\" srcset=\"https:\/\/agora.xtec.cat\/ielesvinyes\/wp-content\/uploads\/usu1433\/2020\/02\/comissi\u00f3-TIC.jpg 236w, https:\/\/agora.xtec.cat\/ielesvinyes\/wp-content\/uploads\/usu1433\/2020\/02\/comissi\u00f3-TIC-188x300.jpg 188w\" sizes=\"auto, (max-width: 120px) 100vw, 120px\" \/><img loading=\"lazy\" decoding=\"async\" class=\"alignnone wp-image-4701\" title=\"Mireia Fuster\" src=\"https:\/\/agora.xtec.cat\/ielesvinyes\/wp-content\/uploads\/usu1433\/2019\/12\/CENS2.jpg\" alt=\"\" width=\"120\" height=\"192\" srcset=\"https:\/\/agora.xtec.cat\/ielesvinyes\/wp-content\/uploads\/usu1433\/2019\/12\/CENS2.jpg 236w, https:\/\/agora.xtec.cat\/ielesvinyes\/wp-content\/uploads\/usu1433\/2019\/12\/CENS2-188x300.jpg 188w\" sizes=\"auto, (max-width: 120px) 100vw, 120px\" \/><\/p>\n<p><img loading=\"lazy\" decoding=\"async\" class=\"alignnone wp-image-4705\" style=\"font-family: inherit; font-size: 1em;\" src=\"https:\/\/agora.xtec.cat\/ielesvinyes\/wp-content\/uploads\/usu1433\/2019\/12\/ENLLAC\u0327-FAPAC2.jpg\" alt=\"\" width=\"120\" height=\"192\" srcset=\"https:\/\/agora.xtec.cat\/ielesvinyes\/wp-content\/uploads\/usu1433\/2019\/12\/ENLLAC\u0327-FAPAC2.jpg 236w, https:\/\/agora.xtec.cat\/ielesvinyes\/wp-content\/uploads\/usu1433\/2019\/12\/ENLLAC\u0327-FAPAC2-188x300.jpg 188w\" sizes=\"auto, (max-width: 120px) 100vw, 120px\" \/><img loading=\"lazy\" decoding=\"async\" class=\"alignnone wp-image-4703\" style=\"font-family: inherit; font-size: 1em;\" title=\"Cristina Lillo\" src=\"https:\/\/agora.xtec.cat\/ielesvinyes\/wp-content\/uploads\/usu1433\/2019\/12\/ECONOMIA2.jpg\" alt=\"\" width=\"120\" height=\"192\" srcset=\"https:\/\/agora.xtec.cat\/ielesvinyes\/wp-content\/uploads\/usu1433\/2019\/12\/ECONOMIA2.jpg 236w, https:\/\/agora.xtec.cat\/ielesvinyes\/wp-content\/uploads\/usu1433\/2019\/12\/ECONOMIA2-188x300.jpg 188w\" sizes=\"auto, (max-width: 120px) 100vw, 120px\" \/><\/p>\n","protected":false},"excerpt":{"rendered":"<p>Les comissions tenen una tasca ben definida que normalment es concentra en determinats moments del curs. La feina volunt\u00e0ria que aporten les persones compromeses a les comissions \u00e9s fonamental per a que l\u2019AFA pugui seguir endavant amb els seus projectes i amb la seva tasca de complement a la formaci\u00f3 dels nostres fills. Passant el [&hellip;]<\/p>\n","protected":false},"author":52,"featured_media":0,"parent":83,"menu_order":4,"comment_status":"open","ping_status":"closed","template":"","meta":{"_bbp_topic_count":0,"_bbp_reply_count":0,"_bbp_total_topic_count":0,"_bbp_total_reply_count":0,"_bbp_voice_count":0,"_bbp_anonymous_reply_count":0,"_bbp_topic_count_hidden":0,"_bbp_reply_count_hidden":0,"_bbp_forum_subforum_count":0,"site-sidebar-layout":"default","site-content-layout":"","ast-site-content-layout":"","site-content-style":"default","site-sidebar-style":"default","ast-global-header-display":"","ast-banner-title-visibility":"","ast-main-header-display":"","ast-hfb-above-header-display":"","ast-hfb-below-header-display":"","ast-hfb-mobile-header-display":"","site-post-title":"","ast-breadcrumbs-content":"","ast-featured-img":"","footer-sml-layout":"","theme-transparent-header-meta":"","adv-header-id-meta":"","stick-header-meta":"","header-above-stick-meta":"","header-main-stick-meta":"","header-below-stick-meta":"","astra-migrate-meta-layouts":"default","ast-page-background-enabled":"default","ast-page-background-meta":{"desktop":{"background-color":"var(--ast-global-color-4)","background-image":"","background-repeat":"repeat","background-position":"center center","background-size":"auto","background-attachment":"scroll","background-type":"","background-media":"","overlay-type":"","overlay-color":"","overlay-opacity":"","overlay-gradient":""},"tablet":{"background-color":"","background-image":"","background-repeat":"repeat","background-position":"center center","background-size":"auto","background-attachment":"scroll","background-type":"","background-media":"","overlay-type":"","overlay-color":"","overlay-opacity":"","overlay-gradient":""},"mobile":{"background-color":"","background-image":"","background-repeat":"repeat","background-position":"center center","background-size":"auto","background-attachment":"scroll","background-type":"","background-media":"","overlay-type":"","overlay-color":"","overlay-opacity":"","overlay-gradient":""}},"ast-content-background-meta":{"desktop":{"background-color":"var(--ast-global-color-5)","background-image":"","background-repeat":"repeat","background-position":"center center","background-size":"auto","background-attachment":"scroll","background-type":"","background-media":"","overlay-type":"","overlay-color":"","overlay-opacity":"","overlay-gradient":""},"tablet":{"background-color":"var(--ast-global-color-5)","background-image":"","background-repeat":"repeat","background-position":"center center","background-size":"auto","background-attachment":"scroll","background-type":"","background-media":"","overlay-type":"","overlay-color":"","overlay-opacity":"","overlay-gradient":""},"mobile":{"background-color":"var(--ast-global-color-5)","background-image":"","background-repeat":"repeat","background-position":"center center","background-size":"auto","background-attachment":"scroll","background-type":"","background-media":"","overlay-type":"","overlay-color":"","overlay-opacity":"","overlay-gradient":""}},"footnotes":""},"class_list":["post-4349","page","type-page","status-publish","hentry"],"post_mailing_queue_ids":[],"_links":{"self":[{"href":"https:\/\/agora.xtec.cat\/ielesvinyes\/wp-json\/wp\/v2\/pages\/4349","targetHints":{"allow":["GET"]}}],"collection":[{"href":"https:\/\/agora.xtec.cat\/ielesvinyes\/wp-json\/wp\/v2\/pages"}],"about":[{"href":"https:\/\/agora.xtec.cat\/ielesvinyes\/wp-json\/wp\/v2\/types\/page"}],"author":[{"embeddable":true,"href":"https:\/\/agora.xtec.cat\/ielesvinyes\/wp-json\/wp\/v2\/users\/52"}],"replies":[{"embeddable":true,"href":"https:\/\/agora.xtec.cat\/ielesvinyes\/wp-json\/wp\/v2\/comments?post=4349"}],"version-history":[{"count":4,"href":"https:\/\/agora.xtec.cat\/ielesvinyes\/wp-json\/wp\/v2\/pages\/4349\/revisions"}],"predecessor-version":[{"id":5192,"href":"https:\/\/agora.xtec.cat\/ielesvinyes\/wp-json\/wp\/v2\/pages\/4349\/revisions\/5192"}],"up":[{"embeddable":true,"href":"https:\/\/agora.xtec.cat\/ielesvinyes\/wp-json\/wp\/v2\/pages\/83"}],"wp:attachment":[{"href":"https:\/\/agora.xtec.cat\/ielesvinyes\/wp-json\/wp\/v2\/media?parent=4349"}],"curies":[{"name":"wp","href":"https:\/\/api.w.org\/{rel}","templated":true}]}}