{"id":4071,"date":"2019-11-05T14:23:51","date_gmt":"2019-11-05T13:23:51","guid":{"rendered":"http:\/\/agora.xtec.cat\/ielesvinyes\/?page_id=4071"},"modified":"2025-09-16T16:38:52","modified_gmt":"2025-09-16T14:38:52","slug":"equip-huma","status":"publish","type":"page","link":"https:\/\/agora.xtec.cat\/ielesvinyes\/linstitut\/equip-huma\/","title":{"rendered":"Equip hum\u00e0"},"content":{"rendered":"<p><img loading=\"lazy\" decoding=\"async\" class=\"size-full wp-image-8314 alignnone\" src=\"https:\/\/agora.xtec.cat\/ielesvinyes\/wp-content\/uploads\/usu1433\/2025\/09\/Captura1-1.jpg\" alt=\"\" width=\"967\" height=\"641\" srcset=\"https:\/\/agora.xtec.cat\/ielesvinyes\/wp-content\/uploads\/usu1433\/2025\/09\/Captura1-1.jpg 967w, https:\/\/agora.xtec.cat\/ielesvinyes\/wp-content\/uploads\/usu1433\/2025\/09\/Captura1-1-300x199.jpg 300w, https:\/\/agora.xtec.cat\/ielesvinyes\/wp-content\/uploads\/usu1433\/2025\/09\/Captura1-1-768x509.jpg 768w\" sizes=\"auto, (max-width: 967px) 100vw, 967px\" \/><\/p>\n<p>&nbsp;<\/p>\n<p><img loading=\"lazy\" decoding=\"async\" class=\"size-full wp-image-8315 alignnone\" src=\"https:\/\/agora.xtec.cat\/ielesvinyes\/wp-content\/uploads\/usu1433\/2025\/09\/Captura2-1.jpg\" alt=\"\" width=\"967\" height=\"607\" srcset=\"https:\/\/agora.xtec.cat\/ielesvinyes\/wp-content\/uploads\/usu1433\/2025\/09\/Captura2-1.jpg 967w, https:\/\/agora.xtec.cat\/ielesvinyes\/wp-content\/uploads\/usu1433\/2025\/09\/Captura2-1-300x188.jpg 300w, https:\/\/agora.xtec.cat\/ielesvinyes\/wp-content\/uploads\/usu1433\/2025\/09\/Captura2-1-768x482.jpg 768w\" sizes=\"auto, (max-width: 967px) 100vw, 967px\" \/><\/p>\n<p>&nbsp;<\/p>\n<p><img loading=\"lazy\" decoding=\"async\" class=\"size-full wp-image-8316 alignnone\" src=\"https:\/\/agora.xtec.cat\/ielesvinyes\/wp-content\/uploads\/usu1433\/2025\/09\/Captura3.jpg\" alt=\"\" width=\"967\" height=\"489\" srcset=\"https:\/\/agora.xtec.cat\/ielesvinyes\/wp-content\/uploads\/usu1433\/2025\/09\/Captura3.jpg 967w, https:\/\/agora.xtec.cat\/ielesvinyes\/wp-content\/uploads\/usu1433\/2025\/09\/Captura3-300x152.jpg 300w, https:\/\/agora.xtec.cat\/ielesvinyes\/wp-content\/uploads\/usu1433\/2025\/09\/Captura3-768x388.jpg 768w\" sizes=\"auto, (max-width: 967px) 100vw, 967px\" \/><\/p>\n<p>&nbsp;<\/p>\n<p><img loading=\"lazy\" decoding=\"async\" class=\"size-full wp-image-8317 alignnone\" src=\"https:\/\/agora.xtec.cat\/ielesvinyes\/wp-content\/uploads\/usu1433\/2025\/09\/Captura4.jpg\" alt=\"\" width=\"966\" height=\"492\" srcset=\"https:\/\/agora.xtec.cat\/ielesvinyes\/wp-content\/uploads\/usu1433\/2025\/09\/Captura4.jpg 966w, https:\/\/agora.xtec.cat\/ielesvinyes\/wp-content\/uploads\/usu1433\/2025\/09\/Captura4-300x153.jpg 300w, https:\/\/agora.xtec.cat\/ielesvinyes\/wp-content\/uploads\/usu1433\/2025\/09\/Captura4-768x391.jpg 768w\" sizes=\"auto, (max-width: 966px) 100vw, 966px\" \/><\/p>\n<p>&nbsp;<\/p>\n<p><img loading=\"lazy\" decoding=\"async\" class=\"size-full wp-image-8318 alignnone\" src=\"https:\/\/agora.xtec.cat\/ielesvinyes\/wp-content\/uploads\/usu1433\/2025\/09\/Captura5.jpg\" alt=\"\" width=\"967\" height=\"491\" srcset=\"https:\/\/agora.xtec.cat\/ielesvinyes\/wp-content\/uploads\/usu1433\/2025\/09\/Captura5.jpg 967w, https:\/\/agora.xtec.cat\/ielesvinyes\/wp-content\/uploads\/usu1433\/2025\/09\/Captura5-300x152.jpg 300w, https:\/\/agora.xtec.cat\/ielesvinyes\/wp-content\/uploads\/usu1433\/2025\/09\/Captura5-768x390.jpg 768w\" sizes=\"auto, (max-width: 967px) 100vw, 967px\" \/><\/p>\n<p>&nbsp;<\/p>\n<p><img loading=\"lazy\" decoding=\"async\" class=\"size-full wp-image-8319 alignnone\" src=\"https:\/\/agora.xtec.cat\/ielesvinyes\/wp-content\/uploads\/usu1433\/2025\/09\/Captura6.jpg\" alt=\"\" width=\"966\" height=\"492\" srcset=\"https:\/\/agora.xtec.cat\/ielesvinyes\/wp-content\/uploads\/usu1433\/2025\/09\/Captura6.jpg 966w, https:\/\/agora.xtec.cat\/ielesvinyes\/wp-content\/uploads\/usu1433\/2025\/09\/Captura6-300x153.jpg 300w, https:\/\/agora.xtec.cat\/ielesvinyes\/wp-content\/uploads\/usu1433\/2025\/09\/Captura6-768x391.jpg 768w\" sizes=\"auto, (max-width: 966px) 100vw, 966px\" \/><\/p>\n<p>&nbsp;<\/p>\n<p><img loading=\"lazy\" decoding=\"async\" class=\"size-full wp-image-8320 alignnone\" src=\"https:\/\/agora.xtec.cat\/ielesvinyes\/wp-content\/uploads\/usu1433\/2025\/09\/Captura7.jpg\" alt=\"\" width=\"964\" height=\"498\" srcset=\"https:\/\/agora.xtec.cat\/ielesvinyes\/wp-content\/uploads\/usu1433\/2025\/09\/Captura7.jpg 964w, https:\/\/agora.xtec.cat\/ielesvinyes\/wp-content\/uploads\/usu1433\/2025\/09\/Captura7-300x155.jpg 300w, https:\/\/agora.xtec.cat\/ielesvinyes\/wp-content\/uploads\/usu1433\/2025\/09\/Captura7-768x397.jpg 768w\" sizes=\"auto, (max-width: 964px) 100vw, 964px\" \/><\/p>\n<p>&nbsp;<\/p>\n<p><img loading=\"lazy\" decoding=\"async\" class=\"size-full wp-image-8321 alignnone\" src=\"https:\/\/agora.xtec.cat\/ielesvinyes\/wp-content\/uploads\/usu1433\/2025\/09\/Captura8.jpg\" alt=\"\" width=\"967\" height=\"494\" srcset=\"https:\/\/agora.xtec.cat\/ielesvinyes\/wp-content\/uploads\/usu1433\/2025\/09\/Captura8.jpg 967w, https:\/\/agora.xtec.cat\/ielesvinyes\/wp-content\/uploads\/usu1433\/2025\/09\/Captura8-300x153.jpg 300w, https:\/\/agora.xtec.cat\/ielesvinyes\/wp-content\/uploads\/usu1433\/2025\/09\/Captura8-768x392.jpg 768w\" sizes=\"auto, (max-width: 967px) 100vw, 967px\" \/><\/p>\n<p>&nbsp;<\/p>\n<p><img loading=\"lazy\" decoding=\"async\" class=\"size-full wp-image-8322 alignnone\" src=\"https:\/\/agora.xtec.cat\/ielesvinyes\/wp-content\/uploads\/usu1433\/2025\/09\/Captura9.jpg\" alt=\"\" width=\"966\" height=\"635\" srcset=\"https:\/\/agora.xtec.cat\/ielesvinyes\/wp-content\/uploads\/usu1433\/2025\/09\/Captura9.jpg 966w, https:\/\/agora.xtec.cat\/ielesvinyes\/wp-content\/uploads\/usu1433\/2025\/09\/Captura9-300x197.jpg 300w, https:\/\/agora.xtec.cat\/ielesvinyes\/wp-content\/uploads\/usu1433\/2025\/09\/Captura9-768x505.jpg 768w\" sizes=\"auto, (max-width: 966px) 100vw, 966px\" \/><\/p>\n<p>&nbsp;<\/p>\n<h3>Hist\u00f2ric<\/h3>\n<p><a href=\"https:\/\/agora.xtec.cat\/ielesvinyes\/equip-huma-24-25\/\">Equip hum\u00e0 &#8211; 2024-25<\/a>, <a href=\"https:\/\/agora.xtec.cat\/ielesvinyes\/equip-huma-22-23\/\">Equip hum\u00e0 &#8211; 2021-22<\/a>,\u00a0<a href=\"https:\/\/agora.xtec.cat\/ielesvinyes\/equip-huma-2020-21\/\">Equip hum\u00e0 &#8211; 2020-21<\/a>,\u00a0<a href=\"https:\/\/agora.xtec.cat\/ielesvinyes\/equip-huma-2019-20\/\">Equip hum\u00e0 &#8211; 2019-20<\/a>,\u00a0<a href=\"https:\/\/agora.xtec.cat\/ielesvinyes\/organigrama\/\" target=\"_blank\" rel=\"noopener noreferrer\">Equip hum\u00e0 &#8211; 2018-19<\/a>,\u00a0<a href=\"https:\/\/agora.xtec.cat\/ielesvinyes\/equip-huma-2\/\">Equip hum\u00e0 &#8211; 2017-18<\/a>,\u00a0<a href=\"https:\/\/agora.xtec.cat\/ielesvinyes\/equip-huma-2\/2016-17\/\">Equip hum\u00e0 &#8211; 2016-17<\/a>,\u00a0<a href=\"https:\/\/agora.xtec.cat\/ielesvinyes\/equip-huma-2\/equip-huma-2015-2016\/\">Equip hum\u00e0 &#8211; 2015-16<\/a>,\u00a0<a href=\"https:\/\/agora.xtec.cat\/ielesvinyes\/equip-huma-2\/equip-huma-curs-2014-2015\/\">Equip hum\u00e0 &#8211; 2014-15<\/a>,\u00a0<a href=\"https:\/\/agora.xtec.cat\/ielesvinyes\/equip-huma-2\/equip-huma\/\">Equip hum\u00e0 &#8211; 2013-14<\/a><\/p>\n","protected":false},"excerpt":{"rendered":"<p>&nbsp; &nbsp; &nbsp; &nbsp; &nbsp; &nbsp; &nbsp; &nbsp; &nbsp; Hist\u00f2ric Equip hum\u00e0 &#8211; 2024-25, Equip hum\u00e0 &#8211; 2021-22,\u00a0Equip hum\u00e0 &#8211; 2020-21,\u00a0Equip hum\u00e0 &#8211; 2019-20,\u00a0Equip hum\u00e0 &#8211; 2018-19,\u00a0Equip hum\u00e0 &#8211; 2017-18,\u00a0Equip hum\u00e0 &#8211; 2016-17,\u00a0Equip hum\u00e0 &#8211; 2015-16,\u00a0Equip hum\u00e0 &#8211; 2014-15,\u00a0Equip hum\u00e0 &#8211; 2013-14<\/p>\n","protected":false},"author":6,"featured_media":0,"parent":19,"menu_order":0,"comment_status":"closed","ping_status":"closed","template":"","meta":{"_bbp_topic_count":0,"_bbp_reply_count":0,"_bbp_total_topic_count":0,"_bbp_total_reply_count":0,"_bbp_voice_count":0,"_bbp_anonymous_reply_count":0,"_bbp_topic_count_hidden":0,"_bbp_reply_count_hidden":0,"_bbp_forum_subforum_count":0,"site-sidebar-layout":"default","site-content-layout":"","ast-site-content-layout":"","site-content-style":"default","site-sidebar-style":"default","ast-global-header-display":"","ast-banner-title-visibility":"","ast-main-header-display":"","ast-hfb-above-header-display":"","ast-hfb-below-header-display":"","ast-hfb-mobile-header-display":"","site-post-title":"","ast-breadcrumbs-content":"","ast-featured-img":"","footer-sml-layout":"","theme-transparent-header-meta":"","adv-header-id-meta":"","stick-header-meta":"","header-above-stick-meta":"","header-main-stick-meta":"","header-below-stick-meta":"","astra-migrate-meta-layouts":"default","ast-page-background-enabled":"default","ast-page-background-meta":{"desktop":{"background-color":"var(--ast-global-color-4)","background-image":"","background-repeat":"repeat","background-position":"center center","background-size":"auto","background-attachment":"scroll","background-type":"","background-media":"","overlay-type":"","overlay-color":"","overlay-opacity":"","overlay-gradient":""},"tablet":{"background-color":"","background-image":"","background-repeat":"repeat","background-position":"center center","background-size":"auto","background-attachment":"scroll","background-type":"","background-media":"","overlay-type":"","overlay-color":"","overlay-opacity":"","overlay-gradient":""},"mobile":{"background-color":"","background-image":"","background-repeat":"repeat","background-position":"center center","background-size":"auto","background-attachment":"scroll","background-type":"","background-media":"","overlay-type":"","overlay-color":"","overlay-opacity":"","overlay-gradient":""}},"ast-content-background-meta":{"desktop":{"background-color":"var(--ast-global-color-5)","background-image":"","background-repeat":"repeat","background-position":"center center","background-size":"auto","background-attachment":"scroll","background-type":"","background-media":"","overlay-type":"","overlay-color":"","overlay-opacity":"","overlay-gradient":""},"tablet":{"background-color":"var(--ast-global-color-5)","background-image":"","background-repeat":"repeat","background-position":"center center","background-size":"auto","background-attachment":"scroll","background-type":"","background-media":"","overlay-type":"","overlay-color":"","overlay-opacity":"","overlay-gradient":""},"mobile":{"background-color":"var(--ast-global-color-5)","background-image":"","background-repeat":"repeat","background-position":"center center","background-size":"auto","background-attachment":"scroll","background-type":"","background-media":"","overlay-type":"","overlay-color":"","overlay-opacity":"","overlay-gradient":""}},"footnotes":""},"class_list":["post-4071","page","type-page","status-publish","hentry"],"post_mailing_queue_ids":[],"_links":{"self":[{"href":"https:\/\/agora.xtec.cat\/ielesvinyes\/wp-json\/wp\/v2\/pages\/4071","targetHints":{"allow":["GET"]}}],"collection":[{"href":"https:\/\/agora.xtec.cat\/ielesvinyes\/wp-json\/wp\/v2\/pages"}],"about":[{"href":"https:\/\/agora.xtec.cat\/ielesvinyes\/wp-json\/wp\/v2\/types\/page"}],"author":[{"embeddable":true,"href":"https:\/\/agora.xtec.cat\/ielesvinyes\/wp-json\/wp\/v2\/users\/6"}],"replies":[{"embeddable":true,"href":"https:\/\/agora.xtec.cat\/ielesvinyes\/wp-json\/wp\/v2\/comments?post=4071"}],"version-history":[{"count":6,"href":"https:\/\/agora.xtec.cat\/ielesvinyes\/wp-json\/wp\/v2\/pages\/4071\/revisions"}],"predecessor-version":[{"id":8325,"href":"https:\/\/agora.xtec.cat\/ielesvinyes\/wp-json\/wp\/v2\/pages\/4071\/revisions\/8325"}],"up":[{"embeddable":true,"href":"https:\/\/agora.xtec.cat\/ielesvinyes\/wp-json\/wp\/v2\/pages\/19"}],"wp:attachment":[{"href":"https:\/\/agora.xtec.cat\/ielesvinyes\/wp-json\/wp\/v2\/media?parent=4071"}],"curies":[{"name":"wp","href":"https:\/\/api.w.org\/{rel}","templated":true}]}}