{"id":3550,"date":"2017-03-10T04:55:49","date_gmt":"2017-03-10T03:55:49","guid":{"rendered":"http:\/\/ampa.ielesvinyes.net\/stage1\/?page_id=3550"},"modified":"2020-03-04T11:34:13","modified_gmt":"2020-03-04T10:34:13","slug":"empowering-oral-english","status":"publish","type":"page","link":"https:\/\/agora.xtec.cat\/ielesvinyes\/afa-les-vinyes\/afa-els-nostres-projectes\/empowering-oral-english\/","title":{"rendered":"AFA: Els nostres projectes -> Empowering Oral English"},"content":{"rendered":"<blockquote><p><span style=\"color: #ff6600;\"><strong>\u201cEmpowering Oral English\u201d, un PROJECTE <em>MADE IN LES VINYES<\/em><\/strong><\/span><\/p><\/blockquote>\n<p><a href=\"http:\/\/ampa.ielesvinyes.net\/stage1\/wp-content\/uploads\/2017\/03\/EMPOWERING3.jpg\"><img loading=\"lazy\" decoding=\"async\" class=\"wp-image-3551 alignleft\" src=\"http:\/\/ampa.ielesvinyes.net\/stage1\/wp-content\/uploads\/2017\/03\/EMPOWERING3.jpg\" alt=\"\" width=\"223\" height=\"214\" \/><\/a><\/p>\n<p>&nbsp;<\/p>\n<p>Des del curs 14-15 l\u2019AFA rep una subvenci\u00f3 de l\u2019ajuntament espec\u00edfica per aquest projecte, que ampliem destinant una important quantitat econ\u00f2mica del pressupost anual de l\u2019AFA.<\/p>\n<p>El Centre i l\u2019AFA gestionem de manera conjunta el projecte \u201cEmpowering Oral English\u201d amb un \u00fanic objectiu,\u00a0<strong>la millora de la compet\u00e8ncia comunicativa oral en angl\u00e8s<\/strong>\u00a0com a part\u00a0 fonamental de la formaci\u00f3 integral del nostre alumnat, des de P3 fins a 4t d\u2019ESO.<\/p>\n<p>Totes les activitats que es programen estan pensades per ampliar vocabulari, millorar les estructures ling\u00fc\u00edstiques en un context significatiu i fomentar l\u2019inter\u00e8s per la llengua anglesa considerant-la fonamental per comunicar-se i informar-se en el m\u00f3n actual. S\u2019ha de gaudir de la comunicaci\u00f3 oral de manera l\u00fadica, fomentant la p\u00e8rdua de la vergonya en utilitzar una llengua que no es domina. S\u00f3n molts els avantatges de dominar la llengua per desenvolupar-se personal i professionalment.<\/p>\n<p>Durant aquests anys hem provat diferents\u00a0f\u00f3rmules\u00a0(escoles d\u2019idiomes, activitats en angl\u00e8s, etc.) i sembla que hem trobat la que millor s&#8217;ajusta a les nostres necessitats: auxiliars de conversa natius\/ves.<\/p>\n<p>El curs 18-19 vam tenir una auxiliar nativa,\u00a0Trish (UK), de setembre a juny, allotjada amb una\u00a0fam\u00edlia\u00a0del centre que ens va confirmar la\u00a0f\u00f3rmula. Es va integrar molt b\u00e9 en el\u00a0dia\u00a0a\u00a0dia\u00a0del centre i de l&#8217;alumnat, donant suport a tots els cursos.<\/p>\n<p>Aquest curs 19-20 hem ampliat dotant\u00a0al projecte amb el doble d&#8217;efectius: dues auxiliars de conversa, una coberta des de l&#8217;AFA\u00a0i l&#8217;altre des del centre. Despr\u00e9s d&#8217;un entrebanc a l&#8217;inici de curs que ens va obligar a canviar d&#8217;empresa i va impossibilitar reprendre l\u2019activitat al setembre, el passat mes de gener es van incorporar la\u00a0Susanne\u00a0(Noruega) i la\u00a0Grace (UK), que ens acompanyaran fins al juny.<\/p>\n","protected":false},"excerpt":{"rendered":"<p>\u201cEmpowering Oral English\u201d, un PROJECTE MADE IN LES VINYES &nbsp; Des del curs 14-15 l\u2019AFA rep una subvenci\u00f3 de l\u2019ajuntament espec\u00edfica per aquest projecte, que ampliem destinant una important quantitat econ\u00f2mica del pressupost anual de l\u2019AFA. El Centre i l\u2019AFA gestionem de manera conjunta el projecte \u201cEmpowering Oral English\u201d amb un \u00fanic objectiu,\u00a0la millora de [&hellip;]<\/p>\n","protected":false},"author":52,"featured_media":0,"parent":5697,"menu_order":3,"comment_status":"closed","ping_status":"closed","template":"","meta":{"_bbp_topic_count":0,"_bbp_reply_count":0,"_bbp_total_topic_count":0,"_bbp_total_reply_count":0,"_bbp_voice_count":0,"_bbp_anonymous_reply_count":0,"_bbp_topic_count_hidden":0,"_bbp_reply_count_hidden":0,"_bbp_forum_subforum_count":0,"site-sidebar-layout":"default","site-content-layout":"","ast-site-content-layout":"","site-content-style":"default","site-sidebar-style":"default","ast-global-header-display":"","ast-banner-title-visibility":"","ast-main-header-display":"","ast-hfb-above-header-display":"","ast-hfb-below-header-display":"","ast-hfb-mobile-header-display":"","site-post-title":"","ast-breadcrumbs-content":"","ast-featured-img":"","footer-sml-layout":"","theme-transparent-header-meta":"","adv-header-id-meta":"","stick-header-meta":"","header-above-stick-meta":"","header-main-stick-meta":"","header-below-stick-meta":"","astra-migrate-meta-layouts":"default","ast-page-background-enabled":"default","ast-page-background-meta":{"desktop":{"background-color":"var(--ast-global-color-4)","background-image":"","background-repeat":"repeat","background-position":"center center","background-size":"auto","background-attachment":"scroll","background-type":"","background-media":"","overlay-type":"","overlay-color":"","overlay-opacity":"","overlay-gradient":""},"tablet":{"background-color":"","background-image":"","background-repeat":"repeat","background-position":"center center","background-size":"auto","background-attachment":"scroll","background-type":"","background-media":"","overlay-type":"","overlay-color":"","overlay-opacity":"","overlay-gradient":""},"mobile":{"background-color":"","background-image":"","background-repeat":"repeat","background-position":"center center","background-size":"auto","background-attachment":"scroll","background-type":"","background-media":"","overlay-type":"","overlay-color":"","overlay-opacity":"","overlay-gradient":""}},"ast-content-background-meta":{"desktop":{"background-color":"var(--ast-global-color-5)","background-image":"","background-repeat":"repeat","background-position":"center center","background-size":"auto","background-attachment":"scroll","background-type":"","background-media":"","overlay-type":"","overlay-color":"","overlay-opacity":"","overlay-gradient":""},"tablet":{"background-color":"var(--ast-global-color-5)","background-image":"","background-repeat":"repeat","background-position":"center center","background-size":"auto","background-attachment":"scroll","background-type":"","background-media":"","overlay-type":"","overlay-color":"","overlay-opacity":"","overlay-gradient":""},"mobile":{"background-color":"var(--ast-global-color-5)","background-image":"","background-repeat":"repeat","background-position":"center center","background-size":"auto","background-attachment":"scroll","background-type":"","background-media":"","overlay-type":"","overlay-color":"","overlay-opacity":"","overlay-gradient":""}},"footnotes":""},"class_list":["post-3550","page","type-page","status-publish","hentry"],"post_mailing_queue_ids":[],"_links":{"self":[{"href":"https:\/\/agora.xtec.cat\/ielesvinyes\/wp-json\/wp\/v2\/pages\/3550","targetHints":{"allow":["GET"]}}],"collection":[{"href":"https:\/\/agora.xtec.cat\/ielesvinyes\/wp-json\/wp\/v2\/pages"}],"about":[{"href":"https:\/\/agora.xtec.cat\/ielesvinyes\/wp-json\/wp\/v2\/types\/page"}],"author":[{"embeddable":true,"href":"https:\/\/agora.xtec.cat\/ielesvinyes\/wp-json\/wp\/v2\/users\/52"}],"replies":[{"embeddable":true,"href":"https:\/\/agora.xtec.cat\/ielesvinyes\/wp-json\/wp\/v2\/comments?post=3550"}],"version-history":[{"count":3,"href":"https:\/\/agora.xtec.cat\/ielesvinyes\/wp-json\/wp\/v2\/pages\/3550\/revisions"}],"predecessor-version":[{"id":6171,"href":"https:\/\/agora.xtec.cat\/ielesvinyes\/wp-json\/wp\/v2\/pages\/3550\/revisions\/6171"}],"up":[{"embeddable":true,"href":"https:\/\/agora.xtec.cat\/ielesvinyes\/wp-json\/wp\/v2\/pages\/5697"}],"wp:attachment":[{"href":"https:\/\/agora.xtec.cat\/ielesvinyes\/wp-json\/wp\/v2\/media?parent=3550"}],"curies":[{"name":"wp","href":"https:\/\/api.w.org\/{rel}","templated":true}]}}