{"id":152,"date":"2012-10-23T22:03:51","date_gmt":"2012-10-23T20:03:51","guid":{"rendered":"http:\/\/ampa.ielesvinyes.net\/stage1\/?page_id=152"},"modified":"2025-12-09T10:44:28","modified_gmt":"2025-12-09T09:44:28","slug":"extraescolars","status":"publish","type":"page","link":"https:\/\/agora.xtec.cat\/ielesvinyes\/afa-les-vinyes\/serveis-afa\/extraescolars\/","title":{"rendered":"AFA: Serveis &#8211; Extraescolars"},"content":{"rendered":"<h2 dir=\"auto\"><span style=\"color: #0c97c9;\"><strong>EXTRAESCOLARS CURS 2025-2026<\/strong><\/span><\/h2>\n<p><a href=\"https:\/\/agora.xtec.cat\/ielesvinyes\/wp-content\/uploads\/usu1433\/2025\/12\/EXTRAESCOLARS-2025-2026.jpg\"><img loading=\"lazy\" decoding=\"async\" class=\"alignnone wp-image-8500 size-large\" src=\"https:\/\/agora.xtec.cat\/ielesvinyes\/wp-content\/uploads\/usu1433\/2025\/12\/EXTRAESCOLARS-2025-2026-1024x432.jpg\" alt=\"\" width=\"1024\" height=\"432\" srcset=\"https:\/\/agora.xtec.cat\/ielesvinyes\/wp-content\/uploads\/usu1433\/2025\/12\/EXTRAESCOLARS-2025-2026-1024x432.jpg 1024w, https:\/\/agora.xtec.cat\/ielesvinyes\/wp-content\/uploads\/usu1433\/2025\/12\/EXTRAESCOLARS-2025-2026-300x126.jpg 300w, https:\/\/agora.xtec.cat\/ielesvinyes\/wp-content\/uploads\/usu1433\/2025\/12\/EXTRAESCOLARS-2025-2026-768x324.jpg 768w, https:\/\/agora.xtec.cat\/ielesvinyes\/wp-content\/uploads\/usu1433\/2025\/12\/EXTRAESCOLARS-2025-2026-1536x648.jpg 1536w, https:\/\/agora.xtec.cat\/ielesvinyes\/wp-content\/uploads\/usu1433\/2025\/12\/EXTRAESCOLARS-2025-2026-2048x864.jpg 2048w\" sizes=\"auto, (max-width: 1024px) 100vw, 1024px\" \/><\/a><\/p>\n<h2 dir=\"auto\" style=\"font-family: calibri, helvetica, sans-serif; font-size: 12pt;\"><img loading=\"lazy\" decoding=\"async\" class=\"alignnone wp-image-5552\" style=\"font-family: inherit; font-size: 1em; font-weight: normal;\" src=\"https:\/\/agora.xtec.cat\/ielesvinyes\/wp-content\/uploads\/usu1433\/2020\/02\/anar-a.png\" alt=\"\" width=\"13\" height=\"13\" srcset=\"https:\/\/agora.xtec.cat\/ielesvinyes\/wp-content\/uploads\/usu1433\/2020\/02\/anar-a.png 512w, https:\/\/agora.xtec.cat\/ielesvinyes\/wp-content\/uploads\/usu1433\/2020\/02\/anar-a-150x150.png 150w, https:\/\/agora.xtec.cat\/ielesvinyes\/wp-content\/uploads\/usu1433\/2020\/02\/anar-a-300x300.png 300w\" sizes=\"auto, (max-width: 13px) 100vw, 13px\" \/><span style=\"font-family: inherit; font-size: 1em; font-weight: normal;\">\u00a0\u00a0<\/span>Si voleu consultar la graella completa, l&#8217;empresa gestora de l&#8217;activitat i els preus, cliqueu la seg\u00fcent icona: <a href=\"https:\/\/agora.xtec.cat\/ielesvinyes\/wp-content\/uploads\/usu1433\/2025\/12\/EXTRAESCOLARS-2025-2026.pdf\" target=\"_blank\" rel=\"noopener noreferrer\"><img loading=\"lazy\" decoding=\"async\" class=\"alignnone wp-image-4668\" src=\"https:\/\/agora.xtec.cat\/ielesvinyes\/wp-content\/uploads\/usu1433\/2019\/12\/pdf.jpg\" alt=\"\" width=\"23\" height=\"26\" \/><\/a><\/h2>\n<p>* Descompte de 5\u20ac segon germ\u00e0.<\/p>\n<p><span style=\"color: #9900ff;\"><b>FITXES INFORMATIVES DE CADA ACTIVITAT PREVISTA:<\/b><\/span><\/p>\n<div><span style=\"color: #ff6600;\"><strong>Infantil (P3 \/ P4 \/ P5) &#8211; de 16.30 a 18h<\/strong><\/span><\/div>\n<div><\/div>\n<ul>\n<li>B\u00e0squet\u00a0<a href=\"https:\/\/agora.xtec.cat\/ielesvinyes\/wp-content\/uploads\/usu1433\/2025\/06\/Basquet.docx-Documents-de-Google.pdf\" target=\"_blank\" rel=\"noopener noreferrer\"><img loading=\"lazy\" decoding=\"async\" class=\"alignnone wp-image-4668\" src=\"https:\/\/agora.xtec.cat\/ielesvinyes\/wp-content\/uploads\/usu1433\/2019\/12\/pdf.jpg\" alt=\"\" width=\"20\" height=\"22\" \/><\/a><\/li>\n<li>Futbol Sala <a href=\"https:\/\/agora.xtec.cat\/ielesvinyes\/wp-content\/uploads\/usu1433\/2025\/06\/FUTBOL-SALA-.docx-Documents-de-Google.pdf\" target=\"_blank\" rel=\"noopener noreferrer\"><img loading=\"lazy\" decoding=\"async\" class=\"alignnone wp-image-4668\" src=\"https:\/\/agora.xtec.cat\/ielesvinyes\/wp-content\/uploads\/usu1433\/2019\/12\/pdf.jpg\" alt=\"\" width=\"20\" height=\"22\" \/><\/a><\/li>\n<li>Gimn\u00e0stica art\u00edstica <a href=\"https:\/\/agora.xtec.cat\/ielesvinyes\/wp-content\/uploads\/usu1433\/2025\/06\/GIMNASTICA-ARTISTICA.docx-Documents-de-Google.pdf\" target=\"_blank\" rel=\"noopener noreferrer\"><img loading=\"lazy\" decoding=\"async\" class=\"alignnone wp-image-4668\" src=\"https:\/\/agora.xtec.cat\/ielesvinyes\/wp-content\/uploads\/usu1433\/2019\/12\/pdf.jpg\" alt=\"\" width=\"20\" height=\"22\" \/><\/a><\/li>\n<\/ul>\n<p><span style=\"color: #ff6600;\"><strong>Prim\u00e0ria (1r \/ 2n \/ 3r \/ 4t \/ 5\u00e8 \/ 6\u00e8) &#8211; Migdia<\/strong><\/span><\/p>\n<ul>\n<li>Ioga <a href=\"https:\/\/agora.xtec.cat\/ielesvinyes\/wp-content\/uploads\/usu1433\/2025\/06\/IOGA.docx-1.pdf\" target=\"_blank\" rel=\"noopener noreferrer\"><img loading=\"lazy\" decoding=\"async\" class=\"alignnone wp-image-4668\" src=\"https:\/\/agora.xtec.cat\/ielesvinyes\/wp-content\/uploads\/usu1433\/2019\/12\/pdf.jpg\" alt=\"\" width=\"20\" height=\"22\" \/><\/a><\/li>\n<li>Cant Coral <a href=\"https:\/\/agora.xtec.cat\/ielesvinyes\/wp-content\/uploads\/usu1433\/2025\/06\/CANT-CORAL-.docx-Documents-de-Google.pdf\" target=\"_blank\" rel=\"noopener noreferrer\"><img loading=\"lazy\" decoding=\"async\" class=\"alignnone wp-image-4668\" src=\"https:\/\/agora.xtec.cat\/ielesvinyes\/wp-content\/uploads\/usu1433\/2019\/12\/pdf.jpg\" alt=\"\" width=\"20\" height=\"22\" \/><\/a><br \/>\nDilluns: 14:05h a 14:50h (4t, 5\u00e8 i 6\u00e8 prim\u00e0ria)<br \/>\nDimecres: 14.05h a 14:50h (1r, 2n i 3r prim\u00e0ria)<\/li>\n<li>Amb bici a l&#8217;escola <a href=\"https:\/\/agora.xtec.cat\/ielesvinyes\/wp-content\/uploads\/usu1433\/2025\/06\/EN-BICI-A-LESCOLA-primaria-.docx-Documents-de-Google.pdf\" target=\"_blank\" rel=\"noopener noreferrer\"><img loading=\"lazy\" decoding=\"async\" class=\"alignnone wp-image-4668\" src=\"https:\/\/agora.xtec.cat\/ielesvinyes\/wp-content\/uploads\/usu1433\/2019\/12\/pdf.jpg\" alt=\"\" width=\"20\" height=\"22\" \/><\/a><\/li>\n<li>Art (dibuix, pintura i altres t\u00e8cniques) <a href=\"https:\/\/agora.xtec.cat\/ielesvinyes\/wp-content\/uploads\/usu1433\/2025\/06\/ART-DIBUIX-PINTURA-I-ALTRES-TECNIQUES.docx-Documents-de-Google.pdf\" target=\"_blank\" rel=\"noopener noreferrer\"><img loading=\"lazy\" decoding=\"async\" class=\"alignnone wp-image-4668\" src=\"https:\/\/agora.xtec.cat\/ielesvinyes\/wp-content\/uploads\/usu1433\/2019\/12\/pdf.jpg\" alt=\"\" width=\"20\" height=\"22\" \/><\/a><\/li>\n<li>Escacs <a href=\"https:\/\/agora.xtec.cat\/ielesvinyes\/wp-content\/uploads\/usu1433\/2025\/06\/ESCACS-.docx-Documents-de-Google.pdf\" target=\"_blank\" rel=\"noopener noreferrer\"><img loading=\"lazy\" decoding=\"async\" class=\"alignnone wp-image-4668\" src=\"https:\/\/agora.xtec.cat\/ielesvinyes\/wp-content\/uploads\/usu1433\/2019\/12\/pdf.jpg\" alt=\"\" width=\"20\" height=\"22\" \/><\/a><\/li>\n<li>Angl\u00e8s <a href=\"https:\/\/agora.xtec.cat\/ielesvinyes\/wp-content\/uploads\/usu1433\/2025\/06\/ANGLES-SESAFORMACION.docx-Documents-de-Google.pdf\" target=\"_blank\" rel=\"noopener noreferrer\"><img loading=\"lazy\" decoding=\"async\" class=\"alignnone wp-image-4668\" src=\"https:\/\/agora.xtec.cat\/ielesvinyes\/wp-content\/uploads\/usu1433\/2019\/12\/pdf.jpg\" alt=\"\" width=\"20\" height=\"22\" \/><\/a><\/li>\n<\/ul>\n<div><span style=\"color: #ff6600;\"><strong>Prim\u00e0ria (1r \/ 2n \/ 3r \/ 4t \/ 5\u00e8 \/ 6\u00e8) &#8211; de 16.30 a 18h<\/strong><\/span><\/div>\n<div><\/div>\n<ul>\n<li>B\u00e0squet\u00a0<a href=\"https:\/\/agora.xtec.cat\/ielesvinyes\/wp-content\/uploads\/usu1433\/2025\/06\/Basquet.docx-Documents-de-Google.pdf\" target=\"_blank\" rel=\"noopener noreferrer\"><img loading=\"lazy\" decoding=\"async\" class=\"alignnone wp-image-4668\" src=\"https:\/\/agora.xtec.cat\/ielesvinyes\/wp-content\/uploads\/usu1433\/2019\/12\/pdf.jpg\" alt=\"\" width=\"20\" height=\"22\" \/><\/a><\/li>\n<li>Futbol Sala\u00a0<a href=\"https:\/\/agora.xtec.cat\/ielesvinyes\/wp-content\/uploads\/usu1433\/2025\/06\/FUTBOL-SALA-.docx-Documents-de-Google.pdf\" target=\"_blank\" rel=\"noopener noreferrer\"><img loading=\"lazy\" decoding=\"async\" class=\"alignnone wp-image-4668\" src=\"https:\/\/agora.xtec.cat\/ielesvinyes\/wp-content\/uploads\/usu1433\/2019\/12\/pdf.jpg\" alt=\"\" width=\"20\" height=\"22\" \/><\/a><\/li>\n<li>Gimn\u00e0stica art\u00edstica <a href=\"https:\/\/agora.xtec.cat\/ielesvinyes\/wp-content\/uploads\/usu1433\/2025\/06\/GIMNASTICA-ARTISTICA.docx-Documents-de-Google.pdf\" target=\"_blank\" rel=\"noopener noreferrer\"><img loading=\"lazy\" decoding=\"async\" class=\"alignnone wp-image-4668\" src=\"https:\/\/agora.xtec.cat\/ielesvinyes\/wp-content\/uploads\/usu1433\/2019\/12\/pdf.jpg\" alt=\"\" width=\"20\" height=\"22\" \/><\/a><\/li>\n<li>Handbol\u00a0<a href=\"https:\/\/agora.xtec.cat\/ielesvinyes\/wp-content\/uploads\/usu1433\/2025\/06\/HANDBOL-CASTELLBISBAL-.docx-Documents-de-Google.pdf\" target=\"_blank\" rel=\"noopener noreferrer\"><img loading=\"lazy\" decoding=\"async\" class=\"alignnone wp-image-4668\" src=\"https:\/\/agora.xtec.cat\/ielesvinyes\/wp-content\/uploads\/usu1433\/2019\/12\/pdf.jpg\" alt=\"\" width=\"20\" height=\"22\" \/><\/a><\/li>\n<li>Teatre i din\u00e0miques relacionals\u00a0<a href=\"https:\/\/agora.xtec.cat\/ielesvinyes\/wp-content\/uploads\/usu1433\/2025\/06\/TEATRE-I-DINAMIQUES-RELACIONALS-.docx-Documents-de-Google.pdf\" target=\"_blank\" rel=\"noopener noreferrer\"><img loading=\"lazy\" decoding=\"async\" class=\"alignnone wp-image-4668\" src=\"https:\/\/agora.xtec.cat\/ielesvinyes\/wp-content\/uploads\/usu1433\/2019\/12\/pdf.jpg\" alt=\"\" width=\"20\" height=\"22\" \/><\/a><\/li>\n<\/ul>\n<p><span style=\"color: #ff6600;\"><strong>Secund\u00e0ria (1r \/ 2n \/ 3r \/ 4t) &#8211; de 15.30 a 16.30<\/strong><\/span><\/p>\n<ul>\n<li>Cicloturisme <a href=\"https:\/\/agora.xtec.cat\/ielesvinyes\/wp-content\/uploads\/usu1433\/2025\/06\/CICLOTURISME-.docx-Documents-de-Google.pdf\" target=\"_blank\" rel=\"noopener noreferrer\"><img loading=\"lazy\" decoding=\"async\" class=\"alignnone wp-image-4668\" src=\"https:\/\/agora.xtec.cat\/ielesvinyes\/wp-content\/uploads\/usu1433\/2019\/12\/pdf.jpg\" alt=\"\" width=\"20\" height=\"22\" \/><\/a><\/li>\n<\/ul>\n<h5><\/h5>\n<h5><span style=\"color: #9900ff;\"><b>ACTIVITATS A ALTRES ESCOLES<\/b><\/span><\/h5>\n<p><span style=\"font-weight: 400;\">Els infants podran accedir a les activitats extraescolars de qualsevol escola de Castellbisbal. En cas d\u2019inscriure\u2019s en una activitat d\u2019una altra escola, haureu de:<\/span><\/p>\n<ul>\n<li style=\"font-weight: 400;\" aria-level=\"1\"><span style=\"font-weight: 400;\">Fer la inscripci\u00f3 de l\u2019activitat directament amb l\u2019AFA de l\u2019escola on es realitza l\u2019activitat.<\/span><\/li>\n<li style=\"font-weight: 400;\" aria-level=\"1\"><span style=\"font-weight: 400;\">Presentar el rebut de pagament de la quota de soci de l\u2019AFA de Les Vinyes.<\/span><\/li>\n<li style=\"font-weight: 400;\" aria-level=\"1\"><span style=\"font-weight: 400;\">Les fam\u00edlies seran les encarregades de portar els seus fills i filles fins a l\u2019escola on es dugui a terme l\u2019extraescolar.\u00a0<\/span><\/li>\n<\/ul>\n<p><span style=\"font-weight: 400;\">Podeu consultar les activitats de les diferents escoles en els seg\u00fcents enlla\u00e7os:<\/span><\/p>\n<p><a href=\"https:\/\/jepa73.wixsite.com\/ampaelsarenys\/pagina-principal\" target=\"_blank\" rel=\"noopener\"><span style=\"font-weight: 400;\">Escola Els Arenys<\/span><\/a><\/p>\n<p><a href=\"https:\/\/agora.xtec.cat\/ceipbenviure\/ampa\/extraescolars-i-acollida\/\" target=\"_blank\" rel=\"noopener\"><span style=\"font-weight: 400;\">Escola Benviure<\/span><\/a><\/p>\n<p><a href=\"https:\/\/afa-escola-m-d-montserrat5.webnode.es\/comissio-dextraescolars\/\" target=\"_blank\" rel=\"noopener\"><span style=\"font-weight: 400;\">Escola Mare de D\u00e9u de Montserrat<\/span><\/a><\/p>\n<h6>Qualsevol dubte podeu adre\u00e7ar-vos al correu: <span style=\"color: #0c97c9;\"><strong>extraescolars.afa<span class=\"\">@ielesvinyes.net<\/span><\/strong><\/span><\/h6>\n","protected":false},"excerpt":{"rendered":"<p>EXTRAESCOLARS CURS 2025-2026 \u00a0\u00a0Si voleu consultar la graella completa, l&#8217;empresa gestora de l&#8217;activitat i els preus, cliqueu la seg\u00fcent icona: * Descompte de 5\u20ac segon germ\u00e0. FITXES INFORMATIVES DE CADA ACTIVITAT PREVISTA: Infantil (P3 \/ P4 \/ P5) &#8211; de 16.30 a 18h B\u00e0squet\u00a0 Futbol Sala Gimn\u00e0stica art\u00edstica Prim\u00e0ria (1r \/ 2n \/ 3r \/ [&hellip;]<\/p>\n","protected":false},"author":52,"featured_media":0,"parent":86,"menu_order":3,"comment_status":"closed","ping_status":"closed","template":"","meta":{"_bbp_topic_count":0,"_bbp_reply_count":0,"_bbp_total_topic_count":0,"_bbp_total_reply_count":0,"_bbp_voice_count":0,"_bbp_anonymous_reply_count":0,"_bbp_topic_count_hidden":0,"_bbp_reply_count_hidden":0,"_bbp_forum_subforum_count":0,"site-sidebar-layout":"default","site-content-layout":"","ast-site-content-layout":"default","site-content-style":"default","site-sidebar-style":"default","ast-global-header-display":"","ast-banner-title-visibility":"","ast-main-header-display":"","ast-hfb-above-header-display":"","ast-hfb-below-header-display":"","ast-hfb-mobile-header-display":"","site-post-title":"","ast-breadcrumbs-content":"","ast-featured-img":"","footer-sml-layout":"","theme-transparent-header-meta":"","adv-header-id-meta":"","stick-header-meta":"","header-above-stick-meta":"","header-main-stick-meta":"","header-below-stick-meta":"","astra-migrate-meta-layouts":"set","ast-page-background-enabled":"default","ast-page-background-meta":{"desktop":{"background-color":"var(--ast-global-color-4)","background-image":"","background-repeat":"repeat","background-position":"center center","background-size":"auto","background-attachment":"scroll","background-type":"","background-media":"","overlay-type":"","overlay-color":"","overlay-opacity":"","overlay-gradient":""},"tablet":{"background-color":"","background-image":"","background-repeat":"repeat","background-position":"center center","background-size":"auto","background-attachment":"scroll","background-type":"","background-media":"","overlay-type":"","overlay-color":"","overlay-opacity":"","overlay-gradient":""},"mobile":{"background-color":"","background-image":"","background-repeat":"repeat","background-position":"center center","background-size":"auto","background-attachment":"scroll","background-type":"","background-media":"","overlay-type":"","overlay-color":"","overlay-opacity":"","overlay-gradient":""}},"ast-content-background-meta":{"desktop":{"background-color":"var(--ast-global-color-5)","background-image":"","background-repeat":"repeat","background-position":"center center","background-size":"auto","background-attachment":"scroll","background-type":"","background-media":"","overlay-type":"","overlay-color":"","overlay-opacity":"","overlay-gradient":""},"tablet":{"background-color":"var(--ast-global-color-5)","background-image":"","background-repeat":"repeat","background-position":"center center","background-size":"auto","background-attachment":"scroll","background-type":"","background-media":"","overlay-type":"","overlay-color":"","overlay-opacity":"","overlay-gradient":""},"mobile":{"background-color":"var(--ast-global-color-5)","background-image":"","background-repeat":"repeat","background-position":"center center","background-size":"auto","background-attachment":"scroll","background-type":"","background-media":"","overlay-type":"","overlay-color":"","overlay-opacity":"","overlay-gradient":""}},"footnotes":""},"class_list":["post-152","page","type-page","status-publish","hentry"],"post_mailing_queue_ids":[],"_links":{"self":[{"href":"https:\/\/agora.xtec.cat\/ielesvinyes\/wp-json\/wp\/v2\/pages\/152","targetHints":{"allow":["GET"]}}],"collection":[{"href":"https:\/\/agora.xtec.cat\/ielesvinyes\/wp-json\/wp\/v2\/pages"}],"about":[{"href":"https:\/\/agora.xtec.cat\/ielesvinyes\/wp-json\/wp\/v2\/types\/page"}],"author":[{"embeddable":true,"href":"https:\/\/agora.xtec.cat\/ielesvinyes\/wp-json\/wp\/v2\/users\/52"}],"replies":[{"embeddable":true,"href":"https:\/\/agora.xtec.cat\/ielesvinyes\/wp-json\/wp\/v2\/comments?post=152"}],"version-history":[{"count":6,"href":"https:\/\/agora.xtec.cat\/ielesvinyes\/wp-json\/wp\/v2\/pages\/152\/revisions"}],"predecessor-version":[{"id":8504,"href":"https:\/\/agora.xtec.cat\/ielesvinyes\/wp-json\/wp\/v2\/pages\/152\/revisions\/8504"}],"up":[{"embeddable":true,"href":"https:\/\/agora.xtec.cat\/ielesvinyes\/wp-json\/wp\/v2\/pages\/86"}],"wp:attachment":[{"href":"https:\/\/agora.xtec.cat\/ielesvinyes\/wp-json\/wp\/v2\/media?parent=152"}],"curies":[{"name":"wp","href":"https:\/\/api.w.org\/{rel}","templated":true}]}}