{"id":7731,"date":"2021-02-11T09:05:44","date_gmt":"2021-02-11T08:05:44","guid":{"rendered":"http:\/\/agora.xtec.cat\/ielatordera\/?page_id=7731"},"modified":"2021-05-11T08:42:55","modified_gmt":"2021-05-11T06:42:55","slug":"orientacio-educativa","status":"publish","type":"page","link":"https:\/\/agora.xtec.cat\/ielatordera\/orientacio-educativa\/","title":{"rendered":"ORIENTACI\u00d3 EDUCATIVA"},"content":{"rendered":"<p>La tasca principal que desenvolupem les professionals del departament d\u2019orientaci\u00f3 educativa de l\u2019IE La Tordera consisteix en l&#8217;atenci\u00f3 directa a l&#8217;alumnat, aix\u00ed com el suport t\u00e8cnic al conjunt de la comunitat educativa en temes relacionats amb l\u2019orientaci\u00f3 personal, acad\u00e8mica i professional dels alumnes, i en les mesures i suports d\u2019atenci\u00f3 a la diversitat de l\u2019alumnat, i en totes aquelles altres situacions en qu\u00e8 es requereixin les orientacions i l\u2019assessorament de professionals amb una mirada global, sensible i inclusiva de l\u2019educaci\u00f3.<\/p>\n<p>Visita la nostra p\u00e0gina d&#8217;<a href=\"https:\/\/sites.google.com\/xtec.cat\/ie-la-tordera\/p%C3%A0gina-principal\">ORIENTACI\u00d3 ACAD\u00c8MICA<\/a>.<\/p>\n<p>Vine a aprendre sobre les <a href=\"https:\/\/view.genial.ly\/6014454b22eaac0d7191cd1b\/presentation-tips-destudi\">T\u00c8CNIQUES D&#8217;ESTUDI<\/a>.<\/p>\n","protected":false},"excerpt":{"rendered":"<p>La tasca principal que desenvolupem les professionals del departament d\u2019orientaci\u00f3 educativa de l\u2019IE La Tordera consisteix en l&#8217;atenci\u00f3 directa a l&#8217;alumnat, aix\u00ed com el suport t\u00e8cnic al conjunt de la comunitat educativa en temes relacionats amb l\u2019orientaci\u00f3 personal, acad\u00e8mica i professional dels alumnes, i en les mesures i suports d\u2019atenci\u00f3 a la diversitat de l\u2019alumnat, [&hellip;]<\/p>\n","protected":false},"author":3,"featured_media":0,"parent":0,"menu_order":600,"comment_status":"closed","ping_status":"closed","template":"","meta":{"_bbp_topic_count":0,"_bbp_reply_count":0,"_bbp_total_topic_count":0,"_bbp_total_reply_count":0,"_bbp_voice_count":0,"_bbp_anonymous_reply_count":0,"_bbp_topic_count_hidden":0,"_bbp_reply_count_hidden":0,"_bbp_forum_subforum_count":0,"site-sidebar-layout":"default","site-content-layout":"","ast-site-content-layout":"","site-content-style":"default","site-sidebar-style":"default","ast-global-header-display":"","ast-banner-title-visibility":"","ast-main-header-display":"","ast-hfb-above-header-display":"","ast-hfb-below-header-display":"","ast-hfb-mobile-header-display":"","site-post-title":"","ast-breadcrumbs-content":"","ast-featured-img":"","footer-sml-layout":"","theme-transparent-header-meta":"","adv-header-id-meta":"","stick-header-meta":"","header-above-stick-meta":"","header-main-stick-meta":"","header-below-stick-meta":"","astra-migrate-meta-layouts":"default","ast-page-background-enabled":"default","ast-page-background-meta":{"desktop":{"background-color":"var(--ast-global-color-4)","background-image":"","background-repeat":"repeat","background-position":"center center","background-size":"auto","background-attachment":"scroll","background-type":"","background-media":"","overlay-type":"","overlay-color":"","overlay-opacity":"","overlay-gradient":""},"tablet":{"background-color":"","background-image":"","background-repeat":"repeat","background-position":"center center","background-size":"auto","background-attachment":"scroll","background-type":"","background-media":"","overlay-type":"","overlay-color":"","overlay-opacity":"","overlay-gradient":""},"mobile":{"background-color":"","background-image":"","background-repeat":"repeat","background-position":"center center","background-size":"auto","background-attachment":"scroll","background-type":"","background-media":"","overlay-type":"","overlay-color":"","overlay-opacity":"","overlay-gradient":""}},"ast-content-background-meta":{"desktop":{"background-color":"var(--ast-global-color-5)","background-image":"","background-repeat":"repeat","background-position":"center center","background-size":"auto","background-attachment":"scroll","background-type":"","background-media":"","overlay-type":"","overlay-color":"","overlay-opacity":"","overlay-gradient":""},"tablet":{"background-color":"var(--ast-global-color-5)","background-image":"","background-repeat":"repeat","background-position":"center center","background-size":"auto","background-attachment":"scroll","background-type":"","background-media":"","overlay-type":"","overlay-color":"","overlay-opacity":"","overlay-gradient":""},"mobile":{"background-color":"var(--ast-global-color-5)","background-image":"","background-repeat":"repeat","background-position":"center center","background-size":"auto","background-attachment":"scroll","background-type":"","background-media":"","overlay-type":"","overlay-color":"","overlay-opacity":"","overlay-gradient":""}},"footnotes":""},"class_list":["post-7731","page","type-page","status-publish","hentry"],"post_mailing_queue_ids":[],"_links":{"self":[{"href":"https:\/\/agora.xtec.cat\/ielatordera\/wp-json\/wp\/v2\/pages\/7731","targetHints":{"allow":["GET"]}}],"collection":[{"href":"https:\/\/agora.xtec.cat\/ielatordera\/wp-json\/wp\/v2\/pages"}],"about":[{"href":"https:\/\/agora.xtec.cat\/ielatordera\/wp-json\/wp\/v2\/types\/page"}],"author":[{"embeddable":true,"href":"https:\/\/agora.xtec.cat\/ielatordera\/wp-json\/wp\/v2\/users\/3"}],"replies":[{"embeddable":true,"href":"https:\/\/agora.xtec.cat\/ielatordera\/wp-json\/wp\/v2\/comments?post=7731"}],"version-history":[{"count":3,"href":"https:\/\/agora.xtec.cat\/ielatordera\/wp-json\/wp\/v2\/pages\/7731\/revisions"}],"predecessor-version":[{"id":8441,"href":"https:\/\/agora.xtec.cat\/ielatordera\/wp-json\/wp\/v2\/pages\/7731\/revisions\/8441"}],"wp:attachment":[{"href":"https:\/\/agora.xtec.cat\/ielatordera\/wp-json\/wp\/v2\/media?parent=7731"}],"curies":[{"name":"wp","href":"https:\/\/api.w.org\/{rel}","templated":true}]}}