{"id":752,"date":"2019-03-08T16:35:16","date_gmt":"2019-03-08T15:35:16","guid":{"rendered":"http:\/\/agora.xtec.cat\/ielatordera\/?page_id=752"},"modified":"2025-02-07T12:54:18","modified_gmt":"2025-02-07T11:54:18","slug":"tramits","status":"publish","type":"page","link":"https:\/\/agora.xtec.cat\/ielatordera\/secretaria\/tramits\/","title":{"rendered":"TR\u00c0MITS: Tria educativa \/ beques \/ certificats \/ t\u00edtols"},"content":{"rendered":"<h3><span style=\"color: #36b5a2;\">TRIA EDUCATIVA<\/span><\/h3>\n<ul>\n<li>Enlla\u00e7 al<strong>\u00a0<\/strong><span style=\"color: #2781c2;\"><a style=\"color: #2781c2;\" href=\"http:\/\/queestudiar.gencat.cat\/ca\/preinscripcio\/estudis\/obligatoris\/\" target=\"_blank\" rel=\"noopener noreferrer\">Departament d&#8217;Educaci\u00f3<\/a><\/span><\/li>\n<\/ul>\n<h3><span style=\"color: #36b5a2;\">BEQUES I AJUTS<\/span><\/h3>\n<ul>\n<li><span style=\"color: #2781c2;\"><a style=\"color: #2781c2;\" href=\"http:\/\/ensenyament.gencat.cat\/ca\/tramits\/tramits-temes\/358-ajuts-ministerio-NEE\" target=\"_blank\" rel=\"noopener noreferrer\">Ajuts a alumnes amb NEE<\/a><\/span><\/li>\n<\/ul>\n<h3><span style=\"color: #36b5a2;\">CERTIFICATS I T\u00cdTOLS<\/span><\/h3>\n<ul style=\"list-style-type: disc;\">\n<li><span style=\"color: #2781c2;\"><a style=\"color: #2781c2;\" href=\"https:\/\/drive.google.com\/file\/d\/1mVKYf90wucUpgB-SQtR8snZ91t1w8rJk\/view?usp=sharing\">Sol\u00b7licitud de certificat d&#8217;equival\u00e8ncia del nivell de catal\u00e0 (B2-C1)<\/a><\/span><\/li>\n<li><span style=\"color: #2781c2;\"><a style=\"color: #2781c2;\" href=\"https:\/\/agora.xtec.cat\/ielatordera\/secretaria\/tramits\/titol-de-leso\/\">T\u00edtol de l\u2019ESO<\/a><\/span><\/li>\n<\/ul>\n<h3><\/h3>\n<p>&nbsp;<\/p>\n<p>&nbsp;<\/p>\n","protected":false},"excerpt":{"rendered":"<p>TRIA EDUCATIVA Enlla\u00e7 al\u00a0Departament d&#8217;Educaci\u00f3 BEQUES I AJUTS Ajuts a alumnes amb NEE CERTIFICATS I T\u00cdTOLS Sol\u00b7licitud de certificat d&#8217;equival\u00e8ncia del nivell de catal\u00e0 (B2-C1) T\u00edtol de l\u2019ESO &nbsp; &nbsp;<\/p>\n","protected":false},"author":3,"featured_media":0,"parent":81,"menu_order":220,"comment_status":"closed","ping_status":"closed","template":"","meta":{"_bbp_topic_count":0,"_bbp_reply_count":0,"_bbp_total_topic_count":0,"_bbp_total_reply_count":0,"_bbp_voice_count":0,"_bbp_anonymous_reply_count":0,"_bbp_topic_count_hidden":0,"_bbp_reply_count_hidden":0,"_bbp_forum_subforum_count":0,"site-sidebar-layout":"default","site-content-layout":"","ast-site-content-layout":"","site-content-style":"default","site-sidebar-style":"default","ast-global-header-display":"","ast-banner-title-visibility":"","ast-main-header-display":"","ast-hfb-above-header-display":"","ast-hfb-below-header-display":"","ast-hfb-mobile-header-display":"","site-post-title":"","ast-breadcrumbs-content":"","ast-featured-img":"","footer-sml-layout":"","theme-transparent-header-meta":"","adv-header-id-meta":"","stick-header-meta":"","header-above-stick-meta":"","header-main-stick-meta":"","header-below-stick-meta":"","astra-migrate-meta-layouts":"default","ast-page-background-enabled":"default","ast-page-background-meta":{"desktop":{"background-color":"var(--ast-global-color-4)","background-image":"","background-repeat":"repeat","background-position":"center center","background-size":"auto","background-attachment":"scroll","background-type":"","background-media":"","overlay-type":"","overlay-color":"","overlay-opacity":"","overlay-gradient":""},"tablet":{"background-color":"","background-image":"","background-repeat":"repeat","background-position":"center center","background-size":"auto","background-attachment":"scroll","background-type":"","background-media":"","overlay-type":"","overlay-color":"","overlay-opacity":"","overlay-gradient":""},"mobile":{"background-color":"","background-image":"","background-repeat":"repeat","background-position":"center center","background-size":"auto","background-attachment":"scroll","background-type":"","background-media":"","overlay-type":"","overlay-color":"","overlay-opacity":"","overlay-gradient":""}},"ast-content-background-meta":{"desktop":{"background-color":"var(--ast-global-color-5)","background-image":"","background-repeat":"repeat","background-position":"center center","background-size":"auto","background-attachment":"scroll","background-type":"","background-media":"","overlay-type":"","overlay-color":"","overlay-opacity":"","overlay-gradient":""},"tablet":{"background-color":"var(--ast-global-color-5)","background-image":"","background-repeat":"repeat","background-position":"center center","background-size":"auto","background-attachment":"scroll","background-type":"","background-media":"","overlay-type":"","overlay-color":"","overlay-opacity":"","overlay-gradient":""},"mobile":{"background-color":"var(--ast-global-color-5)","background-image":"","background-repeat":"repeat","background-position":"center center","background-size":"auto","background-attachment":"scroll","background-type":"","background-media":"","overlay-type":"","overlay-color":"","overlay-opacity":"","overlay-gradient":""}},"footnotes":""},"class_list":["post-752","page","type-page","status-publish","hentry"],"post_mailing_queue_ids":[],"_links":{"self":[{"href":"https:\/\/agora.xtec.cat\/ielatordera\/wp-json\/wp\/v2\/pages\/752","targetHints":{"allow":["GET"]}}],"collection":[{"href":"https:\/\/agora.xtec.cat\/ielatordera\/wp-json\/wp\/v2\/pages"}],"about":[{"href":"https:\/\/agora.xtec.cat\/ielatordera\/wp-json\/wp\/v2\/types\/page"}],"author":[{"embeddable":true,"href":"https:\/\/agora.xtec.cat\/ielatordera\/wp-json\/wp\/v2\/users\/3"}],"replies":[{"embeddable":true,"href":"https:\/\/agora.xtec.cat\/ielatordera\/wp-json\/wp\/v2\/comments?post=752"}],"version-history":[{"count":7,"href":"https:\/\/agora.xtec.cat\/ielatordera\/wp-json\/wp\/v2\/pages\/752\/revisions"}],"predecessor-version":[{"id":15265,"href":"https:\/\/agora.xtec.cat\/ielatordera\/wp-json\/wp\/v2\/pages\/752\/revisions\/15265"}],"up":[{"embeddable":true,"href":"https:\/\/agora.xtec.cat\/ielatordera\/wp-json\/wp\/v2\/pages\/81"}],"wp:attachment":[{"href":"https:\/\/agora.xtec.cat\/ielatordera\/wp-json\/wp\/v2\/media?parent=752"}],"curies":[{"name":"wp","href":"https:\/\/api.w.org\/{rel}","templated":true}]}}