{"id":740,"date":"2019-03-08T16:23:58","date_gmt":"2019-03-08T15:23:58","guid":{"rendered":"http:\/\/agora.xtec.cat\/ielatordera\/?page_id=740"},"modified":"2025-02-07T12:51:38","modified_gmt":"2025-02-07T11:51:38","slug":"documents","status":"publish","type":"page","link":"https:\/\/agora.xtec.cat\/ielatordera\/secretaria\/documents\/","title":{"rendered":"INFO I DOCUMENTACI\u00d3: iEduca TokApp \/ autoritzacions \/ sol\u00b7licituds"},"content":{"rendered":"<h4><span style=\"color: #ff0000;\">iEduca<\/span><strong><span style=\"color: #ff0000;\"> TokApp<\/span><\/strong><\/h4>\n<p><span class=\"gmail_default\" style=\"color: #000000;\">Qu\u00e8 \u00e9s I-Educa TokApp? \u00c9s una plataforma educativa que s&#8217;utilitza per\u00a0<\/span><span style=\"color: #000000;\">passar llista, notificacions de retards i\/o abs\u00e8ncies, comunicacions&#8230;\u00a0<\/span><span style=\"color: #000000;\">\u00c9s un sistema \u00e0gil i senzill per comunicar-nos, portar el control d&#8217;assist\u00e8ncia de l&#8217;alumnat i efectuar el pagament de quotes del centre de manera segura amb la vostra targeta de cr\u00e8dit, de d\u00e8bit o de prepagament de qualsevol entitat financera nacional, cosa que us permet una gesti\u00f3 personalitzada, r\u00e0pida i adaptada a les vostres necessitats.\u00a0<\/span><\/p>\n<p><span style=\"color: #000000;\">L&#8217;APP iEduca TokApp per a m\u00f2bils i tauletes us permetr\u00e0 a m\u00e9s, signar autoritzacions i rebre comunicats del centre, controlar i gestionar els pagaments pendents i efectuats, rebre notificacions d&#8217;alertes, etc.\u00a0 <\/span><span style=\"color: #000000;\">A partir d&#8217;ara les comunicacions del centre les rebreu <span class=\"gmail_default\">a trav\u00e9s de l&#8217;aplicaci\u00f3 iEduca TokApp. <\/span><\/span><\/p>\n<p><span style=\"color: #000000;\"><span class=\"gmail_default\">Si encara no la teniu descarregada, us animem a fer-ho i us recomanem que activeu en el vostre m\u00f2bil l&#8217;alerta de<\/span>\u00a0notificacions\u00a0<span class=\"gmail_default\">de<\/span>\u00a0l\u2019<wbr \/>aplicaci\u00f3 a Configuraci\u00f3 o Ajustaments del m\u00f2bil. <\/span><span style=\"color: #000000; font-family: inherit; font-size: 1em;\">Adjuntem l&#8217;enlla\u00e7 per descarregar l&#8217;aplicaci\u00f3:\u00a0<\/span><span style=\"color: #0000ff;\"><a style=\"color: #0000ff;\" href=\"https:\/\/www.youtube.com\/watch?v=J1A1eLSb450\" target=\"_blank\" rel=\"noopener\" data-saferedirecturl=\"https:\/\/www.google.com\/url?q=https:\/\/www.youtube.com\/watch?v%3DJ1A1eLSb450&amp;source=gmail&amp;ust=1738842480128000&amp;usg=AOvVaw17iq6LgfyVZXBRaZX-MgCO\"><span class=\"gmail_default\">Com instal\u00b7lar iEduca<\/span><\/a><\/span><\/p>\n<div>\n<div style=\"text-align: justify;\"><span style=\"color: #000000;\">Un cop iniciat el curs, si teniu algun dubte amb el vostre usuari o contrasenya d&#8217;acc\u00e9s podeu comunicar-ho al tutor o tutora dels vostres fills\/es mitjan\u00e7ant un correu electr\u00f2nic.<\/span><\/div>\n<div>\n<div style=\"text-align: justify;\"><span style=\"color: #000000;\"><i>\u00a0<\/i><\/span><\/div>\n<\/div>\n<\/div>\n<p><span style=\"color: #333300;\"><strong>PAGAMENT DE QUOTES:\u00a0<\/strong><\/span><span style=\"font-family: inherit; font-size: 1em;\">Les quotes de sortides i material que gestiona el centre es podran pagar <strong>mitjan\u00e7ant l&#8217;aplicaci\u00f3 TokApp o per ingr\u00e9s al compte corrent del centre. <\/strong><\/span><span style=\"font-family: inherit; font-size: 1em;\">Pel que fa a les quotes de serveis que ofereix l&#8217;AFA heu de posar-vos en contacte amb ells mitjan\u00e7ant l&#8217;adre\u00e7a electr\u00f2nica: <\/span><span style=\"color: #3366ff;\"><a style=\"font-family: inherit; font-size: 1em; color: #3366ff;\" href=\"mailto:info@afaielatordera.cat\" target=\"_blank\" rel=\"noopener\">info@afaielatordera.<wbr \/>cat<\/a><\/span><i><span style=\"color: #0000ff;\">\u00a0<\/span><\/i><\/p>\n<h4><span style=\"color: #ff0000;\"><b>DOCUMENTS, AUTORITZACIONS i SOL\u00b7LICITUDS DELS ALUMNES<\/b><\/span><\/h4>\n<p style=\"text-align: justify;\">A l&#8217;inici de curs es dona als alumnes un full amb les autoritzacions que les fam\u00edlies han de signar i que cal tenir vigents per a cada curs escolar. Si us falta alguna autoritzaci\u00f3 o sol\u00b7licitud per signar o modificar, aqu\u00ed podeu descarregar i imprimir les que necessiteu. Recordeu que <strong>les heu de portar signades a la Secretaria o al tutor\/a de l\u2019alumne\/a. <\/strong>Tamb\u00e9 hi ha\u00a0 una b\u00fastia al costat del taulell de Secretaria, <span style=\"font-family: inherit; font-size: 1em;\">on podeu dipositar la documentaci\u00f3.<\/span><\/p>\n<p style=\"text-align: justify;\"><strong>Si feu algun canvi en les vostres dades personals (adre\u00e7a, tel\u00e8fon, correu electr\u00f2nic, nacionalitat, etc.), \u00e9s important que ho comuniqueu a la Secretaria mitjan\u00e7ant l&#8217;adre\u00e7a electr\u00f2nica:<\/strong> <span style=\"color: #3366ff;\">secretaria<span class=\"\">@ielatordera.net<\/span><\/span><\/p>\n<p style=\"text-align: justify;\">\u27a1<span style=\"color: #2196f3;\"><strong>\u00a0<\/strong><\/span><span style=\"color: #33cccc;\">Autoritzaci\u00f3 d&#8217;<\/span><strong><span style=\"color: #33cccc;\">IMATGE DIGITAL<\/span> <span style=\"color: #0000ff;\"><a style=\"color: #0000ff;\" href=\"https:\/\/agora.xtec.cat\/ielatordera\/wp-content\/uploads\/usu1901\/2025\/02\/Autoritzacio-imatge-1.pdf\">Acc\u00e9s<\/a><\/span><\/strong><\/p>\n<p style=\"text-align: justify;\">\u27a1 <span style=\"color: #2196f3;\"><span style=\"color: #33cccc;\">Autoritzaci\u00f3 de <\/span><strong><span style=\"color: #33cccc;\">SORTIDES CURTES <\/span><span style=\"color: #0000ff;\"><a style=\"color: #0000ff;\" href=\"https:\/\/agora.xtec.cat\/ielatordera\/wp-content\/uploads\/usu1901\/2025\/02\/Autoritzacio-sortides-entorn.pdf\">Acc\u00e9s<\/a><\/span><\/strong><\/span><\/p>\n<p style=\"text-align: justify;\">\u27a1 <span style=\"color: #33cccc;\">Sol\u00b7licitud per <strong>SORTIR en HORARI ESCOLAR <\/strong><\/span><span style=\"color: #0000ff;\"><strong><a style=\"color: #0000ff;\" href=\"https:\/\/agora.xtec.cat\/ielatordera\/wp-content\/uploads\/usu1901\/2025\/02\/Sol.licitud-sortir-en-horari-escolar.pdf\">Acc\u00e9s<\/a> <\/strong><\/span><span style=\"color: #000000;\">(<strong>Un adult SEMPRE ha de venir <\/strong>a recollir l\u2019alumne\/a a Consergeria)<\/span><\/p>\n<p style=\"text-align: justify;\">\u27a1 <span style=\"color: #2196f3;\"><span style=\"color: #33cccc;\">Sol\u00b7licitud per <strong>SORTIR<\/strong> en horari escolar <\/span><strong><span style=\"color: #33cccc;\">1 dia SETMANAL durant tot el curs<\/span> <span style=\"color: #0000ff;\"><a style=\"color: #0000ff;\" href=\"https:\/\/agora.xtec.cat\/ielatordera\/wp-content\/uploads\/usu1901\/2025\/02\/Sol.sortir-en-horari-escolar-1-dia-setmana-tot-el-curs.pdf\">Acc\u00e9s<\/a><\/span><\/strong><\/span><\/p>\n<p style=\"text-align: justify;\">\u27a1 <span style=\"color: #33cccc;\">Autoritzaci\u00f3 alumnes prim\u00e0ria per <\/span><strong><span style=\"color: #33cccc;\">MARXAR SOLS A CASA<\/span> <span style=\"color: #0000ff;\"><a style=\"color: #0000ff;\" href=\"https:\/\/agora.xtec.cat\/ielatordera\/wp-content\/uploads\/usu1901\/2025\/02\/Autoritzacio-per-marxar-sols.pdf\">Acc\u00e9s<\/a><\/span><\/strong><\/p>\n<p style=\"text-align: justify;\">\u27a1 <span style=\"color: #2196f3;\"><span style=\"color: #33cccc;\">Alumnes d&#8217;<strong>ESO que NO poden marxar sols<\/strong> quan acaben les hores lectives<\/span>\u00a0<strong><span style=\"color: #0000ff;\"><a style=\"color: #0000ff;\" href=\"https:\/\/agora.xtec.cat\/ielatordera\/wp-content\/uploads\/usu1901\/2025\/02\/No-autoritzacio-marxar-sol-alumne-ESO.pdf\">Acc\u00e9s<\/a><\/span><\/strong><\/span><\/p>\n<p style=\"text-align: justify;\">\u27a1\u00a0<strong><span style=\"color: #33cccc;\">Hist\u00f2ria Cl\u00ednica <span style=\"color: #0000ff;\"><a style=\"color: #0000ff;\" href=\"https:\/\/agora.xtec.cat\/ielatordera\/wp-content\/uploads\/usu1901\/2025\/02\/Historia-Clinica-alumne-1.pdf\">Acc\u00e9s<\/a><\/span><\/span><\/strong><\/p>\n<p>\u27a1\u00a0<span style=\"color: #33cccc;\">Full de <strong>DADES PERSONALS <span style=\"color: #0000ff;\"><a style=\"color: #0000ff;\" href=\"https:\/\/agora.xtec.cat\/ielatordera\/wp-content\/uploads\/usu1901\/2025\/02\/Full-de-dades-basiques-familiars.pdf\">Acc\u00e9s<\/a><\/span><\/strong><\/span><\/p>\n<p>\u27a1 <span style=\"color: #33cccc;\">Autoritzaci\u00f3 <strong>POE i COCOBE<\/strong>\u00a0alumnes <strong>ESO <span style=\"color: #0000ff;\"><a style=\"color: #0000ff;\" href=\"https:\/\/agora.xtec.cat\/ielatordera\/wp-content\/uploads\/usu1901\/2025\/02\/Autoritzacio_POE_COCOBE.pdf\">Acc\u00e9s<\/a><\/span><\/strong><\/span><\/p>\n<p>\u27a1 <span style=\"color: #33cccc;\">Autoritzaci\u00f3 <strong>SAP, MESI i COCOBE<\/strong> alumnes <strong>INF i PRI <span style=\"color: #0000ff;\">\u00a0<a style=\"color: #0000ff;\" href=\"https:\/\/agora.xtec.cat\/ielatordera\/wp-content\/uploads\/usu1901\/2025\/02\/Autoritzacio_SAP_MESI_COCOBE.pdf\">Acc\u00e9s<\/a><\/span><\/strong><\/span><\/p>\n<p>\u27a1 <span style=\"color: #33cccc;\">Autoritzaci\u00f3 <strong>\u00daS DE DISPOSITIUS DIGITALS<\/strong> alumnes <strong>ESO <span style=\"color: #0000ff;\"><a style=\"color: #0000ff;\" href=\"https:\/\/agora.xtec.cat\/ielatordera\/wp-content\/uploads\/usu1901\/2025\/02\/Autoritzacio_us_dispositius.pdf\">Acc\u00e9s<\/a><\/span><\/strong><\/span><\/p>\n<h4><strong><span style=\"color: #ff0000;\">NORMATIVA I DOCUMENTACI\u00d3 PER EXERCIR EL DRET A VAGA (3ESO i 4ESO)<\/span><\/strong><\/h4>\n<p><strong>Nom\u00e9s poden exercir el dret de vaga els alumnes de 3r i 4t d\u2019ESO<\/strong>. Tota<strong> la documentaci\u00f3 s\u2019ha de lliurar a Direcci\u00f3 com a m\u00ednim amb una anticipaci\u00f3 de 48 hores abans de la data fixada per a la vaga. <\/strong>La direcci\u00f3 nom\u00e9s acceptar\u00e0 les vagues convocades oficialment des del Sindicat d\u2019Estudiants.<\/p>\n<p><span style=\"color: #2196f3;\"><a style=\"color: #2795b6;\" href=\"http:\/\/blocs.xtec.cat\/latordera\/files\/2011\/10\/Normativa-sobre-el-dret-de-vaga.pdf\"><span style=\"color: #2196f3;\">\u27a1\u00a0<\/span><\/a><a href=\"http:\/\/blocs.xtec.cat\/latordera\/files\/2011\/10\/Normativa-sobre-el-dret-de-vaga.pdf\">Normativa sobre el dret de <strong>VAGA<\/strong>\u00a0<\/a><\/span><\/p>\n<p><span style=\"color: #2196f3;\"><a href=\"http:\/\/blocs.xtec.cat\/latordera\/files\/2011\/10\/acta-reuni%C3%B3-alumnat.pdf\">\u27a1\u00a0Acta <strong>REUNI\u00d3 ALUMNAT<\/strong><\/a><\/span><\/p>\n<p><span style=\"color: #2196f3;\"><a href=\"http:\/\/blocs.xtec.cat\/latordera\/files\/2011\/10\/autoritzaci%C3%B3-de-no-assist%C3%A8ncia-alumnat-menor-dedat.pdf\">\u27a1\u00a0Autoritzaci\u00f3 de no assist\u00e8ncia <strong>ALUMNAT MENOR D&#8217;EDAT<\/strong><\/a><\/span><\/p>\n<p><a href=\"http:\/\/blocs.xtec.cat\/latordera\/files\/2011\/10\/comunicaci%C3%B3-de-no-assist%C3%A8ncia-col%C2%B7lectiva.pdf\"><span style=\"color: #2196f3;\">\u27a1\u00a0Comunicaci\u00f3 de <strong>NO ASSIST\u00c8NCIA COL\u00b7LECTIVA<\/strong><\/span><\/a><\/p>\n","protected":false},"excerpt":{"rendered":"<p>iEduca TokApp Qu\u00e8 \u00e9s I-Educa TokApp? \u00c9s una plataforma educativa que s&#8217;utilitza per\u00a0passar llista, notificacions de retards i\/o abs\u00e8ncies, comunicacions&#8230;\u00a0\u00c9s un sistema \u00e0gil i senzill per comunicar-nos, portar el control d&#8217;assist\u00e8ncia de l&#8217;alumnat i efectuar el pagament de quotes del centre de manera segura amb la vostra targeta de cr\u00e8dit, de d\u00e8bit o de prepagament [&hellip;]<\/p>\n","protected":false},"author":3,"featured_media":0,"parent":81,"menu_order":210,"comment_status":"closed","ping_status":"closed","template":"","meta":{"_bbp_topic_count":0,"_bbp_reply_count":0,"_bbp_total_topic_count":0,"_bbp_total_reply_count":0,"_bbp_voice_count":0,"_bbp_anonymous_reply_count":0,"_bbp_topic_count_hidden":0,"_bbp_reply_count_hidden":0,"_bbp_forum_subforum_count":0,"site-sidebar-layout":"default","site-content-layout":"","ast-site-content-layout":"","site-content-style":"default","site-sidebar-style":"default","ast-global-header-display":"","ast-banner-title-visibility":"","ast-main-header-display":"","ast-hfb-above-header-display":"","ast-hfb-below-header-display":"","ast-hfb-mobile-header-display":"","site-post-title":"","ast-breadcrumbs-content":"","ast-featured-img":"","footer-sml-layout":"","theme-transparent-header-meta":"","adv-header-id-meta":"","stick-header-meta":"","header-above-stick-meta":"","header-main-stick-meta":"","header-below-stick-meta":"","astra-migrate-meta-layouts":"default","ast-page-background-enabled":"default","ast-page-background-meta":{"desktop":{"background-color":"var(--ast-global-color-4)","background-image":"","background-repeat":"repeat","background-position":"center center","background-size":"auto","background-attachment":"scroll","background-type":"","background-media":"","overlay-type":"","overlay-color":"","overlay-opacity":"","overlay-gradient":""},"tablet":{"background-color":"","background-image":"","background-repeat":"repeat","background-position":"center center","background-size":"auto","background-attachment":"scroll","background-type":"","background-media":"","overlay-type":"","overlay-color":"","overlay-opacity":"","overlay-gradient":""},"mobile":{"background-color":"","background-image":"","background-repeat":"repeat","background-position":"center center","background-size":"auto","background-attachment":"scroll","background-type":"","background-media":"","overlay-type":"","overlay-color":"","overlay-opacity":"","overlay-gradient":""}},"ast-content-background-meta":{"desktop":{"background-color":"var(--ast-global-color-5)","background-image":"","background-repeat":"repeat","background-position":"center center","background-size":"auto","background-attachment":"scroll","background-type":"","background-media":"","overlay-type":"","overlay-color":"","overlay-opacity":"","overlay-gradient":""},"tablet":{"background-color":"var(--ast-global-color-5)","background-image":"","background-repeat":"repeat","background-position":"center center","background-size":"auto","background-attachment":"scroll","background-type":"","background-media":"","overlay-type":"","overlay-color":"","overlay-opacity":"","overlay-gradient":""},"mobile":{"background-color":"var(--ast-global-color-5)","background-image":"","background-repeat":"repeat","background-position":"center center","background-size":"auto","background-attachment":"scroll","background-type":"","background-media":"","overlay-type":"","overlay-color":"","overlay-opacity":"","overlay-gradient":""}},"footnotes":""},"class_list":["post-740","page","type-page","status-publish","hentry"],"post_mailing_queue_ids":[],"_links":{"self":[{"href":"https:\/\/agora.xtec.cat\/ielatordera\/wp-json\/wp\/v2\/pages\/740","targetHints":{"allow":["GET"]}}],"collection":[{"href":"https:\/\/agora.xtec.cat\/ielatordera\/wp-json\/wp\/v2\/pages"}],"about":[{"href":"https:\/\/agora.xtec.cat\/ielatordera\/wp-json\/wp\/v2\/types\/page"}],"author":[{"embeddable":true,"href":"https:\/\/agora.xtec.cat\/ielatordera\/wp-json\/wp\/v2\/users\/3"}],"replies":[{"embeddable":true,"href":"https:\/\/agora.xtec.cat\/ielatordera\/wp-json\/wp\/v2\/comments?post=740"}],"version-history":[{"count":8,"href":"https:\/\/agora.xtec.cat\/ielatordera\/wp-json\/wp\/v2\/pages\/740\/revisions"}],"predecessor-version":[{"id":15264,"href":"https:\/\/agora.xtec.cat\/ielatordera\/wp-json\/wp\/v2\/pages\/740\/revisions\/15264"}],"up":[{"embeddable":true,"href":"https:\/\/agora.xtec.cat\/ielatordera\/wp-json\/wp\/v2\/pages\/81"}],"wp:attachment":[{"href":"https:\/\/agora.xtec.cat\/ielatordera\/wp-json\/wp\/v2\/media?parent=740"}],"curies":[{"name":"wp","href":"https:\/\/api.w.org\/{rel}","templated":true}]}}