{"id":57,"date":"2014-09-17T17:01:07","date_gmt":"2014-09-17T15:01:07","guid":{"rendered":"http:\/\/agora.xtec.cat\/ielatordera\/?page_id=57"},"modified":"2025-12-05T16:10:19","modified_gmt":"2025-12-05T15:10:19","slug":"projecte-educatiu","status":"publish","type":"page","link":"https:\/\/agora.xtec.cat\/ielatordera\/linstitut\/projecte-educatiu\/","title":{"rendered":"Projecte educatiu i altres documents"},"content":{"rendered":"<p style=\"text-align: justify;\"><span style=\"font-family: inherit; font-size: 1em;\">D&#8217;acord amb la <\/span>Llei d&#8217;Educaci\u00f3 de Catalunya<span style=\"font-family: inherit; font-size: 1em;\">, el Projecte Educatiu de l&#8217;Institut Escola la Tordera \u00e9s un document obert que defineix els trets d\u2019identitat i recull els projectes i experi\u00e8ncies que fins ara han anat definint els objectius plantejats com a centre:<\/span><\/p>\n<p style=\"text-align: justify;\"><a href=\"https:\/\/drive.google.com\/file\/d\/1feJ4iEXVzUmDAsQtpHpx_Uj-5wv1urY0\/view\" target=\"_blank\" rel=\"noopener noreferrer\"><img loading=\"lazy\" decoding=\"async\" class=\"alignright wp-image-827\" src=\"https:\/\/agora.xtec.cat\/ielatordera\/wp-content\/uploads\/usu1901\/2019\/03\/pec.jpg\" alt=\"\" width=\"270\" height=\"355\" \/><\/a><\/p>\n<p style=\"text-align: justify;\"><a href=\"https:\/\/agora.xtec.cat\/ielatordera\/wp-content\/uploads\/usu1901\/2019\/03\/pec-e1552388382967.jpg\"><img loading=\"lazy\" decoding=\"async\" class=\" wp-image-822 alignright\" src=\"https:\/\/agora.xtec.cat\/ielatordera\/wp-content\/uploads\/usu1901\/2019\/03\/pec-e1552388382967.jpg\" alt=\"\" width=\"317\" height=\"422\" \/><\/a><\/p>\n<ul style=\"text-align: justify;\">\n<li><strong>Projecte ling\u00fc\u00edstic<\/strong><\/li>\n<li style=\"text-align: justify;\"><strong>Projecte de Conviv\u00e8ncia<\/strong><\/li>\n<li style=\"text-align: justify;\"><strong>Pla d&#8217;Acci\u00f3 Tutorial<\/strong><\/li>\n<li style=\"text-align: justify;\"><strong>Pla d&#8217;estrategia digital<\/strong><\/li>\n<li style=\"text-align: justify;\"><strong>Plans d&#8217;Acollida<\/strong><\/li>\n<li style=\"text-align: justify;\">el <strong>treball per projectes<\/strong> en un curr\u00edculum integrador<\/li>\n<li>l\u2019<strong>escola com a eina per a la comunitat<\/strong><\/li>\n<li>l\u2019assoliment de les <strong>compet\u00e8ncies b\u00e0siques<\/strong><\/li>\n<li>el <strong>treball per racons<\/strong><\/li>\n<li><strong>espais i ambients<\/strong><\/li>\n<li>l\u2019<strong>\u00fas funcional dels llenguatges<\/strong><\/li>\n<li>el <strong>gust per la lectura<\/strong><\/li>\n<\/ul>\n<p style=\"text-align: justify;\">L&#8217;Institut Escola la Tordera desenvolupa el seu projecte en un marc educatiu m\u00e9s global i per tant, cerca ponts i punts de connexi\u00f3 amb altres agents i institucions. Ens sentim part activa de la proposta educativa p\u00fablica, que busca compartir projectes i continu\u00eftats; i en aquest context volem afavorir un treball compartit amb les escoles bressols, centres educatius i instituts propers.<\/p>\n<p style=\"text-align: justify;\">Tamb\u00e9 cal aprofitar totes les propostes educatives d\u2019altres institucions o agents paral\u00b7lels a l\u2019institut escola (educadors socials, entitats&#8230;) com un complement que millora l\u2019acci\u00f3 educativa que entre tots realitzem globalment.\u00a0Per aix\u00f2 la Tordera participa de:<\/p>\n<ul style=\"text-align: justify;\">\n<li>el<strong> Pla educatiu d&#8217;entorn<\/strong><\/li>\n<li>l\u2019<strong>escola Verda<\/strong><\/li>\n<li><span style=\"font-family: inherit; font-size: 1em;\">i est\u00e0 oberta a propostes similars que en un futur puguin sorgir.<\/span><\/li>\n<\/ul>\n<h1 style=\"text-align: justify;\">Projecte de Direcci\u00f3<\/h1>\n<p><a href=\"https:\/\/drive.google.com\/file\/d\/1QSfbAH31U1ouMKUL8P95ejFF4aKpzLkO\/view?usp=sharing\">Projecte de direcci\u00f3 La Tordera 2024-2028<\/a><\/p>\n<h1 style=\"text-align: justify;\">Mem\u00f2ria Anual 2023-2024<\/h1>\n<p><a href=\"https:\/\/drive.google.com\/file\/d\/15IvNCPAXHL_-w_L0HpPGCzkWS30ivk1z\/view?usp=sharing\">MEM\u00d2RIA OBJECTIUS ANUALS 2023-24<\/a><\/p>\n<h1 style=\"text-align: justify;\">Programaci\u00f3 General Anual 2024-2025<\/h1>\n<p><a href=\"https:\/\/drive.google.com\/file\/d\/14n_h9pg2jJhrTvH0aJiWix0SCMptiC0-\/view?usp=sharing\">PGA 25-26<\/a><\/p>\n<h1>Pressupost:<\/h1>\n<p><a href=\"https:\/\/drive.google.com\/file\/d\/17MWHiG1miIdXArRhFDsdznt3LR8oZ4vq\/view?usp=sharing\">Pressupost 2024<\/a><\/p>\n<p><a href=\"https:\/\/mail.google.com\/mail\/u\/0?ui=2&amp;ik=897b6afe52&amp;attid=0.1&amp;permmsgid=msg-f:1784340988677186711&amp;th=18c340ace445e497&amp;view=att&amp;disp=inline&amp;realattid=f_lpqoeuac0\">Pressupost ingressos 2023<\/a><\/p>\n<p><a href=\"https:\/\/mail.google.com\/mail\/u\/0?ui=2&amp;ik=897b6afe52&amp;attid=0.2&amp;permmsgid=msg-f:1784340988677186711&amp;th=18c340ace445e497&amp;view=att&amp;disp=inline&amp;realattid=f_lpqof4ub1\">Pressupost despeses 2023<\/a><\/p>\n<p><a href=\"https:\/\/agora.xtec.cat\/ielatordera\/wp-content\/uploads\/usu1901\/2021\/06\/Dades-del-pressupost-2021.pdf\">Pressupost 2021<\/a><\/p>\n<p><a href=\"https:\/\/agora.xtec.cat\/ielatordera\/wp-content\/uploads\/usu1901\/2020\/03\/Dades-del-pressupost-2020.pdf\">Pressupost 2020<\/a><\/p>\n<p><a href=\"https:\/\/agora.xtec.cat\/ielatordera\/wp-content\/uploads\/usu1901\/2019\/12\/Dades-del-pressupost-3.pdf\">Pressupost 2019<\/a><\/p>\n<h1 style=\"text-align: justify;\">Pla educatiu d&#8217;entorn<\/h1>\n<p>La Tordera est\u00e0 vinculada a al Pla Educatiu d\u2019Entorn de Sant Celoni. D\u2019aquest pla surten diferents propostes (subvencionades per les administracions):<br \/>\n\u25cf Activitats extraescolars obertes als alumnes d\u2019altres centres educatius del poble.<br \/>\n\u25cf\u00a0Programa Xarxa.<br \/>\n\u25cf Tallers de cohesi\u00f3 social.<\/p>\n<h1>Convenis<\/h1>\n<p>Conveni de diversificaci\u00f3 curricular:<\/p>\n<p><a href=\"https:\/\/drive.google.com\/file\/d\/115ly3d6xMyo6wHCaBLimi3o6JdyPwYGy\/view?usp=drive_link\">Conveni Com-unitat- 2023-2027 IE Tordera\/Ajuntament de Palautordera<\/a><\/p>\n<p>Conveni utilitzaci\u00f3 espais:<\/p>\n<p><a href=\"https:\/\/drive.google.com\/file\/d\/1zV3p2VWoB56RHcxKnXWr8mZXp_ta-rAo\/view?usp=drive_link\">Conveni zona esportiva el Temple<\/a><\/p>\n<p><a href=\"https:\/\/drive.google.com\/file\/d\/1nLbfSI3o118ctHkr4tZp7OFK50hexXLP\/view?usp=drive_link\">Conveni zona verda<\/a><\/p>\n<p><a href=\"https:\/\/drive.google.com\/file\/d\/17T700Y07nEEq77Z65FR2UkZuxdByNUNe\/view?usp=drive_link\">Conveni Judo<\/a><\/p>\n<h1 style=\"text-align: justify;\">Projecte ling\u00fc\u00edstic<\/h1>\n<p style=\"text-align: justify;\"><a href=\"https:\/\/blocs.xtec.cat\/latordera\/files\/2019\/01\/projecte-ling%C3%BC%C3%ADstic-IE-La-Tordera.pdf\"><img loading=\"lazy\" decoding=\"async\" class=\"wp-image-952 size-full alignleft\" src=\"https:\/\/agora.xtec.cat\/ielatordera\/wp-content\/uploads\/usu1901\/2019\/03\/projecte-linguistic.jpg\" alt=\"\" width=\"280\" height=\"280\" srcset=\"https:\/\/agora.xtec.cat\/ielatordera\/wp-content\/uploads\/usu1901\/2019\/03\/projecte-linguistic.jpg 280w, https:\/\/agora.xtec.cat\/ielatordera\/wp-content\/uploads\/usu1901\/2019\/03\/projecte-linguistic-150x150.jpg 150w\" sizes=\"auto, (max-width: 280px) 100vw, 280px\" \/><\/a><\/p>\n<p style=\"text-align: justify;\">El Projecte Ling\u00fc\u00edstic de Centre (PLC) de l\u2019IE La Tordera \u00e9s un document que forma part del PEC i que recull, de forma organitzada, els acords que ha elaborat tota la comunitat educativa sobre les propostes educatives per a l\u2019ensenyament i l\u2019aprenentatge de les lleng\u00fces i la comunicaci\u00f3.<\/p>\n<p style=\"text-align: justify;\">El nostre PLC vol ser un instrument per al desenvolupament coherent i efica\u00e7 de les activitats educatives del nostre centre. A la vegada, vol garantir\u00a0el dret de l\u2019alumnat de poder fer servir el catal\u00e0 i el castell\u00e0 per a finalitats m\u00faltiples, de manera oral i escrita, amb l\u2019\u00fas dels diferents mitjans de comunicaci\u00f3 amb els llenguatges que vehiculen, especialment l\u2019audiovisual; i el dret dels nostres alumnes de con\u00e8ixer una o m\u00e9s lleng\u00fces estrangeres per cercar i elaborar coneixements per a la comunicaci\u00f3.<\/p>\n<p style=\"text-align: justify;\">Vol ser una eina que ajudi en el desenvolupament de la compet\u00e8ncia pluriling\u00fce i que<span style=\"font-family: inherit; font-size: 1em;\">\u00a0promogui entre l\u2019alumnat el respecte envers totes les lleng\u00fces, aix\u00ed com la valoraci\u00f3 positiva de la diversitat\u00a0<\/span>ling\u00fc\u00edstica, la desaparici\u00f3 de prejudicis ling\u00fc\u00edstics i la import\u00e0ncia de l\u2019aprenentatge d\u2019altres lleng\u00fces.<\/p>\n<h1><\/h1>\n<h1 style=\"text-align: justify;\">Pla lector<\/h1>\n<p><a href=\"https:\/\/drive.google.com\/file\/d\/1siLwmaIgCPXkCpRw7J2gaYi9Oy_SoU5x\/view?usp=sharing\">Pla lector 2022-2023<\/a><\/p>\n<h1 style=\"text-align: justify;\">Projecte de conviv\u00e8ncia<\/h1>\n<p><a href=\"https:\/\/drive.google.com\/file\/d\/1gn5AIexYCNK3wqAZ60LRKHWaCUEgesnO\/view?usp=sharing\">Projecte de conviv\u00e8ncia IE la Tordera <\/a>\u00a0 (Aprovat en Claustre el 23\/06\/2023 i en Consell Escolar 10\/07\/2023)<\/p>\n<p>&nbsp;<\/p>\n<h1 style=\"text-align: justify;\">Proposta de projecte de jornada continuada<\/h1>\n<p><a href=\"https:\/\/drive.google.com\/file\/d\/1d63aqypw9rGH5CS5kabUgvbSjOcOBlH_\/view\"><img loading=\"lazy\" decoding=\"async\" class=\"wp-image-946 size-medium alignleft\" src=\"https:\/\/agora.xtec.cat\/ielatordera\/wp-content\/uploads\/usu1901\/2019\/03\/proposta-continuada-230x300.jpg\" alt=\"\" width=\"230\" height=\"300\" srcset=\"https:\/\/agora.xtec.cat\/ielatordera\/wp-content\/uploads\/usu1901\/2019\/03\/proposta-continuada-230x300.jpg 230w, https:\/\/agora.xtec.cat\/ielatordera\/wp-content\/uploads\/usu1901\/2019\/03\/proposta-continuada.jpg 395w\" sizes=\"auto, (max-width: 230px) 100vw, 230px\" \/><\/a><\/p>\n<p style=\"text-align: justify;\">El curs 2011-2012 La Tordera es converteix en Institut Escola. Tot i no haver-ho demanat des del centre, el claustre assumeix la seva conversi\u00f3 i poc a poc es van fent palesos els beneficis que aquesta unificaci\u00f3 t\u00e9 en pro de l\u2019educaci\u00f3 de l\u2019alumnat.<\/p>\n<p style=\"text-align: justify;\">La nova situaci\u00f3 del centre comporta que es realitzin canvis en l\u2019organigrama i en el seu funcionament. Per optimitzar aquest nou funcionament i facilitar la realitzaci\u00f3 de reunions de coordinaci\u00f3 entre el professorat de les diferents etapes educatives, es realitzen diverses modificacions dels horaris.<\/p>\n<p style=\"text-align: justify;\">Tot i que s\u2019intenta compaginar al m\u00e0xim els horaris en les diferents etapes educatives (per facilitar a les fam\u00edlies els horaris d\u2019entrada i sortida dels alumnes), aquests canvis no acaben de satisfer a cap sector de la comunitat educativa i \u00e9s aqu\u00ed on neix la necessitat d&#8217;aquesta proposta.<\/p>\n<p style=\"text-align: justify;\">El projecte que es presenta inclou mesures que aporten millores pedag\u00f2giques (amb un major respecte cap als ritmes biol\u00f2gics de la mainada), aix\u00ed com en l\u2019organitzaci\u00f3 dels docents. Tamb\u00e9 s\u2019analitza l\u2019impacte econ\u00f2mic i mediambiental del centre educatiu.<\/p>\n<h1>Carta Comprom\u00eds amb l&#8217;IE La Tordera<\/h1>\n<p><a href=\"https:\/\/agora.xtec.cat\/ielatordera\/wp-content\/uploads\/usu1901\/2019\/06\/Carta-comprom\u00eds-INF-PRI-IE-La-Tordera.pdf\">Carta comprom\u00eds INF-PRI IE La Tordera<\/a><\/p>\n<p><a style=\"color: #2795b6;\" href=\"https:\/\/agora.xtec.cat\/ielatordera\/wp-content\/uploads\/usu1901\/2019\/06\/Carta-comprom\u00eds-ESO-IE-La-Tordera.pdf\">Carta comprom\u00eds ESO IE La Tordera<\/a><\/p>\n<p>&nbsp;<\/p>\n<p><!--a=1--><\/p>\n","protected":false},"excerpt":{"rendered":"<p>D&#8217;acord amb la Llei d&#8217;Educaci\u00f3 de Catalunya, el Projecte Educatiu de l&#8217;Institut Escola la Tordera \u00e9s un document obert que defineix els trets d\u2019identitat i recull els projectes i experi\u00e8ncies que fins ara han anat definint els objectius plantejats com a centre: Projecte ling\u00fc\u00edstic Projecte de Conviv\u00e8ncia Pla d&#8217;Acci\u00f3 Tutorial Pla d&#8217;estrategia digital Plans d&#8217;Acollida [&hellip;]<\/p>\n","protected":false},"author":1,"featured_media":0,"parent":19,"menu_order":120,"comment_status":"closed","ping_status":"closed","template":"","meta":{"_bbp_topic_count":0,"_bbp_reply_count":0,"_bbp_total_topic_count":0,"_bbp_total_reply_count":0,"_bbp_voice_count":0,"_bbp_anonymous_reply_count":0,"_bbp_topic_count_hidden":0,"_bbp_reply_count_hidden":0,"_bbp_forum_subforum_count":0,"site-sidebar-layout":"default","site-content-layout":"","ast-site-content-layout":"default","site-content-style":"default","site-sidebar-style":"default","ast-global-header-display":"","ast-banner-title-visibility":"","ast-main-header-display":"","ast-hfb-above-header-display":"","ast-hfb-below-header-display":"","ast-hfb-mobile-header-display":"","site-post-title":"","ast-breadcrumbs-content":"","ast-featured-img":"","footer-sml-layout":"","theme-transparent-header-meta":"default","adv-header-id-meta":"","stick-header-meta":"","header-above-stick-meta":"","header-main-stick-meta":"","header-below-stick-meta":"","astra-migrate-meta-layouts":"set","ast-page-background-enabled":"default","ast-page-background-meta":{"desktop":{"background-color":"var(--ast-global-color-4)","background-image":"","background-repeat":"repeat","background-position":"center center","background-size":"auto","background-attachment":"scroll","background-type":"","background-media":"","overlay-type":"","overlay-color":"","overlay-opacity":"","overlay-gradient":""},"tablet":{"background-color":"","background-image":"","background-repeat":"repeat","background-position":"center center","background-size":"auto","background-attachment":"scroll","background-type":"","background-media":"","overlay-type":"","overlay-color":"","overlay-opacity":"","overlay-gradient":""},"mobile":{"background-color":"","background-image":"","background-repeat":"repeat","background-position":"center center","background-size":"auto","background-attachment":"scroll","background-type":"","background-media":"","overlay-type":"","overlay-color":"","overlay-opacity":"","overlay-gradient":""}},"ast-content-background-meta":{"desktop":{"background-color":"var(--ast-global-color-5)","background-image":"","background-repeat":"repeat","background-position":"center center","background-size":"auto","background-attachment":"scroll","background-type":"","background-media":"","overlay-type":"","overlay-color":"","overlay-opacity":"","overlay-gradient":""},"tablet":{"background-color":"var(--ast-global-color-5)","background-image":"","background-repeat":"repeat","background-position":"center center","background-size":"auto","background-attachment":"scroll","background-type":"","background-media":"","overlay-type":"","overlay-color":"","overlay-opacity":"","overlay-gradient":""},"mobile":{"background-color":"var(--ast-global-color-5)","background-image":"","background-repeat":"repeat","background-position":"center center","background-size":"auto","background-attachment":"scroll","background-type":"","background-media":"","overlay-type":"","overlay-color":"","overlay-opacity":"","overlay-gradient":""}},"footnotes":""},"class_list":["post-57","page","type-page","status-publish","hentry"],"post_mailing_queue_ids":[],"_links":{"self":[{"href":"https:\/\/agora.xtec.cat\/ielatordera\/wp-json\/wp\/v2\/pages\/57","targetHints":{"allow":["GET"]}}],"collection":[{"href":"https:\/\/agora.xtec.cat\/ielatordera\/wp-json\/wp\/v2\/pages"}],"about":[{"href":"https:\/\/agora.xtec.cat\/ielatordera\/wp-json\/wp\/v2\/types\/page"}],"author":[{"embeddable":true,"href":"https:\/\/agora.xtec.cat\/ielatordera\/wp-json\/wp\/v2\/users\/1"}],"replies":[{"embeddable":true,"href":"https:\/\/agora.xtec.cat\/ielatordera\/wp-json\/wp\/v2\/comments?post=57"}],"version-history":[{"count":7,"href":"https:\/\/agora.xtec.cat\/ielatordera\/wp-json\/wp\/v2\/pages\/57\/revisions"}],"predecessor-version":[{"id":2352,"href":"https:\/\/agora.xtec.cat\/ielatordera\/wp-json\/wp\/v2\/pages\/57\/revisions\/2352"}],"up":[{"embeddable":true,"href":"https:\/\/agora.xtec.cat\/ielatordera\/wp-json\/wp\/v2\/pages\/19"}],"wp:attachment":[{"href":"https:\/\/agora.xtec.cat\/ielatordera\/wp-json\/wp\/v2\/media?parent=57"}],"curies":[{"name":"wp","href":"https:\/\/api.w.org\/{rel}","templated":true}]}}