{"id":55,"date":"2014-09-17T16:59:49","date_gmt":"2014-09-17T14:59:49","guid":{"rendered":"http:\/\/agora.xtec.cat\/ielatordera\/?page_id=55"},"modified":"2025-07-09T16:44:52","modified_gmt":"2025-07-09T14:44:52","slug":"horaris","status":"publish","type":"page","link":"https:\/\/agora.xtec.cat\/ielatordera\/linstitut\/horaris\/","title":{"rendered":"Horaris"},"content":{"rendered":"<h3>Educaci\u00f3 infantil i prim\u00e0ria<\/h3>\n<p>Dilluns, dimarts, dijous i divendres<\/p>\n<ul>\n<li>mat\u00ed de 8:30h a 12:15h<\/li>\n<li>tarda de 14:45h a 16:15h<\/li>\n<\/ul>\n<p>Dimecres<\/p>\n<ul>\n<li>nom\u00e9s mat\u00ed de 8:30h a 12:30h<\/li>\n<\/ul>\n<h3>Educaci\u00f3 Secund\u00e0ria Obligat\u00f2ria<\/h3>\n<p>Dilluns, dimarts i dijous<\/p>\n<ul>\n<li>mat\u00ed de 8:15h a 12:55h<\/li>\n<li>tarda de 14:25h a 16:15h<\/li>\n<\/ul>\n<p>Dimecres i divendres<\/p>\n<ul>\n<li>nom\u00e9s mat\u00ed de 8:15h a 14:45h<\/li>\n<\/ul>\n<p><a href=\"https:\/\/agora.xtec.cat\/ielatordera\/wp-content\/uploads\/usu1901\/2025\/07\/horari-v3.jpg\"><img loading=\"lazy\" decoding=\"async\" class=\"alignnone size-medium wp-image-15806\" src=\"https:\/\/agora.xtec.cat\/ielatordera\/wp-content\/uploads\/usu1901\/2025\/07\/horari-v3-300x169.jpg\" alt=\"\" width=\"300\" height=\"169\" srcset=\"https:\/\/agora.xtec.cat\/ielatordera\/wp-content\/uploads\/usu1901\/2025\/07\/horari-v3-300x169.jpg 300w, https:\/\/agora.xtec.cat\/ielatordera\/wp-content\/uploads\/usu1901\/2025\/07\/horari-v3-1024x576.jpg 1024w, https:\/\/agora.xtec.cat\/ielatordera\/wp-content\/uploads\/usu1901\/2025\/07\/horari-v3-768x432.jpg 768w, https:\/\/agora.xtec.cat\/ielatordera\/wp-content\/uploads\/usu1901\/2025\/07\/horari-v3-1536x864.jpg 1536w, https:\/\/agora.xtec.cat\/ielatordera\/wp-content\/uploads\/usu1901\/2025\/07\/horari-v3.jpg 1920w\" sizes=\"auto, (max-width: 300px) 100vw, 300px\" \/><\/a><\/p>\n<p>&nbsp;<\/p>\n<div><\/div>\n<p>&nbsp;<\/p>\n<p><!--a=1--><\/p>\n<p><!--a=1--><\/p>\n<p><!--a=1--><\/p>\n<p><!--a=1--><\/p>\n","protected":false},"excerpt":{"rendered":"<p>Educaci\u00f3 infantil i prim\u00e0ria Dilluns, dimarts, dijous i divendres mat\u00ed de 8:30h a 12:15h tarda de 14:45h a 16:15h Dimecres nom\u00e9s mat\u00ed de 8:30h a 12:30h Educaci\u00f3 Secund\u00e0ria Obligat\u00f2ria Dilluns, dimarts i dijous mat\u00ed de 8:15h a 12:55h tarda de 14:25h a 16:15h Dimecres i divendres nom\u00e9s mat\u00ed de 8:15h a 14:45h &nbsp; &nbsp;<\/p>\n","protected":false},"author":1,"featured_media":0,"parent":19,"menu_order":170,"comment_status":"closed","ping_status":"closed","template":"","meta":{"_bbp_topic_count":0,"_bbp_reply_count":0,"_bbp_total_topic_count":0,"_bbp_total_reply_count":0,"_bbp_voice_count":0,"_bbp_anonymous_reply_count":0,"_bbp_topic_count_hidden":0,"_bbp_reply_count_hidden":0,"_bbp_forum_subforum_count":0,"site-sidebar-layout":"default","site-content-layout":"","ast-site-content-layout":"","site-content-style":"default","site-sidebar-style":"default","ast-global-header-display":"","ast-banner-title-visibility":"","ast-main-header-display":"","ast-hfb-above-header-display":"","ast-hfb-below-header-display":"","ast-hfb-mobile-header-display":"","site-post-title":"","ast-breadcrumbs-content":"","ast-featured-img":"","footer-sml-layout":"","theme-transparent-header-meta":"","adv-header-id-meta":"","stick-header-meta":"","header-above-stick-meta":"","header-main-stick-meta":"","header-below-stick-meta":"","astra-migrate-meta-layouts":"default","ast-page-background-enabled":"default","ast-page-background-meta":{"desktop":{"background-color":"var(--ast-global-color-4)","background-image":"","background-repeat":"repeat","background-position":"center center","background-size":"auto","background-attachment":"scroll","background-type":"","background-media":"","overlay-type":"","overlay-color":"","overlay-opacity":"","overlay-gradient":""},"tablet":{"background-color":"","background-image":"","background-repeat":"repeat","background-position":"center center","background-size":"auto","background-attachment":"scroll","background-type":"","background-media":"","overlay-type":"","overlay-color":"","overlay-opacity":"","overlay-gradient":""},"mobile":{"background-color":"","background-image":"","background-repeat":"repeat","background-position":"center center","background-size":"auto","background-attachment":"scroll","background-type":"","background-media":"","overlay-type":"","overlay-color":"","overlay-opacity":"","overlay-gradient":""}},"ast-content-background-meta":{"desktop":{"background-color":"var(--ast-global-color-5)","background-image":"","background-repeat":"repeat","background-position":"center center","background-size":"auto","background-attachment":"scroll","background-type":"","background-media":"","overlay-type":"","overlay-color":"","overlay-opacity":"","overlay-gradient":""},"tablet":{"background-color":"var(--ast-global-color-5)","background-image":"","background-repeat":"repeat","background-position":"center center","background-size":"auto","background-attachment":"scroll","background-type":"","background-media":"","overlay-type":"","overlay-color":"","overlay-opacity":"","overlay-gradient":""},"mobile":{"background-color":"var(--ast-global-color-5)","background-image":"","background-repeat":"repeat","background-position":"center center","background-size":"auto","background-attachment":"scroll","background-type":"","background-media":"","overlay-type":"","overlay-color":"","overlay-opacity":"","overlay-gradient":""}},"footnotes":""},"class_list":["post-55","page","type-page","status-publish","hentry"],"post_mailing_queue_ids":[],"_links":{"self":[{"href":"https:\/\/agora.xtec.cat\/ielatordera\/wp-json\/wp\/v2\/pages\/55","targetHints":{"allow":["GET"]}}],"collection":[{"href":"https:\/\/agora.xtec.cat\/ielatordera\/wp-json\/wp\/v2\/pages"}],"about":[{"href":"https:\/\/agora.xtec.cat\/ielatordera\/wp-json\/wp\/v2\/types\/page"}],"author":[{"embeddable":true,"href":"https:\/\/agora.xtec.cat\/ielatordera\/wp-json\/wp\/v2\/users\/1"}],"replies":[{"embeddable":true,"href":"https:\/\/agora.xtec.cat\/ielatordera\/wp-json\/wp\/v2\/comments?post=55"}],"version-history":[{"count":6,"href":"https:\/\/agora.xtec.cat\/ielatordera\/wp-json\/wp\/v2\/pages\/55\/revisions"}],"predecessor-version":[{"id":15807,"href":"https:\/\/agora.xtec.cat\/ielatordera\/wp-json\/wp\/v2\/pages\/55\/revisions\/15807"}],"up":[{"embeddable":true,"href":"https:\/\/agora.xtec.cat\/ielatordera\/wp-json\/wp\/v2\/pages\/19"}],"wp:attachment":[{"href":"https:\/\/agora.xtec.cat\/ielatordera\/wp-json\/wp\/v2\/media?parent=55"}],"curies":[{"name":"wp","href":"https:\/\/api.w.org\/{rel}","templated":true}]}}