{"id":46,"date":"2014-09-17T16:53:45","date_gmt":"2014-09-17T14:53:45","guid":{"rendered":"http:\/\/agora.xtec.cat\/ielatordera\/?page_id=46"},"modified":"2025-12-05T16:21:24","modified_gmt":"2025-12-05T15:21:24","slug":"organigrama","status":"publish","type":"page","link":"https:\/\/agora.xtec.cat\/ielatordera\/linstitut\/organigrama\/","title":{"rendered":"Organigrama"},"content":{"rendered":"<h3><a href=\"https:\/\/agora.xtec.cat\/ielatordera\/wp-content\/uploads\/usu1901\/2023\/07\/Organigrama-IE-la-Tordera-23-24-1.jpg\"><img loading=\"lazy\" decoding=\"async\" class=\"alignnone wp-image-13407\" src=\"https:\/\/agora.xtec.cat\/ielatordera\/wp-content\/uploads\/usu1901\/2023\/07\/Organigrama-IE-la-Tordera-23-24-1-300x225.jpg\" alt=\"\" width=\"818\" height=\"613\" srcset=\"https:\/\/agora.xtec.cat\/ielatordera\/wp-content\/uploads\/usu1901\/2023\/07\/Organigrama-IE-la-Tordera-23-24-1-300x225.jpg 300w, https:\/\/agora.xtec.cat\/ielatordera\/wp-content\/uploads\/usu1901\/2023\/07\/Organigrama-IE-la-Tordera-23-24-1-768x576.jpg 768w, https:\/\/agora.xtec.cat\/ielatordera\/wp-content\/uploads\/usu1901\/2023\/07\/Organigrama-IE-la-Tordera-23-24-1-200x150.jpg 200w, https:\/\/agora.xtec.cat\/ielatordera\/wp-content\/uploads\/usu1901\/2023\/07\/Organigrama-IE-la-Tordera-23-24-1.jpg 1024w\" sizes=\"auto, (max-width: 818px) 100vw, 818px\" \/><\/a><\/h3>\n<h3><\/h3>\n<p>&nbsp;<\/p>\n<h3>Direcci\u00f3<\/h3>\n<p style=\"text-align: justify;\">L&#8217;equip directiu est\u00e0 format per la Directora, la Cap d\u2019estudis d&#8217;infantil i prim\u00e0ria, la Coordinadora Pedag\u00f2gica d&#8217;infantil i prim\u00e0ria, la Cap d\u2019estudis de secund\u00e0ria, la Coordinadora Pedag\u00f2gica de secund\u00e0ria i la Secret\u00e0ria. Els membres de l&#8217;equip directiu s\u00f3n els responsables de la gesti\u00f3 i administraci\u00f3 di\u00e0ria de l&#8217;institut escola i de les relacions amb les diferents administracions.<\/p>\n<h3>Coordinacions de cicle<\/h3>\n<p style=\"text-align: justify;\">La Coordinaci\u00f3 de cicles \u00e9s l&#8217;\u00f2rgan de gesti\u00f3 i discussi\u00f3 dels temes de caire pedag\u00f2gic i organitzatiu de l&#8217;escola, sense perjudici de les compet\u00e8ncies del Claustre i de la resta d\u2019\u00f2rgans del centre. S\u2019encarrega del debat i elaboraci\u00f3 de propostes sobre organitzaci\u00f3 dels equips docents, el contingut del Pla d&#8217;Acci\u00f3 Tutorial, el programa d\u2019orientaci\u00f3 i, en general sobre qualsevol aspecte que englobi la pr\u00e0ctica pedag\u00f2gica. Composen la Coordinaci\u00f3 Pedag\u00f2gica les mestres Coordinadores de cada cicle, la Coordinador\/a Pedag\u00f2gica, la Cap d&#8217;Estudis, i la Directora.<\/p>\n<h3>Equip de Cicle i Equip docent<\/h3>\n<p style=\"text-align: justify;\">L&#8217;equip de cicle o equip docent (a la secund\u00e0ria) \u00e9s l&#8217;\u00f2rgan de gesti\u00f3, coordinaci\u00f3 i discussi\u00f3 dels temes de caire pedag\u00f2gic de cadascun dels cicles formatius que s&#8217;imparteixen al centre: cicle d&#8217;Infantil, cicle inicial, cicle mitj\u00e0, cicle superior i primer i segon cicle d\u2019ESO.<\/p>\n<p style=\"text-align: justify;\">Componen els equips de cicle els\/les tutors\/es dels grup-classe, mestres de suport i especialistes que formen part d\u2019aquell cicle. Els\/Les especialistes tenen assignat un cicle i s\u2019estipula un calendari per atendre els altres cicles on tamb\u00e9 intervenen.<\/p>\n<p style=\"text-align: justify;\">A Secund\u00e0ria tots els professors\/es s\u2019organitzen en un equip docent segons la c\u00e0rrega lectiva. El\/la docent vetlla sempre per informar-se i complir els acords establerts en els equips docents.<\/p>\n<p style=\"text-align: justify;\">En aquestes reunions es determina un calendari i uns objectius pedag\u00f2gics, es comuniquen les preses de decisions de la Coordinaci\u00f3 Pedag\u00f2gica, es recullen i comparteixen inquietuds, experi\u00e8ncies individuals i punts de vista de caire pedag\u00f2gic i que tenen relaci\u00f3 amb el funcionament dels grups classe i\/o amb propostes educatives.<\/p>\n<h3>Equips de nivell i Departaments<\/h3>\n<p style=\"text-align: justify;\">L&#8217;equip de nivell, a l\u2019etapa d\u2019infantil i prim\u00e0ria, \u00e9s l&#8217;\u00f2rgan de gesti\u00f3 i discussi\u00f3 dels temes de caire pedag\u00f2gic del nivell acad\u00e8mic. A la secund\u00e0ria, que la constitueixen professionals especialistes, parlarem de departaments. Si a la prim\u00e0ria existeix m\u00e9s d\u2019un especialista, aquests tamb\u00e9 es reunirien en forma de departament.<\/p>\n<p style=\"text-align: justify;\">Componen els equips de nivell els\/les tutors\/es que imparteixen un mateix nivell. Els departaments a la secund\u00e0ria els componen els professors que imparteixen una mateixa mat\u00e8ria.<\/p>\n<h3>El Claustre<\/h3>\n<p style=\"text-align: justify;\">El Claustre \u00e9s l&#8217;\u00f2rgan de participaci\u00f3 del personal docent en la gesti\u00f3 i planificaci\u00f3 educativa de l&#8217;Institut Escola. Estar\u00e0 integrat per la totalitat de mestres, professors i TEI de que prestin servei en el centre i ser\u00e0 presidit pel\/per la Directora.<\/p>\n<h3>Comissions i \u00c0mbits<\/h3>\n<p style=\"text-align: justify;\">Les comissions estan formades per diferents membres del claustre i presidides pel coordinador de la comissi\u00f3. Cada comissi\u00f3 t\u00e9 la seva temporitzaci\u00f3 de reunions i fixa els seus objectius en el pla anual. Algunes comissions estableixen una coordinaci\u00f3 o treball conjunt amb comissions de pares. Al final de curs es realitza una valoraci\u00f3 del treball realitzat que s\u2019afegeix a la Mem\u00f2ria Anual de Centre.<\/p>\n<ul>\n<li>Escola Verda i patis<\/li>\n<li>Biblioteca<\/li>\n<li>Material<\/li>\n<li>Conviv\u00e8ncia\u00a0 i comunitat<\/li>\n<li>\u00c0gora<\/li>\n<li>GEP<\/li>\n<li>Coord. LIC<\/li>\n<li>Menjador<\/li>\n<li>Digital<\/li>\n<li>Comunicaci\u00f3<\/li>\n<li>Riscos laborals<\/li>\n<li>Servei Comunitari<\/li>\n<li><\/li>\n<li><span style=\"font-size: 1.6875em; font-weight: bold;\">La CAEI<\/span><\/li>\n<\/ul>\n<p style=\"text-align: justify;\">La Comissi\u00f3 Psicopedag\u00f2gica d\u2019Atenci\u00f3 a la Diversitat \u00e9s l\u2019encarregada de coordinar la detecci\u00f3 de les necessitats del centre en mesures d\u2019atenci\u00f3 a la diversitat i d\u2019alumnes amb necessitats educatives especials i de desenvolupar el pla d\u2019avaluaci\u00f3 del centre. Est\u00e0 formada per les mestres d\u2019educaci\u00f3 especial, la psicopedagoga de l\u2019etapa de secund\u00e0ria, l\u2019equip psicopedag\u00f2gic municipal de Palautordera (psic\u00f2loga i logopeda), la representant de l\u2019EAP al centre, la coordinadora pedag\u00f2gica, la Cap d\u2019estudis i la Directora.<\/p>\n<h3>Associaci\u00f3 de Fam\u00edlies d&#8217;Alumnes<\/h3>\n<p style=\"text-align: justify;\">L\u2019AFA \u00e9s l\u2019\u00f2rgan institucional de representaci\u00f3 i participaci\u00f3 de tots\/es els \/les representants legals: pares, mares, tutors\/es dels nens i de les nenes, dels nois i de les noies matriculats\/des al centre.<br \/>\nL\u2019associaci\u00f3 t\u00e9 personalitat jur\u00eddica i capacitat per administrar i disposar dels seus bens en b\u00e9 de<br \/>\nl\u2019alumnat.<br \/>\nEstar\u00e0 integrada pels representants legals de l\u2019alumnat del centre que tindran el car\u00e0cter de socis\/es.<\/p>\n<h3>Consell escolar<\/h3>\n<p>El Consell Escolar \u00e9s l&#8217;\u00f2rgan m\u00e0xim de participaci\u00f3 i decisi\u00f3 de la comunitat escolar en el govern del centre i l&#8217;\u00f2rgan de programaci\u00f3, seguiment i avaluaci\u00f3 general de les activitats.<\/p>\n<p>El Consell Escolar \u00e9s compost per:<\/p>\n<ul>\n<li>el\/la Director\/a del Centre, que ser\u00e0 el\/la President\/a, amb veu i vot<\/li>\n<li>el\/la Cap d&#8217;Estudis d&#8217;infantil i prim\u00e0ria, amb veu i vot<\/li>\n<li>el\/la Cap d&#8217;Estudis de secund\u00e0ria, amb veu i vot<\/li>\n<li><span style=\"font-family: inherit; font-size: 1em;\">el Secretari\/\u00e0ria de l\u2019equip directiu que actuar\u00e0 com a Secretari\/\u00e0ria del Consell, amb veu i sense <\/span>vot<\/li>\n<li>un\/a Regidora o representant de l&#8217;Ajuntament de Santa Maria de Palautordera i un\/a de Sant Celoni, amb veu i entre tots dos tenen un sol vot<\/li>\n<li>sis, docents representants del Claustre, amb veu i vot<\/li>\n<li>dos <a href=\"http:\/\/familiaiescola.gencat.cat\/ca\/escolaritat\/participacio-compromis\/participacio-coresponsabilitzacio\/participacio-funcionament-centre\/consell-escolar\" target=\"_blank\" rel=\"noopener noreferrer\"><span style=\"color: #2196f3;\">representants de pares, mares, tutors\/es legals<\/span><\/a> d\u2019alumnes, amb veu i vot<\/li>\n<li>un\/a representant de l&#8217;Associaci\u00f3 de Mares i Pares d\u2019Alumnes (AFA), amb veu i vot<\/li>\n<li>tres representants del sector alumnat, amb veu i vot<\/li>\n<li><span style=\"font-family: inherit; font-size: 1em;\">un Personal d&#8217;Administraci\u00f3 i Serveis, amb veu i vot<\/span><\/li>\n<\/ul>\n<h3>Acords del Consell Escolar<\/h3>\n<p><a href=\"https:\/\/agora.xtec.cat\/ielatordera\/wp-content\/uploads\/usu1901\/2023\/02\/acords-Web-7-2-23-1.pdf\">Acords 7 de febrer de 2023 (pressupost)<\/a><\/p>\n<p><a href=\"https:\/\/agora.xtec.cat\/ielatordera\/wp-content\/uploads\/usu1901\/2023\/05\/acord-web-26-4-23-1.pdf\">Acord 26 d&#8217;abril de 2023<\/a><\/p>\n<p><a href=\"https:\/\/agora.xtec.cat\/ielatordera\/wp-content\/uploads\/usu1901\/2023\/07\/acords-web-27-6-23.pdf\">Acords 27 de juny de 2023<\/a><\/p>\n<p><a href=\"https:\/\/agora.xtec.cat\/ielatordera\/wp-content\/uploads\/usu1901\/2023\/07\/Acords-web-10-7-23.pdf\">Acords 10 de juliol de 2023<\/a><\/p>\n<p><a href=\"https:\/\/agora.xtec.cat\/ielatordera\/wp-content\/uploads\/usu1901\/2024\/01\/acords-12-12-23-2.pdf\">Acords 12 de desembre de 2023<\/a><\/p>\n<p><a href=\"https:\/\/drive.google.com\/file\/d\/1qX0HVAGYMhYHNeZtBBioyaDBUYitSVDk\/view?usp=sharing\">Acords 22 de febrer de 2024<\/a><\/p>\n<p><a href=\"https:\/\/drive.google.com\/file\/d\/1_KEaE0It4QXELOVgdhtguJpeyla_2emX\/view?usp=sharing\">Acords 18 de juny de 2024<\/a><\/p>\n<p><a href=\"https:\/\/drive.google.com\/file\/d\/1t3tp6v9g7kCMsJopYHTsVXB5WWr17wNx\/view?usp=sharing\" target=\"_blank\" rel=\"noopener\">Acords 25 de novembre de 2024<\/a><\/p>\n<p><a href=\"https:\/\/agora.xtec.cat\/ielatordera\/wp-content\/uploads\/usu1901\/2025\/02\/acta-web-1.pdf\">Acords 12 de febrer de 2025<\/a><\/p>\n<p><a href=\"https:\/\/drive.google.com\/file\/d\/1cXpp2CpCHmKXsuzkfaU6pIgv3xLimYY4\/view?usp=sharing\" target=\"_blank\" rel=\"noopener\">Acords 26 de juny de 2025<\/a><\/p>\n<p><a href=\"https:\/\/drive.google.com\/file\/d\/1lUdAw4QHkxgtDq4bl0Z_1MBoyWaXkUiC\/view?usp=sharing\">Acords 24 de novembre de 2025<\/a><\/p>\n<p><strong>Trajectoria professional dels membres de l&#8217;equip directiu:<\/strong><\/p>\n<p>Directora. Pilar \u00d2dena. Diplomada\u00a0 Mestra de prim\u00e0ria especialitat de Ci\u00e8ncies Socials.<\/p>\n<p>Cap d&#8217;estudis d&#8217;infantil i prim\u00e0ria: David Codina. Llicenciat en psicopedagogia i Doctor en educaci\u00f3.<\/p>\n<p>Cap d&#8217;estudis de secund\u00e0ria: S\u00edlvia L\u00f3pez. Llicenciada en psicopedagogia.<\/p>\n<p>Coordinadora pedag\u00f2gica de secund\u00e0ria: Maite Villalonga. Llicenciada en Geografia i Hist\u00f2ria.<\/p>\n<p>Secret\u00e0ria: Nat\u00e0lia Exp\u00f3sito. Diplomada Mestra d&#8217;educaci\u00f3 infantil.<\/p>\n<p>&nbsp;<\/p>\n<p><!--a=1--><\/p>\n<p><!--a=1--><\/p>\n<p><!--a=1--><!--a=1--><\/p>\n<p><!--a=1--><\/p>\n<p><!--a=1--><\/p>\n","protected":false},"excerpt":{"rendered":"<p>&nbsp; Direcci\u00f3 L&#8217;equip directiu est\u00e0 format per la Directora, la Cap d\u2019estudis d&#8217;infantil i prim\u00e0ria, la Coordinadora Pedag\u00f2gica d&#8217;infantil i prim\u00e0ria, la Cap d\u2019estudis de secund\u00e0ria, la Coordinadora Pedag\u00f2gica de secund\u00e0ria i la Secret\u00e0ria. Els membres de l&#8217;equip directiu s\u00f3n els responsables de la gesti\u00f3 i administraci\u00f3 di\u00e0ria de l&#8217;institut escola i de les relacions [&hellip;]<\/p>\n","protected":false},"author":1,"featured_media":0,"parent":19,"menu_order":130,"comment_status":"closed","ping_status":"closed","template":"","meta":{"_bbp_topic_count":0,"_bbp_reply_count":0,"_bbp_total_topic_count":0,"_bbp_total_reply_count":0,"_bbp_voice_count":0,"_bbp_anonymous_reply_count":0,"_bbp_topic_count_hidden":0,"_bbp_reply_count_hidden":0,"_bbp_forum_subforum_count":0,"site-sidebar-layout":"default","site-content-layout":"","ast-site-content-layout":"default","site-content-style":"default","site-sidebar-style":"default","ast-global-header-display":"","ast-banner-title-visibility":"","ast-main-header-display":"","ast-hfb-above-header-display":"","ast-hfb-below-header-display":"","ast-hfb-mobile-header-display":"","site-post-title":"","ast-breadcrumbs-content":"","ast-featured-img":"","footer-sml-layout":"","theme-transparent-header-meta":"default","adv-header-id-meta":"","stick-header-meta":"","header-above-stick-meta":"","header-main-stick-meta":"","header-below-stick-meta":"","astra-migrate-meta-layouts":"set","ast-page-background-enabled":"default","ast-page-background-meta":{"desktop":{"background-color":"var(--ast-global-color-4)","background-image":"","background-repeat":"repeat","background-position":"center center","background-size":"auto","background-attachment":"scroll","background-type":"","background-media":"","overlay-type":"","overlay-color":"","overlay-opacity":"","overlay-gradient":""},"tablet":{"background-color":"","background-image":"","background-repeat":"repeat","background-position":"center center","background-size":"auto","background-attachment":"scroll","background-type":"","background-media":"","overlay-type":"","overlay-color":"","overlay-opacity":"","overlay-gradient":""},"mobile":{"background-color":"","background-image":"","background-repeat":"repeat","background-position":"center center","background-size":"auto","background-attachment":"scroll","background-type":"","background-media":"","overlay-type":"","overlay-color":"","overlay-opacity":"","overlay-gradient":""}},"ast-content-background-meta":{"desktop":{"background-color":"var(--ast-global-color-5)","background-image":"","background-repeat":"repeat","background-position":"center center","background-size":"auto","background-attachment":"scroll","background-type":"","background-media":"","overlay-type":"","overlay-color":"","overlay-opacity":"","overlay-gradient":""},"tablet":{"background-color":"var(--ast-global-color-5)","background-image":"","background-repeat":"repeat","background-position":"center center","background-size":"auto","background-attachment":"scroll","background-type":"","background-media":"","overlay-type":"","overlay-color":"","overlay-opacity":"","overlay-gradient":""},"mobile":{"background-color":"var(--ast-global-color-5)","background-image":"","background-repeat":"repeat","background-position":"center center","background-size":"auto","background-attachment":"scroll","background-type":"","background-media":"","overlay-type":"","overlay-color":"","overlay-opacity":"","overlay-gradient":""}},"footnotes":""},"class_list":["post-46","page","type-page","status-publish","hentry"],"post_mailing_queue_ids":[],"_links":{"self":[{"href":"https:\/\/agora.xtec.cat\/ielatordera\/wp-json\/wp\/v2\/pages\/46","targetHints":{"allow":["GET"]}}],"collection":[{"href":"https:\/\/agora.xtec.cat\/ielatordera\/wp-json\/wp\/v2\/pages"}],"about":[{"href":"https:\/\/agora.xtec.cat\/ielatordera\/wp-json\/wp\/v2\/types\/page"}],"author":[{"embeddable":true,"href":"https:\/\/agora.xtec.cat\/ielatordera\/wp-json\/wp\/v2\/users\/1"}],"replies":[{"embeddable":true,"href":"https:\/\/agora.xtec.cat\/ielatordera\/wp-json\/wp\/v2\/comments?post=46"}],"version-history":[{"count":7,"href":"https:\/\/agora.xtec.cat\/ielatordera\/wp-json\/wp\/v2\/pages\/46\/revisions"}],"predecessor-version":[{"id":16269,"href":"https:\/\/agora.xtec.cat\/ielatordera\/wp-json\/wp\/v2\/pages\/46\/revisions\/16269"}],"up":[{"embeddable":true,"href":"https:\/\/agora.xtec.cat\/ielatordera\/wp-json\/wp\/v2\/pages\/19"}],"wp:attachment":[{"href":"https:\/\/agora.xtec.cat\/ielatordera\/wp-json\/wp\/v2\/media?parent=46"}],"curies":[{"name":"wp","href":"https:\/\/api.w.org\/{rel}","templated":true}]}}