{"id":27,"date":"2014-09-17T16:24:03","date_gmt":"2014-09-17T14:24:03","guid":{"rendered":"http:\/\/agora.xtec.cat\/ielatordera\/?page_id=27"},"modified":"2023-05-16T09:24:24","modified_gmt":"2023-05-16T07:24:24","slug":"historia","status":"publish","type":"page","link":"https:\/\/agora.xtec.cat\/ielatordera\/linstitut\/historia\/","title":{"rendered":"Hist\u00f2ria"},"content":{"rendered":"<p style=\"text-align: justify;\"><a style=\"font-family: inherit; font-size: 1em;\" href=\"https:\/\/agora.xtec.cat\/ielatordera\/wp-content\/uploads\/usu1901\/2019\/03\/escola-latordera.jpg\"><img loading=\"lazy\" decoding=\"async\" class=\"size-full wp-image-837 alignleft\" src=\"https:\/\/agora.xtec.cat\/ielatordera\/wp-content\/uploads\/usu1901\/2019\/03\/escola-latordera.jpg\" alt=\"\" width=\"350\" height=\"170\" srcset=\"https:\/\/agora.xtec.cat\/ielatordera\/wp-content\/uploads\/usu1901\/2019\/03\/escola-latordera.jpg 350w, https:\/\/agora.xtec.cat\/ielatordera\/wp-content\/uploads\/usu1901\/2019\/03\/escola-latordera-300x146.jpg 300w\" sizes=\"auto, (max-width: 350px) 100vw, 350px\" \/><\/a>La Tordera va n\u00e9ixer el 2001, a partir de la forta demanda de les fam\u00edlies dels barris de Ca l\u2019Abril, el Virgili i el Temple de Santa Maria de Palautordera. Necessitaven una escola p\u00fablica al barri, el qual es troba separat quatre quil\u00f2metres del seu nucli urb\u00e0. En aquell moment, l\u2019escola es va crear com a centre d&#8217;educaci\u00f3 infantil i prim\u00e0ria en una zona en proc\u00e9s de construcci\u00f3\u00a0i molt propera a la poblaci\u00f3 de Sant Celoni.<\/p>\n<p style=\"text-align: justify;\">Per als barris de Santa Maria de Palautordera, va representar la creaci\u00f3 de l\u2019escola del barri, esdevenint un equipament b\u00e0sic que evita el despla\u00e7ament fins al centre urb\u00e0 i estalvia una major massificaci\u00f3 dels seus centres educatius. Per a Sant Celoni, va representar l\u2019ampliaci\u00f3 de centres p\u00fablics davant l&#8217;oferta de centres de titularitat privada de la vila.<\/p>\n<p style=\"text-align: justify;\">En el primer curs (2001-2002), el centre comptava amb 23 alumnes de P3, 2 mestres i altres serveis complementaris. El curs 2015-2016, l\u2019escola va passar a comptar amb dues aules per nivell educatiu, de P3 a 4t d&#8217;ESO, amb uns 660 alumnes, i amb una plantilla de 60 docents aproximadament. El centre s\u2019ha anat completant amb altres serveis i professionals que configuren tamb\u00e9 l\u2019equip de La Tordera: personal educatiu auxiliar del departament, vetlladors, personal de serveis, l\u2019equip psicopedag\u00f2gic municipal de Palautordera, l\u2019equip de monitors\/es i de servei de migdia, l\u2019educador\/a del Taller d\u2019Estudi Assistit i altres, derivats de les activitats extraescolars.<\/p>\n<p><a href=\"https:\/\/agora.xtec.cat\/ielatordera\/wp-content\/uploads\/usu1901\/2019\/03\/portada-1024x768.jpg\"><img loading=\"lazy\" decoding=\"async\" class=\"wp-image-836 alignleft\" src=\"https:\/\/agora.xtec.cat\/ielatordera\/wp-content\/uploads\/usu1901\/2019\/03\/portada-1024x768-1024x768.jpg\" alt=\"\" width=\"389\" height=\"294\" \/><\/a><\/p>\n<p><a href=\"https:\/\/agora.xtec.cat\/ielatordera\/wp-content\/uploads\/usu1901\/2019\/03\/foto-institut-escola-la-tordera.jpg\"><img loading=\"lazy\" decoding=\"async\" class=\"wp-image-878 alignright\" src=\"https:\/\/agora.xtec.cat\/ielatordera\/wp-content\/uploads\/usu1901\/2019\/03\/foto-institut-escola-la-tordera-1024x768.jpg\" alt=\"\" width=\"391\" height=\"292\" srcset=\"https:\/\/agora.xtec.cat\/ielatordera\/wp-content\/uploads\/usu1901\/2019\/03\/foto-institut-escola-la-tordera.jpg 1024w, https:\/\/agora.xtec.cat\/ielatordera\/wp-content\/uploads\/usu1901\/2019\/03\/foto-institut-escola-la-tordera-300x225.jpg 300w, https:\/\/agora.xtec.cat\/ielatordera\/wp-content\/uploads\/usu1901\/2019\/03\/foto-institut-escola-la-tordera-768x576.jpg 768w, https:\/\/agora.xtec.cat\/ielatordera\/wp-content\/uploads\/usu1901\/2019\/03\/foto-institut-escola-la-tordera-200x150.jpg 200w\" sizes=\"auto, (max-width: 391px) 100vw, 391px\" \/><\/a><\/p>\n","protected":false},"excerpt":{"rendered":"<p>La Tordera va n\u00e9ixer el 2001, a partir de la forta demanda de les fam\u00edlies dels barris de Ca l\u2019Abril, el Virgili i el Temple de Santa Maria de Palautordera. Necessitaven una escola p\u00fablica al barri, el qual es troba separat quatre quil\u00f2metres del seu nucli urb\u00e0. En aquell moment, l\u2019escola es va crear com [&hellip;]<\/p>\n","protected":false},"author":1,"featured_media":0,"parent":19,"menu_order":110,"comment_status":"closed","ping_status":"closed","template":"page-templates\/side-menu.php","meta":{"_bbp_topic_count":0,"_bbp_reply_count":0,"_bbp_total_topic_count":0,"_bbp_total_reply_count":0,"_bbp_voice_count":0,"_bbp_anonymous_reply_count":0,"_bbp_topic_count_hidden":0,"_bbp_reply_count_hidden":0,"_bbp_forum_subforum_count":0,"site-sidebar-layout":"default","site-content-layout":"","ast-site-content-layout":"","site-content-style":"default","site-sidebar-style":"default","ast-global-header-display":"","ast-banner-title-visibility":"","ast-main-header-display":"","ast-hfb-above-header-display":"","ast-hfb-below-header-display":"","ast-hfb-mobile-header-display":"","site-post-title":"","ast-breadcrumbs-content":"","ast-featured-img":"","footer-sml-layout":"","theme-transparent-header-meta":"","adv-header-id-meta":"","stick-header-meta":"","header-above-stick-meta":"","header-main-stick-meta":"","header-below-stick-meta":"","astra-migrate-meta-layouts":"default","ast-page-background-enabled":"default","ast-page-background-meta":{"desktop":{"background-color":"var(--ast-global-color-4)","background-image":"","background-repeat":"repeat","background-position":"center center","background-size":"auto","background-attachment":"scroll","background-type":"","background-media":"","overlay-type":"","overlay-color":"","overlay-opacity":"","overlay-gradient":""},"tablet":{"background-color":"","background-image":"","background-repeat":"repeat","background-position":"center center","background-size":"auto","background-attachment":"scroll","background-type":"","background-media":"","overlay-type":"","overlay-color":"","overlay-opacity":"","overlay-gradient":""},"mobile":{"background-color":"","background-image":"","background-repeat":"repeat","background-position":"center center","background-size":"auto","background-attachment":"scroll","background-type":"","background-media":"","overlay-type":"","overlay-color":"","overlay-opacity":"","overlay-gradient":""}},"ast-content-background-meta":{"desktop":{"background-color":"var(--ast-global-color-5)","background-image":"","background-repeat":"repeat","background-position":"center center","background-size":"auto","background-attachment":"scroll","background-type":"","background-media":"","overlay-type":"","overlay-color":"","overlay-opacity":"","overlay-gradient":""},"tablet":{"background-color":"var(--ast-global-color-5)","background-image":"","background-repeat":"repeat","background-position":"center center","background-size":"auto","background-attachment":"scroll","background-type":"","background-media":"","overlay-type":"","overlay-color":"","overlay-opacity":"","overlay-gradient":""},"mobile":{"background-color":"var(--ast-global-color-5)","background-image":"","background-repeat":"repeat","background-position":"center center","background-size":"auto","background-attachment":"scroll","background-type":"","background-media":"","overlay-type":"","overlay-color":"","overlay-opacity":"","overlay-gradient":""}},"footnotes":""},"class_list":["post-27","page","type-page","status-publish","hentry"],"post_mailing_queue_ids":[],"_links":{"self":[{"href":"https:\/\/agora.xtec.cat\/ielatordera\/wp-json\/wp\/v2\/pages\/27","targetHints":{"allow":["GET"]}}],"collection":[{"href":"https:\/\/agora.xtec.cat\/ielatordera\/wp-json\/wp\/v2\/pages"}],"about":[{"href":"https:\/\/agora.xtec.cat\/ielatordera\/wp-json\/wp\/v2\/types\/page"}],"author":[{"embeddable":true,"href":"https:\/\/agora.xtec.cat\/ielatordera\/wp-json\/wp\/v2\/users\/1"}],"replies":[{"embeddable":true,"href":"https:\/\/agora.xtec.cat\/ielatordera\/wp-json\/wp\/v2\/comments?post=27"}],"version-history":[{"count":4,"href":"https:\/\/agora.xtec.cat\/ielatordera\/wp-json\/wp\/v2\/pages\/27\/revisions"}],"predecessor-version":[{"id":13073,"href":"https:\/\/agora.xtec.cat\/ielatordera\/wp-json\/wp\/v2\/pages\/27\/revisions\/13073"}],"up":[{"embeddable":true,"href":"https:\/\/agora.xtec.cat\/ielatordera\/wp-json\/wp\/v2\/pages\/19"}],"wp:attachment":[{"href":"https:\/\/agora.xtec.cat\/ielatordera\/wp-json\/wp\/v2\/media?parent=27"}],"curies":[{"name":"wp","href":"https:\/\/api.w.org\/{rel}","templated":true}]}}