{"id":13665,"date":"2023-11-22T10:05:43","date_gmt":"2023-11-22T09:05:43","guid":{"rendered":"https:\/\/agora.xtec.cat\/ielatordera\/?page_id=13665"},"modified":"2023-11-22T10:36:35","modified_gmt":"2023-11-22T09:36:35","slug":"comunicacio-i-xarxes","status":"publish","type":"page","link":"https:\/\/agora.xtec.cat\/ielatordera\/estrategia-digital\/documents\/comunicacio-i-xarxes\/","title":{"rendered":"Comunicaci\u00f3 i xarxes"},"content":{"rendered":"<p><span style=\"font-weight: 400;\">Pel que fa a la comunicaci\u00f3, La Tordera aposta per les eines digitals i fa servir la web de centre i les xarxes socials (Instagram i Twitter).<\/span><\/p>\n<p style=\"text-align: justify;\"><span style=\"font-weight: 400;\"><span class=\"C9DxTc \">A la <\/span><span class=\"C9DxTc \">web<\/span><span class=\"C9DxTc \"> trobareu tota la informaci\u00f3 p\u00fablica, amb subp\u00e0gines est\u00e0tiques que es revisen peri\u00f2dicament (documentaci\u00f3, calendaris, dades del centre, etc.) i d&#8217;altres din\u00e0miques sobre els esdeveniments que tenen lloc al centre. Tamb\u00e9 trobareu enlla\u00e7os a altres webs, eines, aplicacions educatives i a les xarxes socials del centre, on regularment es van publicant articles sobre la vida al nostre centre.<\/span><\/span><\/p>\n<p><span style=\"font-weight: 400;\">D\u2019altra banda, la comunicaci\u00f3 tutories-fam\u00edlies es fa a trav\u00e9s de l\u2019ieduca i l\u2019app tokapp.\u00a0<\/span><\/p>\n<p class=\"zfr3Q CDt4Ke \" dir=\"ltr\"><span class=\"C9DxTc \">Les informacions amb les fam\u00edlies es vehiculen per diferents canals:<\/span><\/p>\n<ul class=\"n8H08c UVNKR \">\n<li class=\"zfr3Q TYR86d eD0Rn \" dir=\"ltr\">\n<p class=\"zfr3Q CDt4Ke \" dir=\"ltr\" role=\"presentation\"><span class=\"C9DxTc \"><span style=\"font-weight: 400;\">Per informacions que emet l\u2019equip directiu es fa servir l\u2019ieduca i el correu electr\u00f2nic.<\/span><\/span><\/p>\n<\/li>\n<li class=\"zfr3Q TYR86d eD0Rn \" dir=\"ltr\">\n<p class=\"zfr3Q CDt4Ke \" dir=\"ltr\" role=\"presentation\"><span class=\"C9DxTc \"><span style=\"font-weight: 400;\">Per la comunicaci\u00f3 tutories-fam\u00edlies es fa a servir el tel\u00e8fon<\/span><\/span><span class=\"C9DxTc \">, entrevistes presencials<\/span><span style=\"font-family: inherit; font-size: 1em;\"> (normalment amb cita pr\u00e8via) o a trav\u00e9s de videotrucada, el correu electr\u00f2nic.<\/span><\/p>\n<\/li>\n<li class=\"zfr3Q TYR86d eD0Rn \" dir=\"ltr\">\n<p class=\"zfr3Q CDt4Ke \" dir=\"ltr\" role=\"presentation\"><span style=\"font-family: inherit; font-size: 1em;\">P<span style=\"font-weight: 400;\"><span class=\"C9DxTc \">el control de l&#8217;assist\u00e8ncia, comunicar incid\u00e8ncies de l&#8217;alumnat i per fer pagaments s&#8217;utilitzen <\/span><\/span><span style=\"font-weight: 400;\">l\u2019ieduca i l&#8217;aplicaci\u00f3 tokapp.\u00a0<\/span><\/span><\/p>\n<\/li>\n<\/ul>\n","protected":false},"excerpt":{"rendered":"<p>Pel que fa a la comunicaci\u00f3, La Tordera aposta per les eines digitals i fa servir la web de centre i les xarxes socials (Instagram i Twitter). A la web trobareu tota la informaci\u00f3 p\u00fablica, amb subp\u00e0gines est\u00e0tiques que es revisen peri\u00f2dicament (documentaci\u00f3, calendaris, dades del centre, etc.) i d&#8217;altres din\u00e0miques sobre els esdeveniments que [&hellip;]<\/p>\n","protected":false},"author":3,"featured_media":0,"parent":12276,"menu_order":274,"comment_status":"closed","ping_status":"closed","template":"","meta":{"_bbp_topic_count":0,"_bbp_reply_count":0,"_bbp_total_topic_count":0,"_bbp_total_reply_count":0,"_bbp_voice_count":0,"_bbp_anonymous_reply_count":0,"_bbp_topic_count_hidden":0,"_bbp_reply_count_hidden":0,"_bbp_forum_subforum_count":0,"site-sidebar-layout":"default","site-content-layout":"","ast-site-content-layout":"","site-content-style":"default","site-sidebar-style":"default","ast-global-header-display":"","ast-banner-title-visibility":"","ast-main-header-display":"","ast-hfb-above-header-display":"","ast-hfb-below-header-display":"","ast-hfb-mobile-header-display":"","site-post-title":"","ast-breadcrumbs-content":"","ast-featured-img":"","footer-sml-layout":"","theme-transparent-header-meta":"","adv-header-id-meta":"","stick-header-meta":"","header-above-stick-meta":"","header-main-stick-meta":"","header-below-stick-meta":"","astra-migrate-meta-layouts":"default","ast-page-background-enabled":"default","ast-page-background-meta":{"desktop":{"background-color":"var(--ast-global-color-4)","background-image":"","background-repeat":"repeat","background-position":"center center","background-size":"auto","background-attachment":"scroll","background-type":"","background-media":"","overlay-type":"","overlay-color":"","overlay-opacity":"","overlay-gradient":""},"tablet":{"background-color":"","background-image":"","background-repeat":"repeat","background-position":"center center","background-size":"auto","background-attachment":"scroll","background-type":"","background-media":"","overlay-type":"","overlay-color":"","overlay-opacity":"","overlay-gradient":""},"mobile":{"background-color":"","background-image":"","background-repeat":"repeat","background-position":"center center","background-size":"auto","background-attachment":"scroll","background-type":"","background-media":"","overlay-type":"","overlay-color":"","overlay-opacity":"","overlay-gradient":""}},"ast-content-background-meta":{"desktop":{"background-color":"var(--ast-global-color-5)","background-image":"","background-repeat":"repeat","background-position":"center center","background-size":"auto","background-attachment":"scroll","background-type":"","background-media":"","overlay-type":"","overlay-color":"","overlay-opacity":"","overlay-gradient":""},"tablet":{"background-color":"var(--ast-global-color-5)","background-image":"","background-repeat":"repeat","background-position":"center center","background-size":"auto","background-attachment":"scroll","background-type":"","background-media":"","overlay-type":"","overlay-color":"","overlay-opacity":"","overlay-gradient":""},"mobile":{"background-color":"var(--ast-global-color-5)","background-image":"","background-repeat":"repeat","background-position":"center center","background-size":"auto","background-attachment":"scroll","background-type":"","background-media":"","overlay-type":"","overlay-color":"","overlay-opacity":"","overlay-gradient":""}},"footnotes":""},"class_list":["post-13665","page","type-page","status-publish","hentry"],"post_mailing_queue_ids":[],"_links":{"self":[{"href":"https:\/\/agora.xtec.cat\/ielatordera\/wp-json\/wp\/v2\/pages\/13665","targetHints":{"allow":["GET"]}}],"collection":[{"href":"https:\/\/agora.xtec.cat\/ielatordera\/wp-json\/wp\/v2\/pages"}],"about":[{"href":"https:\/\/agora.xtec.cat\/ielatordera\/wp-json\/wp\/v2\/types\/page"}],"author":[{"embeddable":true,"href":"https:\/\/agora.xtec.cat\/ielatordera\/wp-json\/wp\/v2\/users\/3"}],"replies":[{"embeddable":true,"href":"https:\/\/agora.xtec.cat\/ielatordera\/wp-json\/wp\/v2\/comments?post=13665"}],"version-history":[{"count":5,"href":"https:\/\/agora.xtec.cat\/ielatordera\/wp-json\/wp\/v2\/pages\/13665\/revisions"}],"predecessor-version":[{"id":13677,"href":"https:\/\/agora.xtec.cat\/ielatordera\/wp-json\/wp\/v2\/pages\/13665\/revisions\/13677"}],"up":[{"embeddable":true,"href":"https:\/\/agora.xtec.cat\/ielatordera\/wp-json\/wp\/v2\/pages\/12276"}],"wp:attachment":[{"href":"https:\/\/agora.xtec.cat\/ielatordera\/wp-json\/wp\/v2\/media?parent=13665"}],"curies":[{"name":"wp","href":"https:\/\/api.w.org\/{rel}","templated":true}]}}