{"id":13658,"date":"2023-11-22T09:39:20","date_gmt":"2023-11-22T08:39:20","guid":{"rendered":"https:\/\/agora.xtec.cat\/ielatordera\/?page_id=13658"},"modified":"2023-11-22T12:03:27","modified_gmt":"2023-11-22T11:03:27","slug":"acollida-digital","status":"publish","type":"page","link":"https:\/\/agora.xtec.cat\/ielatordera\/estrategia-digital\/documents\/acollida-digital\/","title":{"rendered":"Acollida digital"},"content":{"rendered":"<p style=\"text-align: justify;\"><span style=\"font-weight: 400;\">L\u2019alumnat compta des del seu ingr\u00e9s a l\u2019escola, pr\u00e8via autoritzaci\u00f3 de la fam\u00edlia\/tutors, amb un correu electr\u00f2nic i usuari del domini de centre, es fan servir aules virtuals (Classroom) i el Drive com a espai on elaborar i desar tasques. Tamb\u00e9 es fan servir altres aplicacions m\u00f2bils i webs per a la cerca i tractament de la informaci\u00f3, aix\u00ed com la creaci\u00f3 de materials i contingut digital, en funci\u00f3 de l\u2019edat i les capacitats dels infants i joves. Cal assenyalar que a partir de 4t de prim\u00e0ria, els alumnes compten amb un Chromebook aportat pel Departament d\u2019Educaci\u00f3 amb el qual poden dur a terme les tasques proposades i accedir a les aplicacions amb llic\u00e8ncia adquirida pel centre: Glifing, Innovamat, Science bits, Legiland.<\/span><\/p>\n<p style=\"text-align: justify;\">Pel que fa a <span style=\"font-weight: 400;\">l\u2019equip docent, aquest compta amb un ordinador port\u00e0til d&#8217;\u00fas personal cedit pel Departament i un usuari o correu electr\u00f2nic del domini de centre, amb el qual poder comunicar-se i accedir a les diferents eines digitals necess\u00e0ries per desenvolupar la seva tasca.<\/span><\/p>\n","protected":false},"excerpt":{"rendered":"<p>L\u2019alumnat compta des del seu ingr\u00e9s a l\u2019escola, pr\u00e8via autoritzaci\u00f3 de la fam\u00edlia\/tutors, amb un correu electr\u00f2nic i usuari del domini de centre, es fan servir aules virtuals (Classroom) i el Drive com a espai on elaborar i desar tasques. Tamb\u00e9 es fan servir altres aplicacions m\u00f2bils i webs per a la cerca i tractament [&hellip;]<\/p>\n","protected":false},"author":3,"featured_media":0,"parent":12276,"menu_order":272,"comment_status":"closed","ping_status":"closed","template":"","meta":{"_bbp_topic_count":0,"_bbp_reply_count":0,"_bbp_total_topic_count":0,"_bbp_total_reply_count":0,"_bbp_voice_count":0,"_bbp_anonymous_reply_count":0,"_bbp_topic_count_hidden":0,"_bbp_reply_count_hidden":0,"_bbp_forum_subforum_count":0,"site-sidebar-layout":"default","site-content-layout":"","ast-site-content-layout":"","site-content-style":"default","site-sidebar-style":"default","ast-global-header-display":"","ast-banner-title-visibility":"","ast-main-header-display":"","ast-hfb-above-header-display":"","ast-hfb-below-header-display":"","ast-hfb-mobile-header-display":"","site-post-title":"","ast-breadcrumbs-content":"","ast-featured-img":"","footer-sml-layout":"","theme-transparent-header-meta":"","adv-header-id-meta":"","stick-header-meta":"","header-above-stick-meta":"","header-main-stick-meta":"","header-below-stick-meta":"","astra-migrate-meta-layouts":"default","ast-page-background-enabled":"default","ast-page-background-meta":{"desktop":{"background-color":"var(--ast-global-color-4)","background-image":"","background-repeat":"repeat","background-position":"center center","background-size":"auto","background-attachment":"scroll","background-type":"","background-media":"","overlay-type":"","overlay-color":"","overlay-opacity":"","overlay-gradient":""},"tablet":{"background-color":"","background-image":"","background-repeat":"repeat","background-position":"center center","background-size":"auto","background-attachment":"scroll","background-type":"","background-media":"","overlay-type":"","overlay-color":"","overlay-opacity":"","overlay-gradient":""},"mobile":{"background-color":"","background-image":"","background-repeat":"repeat","background-position":"center center","background-size":"auto","background-attachment":"scroll","background-type":"","background-media":"","overlay-type":"","overlay-color":"","overlay-opacity":"","overlay-gradient":""}},"ast-content-background-meta":{"desktop":{"background-color":"var(--ast-global-color-5)","background-image":"","background-repeat":"repeat","background-position":"center center","background-size":"auto","background-attachment":"scroll","background-type":"","background-media":"","overlay-type":"","overlay-color":"","overlay-opacity":"","overlay-gradient":""},"tablet":{"background-color":"var(--ast-global-color-5)","background-image":"","background-repeat":"repeat","background-position":"center center","background-size":"auto","background-attachment":"scroll","background-type":"","background-media":"","overlay-type":"","overlay-color":"","overlay-opacity":"","overlay-gradient":""},"mobile":{"background-color":"var(--ast-global-color-5)","background-image":"","background-repeat":"repeat","background-position":"center center","background-size":"auto","background-attachment":"scroll","background-type":"","background-media":"","overlay-type":"","overlay-color":"","overlay-opacity":"","overlay-gradient":""}},"footnotes":""},"class_list":["post-13658","page","type-page","status-publish","hentry"],"post_mailing_queue_ids":[],"_links":{"self":[{"href":"https:\/\/agora.xtec.cat\/ielatordera\/wp-json\/wp\/v2\/pages\/13658","targetHints":{"allow":["GET"]}}],"collection":[{"href":"https:\/\/agora.xtec.cat\/ielatordera\/wp-json\/wp\/v2\/pages"}],"about":[{"href":"https:\/\/agora.xtec.cat\/ielatordera\/wp-json\/wp\/v2\/types\/page"}],"author":[{"embeddable":true,"href":"https:\/\/agora.xtec.cat\/ielatordera\/wp-json\/wp\/v2\/users\/3"}],"replies":[{"embeddable":true,"href":"https:\/\/agora.xtec.cat\/ielatordera\/wp-json\/wp\/v2\/comments?post=13658"}],"version-history":[{"count":7,"href":"https:\/\/agora.xtec.cat\/ielatordera\/wp-json\/wp\/v2\/pages\/13658\/revisions"}],"predecessor-version":[{"id":13692,"href":"https:\/\/agora.xtec.cat\/ielatordera\/wp-json\/wp\/v2\/pages\/13658\/revisions\/13692"}],"up":[{"embeddable":true,"href":"https:\/\/agora.xtec.cat\/ielatordera\/wp-json\/wp\/v2\/pages\/12276"}],"wp:attachment":[{"href":"https:\/\/agora.xtec.cat\/ielatordera\/wp-json\/wp\/v2\/media?parent=13658"}],"curies":[{"name":"wp","href":"https:\/\/api.w.org\/{rel}","templated":true}]}}