{"id":12276,"date":"2023-02-06T09:56:33","date_gmt":"2023-02-06T08:56:33","guid":{"rendered":"https:\/\/agora.xtec.cat\/ielatordera\/?page_id=12276"},"modified":"2023-11-22T11:51:05","modified_gmt":"2023-11-22T10:51:05","slug":"documents","status":"publish","type":"page","link":"https:\/\/agora.xtec.cat\/ielatordera\/estrategia-digital\/documents\/","title":{"rendered":"Cultura digital"},"content":{"rendered":"<p style=\"text-align: justify;\">En aquest apartat de <strong>Cultura Digital<\/strong> trobareu un recull de tot el que el centre est\u00e0 portant a terme en l\u2019\u00e0mbit digital: Des d&#8217;enlla\u00e7os a <strong>documentaci\u00f3 b\u00e0sica<\/strong> i autoritzacions, protocols d&#8217;<strong>acollida<\/strong> de l&#8217;alumnat i personal docent que arriba al centre, fins a les <strong>pr\u00e0ctiques<\/strong> que es realitzen per al <strong>desplegament curricular<\/strong> per al desenvolupament de la compet\u00e8ncia digital, no nom\u00e9s d&#8217;alumnes i mestres, sin\u00f3 de tamb\u00e9 de les fam\u00edlies, mirant d&#8217;integrar a tota la comunitat educativa en aquest <strong>proc\u00e9s formatiu<\/strong>.<\/p>\n<p style=\"text-align: justify;\"><a href=\"https:\/\/agora.xtec.cat\/ielatordera\/wp-content\/uploads\/usu1901\/2023\/11\/Captura1-e1700650047321.jpg\"><img loading=\"lazy\" decoding=\"async\" class=\"wp-image-13682 aligncenter\" src=\"https:\/\/agora.xtec.cat\/ielatordera\/wp-content\/uploads\/usu1901\/2023\/11\/Captura1-e1700650047321.jpg\" alt=\"\" width=\"794\" height=\"187\" srcset=\"https:\/\/agora.xtec.cat\/ielatordera\/wp-content\/uploads\/usu1901\/2023\/11\/Captura1-e1700650047321.jpg 722w, https:\/\/agora.xtec.cat\/ielatordera\/wp-content\/uploads\/usu1901\/2023\/11\/Captura1-e1700650047321-300x71.jpg 300w\" sizes=\"auto, (max-width: 794px) 100vw, 794px\" \/><\/a><\/p>\n<p><span style=\"color: #2795b6;\">\u2063.\u00a0<\/span><\/p>\n","protected":false},"excerpt":{"rendered":"<p>En aquest apartat de Cultura Digital trobareu un recull de tot el que el centre est\u00e0 portant a terme en l\u2019\u00e0mbit digital: Des d&#8217;enlla\u00e7os a documentaci\u00f3 b\u00e0sica i autoritzacions, protocols d&#8217;acollida de l&#8217;alumnat i personal docent que arriba al centre, fins a les pr\u00e0ctiques que es realitzen per al desplegament curricular per al desenvolupament de [&hellip;]<\/p>\n","protected":false},"author":3,"featured_media":0,"parent":12259,"menu_order":270,"comment_status":"closed","ping_status":"closed","template":"","meta":{"_bbp_topic_count":0,"_bbp_reply_count":0,"_bbp_total_topic_count":0,"_bbp_total_reply_count":0,"_bbp_voice_count":0,"_bbp_anonymous_reply_count":0,"_bbp_topic_count_hidden":0,"_bbp_reply_count_hidden":0,"_bbp_forum_subforum_count":0,"site-sidebar-layout":"default","site-content-layout":"","ast-site-content-layout":"","site-content-style":"default","site-sidebar-style":"default","ast-global-header-display":"","ast-banner-title-visibility":"","ast-main-header-display":"","ast-hfb-above-header-display":"","ast-hfb-below-header-display":"","ast-hfb-mobile-header-display":"","site-post-title":"","ast-breadcrumbs-content":"","ast-featured-img":"","footer-sml-layout":"","theme-transparent-header-meta":"","adv-header-id-meta":"","stick-header-meta":"","header-above-stick-meta":"","header-main-stick-meta":"","header-below-stick-meta":"","astra-migrate-meta-layouts":"default","ast-page-background-enabled":"default","ast-page-background-meta":{"desktop":{"background-color":"var(--ast-global-color-4)","background-image":"","background-repeat":"repeat","background-position":"center center","background-size":"auto","background-attachment":"scroll","background-type":"","background-media":"","overlay-type":"","overlay-color":"","overlay-opacity":"","overlay-gradient":""},"tablet":{"background-color":"","background-image":"","background-repeat":"repeat","background-position":"center center","background-size":"auto","background-attachment":"scroll","background-type":"","background-media":"","overlay-type":"","overlay-color":"","overlay-opacity":"","overlay-gradient":""},"mobile":{"background-color":"","background-image":"","background-repeat":"repeat","background-position":"center center","background-size":"auto","background-attachment":"scroll","background-type":"","background-media":"","overlay-type":"","overlay-color":"","overlay-opacity":"","overlay-gradient":""}},"ast-content-background-meta":{"desktop":{"background-color":"var(--ast-global-color-5)","background-image":"","background-repeat":"repeat","background-position":"center center","background-size":"auto","background-attachment":"scroll","background-type":"","background-media":"","overlay-type":"","overlay-color":"","overlay-opacity":"","overlay-gradient":""},"tablet":{"background-color":"var(--ast-global-color-5)","background-image":"","background-repeat":"repeat","background-position":"center center","background-size":"auto","background-attachment":"scroll","background-type":"","background-media":"","overlay-type":"","overlay-color":"","overlay-opacity":"","overlay-gradient":""},"mobile":{"background-color":"var(--ast-global-color-5)","background-image":"","background-repeat":"repeat","background-position":"center center","background-size":"auto","background-attachment":"scroll","background-type":"","background-media":"","overlay-type":"","overlay-color":"","overlay-opacity":"","overlay-gradient":""}},"footnotes":""},"class_list":["post-12276","page","type-page","status-publish","hentry"],"post_mailing_queue_ids":[],"_links":{"self":[{"href":"https:\/\/agora.xtec.cat\/ielatordera\/wp-json\/wp\/v2\/pages\/12276","targetHints":{"allow":["GET"]}}],"collection":[{"href":"https:\/\/agora.xtec.cat\/ielatordera\/wp-json\/wp\/v2\/pages"}],"about":[{"href":"https:\/\/agora.xtec.cat\/ielatordera\/wp-json\/wp\/v2\/types\/page"}],"author":[{"embeddable":true,"href":"https:\/\/agora.xtec.cat\/ielatordera\/wp-json\/wp\/v2\/users\/3"}],"replies":[{"embeddable":true,"href":"https:\/\/agora.xtec.cat\/ielatordera\/wp-json\/wp\/v2\/comments?post=12276"}],"version-history":[{"count":7,"href":"https:\/\/agora.xtec.cat\/ielatordera\/wp-json\/wp\/v2\/pages\/12276\/revisions"}],"predecessor-version":[{"id":13686,"href":"https:\/\/agora.xtec.cat\/ielatordera\/wp-json\/wp\/v2\/pages\/12276\/revisions\/13686"}],"up":[{"embeddable":true,"href":"https:\/\/agora.xtec.cat\/ielatordera\/wp-json\/wp\/v2\/pages\/12259"}],"wp:attachment":[{"href":"https:\/\/agora.xtec.cat\/ielatordera\/wp-json\/wp\/v2\/media?parent=12276"}],"curies":[{"name":"wp","href":"https:\/\/api.w.org\/{rel}","templated":true}]}}