{"id":900,"date":"2021-01-19T15:25:19","date_gmt":"2021-01-19T14:25:19","guid":{"rendered":"https:\/\/agora.xtec.cat\/iejacintverdaguer\/?page_id=900"},"modified":"2021-01-19T16:08:47","modified_gmt":"2021-01-19T15:08:47","slug":"tour-de-la-web","status":"publish","type":"page","link":"https:\/\/agora.xtec.cat\/iejacintverdaguer\/tour-de-la-web\/","title":{"rendered":"Tour de la Web"},"content":{"rendered":"<h2>Sobre la p\u00e0gina principal:<\/h2>\n<h3>\u00a0 \u00a0 Com est\u00e0 distribu\u00efda la nostra web?<\/h3>\n<p>A la p\u00e0gina principal, trobem uns botons que dirigeixen a les diferents categories Infantil, Prim\u00e0ria i ESO. Tamb\u00e9 podem visualitzar i accedir als articles publicats recentment.<\/p>\n<p>A banda d&#8217;aix\u00f2, tenim una barra lateral a l&#8217;esquerra, on podem trobar la p\u00e0gina actual, la informaci\u00f3 del centre, l&#8217;acc\u00e9s al nostre Telegram, el calendari del centre, els tuits publicats al nostre compte de Twitter, enlla\u00e7os educatius, etc\u00e8tera.<\/p>\n<h3>\u00a0 \u00a0 Que puc trobar a les categories?<\/h3>\n<p>En el cas de la categoria Infantil, podem trobar l&#8217;acc\u00e9s a les categories de P3\/4 i P5. A part d&#8217;aix\u00f2, podem trobar els articles que hi han a les subcategories P3\/4 i P5, com b\u00e9 poden ser els seus blocs.<\/p>\n<p>A la categoria Prim\u00e0ria podrem trobar la mateixa estructura que a la categoria Infantil, \u00e9s a dir, tindrem acc\u00e9s a 1r\/2n, 3r, 4t i 5\u00e8\/6\u00e8, amb els seus respectius articles i els blocs.<\/p>\n<p>A la categoria ESO tampoc canvia l&#8217;estructura, ni l&#8217;acc\u00e9s als diferents cursos ni els blocs. Com a difer\u00e8ncia trobem que a les subcategories (1r, 2n, 3r i 4t) tindrem acc\u00e9s a les seves agendes escolars.<\/p>\n<h3>\u00a0 \u00a0 \u00a0Com torno a la p\u00e0gina principal?<\/h3>\n<p>Per tornar a la p\u00e0gina principal, nom\u00e9s cal fer clic al bot\u00f3 taronja amb el nom de Institut Escola Jacint Verdaguer.<\/p>\n<h3>\u00a0 \u00a0 Qu\u00e8 haig de saber sobre les icones de la cap\u00e7alera?<\/h3>\n<h4>\u00a0 \u00a0 \u00a0 \u00a0 Clickedu<\/h4>\n<p>Quan fem clic al bot\u00f3 &#8220;clickedu&#8221;, a una altre finestra s&#8217;obrir\u00e0 l&#8217;inici de sessi\u00f3 per l&#8217;acc\u00e9s al clickedu del centre.<\/p>\n<h4>\u00a0 \u00a0 \u00a0 \u00a0 Moodle<\/h4>\n<p>Quan cliquem el bot\u00f3 &#8220;moodle&#8221;, igual que al bot\u00f3 anterior, s&#8217;obre una nova finestra amb el moodle del centre.<\/p>\n<h4>\u00a0 \u00a0 \u00a0 \u00a0 Cerca<\/h4>\n<p>Al fer clic en &#8220;cerca&#8221;, s&#8217;obre una caixa on permet escriure les paraules que vols cercar a la web, d&#8217;aquesta manera, si vols buscar una informaci\u00f3 espec\u00edfica que no trobes, podr\u00e0s fer-ho de manera senzilla i r\u00e0pida.<\/p>\n<h4>\u00a0 \u00a0 \u00a0 \u00a0 AFA<\/h4>\n<p>Quan fem clic al bot\u00f3 &#8220;afa&#8221;, ens dirigeix a la categoria AFA (AMPA), on podrem trobar diferent informaci\u00f3 de l&#8217;AFA.<\/p>\n<h4>\u00a0 \u00a0 \u00a0 \u00a0 Nodes<\/h4>\n<p>Al fer clic a &#8220;nodes&#8221;, s&#8217;obre una p\u00e0gina on podrem veure els nodes\/f\u00f2rums que hi han a la web. Els nodes s\u00f3n categories, on dins de cada una, ens permet publicar articles, accedir al f\u00f2rum o crear i accedir als documents del node.<\/p>\n<h4>\u00a0 \u00a0 \u00a0 \u00a0 Men\u00fa principal<\/h4>\n<p>Per utilitzar el men\u00fa principal \u00e9s senzill, quan fem clic al bot\u00f3 &#8220;men\u00fa&#8221;, es desplega un \u00edndex de els continguts de la web, per anar als diferents apartats, nom\u00e9s caldr\u00e0 fer clic al text on volem accedir.<\/p>\n<h5>\u00a0 \u00a0 \u00a0 \u00a0 \u00a0 \u00a0 L&#8217;institut<\/h5>\n<p>A la part institut, trobarem informaci\u00f3 m\u00e9s detallada del centre, com b\u00e9 podria ser l&#8217;oferta educativa, la nostra hist\u00f2ria, on som, el projecte educatiu del centre, les normes de funcionament, la programaci\u00f3 general anual, projecte ling\u00fc\u00edstic, projecte de direcci\u00f3, l&#8217;equip hum\u00e0 i el nostre contacte.<\/p>\n<h5>\u00a0 \u00a0 \u00a0 \u00a0 \u00a0 \u00a0 Missi\u00f3<\/h5>\n<p>A l&#8217;apartat missi\u00f3 trobem els v\u00eddeos de centre, els articles de pedagogia i les presentacions de centre.<\/p>\n<h5>\u00a0 \u00a0 \u00a0 \u00a0 \u00a0 \u00a0 Estudis<\/h5>\n<p>A estudis trobem acc\u00e9s a informaci\u00f3 dels estudis i a les categories de cada curs.<\/p>\n<h5>\u00a0 \u00a0 \u00a0 \u00a0 \u00a0 \u00a0 Fam\u00edlies<\/h5>\n<p>A l&#8217;apartat fam\u00edlies, trobarem el calendari de reunions, butllet\u00ed SOM, els delegats de classe, i un nou acc\u00e9s a l&#8217;AFA.<\/p>\n<h5>\u00a0 \u00a0 \u00a0 \u00a0 \u00a0 \u00a0 Tots els f\u00f2rums<\/h5>\n<p>Aqu\u00ed trobem un altre mode d&#8217;acc\u00e9s a tots els nodes de la web.<\/p>\n<h5>\u00a0 \u00a0 \u00a0 \u00a0 \u00a0 \u00a0 Recursos TIC<\/h5>\n<p>A recursos TIC tindrem uns petits passos a seguir per accedir al nostre Telegram.<\/p>\n<h4>\u00a0 \u00a0 Peu de p\u00e0gina<\/h4>\n<p>Al peu de p\u00e0gina trobem un altre cop la informaci\u00f3 del centre i l&#8217;acc\u00e9s a les nostres xarxes socials.<\/p>\n","protected":false},"excerpt":{"rendered":"<p>Sobre la p\u00e0gina principal:<br \/>\n\u00a0 \u00a0 Com est\u00e0 distribu\u00efda la nostra web?<br \/>\nA la p\u00e0gina principal, trobem uns botons que dirigeixen a les diferents categories Infantil, Prim\u00e0ria i ESO. Tamb\u00e9 podem visualitzar i accedir als articles publicats recentment.<br \/>\nA banda d&#8217;aix\u00f2, tenim una barra lateral a l&#8217;esquerra, on&hellip;  <a href=\"https:\/\/agora.xtec.cat\/iejacintverdaguer\/tour-de-la-web\/\" title=\"Read Tour de la Web\">Llegeix m\u00e9s\u00bb<\/a><\/p>\n","protected":false},"author":1,"featured_media":0,"parent":0,"menu_order":0,"comment_status":"closed","ping_status":"closed","template":"","meta":{"_bbp_topic_count":0,"_bbp_reply_count":0,"_bbp_total_topic_count":0,"_bbp_total_reply_count":0,"_bbp_voice_count":0,"_bbp_anonymous_reply_count":0,"_bbp_topic_count_hidden":0,"_bbp_reply_count_hidden":0,"_bbp_forum_subforum_count":0,"footnotes":""},"class_list":["post-900","page","type-page","status-publish","hentry"],"post_mailing_queue_ids":[],"_links":{"self":[{"href":"https:\/\/agora.xtec.cat\/iejacintverdaguer\/wp-json\/wp\/v2\/pages\/900","targetHints":{"allow":["GET"]}}],"collection":[{"href":"https:\/\/agora.xtec.cat\/iejacintverdaguer\/wp-json\/wp\/v2\/pages"}],"about":[{"href":"https:\/\/agora.xtec.cat\/iejacintverdaguer\/wp-json\/wp\/v2\/types\/page"}],"author":[{"embeddable":true,"href":"https:\/\/agora.xtec.cat\/iejacintverdaguer\/wp-json\/wp\/v2\/users\/1"}],"replies":[{"embeddable":true,"href":"https:\/\/agora.xtec.cat\/iejacintverdaguer\/wp-json\/wp\/v2\/comments?post=900"}],"version-history":[{"count":4,"href":"https:\/\/agora.xtec.cat\/iejacintverdaguer\/wp-json\/wp\/v2\/pages\/900\/revisions"}],"predecessor-version":[{"id":908,"href":"https:\/\/agora.xtec.cat\/iejacintverdaguer\/wp-json\/wp\/v2\/pages\/900\/revisions\/908"}],"wp:attachment":[{"href":"https:\/\/agora.xtec.cat\/iejacintverdaguer\/wp-json\/wp\/v2\/media?parent=900"}],"curies":[{"name":"wp","href":"https:\/\/api.w.org\/{rel}","templated":true}]}}