{"id":667,"date":"2020-12-10T18:32:46","date_gmt":"2020-12-10T17:32:46","guid":{"rendered":"https:\/\/agora.xtec.cat\/iejacintverdaguer\/?page_id=667"},"modified":"2022-06-29T14:20:58","modified_gmt":"2022-06-29T12:20:58","slug":"videos-de-centre","status":"publish","type":"page","link":"https:\/\/agora.xtec.cat\/iejacintverdaguer\/videos-de-centre\/","title":{"rendered":"Videos de centre"},"content":{"rendered":"<p>V\u00eddeo graduaci\u00f3 4t ESO curs 2021-2022<\/p>\n<p><iframe loading=\"lazy\" title=\"V\u00eddeo graduaci\u00f3 4t eso 2022PARA YOUTUBE\" width=\"500\" height=\"375\" src=\"https:\/\/www.youtube.com\/embed\/kmuqvsrftmE?feature=oembed\" frameborder=\"0\" allow=\"accelerometer; autoplay; clipboard-write; encrypted-media; gyroscope; picture-in-picture; web-share\" referrerpolicy=\"strict-origin-when-cross-origin\" allowfullscreen><\/iframe><\/p>\n<p>&nbsp;<\/p>\n<p>Els entorns d&#8217;aprenentatge a l&#8217;educaci\u00f3 infantil<\/p>\n<p><iframe loading=\"lazy\" src=\"https:\/\/www.youtube.com\/embed\/gI-kz98ZNts\" width=\"750\" height=\"473\" frameborder=\"0\" data-mce-fragment=\"1\"><\/iframe><\/p>\n<p>Els entorns d&#8217;aprenentatge al primer cicle de prim\u00e0ria: els ambients<\/p>\n<p><iframe loading=\"lazy\" src=\"https:\/\/www.youtube.com\/embed\/iJOVO6wm41Q\" width=\"750\" height=\"473\" frameborder=\"0\" data-mce-fragment=\"1\"><\/iframe><\/p>\n<p>Els entorns d&#8217;aprenentatge al segon cicle de prim\u00e0ria: els ambients<\/p>\n<p><iframe loading=\"lazy\" src=\"https:\/\/www.youtube.com\/embed\/uBfPscZbNK8\" width=\"750\" height=\"473\" frameborder=\"0\" data-mce-fragment=\"1\"><\/iframe><\/p>\n<p>Els entorns d&#8217;aprenentatge a la secund\u00e0ria<\/p>\n<p><iframe loading=\"lazy\" src=\"https:\/\/www.youtube.com\/embed\/qvCyqiIHhzI\" width=\"750\" height=\"473\" frameborder=\"0\" data-mce-fragment=\"1\"><\/iframe><\/p>\n<p>V\u00eddeo sobre la vida de Dal\u00ed<\/p>\n<p><iframe loading=\"lazy\" src=\"https:\/\/www.youtube.com\/embed\/ABvxMyWfzRs\" width=\"750\" height=\"315\" frameborder=\"0\" data-mce-fragment=\"1\"><\/iframe><\/p>\n<p>Cantata 2018<\/p>\n<p><iframe loading=\"lazy\" src=\"https:\/\/www.youtube.com\/embed\/fohYJEZKv5w\" width=\"750\" height=\"315\" frameborder=\"0\" data-mce-fragment=\"1\"><\/iframe><\/p>\n<p>Cantata 2018<\/p>\n<p><iframe loading=\"lazy\" src=\"https:\/\/www.youtube.com\/embed\/Ofu3rmJyshA\" width=\"750\" height=\"315\" frameborder=\"0\" data-mce-fragment=\"1\"><\/iframe><\/p>\n<p>Cantata 2018<\/p>\n<p><iframe loading=\"lazy\" src=\"https:\/\/www.youtube.com\/embed\/k0wwvy3KHQA\" width=\"750\" height=\"315\" frameborder=\"0\" data-mce-fragment=\"1\"><\/iframe><\/p>\n<p>Tots som diferents i ens tractem com iguals<\/p>\n<p><iframe loading=\"lazy\" src=\"https:\/\/www.youtube.com\/embed\/3u7p4dTahLM\" width=\"750\" height=\"315\" frameborder=\"0\" data-mce-fragment=\"1\"><\/iframe><\/p>\n<p>La Maria Lupi\u00f3n ens explica un conte &#8220;P\u00e1jaros de medianoche&#8221;<\/p>\n<p><iframe loading=\"lazy\" src=\"https:\/\/www.youtube.com\/embed\/WGQHIRtq3g8\" width=\"750\" height=\"315\" frameborder=\"0\" data-mce-fragment=\"1\"><\/iframe><\/p>\n<p>Projectes de serveis planificats pels nois i noies de tercer d&#8217;ESO<\/p>\n<p><iframe loading=\"lazy\" src=\"https:\/\/www.youtube.com\/embed\/_kFp8Rt_xN8\" width=\"750\" height=\"315\" frameborder=\"0\" data-mce-fragment=\"1\"><\/iframe><\/p>\n<p><iframe loading=\"lazy\" src=\"https:\/\/www.youtube.com\/embed\/zGU2H3uTDCs\" width=\"750\" height=\"315\" frameborder=\"0\" data-mce-fragment=\"1\"><\/iframe><\/p>\n<p>Sant Jordi: representaci\u00f3 docents<\/p>\n<p><iframe loading=\"lazy\" src=\"https:\/\/www.youtube.com\/embed\/kXf7gypKkKk\" width=\"750\" height=\"315\" frameborder=\"0\" data-mce-fragment=\"1\"><\/iframe><\/p>\n<p>Una escola per a tothom; treball dels nois i noies de 2n d&#8217;ESO<\/p>\n<p><iframe loading=\"lazy\" src=\"https:\/\/www.youtube.com\/embed\/IFUmnFt5UI8\" width=\"750\" height=\"315\" frameborder=\"0\" data-mce-fragment=\"1\"><\/iframe><\/p>\n<p>V\u00eddeo de l&#8217;escola 2018<\/p>\n<p><iframe loading=\"lazy\" src=\"https:\/\/www.youtube.com\/embed\/-AkAz5zcQmE\" width=\"750\" height=\"315\" frameborder=\"0\" data-mce-fragment=\"1\"><\/iframe><\/p>\n<p>V\u00eddeo stopmotion fet per nens i nenes de prim\u00e0ria al taller de v\u00eddeo<\/p>\n<p><iframe loading=\"lazy\" src=\"https:\/\/www.youtube.com\/embed\/gaK4Uk5Q1vE\" width=\"750\" height=\"315\" frameborder=\"0\" data-mce-fragment=\"1\"><\/iframe><\/p>\n<p>Del nen a l&#8217;avi<\/p>\n<p><iframe loading=\"lazy\" src=\"https:\/\/www.youtube.com\/embed\/zbkjqlSjMYs\" width=\"750\" height=\"315\" frameborder=\"0\" data-mce-fragment=\"1\"><\/iframe><\/p>\n","protected":false},"excerpt":{"rendered":"<p>V\u00eddeo graduaci\u00f3 4t ESO curs 2021-2022<\/p>\n<p>&nbsp;<br \/>\nEls entorns d&#8217;aprenentatge a l&#8217;educaci\u00f3 infantil<\/p>\n<p>Els entorns d&#8217;aprenentatge al primer cicle de prim\u00e0ria: els ambients<\/p>\n<p>Els entorns d&#8217;aprenentatge al segon cicle de prim\u00e0ria: els ambients<\/p>\n<p>Els entorns d&#8217;aprenentatge a la secund\u00e0ria<\/p>\n<p>V\u00eddeo sobre la vida de Dal\u00ed<\/p>\n<p>Cantata 2018<\/p>\n<p>Cantata 2018<\/p>\n<p>Cantata 2018<\/p>\n<p>Tots som diferents i&hellip;  <a href=\"https:\/\/agora.xtec.cat\/iejacintverdaguer\/videos-de-centre\/\" title=\"Read Videos de centre\">Llegeix m\u00e9s\u00bb<\/a><\/p>\n","protected":false},"author":1,"featured_media":0,"parent":0,"menu_order":0,"comment_status":"closed","ping_status":"closed","template":"","meta":{"_bbp_topic_count":0,"_bbp_reply_count":0,"_bbp_total_topic_count":0,"_bbp_total_reply_count":0,"_bbp_voice_count":0,"_bbp_anonymous_reply_count":0,"_bbp_topic_count_hidden":0,"_bbp_reply_count_hidden":0,"_bbp_forum_subforum_count":0,"footnotes":""},"class_list":["post-667","page","type-page","status-publish","hentry"],"post_mailing_queue_ids":[],"_links":{"self":[{"href":"https:\/\/agora.xtec.cat\/iejacintverdaguer\/wp-json\/wp\/v2\/pages\/667","targetHints":{"allow":["GET"]}}],"collection":[{"href":"https:\/\/agora.xtec.cat\/iejacintverdaguer\/wp-json\/wp\/v2\/pages"}],"about":[{"href":"https:\/\/agora.xtec.cat\/iejacintverdaguer\/wp-json\/wp\/v2\/types\/page"}],"author":[{"embeddable":true,"href":"https:\/\/agora.xtec.cat\/iejacintverdaguer\/wp-json\/wp\/v2\/users\/1"}],"replies":[{"embeddable":true,"href":"https:\/\/agora.xtec.cat\/iejacintverdaguer\/wp-json\/wp\/v2\/comments?post=667"}],"version-history":[{"count":3,"href":"https:\/\/agora.xtec.cat\/iejacintverdaguer\/wp-json\/wp\/v2\/pages\/667\/revisions"}],"predecessor-version":[{"id":1447,"href":"https:\/\/agora.xtec.cat\/iejacintverdaguer\/wp-json\/wp\/v2\/pages\/667\/revisions\/1447"}],"wp:attachment":[{"href":"https:\/\/agora.xtec.cat\/iejacintverdaguer\/wp-json\/wp\/v2\/media?parent=667"}],"curies":[{"name":"wp","href":"https:\/\/api.w.org\/{rel}","templated":true}]}}