{"id":992,"date":"2021-01-16T09:40:53","date_gmt":"2021-01-16T08:40:53","guid":{"rendered":"https:\/\/agora.xtec.cat\/ieja\/?page_id=992"},"modified":"2021-03-07T21:07:56","modified_gmt":"2021-03-07T20:07:56","slug":"poefa","status":"publish","type":"page","link":"https:\/\/agora.xtec.cat\/ieja\/projectes\/poefa\/","title":{"rendered":"POEFA"},"content":{"rendered":"<p><strong>Projecte amb Oportunitats d&#8217;\u00c8xit educatiu a Favor de l&#8217;Alumnat<\/strong><\/p>\n<p>El nostre centre duu a terme un projecte escolar amb accions innovadores de suport i refor\u00e7 per a la reducci\u00f3 i la prevenci\u00f3 de l\u2019abandonament escolar prematur i el foment de la igualtat d\u2019acc\u00e9s a una educaci\u00f3 de bona qualitat en les etapes de prim\u00e0ria i secund\u00e0ria obligat\u00f2ria. Aquest projecte #POEFA, que duu per nom \u201cTransformem-nos!\u201d i que \u00e9s un programa finan\u00e7at pel Ministeri d\u2019Educaci\u00f3 i Formaci\u00f3 Professional i cofinan\u00e7at pel Fons Social Europeu, es basar\u00e0 en la realitzaci\u00f3 de diverses accions educatives que proporcionaran al nostre alumnat experi\u00e8ncies de gran valor pedag\u00f2gic. Us animem a que estigueu atents a la nostra web i a les xarxes socials.<br \/>\n#\u00e8xiteducatiu, #FSE<\/p>\n<p><a href=\"https:\/\/agora.xtec.cat\/ieja\/wp-content\/uploads\/usu2185\/2021\/01\/Cartell-Exterior_jpg.jpg\"><img loading=\"lazy\" decoding=\"async\" class=\"alignleft wp-image-982\" src=\"https:\/\/agora.xtec.cat\/ieja\/wp-content\/uploads\/usu2185\/2021\/01\/Cartell-Exterior_jpg-1024x725.jpg\" alt=\"\" width=\"500\" height=\"354\" srcset=\"https:\/\/agora.xtec.cat\/ieja\/wp-content\/uploads\/usu2185\/2021\/01\/Cartell-Exterior_jpg-1024x725.jpg 1024w, https:\/\/agora.xtec.cat\/ieja\/wp-content\/uploads\/usu2185\/2021\/01\/Cartell-Exterior_jpg-300x212.jpg 300w, https:\/\/agora.xtec.cat\/ieja\/wp-content\/uploads\/usu2185\/2021\/01\/Cartell-Exterior_jpg-768x543.jpg 768w, https:\/\/agora.xtec.cat\/ieja\/wp-content\/uploads\/usu2185\/2021\/01\/Cartell-Exterior_jpg.jpg 1754w\" sizes=\"auto, (max-width: 500px) 100vw, 500px\" \/><\/a><\/p>\n","protected":false},"excerpt":{"rendered":"<p>Projecte amb Oportunitats d&#8217;\u00c8xit educatiu a Favor de l&#8217;Alumnat El nostre centre duu a terme un projecte escolar amb accions innovadores de suport i refor\u00e7 per a la reducci\u00f3 i la prevenci\u00f3 de l\u2019abandonament escolar prematur i el foment de la igualtat d\u2019acc\u00e9s a una educaci\u00f3 de bona qualitat en les etapes de prim\u00e0ria i [&hellip;]<\/p>\n","protected":false},"author":1,"featured_media":0,"parent":589,"menu_order":0,"comment_status":"closed","ping_status":"closed","template":"page-templates\/side-menu.php","meta":{"_bbp_topic_count":0,"_bbp_reply_count":0,"_bbp_total_topic_count":0,"_bbp_total_reply_count":0,"_bbp_voice_count":0,"_bbp_anonymous_reply_count":0,"_bbp_topic_count_hidden":0,"_bbp_reply_count_hidden":0,"_bbp_forum_subforum_count":0,"site-sidebar-layout":"default","site-content-layout":"","ast-site-content-layout":"","site-content-style":"default","site-sidebar-style":"default","ast-global-header-display":"","ast-banner-title-visibility":"","ast-main-header-display":"","ast-hfb-above-header-display":"","ast-hfb-below-header-display":"","ast-hfb-mobile-header-display":"","site-post-title":"","ast-breadcrumbs-content":"","ast-featured-img":"","footer-sml-layout":"","theme-transparent-header-meta":"","adv-header-id-meta":"","stick-header-meta":"","header-above-stick-meta":"","header-main-stick-meta":"","header-below-stick-meta":"","astra-migrate-meta-layouts":"default","ast-page-background-enabled":"default","ast-page-background-meta":{"desktop":{"background-color":"var(--ast-global-color-4)","background-image":"","background-repeat":"repeat","background-position":"center center","background-size":"auto","background-attachment":"scroll","background-type":"","background-media":"","overlay-type":"","overlay-color":"","overlay-opacity":"","overlay-gradient":""},"tablet":{"background-color":"","background-image":"","background-repeat":"repeat","background-position":"center center","background-size":"auto","background-attachment":"scroll","background-type":"","background-media":"","overlay-type":"","overlay-color":"","overlay-opacity":"","overlay-gradient":""},"mobile":{"background-color":"","background-image":"","background-repeat":"repeat","background-position":"center center","background-size":"auto","background-attachment":"scroll","background-type":"","background-media":"","overlay-type":"","overlay-color":"","overlay-opacity":"","overlay-gradient":""}},"ast-content-background-meta":{"desktop":{"background-color":"var(--ast-global-color-5)","background-image":"","background-repeat":"repeat","background-position":"center center","background-size":"auto","background-attachment":"scroll","background-type":"","background-media":"","overlay-type":"","overlay-color":"","overlay-opacity":"","overlay-gradient":""},"tablet":{"background-color":"var(--ast-global-color-5)","background-image":"","background-repeat":"repeat","background-position":"center center","background-size":"auto","background-attachment":"scroll","background-type":"","background-media":"","overlay-type":"","overlay-color":"","overlay-opacity":"","overlay-gradient":""},"mobile":{"background-color":"var(--ast-global-color-5)","background-image":"","background-repeat":"repeat","background-position":"center center","background-size":"auto","background-attachment":"scroll","background-type":"","background-media":"","overlay-type":"","overlay-color":"","overlay-opacity":"","overlay-gradient":""}},"footnotes":""},"class_list":["post-992","page","type-page","status-publish","hentry"],"post_mailing_queue_ids":[],"_links":{"self":[{"href":"https:\/\/agora.xtec.cat\/ieja\/wp-json\/wp\/v2\/pages\/992","targetHints":{"allow":["GET"]}}],"collection":[{"href":"https:\/\/agora.xtec.cat\/ieja\/wp-json\/wp\/v2\/pages"}],"about":[{"href":"https:\/\/agora.xtec.cat\/ieja\/wp-json\/wp\/v2\/types\/page"}],"author":[{"embeddable":true,"href":"https:\/\/agora.xtec.cat\/ieja\/wp-json\/wp\/v2\/users\/1"}],"replies":[{"embeddable":true,"href":"https:\/\/agora.xtec.cat\/ieja\/wp-json\/wp\/v2\/comments?post=992"}],"version-history":[{"count":3,"href":"https:\/\/agora.xtec.cat\/ieja\/wp-json\/wp\/v2\/pages\/992\/revisions"}],"predecessor-version":[{"id":998,"href":"https:\/\/agora.xtec.cat\/ieja\/wp-json\/wp\/v2\/pages\/992\/revisions\/998"}],"up":[{"embeddable":true,"href":"https:\/\/agora.xtec.cat\/ieja\/wp-json\/wp\/v2\/pages\/589"}],"wp:attachment":[{"href":"https:\/\/agora.xtec.cat\/ieja\/wp-json\/wp\/v2\/media?parent=992"}],"curies":[{"name":"wp","href":"https:\/\/api.w.org\/{rel}","templated":true}]}}