{"id":662,"date":"2020-09-27T23:01:06","date_gmt":"2020-09-27T21:01:06","guid":{"rendered":"https:\/\/agora.xtec.cat\/ieja\/?page_id=662"},"modified":"2020-09-27T23:01:06","modified_gmt":"2020-09-27T21:01:06","slug":"projecte-de-convivencia","status":"publish","type":"page","link":"https:\/\/agora.xtec.cat\/ieja\/projectes\/projecte-de-convivencia\/","title":{"rendered":"Projecte de conviv\u00e8ncia"},"content":{"rendered":"<h2>Objectius<\/h2>\n<ul>\n<li>Millorar la conviv\u00e8ncia a trav\u00e9s de:\n<ul>\n<li>L\u2019educaci\u00f3 emocional.<\/li>\n<li>La mediaci\u00f3 en la resoluci\u00f3 de conflictes: prevenci\u00f3, tractament i transformaci\u00f3 del conflicte.<\/li>\n<li>La valoraci\u00f3 de la interculturalitat com un fet real i enriquidor.<\/li>\n<\/ul>\n<\/li>\n<li>Desenvolupar estrat\u00e8gies i t\u00e8cniques per afrontar els conflictes en el context educatiu.<\/li>\n<li>Implicar a tota la comunitat educativa en el inter\u00e8s per una nova manera de gestionar el conflicte.<\/li>\n<\/ul>\n<h2>Estrat\u00e8gies<\/h2>\n<ul>\n<li>Aprendre a identificar, expressar i regular les emocions (pr\u00f2pies i alienes).<\/li>\n<li>Desenvolupar habilitats per prevenir els efectes de les emocions negatives i generar-ne de positives.<\/li>\n<li>Millorar la capacitat d\u2019aprenentatge i de relaci\u00f3 interpersonal.<\/li>\n<li>Propiciar el di\u00e0leg com a valor i com a eina.<\/li>\n<li>Desenvolupar habilitats que ajudin a millorar la comunicaci\u00f3 entre les persones i, per tant, a afrontar els conflictes d\u2019una manera positiva.<\/li>\n<li>Potenciar contextos cooperatius en les relacions interpersonals. Jo guanyo \/ tu guanyes, davant a posicions alternatives del tipus: \u201cJo guanyo\/ tu perds\u201d, de manera que quedi patent que l\u2019obtenci\u00f3 dels interessos propis no comporta que els altres no aconsegueixin els seus.<\/li>\n<li>Desenvolupar habilitats d\u2019autorregulaci\u00f3 i autocontrol, com element clau per afavorir en els individus la presa de decisions de forma aut\u00f2noma i ajustada a l\u2019entorn social on viuen, el que contribueix a una millor integraci\u00f3 i al desenvolupament de l\u2019autoestima.<\/li>\n<li>Convertir les situacions conflictives que es viuen di\u00e0riament dins de l\u2019aula en oportunitats per aprendre.<\/li>\n<\/ul>\n<p>P\u00e0gina <a href=\"http:\/\/xtec.gencat.cat\/ca\/centres\/projeducatiu\/convivencia\" target=\"_blank\" rel=\"noopener noreferrer\">web del Departament d&#8217;Educaci\u00f3<\/a><\/p>\n","protected":false},"excerpt":{"rendered":"<p>Objectius Millorar la conviv\u00e8ncia a trav\u00e9s de: L\u2019educaci\u00f3 emocional. La mediaci\u00f3 en la resoluci\u00f3 de conflictes: prevenci\u00f3, tractament i transformaci\u00f3 del conflicte. La valoraci\u00f3 de la interculturalitat com un fet real i enriquidor. Desenvolupar estrat\u00e8gies i t\u00e8cniques per afrontar els conflictes en el context educatiu. Implicar a tota la comunitat educativa en el inter\u00e8s per [&hellip;]<\/p>\n","protected":false},"author":1,"featured_media":0,"parent":589,"menu_order":0,"comment_status":"closed","ping_status":"closed","template":"page-templates\/side-menu.php","meta":{"_bbp_topic_count":0,"_bbp_reply_count":0,"_bbp_total_topic_count":0,"_bbp_total_reply_count":0,"_bbp_voice_count":0,"_bbp_anonymous_reply_count":0,"_bbp_topic_count_hidden":0,"_bbp_reply_count_hidden":0,"_bbp_forum_subforum_count":0,"site-sidebar-layout":"default","site-content-layout":"","ast-site-content-layout":"","site-content-style":"default","site-sidebar-style":"default","ast-global-header-display":"","ast-banner-title-visibility":"","ast-main-header-display":"","ast-hfb-above-header-display":"","ast-hfb-below-header-display":"","ast-hfb-mobile-header-display":"","site-post-title":"","ast-breadcrumbs-content":"","ast-featured-img":"","footer-sml-layout":"","theme-transparent-header-meta":"","adv-header-id-meta":"","stick-header-meta":"","header-above-stick-meta":"","header-main-stick-meta":"","header-below-stick-meta":"","astra-migrate-meta-layouts":"default","ast-page-background-enabled":"default","ast-page-background-meta":{"desktop":{"background-color":"var(--ast-global-color-4)","background-image":"","background-repeat":"repeat","background-position":"center center","background-size":"auto","background-attachment":"scroll","background-type":"","background-media":"","overlay-type":"","overlay-color":"","overlay-opacity":"","overlay-gradient":""},"tablet":{"background-color":"","background-image":"","background-repeat":"repeat","background-position":"center center","background-size":"auto","background-attachment":"scroll","background-type":"","background-media":"","overlay-type":"","overlay-color":"","overlay-opacity":"","overlay-gradient":""},"mobile":{"background-color":"","background-image":"","background-repeat":"repeat","background-position":"center center","background-size":"auto","background-attachment":"scroll","background-type":"","background-media":"","overlay-type":"","overlay-color":"","overlay-opacity":"","overlay-gradient":""}},"ast-content-background-meta":{"desktop":{"background-color":"var(--ast-global-color-5)","background-image":"","background-repeat":"repeat","background-position":"center center","background-size":"auto","background-attachment":"scroll","background-type":"","background-media":"","overlay-type":"","overlay-color":"","overlay-opacity":"","overlay-gradient":""},"tablet":{"background-color":"var(--ast-global-color-5)","background-image":"","background-repeat":"repeat","background-position":"center center","background-size":"auto","background-attachment":"scroll","background-type":"","background-media":"","overlay-type":"","overlay-color":"","overlay-opacity":"","overlay-gradient":""},"mobile":{"background-color":"var(--ast-global-color-5)","background-image":"","background-repeat":"repeat","background-position":"center center","background-size":"auto","background-attachment":"scroll","background-type":"","background-media":"","overlay-type":"","overlay-color":"","overlay-opacity":"","overlay-gradient":""}},"footnotes":""},"class_list":["post-662","page","type-page","status-publish","hentry"],"post_mailing_queue_ids":[],"_links":{"self":[{"href":"https:\/\/agora.xtec.cat\/ieja\/wp-json\/wp\/v2\/pages\/662","targetHints":{"allow":["GET"]}}],"collection":[{"href":"https:\/\/agora.xtec.cat\/ieja\/wp-json\/wp\/v2\/pages"}],"about":[{"href":"https:\/\/agora.xtec.cat\/ieja\/wp-json\/wp\/v2\/types\/page"}],"author":[{"embeddable":true,"href":"https:\/\/agora.xtec.cat\/ieja\/wp-json\/wp\/v2\/users\/1"}],"replies":[{"embeddable":true,"href":"https:\/\/agora.xtec.cat\/ieja\/wp-json\/wp\/v2\/comments?post=662"}],"version-history":[{"count":1,"href":"https:\/\/agora.xtec.cat\/ieja\/wp-json\/wp\/v2\/pages\/662\/revisions"}],"predecessor-version":[{"id":663,"href":"https:\/\/agora.xtec.cat\/ieja\/wp-json\/wp\/v2\/pages\/662\/revisions\/663"}],"up":[{"embeddable":true,"href":"https:\/\/agora.xtec.cat\/ieja\/wp-json\/wp\/v2\/pages\/589"}],"wp:attachment":[{"href":"https:\/\/agora.xtec.cat\/ieja\/wp-json\/wp\/v2\/media?parent=662"}],"curies":[{"name":"wp","href":"https:\/\/api.w.org\/{rel}","templated":true}]}}