{"id":644,"date":"2020-09-27T21:19:10","date_gmt":"2020-09-27T19:19:10","guid":{"rendered":"https:\/\/agora.xtec.cat\/ieja\/?page_id=644"},"modified":"2020-09-27T21:19:22","modified_gmt":"2020-09-27T19:19:22","slug":"biografia-joan-ardevol","status":"publish","type":"page","link":"https:\/\/agora.xtec.cat\/ieja\/linstitut\/historia\/biografia-joan-ardevol\/","title":{"rendered":"Joan Ard\u00e8vol"},"content":{"rendered":"<p><a href=\"https:\/\/agora.xtec.cat\/ieja\/wp-content\/uploads\/usu2185\/2020\/09\/joan-ardevol.jpg\"><img loading=\"lazy\" decoding=\"async\" class=\"alignleft size-full wp-image-645\" src=\"https:\/\/agora.xtec.cat\/ieja\/wp-content\/uploads\/usu2185\/2020\/09\/joan-ardevol.jpg\" alt=\"\" width=\"295\" height=\"409\" srcset=\"https:\/\/agora.xtec.cat\/ieja\/wp-content\/uploads\/usu2185\/2020\/09\/joan-ardevol.jpg 295w, https:\/\/agora.xtec.cat\/ieja\/wp-content\/uploads\/usu2185\/2020\/09\/joan-ardevol-216x300.jpg 216w\" sizes=\"auto, (max-width: 295px) 100vw, 295px\" \/><\/a><\/p>\n<p>Joan Ard\u00e8vol i Oliv\u00e9 va n\u00e9ixer a Alforja el 27 de juny de 1861. el seu pare que tamb\u00e9 havia estat mestre de Cambrils, es deia Joan Ard\u00e8vol i Aulestia i la seva mare Maria Gl\u00f2ria Oliv\u00e9 i Cabr\u00e9.<br \/>\nJoan Ard\u00e8vol va anar a escola a Cambrils i despr\u00e9s estudi\u00e0 magisteri a Tarragona i Barcelona. Acabada la carrera, tragu\u00e9 les oposicions i obtingu\u00e9 pla\u00e7a de mestre a La Seu d\u2019Urgell. Tot seguit, el 1884, va venir a Cambrils a continuar la seva tasca pedag\u00f2gica fins el 1924 que es jubil\u00e0. El 28 de maig de 1941 va morir a Cambrils. Joan Ard\u00e8vol, a m\u00e9s de mestre, fou un dels fundadors del sindicat agr\u00edcola el 1902 i tamb\u00e9 esdevingu\u00e9 president del centre cat\u00f2lic d\u2019obrers el 1905.<\/p>\n<p>El mestre i alcalde de Cambrils Josep Ortoneda i Bud\u00ed va voler que el nou centre escolar, inaugurat el 1961, port\u00e9s el nom de Col\u00b7legi \u201cJoan Ard\u00e8vol\u201d en mem\u00f2ria del que havia estat el seu mestre i de molts altres cambrilencs.<\/p>\n<p><em>Cristina Carrera i Yolanda Ler\u00edn (alumnes de 8\u00e8 A el curs 1992-93) Article aparegut a la revista \u201cEl Pinaret\u201d n\u00fam.<\/em><\/p>\n","protected":false},"excerpt":{"rendered":"<p>Joan Ard\u00e8vol i Oliv\u00e9 va n\u00e9ixer a Alforja el 27 de juny de 1861. el seu pare que tamb\u00e9 havia estat mestre de Cambrils, es deia Joan Ard\u00e8vol i Aulestia i la seva mare Maria Gl\u00f2ria Oliv\u00e9 i Cabr\u00e9. Joan Ard\u00e8vol va anar a escola a Cambrils i despr\u00e9s estudi\u00e0 magisteri a Tarragona i Barcelona. [&hellip;]<\/p>\n","protected":false},"author":1,"featured_media":0,"parent":27,"menu_order":0,"comment_status":"closed","ping_status":"closed","template":"page-templates\/side-menu.php","meta":{"_bbp_topic_count":0,"_bbp_reply_count":0,"_bbp_total_topic_count":0,"_bbp_total_reply_count":0,"_bbp_voice_count":0,"_bbp_anonymous_reply_count":0,"_bbp_topic_count_hidden":0,"_bbp_reply_count_hidden":0,"_bbp_forum_subforum_count":0,"site-sidebar-layout":"default","site-content-layout":"","ast-site-content-layout":"","site-content-style":"default","site-sidebar-style":"default","ast-global-header-display":"","ast-banner-title-visibility":"","ast-main-header-display":"","ast-hfb-above-header-display":"","ast-hfb-below-header-display":"","ast-hfb-mobile-header-display":"","site-post-title":"","ast-breadcrumbs-content":"","ast-featured-img":"","footer-sml-layout":"","theme-transparent-header-meta":"","adv-header-id-meta":"","stick-header-meta":"","header-above-stick-meta":"","header-main-stick-meta":"","header-below-stick-meta":"","astra-migrate-meta-layouts":"default","ast-page-background-enabled":"default","ast-page-background-meta":{"desktop":{"background-color":"var(--ast-global-color-4)","background-image":"","background-repeat":"repeat","background-position":"center center","background-size":"auto","background-attachment":"scroll","background-type":"","background-media":"","overlay-type":"","overlay-color":"","overlay-opacity":"","overlay-gradient":""},"tablet":{"background-color":"","background-image":"","background-repeat":"repeat","background-position":"center center","background-size":"auto","background-attachment":"scroll","background-type":"","background-media":"","overlay-type":"","overlay-color":"","overlay-opacity":"","overlay-gradient":""},"mobile":{"background-color":"","background-image":"","background-repeat":"repeat","background-position":"center center","background-size":"auto","background-attachment":"scroll","background-type":"","background-media":"","overlay-type":"","overlay-color":"","overlay-opacity":"","overlay-gradient":""}},"ast-content-background-meta":{"desktop":{"background-color":"var(--ast-global-color-5)","background-image":"","background-repeat":"repeat","background-position":"center center","background-size":"auto","background-attachment":"scroll","background-type":"","background-media":"","overlay-type":"","overlay-color":"","overlay-opacity":"","overlay-gradient":""},"tablet":{"background-color":"var(--ast-global-color-5)","background-image":"","background-repeat":"repeat","background-position":"center center","background-size":"auto","background-attachment":"scroll","background-type":"","background-media":"","overlay-type":"","overlay-color":"","overlay-opacity":"","overlay-gradient":""},"mobile":{"background-color":"var(--ast-global-color-5)","background-image":"","background-repeat":"repeat","background-position":"center center","background-size":"auto","background-attachment":"scroll","background-type":"","background-media":"","overlay-type":"","overlay-color":"","overlay-opacity":"","overlay-gradient":""}},"footnotes":""},"class_list":["post-644","page","type-page","status-publish","hentry"],"post_mailing_queue_ids":[],"_links":{"self":[{"href":"https:\/\/agora.xtec.cat\/ieja\/wp-json\/wp\/v2\/pages\/644","targetHints":{"allow":["GET"]}}],"collection":[{"href":"https:\/\/agora.xtec.cat\/ieja\/wp-json\/wp\/v2\/pages"}],"about":[{"href":"https:\/\/agora.xtec.cat\/ieja\/wp-json\/wp\/v2\/types\/page"}],"author":[{"embeddable":true,"href":"https:\/\/agora.xtec.cat\/ieja\/wp-json\/wp\/v2\/users\/1"}],"replies":[{"embeddable":true,"href":"https:\/\/agora.xtec.cat\/ieja\/wp-json\/wp\/v2\/comments?post=644"}],"version-history":[{"count":2,"href":"https:\/\/agora.xtec.cat\/ieja\/wp-json\/wp\/v2\/pages\/644\/revisions"}],"predecessor-version":[{"id":647,"href":"https:\/\/agora.xtec.cat\/ieja\/wp-json\/wp\/v2\/pages\/644\/revisions\/647"}],"up":[{"embeddable":true,"href":"https:\/\/agora.xtec.cat\/ieja\/wp-json\/wp\/v2\/pages\/27"}],"wp:attachment":[{"href":"https:\/\/agora.xtec.cat\/ieja\/wp-json\/wp\/v2\/media?parent=644"}],"curies":[{"name":"wp","href":"https:\/\/api.w.org\/{rel}","templated":true}]}}