{"id":629,"date":"2020-09-27T20:59:56","date_gmt":"2020-09-27T18:59:56","guid":{"rendered":"https:\/\/agora.xtec.cat\/ieja\/?page_id=629"},"modified":"2020-09-27T20:59:56","modified_gmt":"2020-09-27T18:59:56","slug":"plantejament-institucional","status":"publish","type":"page","link":"https:\/\/agora.xtec.cat\/ieja\/projecte-educatiu\/plantejament-institucional\/","title":{"rendered":"Plantejament institucional"},"content":{"rendered":"<p><strong>Missi\u00f3<\/strong><\/p>\n<p>L\u2019Institut Escola Joan Ard\u00e8vol \u00e9s un centre <strong>p\u00fablic, aconfessional, catal\u00e0<\/strong> i que\u00a0<strong>s\u2019adapta<\/strong>\u00a0als canvis de la societat integrant-los en el proc\u00e9s d\u2019ensenyament-aprenentatge.<br \/>\nPret\u00e9n formar persones\u00a0<strong>\u00edntegres, equilibrades socio-emocionalment, respectuoses, tolerants<\/strong>\u00a0i amb capacitat\u00a0<strong>d\u2019assolir les compet\u00e8ncies<\/strong>\u00a0necess\u00e0ries per aprendre\u00a0<strong>cont\u00ednuament<\/strong>\u00a0i\u00a0<strong>integrar-se a la societat<\/strong>.<br \/>\nL\u2019institut escola \u00e9s obert a la comunitat educativa. Cerca el comprom\u00eds de les fam\u00edlies en el proc\u00e9s educatiu i la col\u00b7laboraci\u00f3 i cooperaci\u00f3 amb les administracions p\u00fabliques.<br \/>\nPromou la cohesi\u00f3 social, la conviv\u00e8ncia, el respecte del medi ambient i la sostenibilitat.<br \/>\nIntegra les tecnologies de l\u2019aprenentatge i el coneixement en un entorn d\u2019equitat.<\/p>\n<p><strong>Visi\u00f3<\/strong><\/p>\n<p>Volem ser un centre on l\u2019\u00fas de la <strong>llengua catalana<\/strong>\u00a0sigui un fet normalitzat en les relacions entre tots els membres de la comunitat educativa i que impulsi el coneixement de lleng\u00fces estrangeres.<br \/>\nPretenem que els nostres alumnes assoleixin les habilitats socials i personals, aix\u00ed com les compet\u00e8ncies b\u00e0siques que els permetin la plena integraci\u00f3 social i laboral, amb un bon nivell de comprensi\u00f3 i expressi\u00f3 oral i escrita, mostrant gust per la lectura i amb un bon raonament l\u00f2gic i matem\u00e0tic.<br \/>\nVolem una escola activa, innovadora, amb professionals interessats en la millora de la seva formaci\u00f3 on l\u2019\u00fas de les tecnologies sigui un recurs per assolir els aprenentatges de les diferents \u00e0rees.<\/p>\n<p><strong>Valors<\/strong><\/p>\n<p>Per nosaltres l\u2019educaci\u00f3 \u00e9s un proc\u00e9s integral de\u00a0<strong>formaci\u00f3 de les persones<\/strong> que va m\u00e9s enll\u00e0 de l\u2019institut escola i que perdura al llarg de la vida.<br \/>\nEl projecte educatiu del nostre institut escola es fonamenta en els valors d\u2019una societat democr\u00e0tica, de solidaritat, de conviv\u00e8ncia i de respecte del pluralisme social i ideol\u00f2gic, la llibertat religiosa i la diversitat d\u2019opinions.<br \/>\nEntenem que el nostre institut escola ha de tenir un marcat car\u00e0cter inclusiu amb la finalitat de millorar la cohesi\u00f3 social i potenciar l\u2019atenci\u00f3 a la diversitat.<br \/>\nEl respecte a l\u2019entorn natural i social i el comprom\u00eds amb la llengua i cultura catalana s\u00f3n tamb\u00e9 valors que sempre tenim presents aix\u00ed com la coeducaci\u00f3, la cultura de la pau, el respecte als drets humans, la cultura de l\u2019esfor\u00e7 i el treball ben fet.<\/p>\n","protected":false},"excerpt":{"rendered":"<p>Missi\u00f3 L\u2019Institut Escola Joan Ard\u00e8vol \u00e9s un centre p\u00fablic, aconfessional, catal\u00e0 i que\u00a0s\u2019adapta\u00a0als canvis de la societat integrant-los en el proc\u00e9s d\u2019ensenyament-aprenentatge. Pret\u00e9n formar persones\u00a0\u00edntegres, equilibrades socio-emocionalment, respectuoses, tolerants\u00a0i amb capacitat\u00a0d\u2019assolir les compet\u00e8ncies\u00a0necess\u00e0ries per aprendre\u00a0cont\u00ednuament\u00a0i\u00a0integrar-se a la societat. L\u2019institut escola \u00e9s obert a la comunitat educativa. Cerca el comprom\u00eds de les fam\u00edlies en el proc\u00e9s [&hellip;]<\/p>\n","protected":false},"author":1,"featured_media":0,"parent":57,"menu_order":-100,"comment_status":"closed","ping_status":"closed","template":"page-templates\/side-menu.php","meta":{"_bbp_topic_count":0,"_bbp_reply_count":0,"_bbp_total_topic_count":0,"_bbp_total_reply_count":0,"_bbp_voice_count":0,"_bbp_anonymous_reply_count":0,"_bbp_topic_count_hidden":0,"_bbp_reply_count_hidden":0,"_bbp_forum_subforum_count":0,"site-sidebar-layout":"default","site-content-layout":"","ast-site-content-layout":"","site-content-style":"default","site-sidebar-style":"default","ast-global-header-display":"","ast-banner-title-visibility":"","ast-main-header-display":"","ast-hfb-above-header-display":"","ast-hfb-below-header-display":"","ast-hfb-mobile-header-display":"","site-post-title":"","ast-breadcrumbs-content":"","ast-featured-img":"","footer-sml-layout":"","theme-transparent-header-meta":"","adv-header-id-meta":"","stick-header-meta":"","header-above-stick-meta":"","header-main-stick-meta":"","header-below-stick-meta":"","astra-migrate-meta-layouts":"default","ast-page-background-enabled":"default","ast-page-background-meta":{"desktop":{"background-color":"var(--ast-global-color-4)","background-image":"","background-repeat":"repeat","background-position":"center center","background-size":"auto","background-attachment":"scroll","background-type":"","background-media":"","overlay-type":"","overlay-color":"","overlay-opacity":"","overlay-gradient":""},"tablet":{"background-color":"","background-image":"","background-repeat":"repeat","background-position":"center center","background-size":"auto","background-attachment":"scroll","background-type":"","background-media":"","overlay-type":"","overlay-color":"","overlay-opacity":"","overlay-gradient":""},"mobile":{"background-color":"","background-image":"","background-repeat":"repeat","background-position":"center center","background-size":"auto","background-attachment":"scroll","background-type":"","background-media":"","overlay-type":"","overlay-color":"","overlay-opacity":"","overlay-gradient":""}},"ast-content-background-meta":{"desktop":{"background-color":"var(--ast-global-color-5)","background-image":"","background-repeat":"repeat","background-position":"center center","background-size":"auto","background-attachment":"scroll","background-type":"","background-media":"","overlay-type":"","overlay-color":"","overlay-opacity":"","overlay-gradient":""},"tablet":{"background-color":"var(--ast-global-color-5)","background-image":"","background-repeat":"repeat","background-position":"center center","background-size":"auto","background-attachment":"scroll","background-type":"","background-media":"","overlay-type":"","overlay-color":"","overlay-opacity":"","overlay-gradient":""},"mobile":{"background-color":"var(--ast-global-color-5)","background-image":"","background-repeat":"repeat","background-position":"center center","background-size":"auto","background-attachment":"scroll","background-type":"","background-media":"","overlay-type":"","overlay-color":"","overlay-opacity":"","overlay-gradient":""}},"footnotes":""},"class_list":["post-629","page","type-page","status-publish","hentry"],"post_mailing_queue_ids":[],"_links":{"self":[{"href":"https:\/\/agora.xtec.cat\/ieja\/wp-json\/wp\/v2\/pages\/629","targetHints":{"allow":["GET"]}}],"collection":[{"href":"https:\/\/agora.xtec.cat\/ieja\/wp-json\/wp\/v2\/pages"}],"about":[{"href":"https:\/\/agora.xtec.cat\/ieja\/wp-json\/wp\/v2\/types\/page"}],"author":[{"embeddable":true,"href":"https:\/\/agora.xtec.cat\/ieja\/wp-json\/wp\/v2\/users\/1"}],"replies":[{"embeddable":true,"href":"https:\/\/agora.xtec.cat\/ieja\/wp-json\/wp\/v2\/comments?post=629"}],"version-history":[{"count":1,"href":"https:\/\/agora.xtec.cat\/ieja\/wp-json\/wp\/v2\/pages\/629\/revisions"}],"predecessor-version":[{"id":630,"href":"https:\/\/agora.xtec.cat\/ieja\/wp-json\/wp\/v2\/pages\/629\/revisions\/630"}],"up":[{"embeddable":true,"href":"https:\/\/agora.xtec.cat\/ieja\/wp-json\/wp\/v2\/pages\/57"}],"wp:attachment":[{"href":"https:\/\/agora.xtec.cat\/ieja\/wp-json\/wp\/v2\/media?parent=629"}],"curies":[{"name":"wp","href":"https:\/\/api.w.org\/{rel}","templated":true}]}}